{"id":3753,"date":"2021-11-29T14:03:03","date_gmt":"2021-11-29T14:03:03","guid":{"rendered":"https:\/\/chirodermatologie.ro\/?page_id=3753"},"modified":"2025-10-15T08:20:49","modified_gmt":"2025-10-15T05:20:49","slug":"chirurgie","status":"publish","type":"page","link":"https:\/\/chirodermatologie.ro\/hu\/chirurgie\/","title":{"rendered":"B\u0151rseb\u00e9szet"},"content":{"rendered":"<section class=\"fw-main-row  ls section_padding_top_65 section_padding_bottom_100 columns_padding_15\" style=\"\" >\n\t<div class=\"container\">\n\t\t<div class=\"row\">\n\t\t\t<div  id=\"column-e3707e5\" class=\"fw-column fw-column col-xs-12 to_animate\" data-animation=\"fadeInDown\">\n\n\t<div class=\"column-overlay\"><\/div>\n\n\t<div class=\"fw-column-inner\"><div class=\"text-center\">\n\t<h3 class=\"section_header\">\n\t<span class=\"\">\n\t\tB\u0151rseb\u00e9szet\t<\/span>\n\t<\/h3>\n<\/div>\n\t<div class=\"fw-divider-line\"><hr\/><\/div>\n\n\n    <\/div>\n<\/div>\n<div  id=\"column-b0a399c\" class=\"fw-column fw-column col-xs-12 to_animate\" data-animation=\"slideDown\">\n\n\t<div class=\"column-overlay\"><\/div>\n\n\t<div class=\"fw-column-inner\"><div class=\"text-block\">\n\t<div class=\"custom-background\"><p>\u00cen <a href=\"https:\/\/www.facebook.com\/Chirodermatologie\">clinica noastr\u0103 <\/a>oferim de asemenea \u0219i servicii de chirurgie dermatologica, sub form\u0103 de biopsie \u0219i excizie cutanat\u0103. Examenul clinic nu este \u00eentotdeauna suficient, de aceea medicul dermatolog recurge la biopsia cutanat\u0103 pentru a face distinc\u021bie \u00eentre afec\u021biunile asem\u0103n\u0103toare, prin studiul structurii pielii la microscop.<\/p><p>Biopsia cutanat\u0103 e o investiga\u021bie utilizat\u0103 frecvent \u00een diagnosticul bolilor de piele. Aceasta reprezint\u0103 o procedur\u0103 medical\u0103 minim-invaziv\u0103, \u00een cadrul c\u0103reia este recoltat un fragment tisular tegumentar pentru a fi analizat microscopic, \u00een vederea observ\u0103rii anumitor modific\u0103ri patologice, sugestive pentru diverse procese locale sau sistemice.<\/p><p>Biopsia cutanata este de cele mai multe ori o manevr\u0103 simpl\u0103, care poate fi executat\u0103 cu u\u0219urin\u021b\u0103 \u00een cabinetul medicului dermatolog. Aceast\u0103 metod\u0103 se folose\u0219te \u00een cazul unor boli cutanate inflamatorii, autoimune sau pentru a exclude sau confirma modific\u0103ri carcinomatoase la nivel cutanat.<\/p><p>Pe scurt, biopsia cutanat\u0103 este ajutorul medicului dermatolog fie pentru a avea certitudinea c\u0103 anumite modific\u0103ri ale pielii sunt benigne, pentru a diferen\u021bia unele boli de piele \u00eentre ele, sau pentru a avea siguran\u021ba diagnosticului \u00eenaintea \u00eenceperii unui tratament.<\/p><p><span style=\"font-weight: 400;\">Serviciile noastre de <\/span><span style=\"font-weight: 400;\">chirurgie dermatologica <\/span><span style=\"font-weight: 400;\">vizeaz\u0103 <\/span><span style=\"font-weight: 400;\">mai multe tipuri de biopsie cutanat\u0103, tipul de biopsie fiind selectat \u00een func\u021bie de localizarea, dimensiunea \u0219i caracteristicile leziunii:<\/span><\/p><ol><li style=\"font-weight: 400;\" aria-level=\"1\"><span style=\"font-weight: 400;\">Biopsia tip \u201cPunch\u201d sau biopsia prin punc\u021bie const\u0103 \u00een prelevarea unui mic \u021besut cutanat de form\u0103 cilindric\u0103 cu diametrul sub 10 mm. Nu este necesar\u0103 folosirea firelor pentru \u00eenchiderea defectului, acesta se va reepiteliza de la sine.<\/span><\/li><li style=\"font-weight: 400;\" aria-level=\"1\"><span style=\"font-weight: 400;\">Biopsia tip \u201cShave\u201d sau biopsia de suprafa\u021b\u0103, \u00een care leziunea este \u00eendep\u0103rtat\u0103 de pe piele orizontal cu ajutorul unui bisturiu. \u00cen acest caz se ob\u021bine o plag\u0103 superficial\u0103, care de asemenea nu necesit\u0103 sutur\u0103.<\/span><\/li><li style=\"font-weight: 400;\" aria-level=\"1\"><span style=\"font-weight: 400;\">Biopsie excizional\u0103. \u00cen cazul leziunilor mari excizia se face \u00een form\u0103 eliptic\u0103 iar defectul astfel creat se va \u00eenchide cu fire chirurgicale<\/span><\/li><\/ol><\/div><\/div>\n    <\/div>\n<\/div>\n<div  id=\"column-1e193df\" class=\"fw-column fw-column col-xs-12 col-md-6\" >\n\n\t<div class=\"column-overlay\"><\/div>\n\n\t<div class=\"fw-column-inner\"><div class=\"text-block\">\n\t<h3>C\u00e2nd este necesar\u0103 biopsia cutanat\u0103?<\/h3><p>Un astfel de serviciu de chirurgie dermatologica este necesar pentru:<\/p><p>\u2022 ob\u021binerea unui diagnostic sigur<br \/>\u2022 excluderea unui diagnostic posibil, dar incert<br \/>\u2022 stabilirea conduitei terapeutice adecvate<br \/>\u2022 monitorizarea evolu\u021biei unei afec\u021biuni dermatologice<br \/>\u2022 determinarea m\u0103rimii sau nivelului de invazie al unei tumori.<\/p><\/div>\n    <\/div>\n<\/div>\n<div  id=\"column-6044d91\" class=\"fw-column fw-column col-xs-12 col-md-6\" >\n\n\t<div class=\"column-overlay\"><\/div>\n\n\t<div class=\"fw-column-inner\"><div class=\"row columns_padding_25 shortcode-teasers-row\">\n\t\t\t<div class=\"col-md-6\">\n\t\t\t\t\t<div class=\"teaser  media\">\n\t\t\t\t\t\t\t<div class=\"media-left big-image\">\n\t\t\t\t\t<div class=\"teaser_image\">\n                        <a href=\"https:\/\/chirodermatologie.ro\/hu\/chirurgie\/biopsie-si-excizie-cutanata\/\">\t\t\t\t\t\t<img decoding=\"async\" src=\"\/\/chirodermatologie.ro\/wp-content\/uploads\/2021\/06\/biopsie1_1-min-scaled-1.jpg\"\n\t\t\t\t\t\t     alt=\"B\u0151rbiopszia \u00e9s -kimetsz\u00e9s\">\n                        <\/a>\t\t\t\t\t<\/div>\n\t\t\t\t<\/div>\n\t\t\t\t\t\t<div class=\"media-body\">\n\t\t\t\t\t\t\t\t<h4 class=\"media-heading\">\n\t\t\t\t\t\t\t\t<a href=\"https:\/\/chirodermatologie.ro\/hu\/chirurgie\/biopsie-si-excizie-cutanata\/\">\n\t\t\t\t\t\n\t\t\t\t\tB\u0151rbiopszia \u00e9s -kimetsz\u00e9s\n\t\t\t\t\t\t\t\t\t<\/a>\n\t\t\t\t\t\t<\/h4>\n\t\t\t\t\t\t\t\t\t<p>\n\t\t\t\t\tEgyes b\u0151rgy\u00f3gy\u00e1szati betegs\u00e9gek eset\u00e9n b\u0151rbiopszi\u00e1ra lehet sz\u00fcks\u00e9g\t\t\t\t<\/p>\n\t\t\t\t\t\t\t\t<\/div><!-- eof .media-body -->\n\t\t<\/div><!-- eof .teaser -->\n\t\t\t\t<\/div><!-- eof teaser -->\n\t<\/div> <!-- eof teasers row -->    <\/div>\n<\/div>\n<div  id=\"column-3f42a28\" class=\"fw-column fw-column col-xs-12 text-center\" >\n\n\t<div class=\"column-overlay\"><\/div>\n\n\t<div class=\"fw-column-inner\"><img decoding=\"async\" class=\"shortcode-media-image\" src=\"\/\/chirodermatologie.ro\/wp-content\/uploads\/2021\/05\/chirodermatologie_logotype-e1610656234949-150x150-1.png\" alt=\"chirurgie mures\" \/>    <\/div>\n<\/div>\n\t\t<\/div>\n\t<\/div>\n<\/section>","protected":false},"excerpt":{"rendered":"<p>Chirurgie \u00cen clinica noastr\u0103 oferim de asemenea \u0219i servicii de chirurgie dermatologica, sub form\u0103 de biopsie \u0219i excizie cutanat\u0103. Examenul<\/p>","protected":false},"author":1,"featured_media":0,"parent":0,"menu_order":0,"comment_status":"closed","ping_status":"closed","template":"page-templates\/full-width.php","meta":{"footnotes":""},"class_list":["post-3753","page","type-page","status-publish","hentry"],"yoast_head":"<!-- This site is optimized with the Yoast SEO plugin v24.9 - https:\/\/yoast.com\/wordpress\/plugins\/seo\/ -->\n<title>Chirurgie dermatologic\u0103 T\u00e2rgu Mure\u0219 | ChiroDermatologie<\/title>\n<meta name=\"description\" content=\"Chirurgie dermatologic\u0103 T\u00e2rgu Mure\u0219 \u2013 interven\u021bii dermatologice de precizie la ChiroDermatologie. Programeaz\u0103 acum procedura ta!\" \/>\n<meta name=\"robots\" content=\"index, follow, max-snippet:-1, max-image-preview:large, max-video-preview:-1\" \/>\n<link rel=\"canonical\" href=\"https:\/\/chirodermatologie.ro\/hu\/chirurgie\/\" \/>\n<meta property=\"og:locale\" content=\"hu_HU\" \/>\n<meta property=\"og:type\" content=\"article\" \/>\n<meta property=\"og:title\" content=\"Chirurgie dermatologic\u0103 T\u00e2rgu Mure\u0219 | ChiroDermatologie\" \/>\n<meta property=\"og:description\" content=\"Chirurgie dermatologic\u0103 T\u00e2rgu Mure\u0219 \u2013 interven\u021bii dermatologice de precizie la ChiroDermatologie. Programeaz\u0103 acum procedura ta!\" \/>\n<meta property=\"og:url\" content=\"https:\/\/chirodermatologie.ro\/hu\/chirurgie\/\" \/>\n<meta property=\"og:site_name\" content=\"Chirodermatologie\" \/>\n<meta property=\"article:publisher\" content=\"https:\/\/www.facebook.com\/Chirodermatologie\/?ref=pages_you_manage\" \/>\n<meta property=\"article:modified_time\" content=\"2025-10-15T05:20:49+00:00\" \/>\n<meta name=\"twitter:card\" content=\"summary_large_image\" \/>\n<meta name=\"twitter:label1\" content=\"Becs\u00fclt olvas\u00e1si id\u0151\" \/>\n\t<meta name=\"twitter:data1\" content=\"2 perc\" \/>\n<script type=\"application\/ld+json\" class=\"yoast-schema-graph\">{\"@context\":\"https:\/\/schema.org\",\"@graph\":[{\"@type\":\"WebPage\",\"@id\":\"https:\/\/chirodermatologie.ro\/chirurgie\/\",\"url\":\"https:\/\/chirodermatologie.ro\/chirurgie\/\",\"name\":\"Chirurgie dermatologic\u0103 T\u00e2rgu Mure\u0219 | ChiroDermatologie\",\"isPartOf\":{\"@id\":\"https:\/\/chirodermatologie.ro\/#website\"},\"datePublished\":\"2021-11-29T14:03:03+00:00\",\"dateModified\":\"2025-10-15T05:20:49+00:00\",\"description\":\"Chirurgie dermatologic\u0103 T\u00e2rgu Mure\u0219 \u2013 interven\u021bii dermatologice de precizie la ChiroDermatologie. Programeaz\u0103 acum procedura ta!\",\"breadcrumb\":{\"@id\":\"https:\/\/chirodermatologie.ro\/chirurgie\/#breadcrumb\"},\"inLanguage\":\"hu\",\"potentialAction\":[{\"@type\":\"ReadAction\",\"target\":[\"https:\/\/chirodermatologie.ro\/chirurgie\/\"]}]},{\"@type\":\"BreadcrumbList\",\"@id\":\"https:\/\/chirodermatologie.ro\/chirurgie\/#breadcrumb\",\"itemListElement\":[{\"@type\":\"ListItem\",\"position\":1,\"name\":\"Home\",\"item\":\"https:\/\/chirodermatologie.ro\/\"},{\"@type\":\"ListItem\",\"position\":2,\"name\":\"Chirurgie\"}]},{\"@type\":\"WebSite\",\"@id\":\"https:\/\/chirodermatologie.ro\/#website\",\"url\":\"https:\/\/chirodermatologie.ro\/\",\"name\":\"Chirodermatologie\",\"description\":\"Chirodermatologie\",\"publisher\":{\"@id\":\"https:\/\/chirodermatologie.ro\/#organization\"},\"potentialAction\":[{\"@type\":\"SearchAction\",\"target\":{\"@type\":\"EntryPoint\",\"urlTemplate\":\"https:\/\/chirodermatologie.ro\/?s={search_term_string}\"},\"query-input\":{\"@type\":\"PropertyValueSpecification\",\"valueRequired\":true,\"valueName\":\"search_term_string\"}}],\"inLanguage\":\"hu\"},{\"@type\":\"Organization\",\"@id\":\"https:\/\/chirodermatologie.ro\/#organization\",\"name\":\"Chirodermatologie\",\"url\":\"https:\/\/chirodermatologie.ro\/\",\"logo\":{\"@type\":\"ImageObject\",\"inLanguage\":\"hu\",\"@id\":\"https:\/\/chirodermatologie.ro\/#\/schema\/logo\/image\/\",\"url\":\"https:\/\/chirodermatologie.ro\/wp-content\/uploads\/2021\/12\/DERMA_LOGO-1.png\",\"contentUrl\":\"https:\/\/chirodermatologie.ro\/wp-content\/uploads\/2021\/12\/DERMA_LOGO-1.png\",\"width\":1000,\"height\":1000,\"caption\":\"Chirodermatologie\"},\"image\":{\"@id\":\"https:\/\/chirodermatologie.ro\/#\/schema\/logo\/image\/\"},\"sameAs\":[\"https:\/\/www.facebook.com\/Chirodermatologie\/?ref=pages_you_manage\",\"https:\/\/www.instagram.com\/chirodermatologie\/\"]}]}<\/script>\n<!-- \/ Yoast SEO plugin. -->","yoast_head_json":{"title":"Chirurgie dermatologic\u0103 T\u00e2rgu Mure\u0219 | ChiroDermatologie","description":"Chirurgie dermatologic\u0103 T\u00e2rgu Mure\u0219 \u2013 interven\u021bii dermatologice de precizie la ChiroDermatologie. Programeaz\u0103 acum procedura ta!","robots":{"index":"index","follow":"follow","max-snippet":"max-snippet:-1","max-image-preview":"max-image-preview:large","max-video-preview":"max-video-preview:-1"},"canonical":"https:\/\/chirodermatologie.ro\/hu\/chirurgie\/","og_locale":"hu_HU","og_type":"article","og_title":"Chirurgie dermatologic\u0103 T\u00e2rgu Mure\u0219 | ChiroDermatologie","og_description":"Chirurgie dermatologic\u0103 T\u00e2rgu Mure\u0219 \u2013 interven\u021bii dermatologice de precizie la ChiroDermatologie. Programeaz\u0103 acum procedura ta!","og_url":"https:\/\/chirodermatologie.ro\/hu\/chirurgie\/","og_site_name":"Chirodermatologie","article_publisher":"https:\/\/www.facebook.com\/Chirodermatologie\/?ref=pages_you_manage","article_modified_time":"2025-10-15T05:20:49+00:00","twitter_card":"summary_large_image","twitter_misc":{"Becs\u00fclt olvas\u00e1si id\u0151":"2 perc"},"schema":{"@context":"https:\/\/schema.org","@graph":[{"@type":"WebPage","@id":"https:\/\/chirodermatologie.ro\/chirurgie\/","url":"https:\/\/chirodermatologie.ro\/chirurgie\/","name":"Chirurgie dermatologic\u0103 T\u00e2rgu Mure\u0219 | ChiroDermatologie","isPartOf":{"@id":"https:\/\/chirodermatologie.ro\/#website"},"datePublished":"2021-11-29T14:03:03+00:00","dateModified":"2025-10-15T05:20:49+00:00","description":"Chirurgie dermatologic\u0103 T\u00e2rgu Mure\u0219 \u2013 interven\u021bii dermatologice de precizie la ChiroDermatologie. Programeaz\u0103 acum procedura ta!","breadcrumb":{"@id":"https:\/\/chirodermatologie.ro\/chirurgie\/#breadcrumb"},"inLanguage":"hu","potentialAction":[{"@type":"ReadAction","target":["https:\/\/chirodermatologie.ro\/chirurgie\/"]}]},{"@type":"BreadcrumbList","@id":"https:\/\/chirodermatologie.ro\/chirurgie\/#breadcrumb","itemListElement":[{"@type":"ListItem","position":1,"name":"Home","item":"https:\/\/chirodermatologie.ro\/"},{"@type":"ListItem","position":2,"name":"Chirurgie"}]},{"@type":"WebSite","@id":"https:\/\/chirodermatologie.ro\/#website","url":"https:\/\/chirodermatologie.ro\/","name":"Chirodermatologie","description":"Chirodermatologie","publisher":{"@id":"https:\/\/chirodermatologie.ro\/#organization"},"potentialAction":[{"@type":"SearchAction","target":{"@type":"EntryPoint","urlTemplate":"https:\/\/chirodermatologie.ro\/?s={search_term_string}"},"query-input":{"@type":"PropertyValueSpecification","valueRequired":true,"valueName":"search_term_string"}}],"inLanguage":"hu"},{"@type":"Organization","@id":"https:\/\/chirodermatologie.ro\/#organization","name":"Chirodermatologie","url":"https:\/\/chirodermatologie.ro\/","logo":{"@type":"ImageObject","inLanguage":"hu","@id":"https:\/\/chirodermatologie.ro\/#\/schema\/logo\/image\/","url":"https:\/\/chirodermatologie.ro\/wp-content\/uploads\/2021\/12\/DERMA_LOGO-1.png","contentUrl":"https:\/\/chirodermatologie.ro\/wp-content\/uploads\/2021\/12\/DERMA_LOGO-1.png","width":1000,"height":1000,"caption":"Chirodermatologie"},"image":{"@id":"https:\/\/chirodermatologie.ro\/#\/schema\/logo\/image\/"},"sameAs":["https:\/\/www.facebook.com\/Chirodermatologie\/?ref=pages_you_manage","https:\/\/www.instagram.com\/chirodermatologie\/"]}]}},"_links":{"self":[{"href":"https:\/\/chirodermatologie.ro\/hu\/wp-json\/wp\/v2\/pages\/3753","targetHints":{"allow":["GET"]}}],"collection":[{"href":"https:\/\/chirodermatologie.ro\/hu\/wp-json\/wp\/v2\/pages"}],"about":[{"href":"https:\/\/chirodermatologie.ro\/hu\/wp-json\/wp\/v2\/types\/page"}],"author":[{"embeddable":true,"href":"https:\/\/chirodermatologie.ro\/hu\/wp-json\/wp\/v2\/users\/1"}],"replies":[{"embeddable":true,"href":"https:\/\/chirodermatologie.ro\/hu\/wp-json\/wp\/v2\/comments?post=3753"}],"version-history":[{"count":15,"href":"https:\/\/chirodermatologie.ro\/hu\/wp-json\/wp\/v2\/pages\/3753\/revisions"}],"predecessor-version":[{"id":4046,"href":"https:\/\/chirodermatologie.ro\/hu\/wp-json\/wp\/v2\/pages\/3753\/revisions\/4046"}],"wp:attachment":[{"href":"https:\/\/chirodermatologie.ro\/hu\/wp-json\/wp\/v2\/media?parent=3753"}],"curies":[{"name":"wp","href":"https:\/\/api.w.org\/{rel}","templated":true}]}}