{"id":3497,"date":"2021-06-25T09:37:00","date_gmt":"2021-06-25T09:37:00","guid":{"rendered":"https:\/\/chirodermatologie.ro\/?page_id=3497"},"modified":"2026-04-03T09:51:45","modified_gmt":"2026-04-03T06:51:45","slug":"estetica-dentara","status":"publish","type":"page","link":"https:\/\/chirodermatologie.ro\/hu\/servicii-stomatologie\/estetica-dentara\/","title":{"rendered":"Fog\u00e1szati eszt\u00e9tika"},"content":{"rendered":"<p><section class=\"fw-main-row  ls section_padding_top_50 section_padding_bottom_50 columns_padding_15\" style=\"\" >\n\t<div class=\"container\">\n\t\t<div class=\"row\">\n\t\t\t<div  id=\"column-16a7ba8\" class=\"fw-column fw-column col-xs-12\" >\n\n\t<div class=\"column-overlay\"><\/div>\n\n\t<div class=\"fw-column-inner\"><div class=\"text-center\">\n\t<h3 class=\"section_header\">\n\t<span class=\"\">\n\t\tFog\u00e1szati eszt\u00e9tika\t<\/span>\n\t<\/h3>\n<\/div>\n\t<div class=\"fw-divider-line\"><hr\/><\/div>\n\n\n    <\/div>\n<\/div>\n\t\t<\/div>\n\t<\/div>\n<\/section>\n<section class=\"fw-main-row  ls section_padding_top_25 section_padding_bottom_25 columns_padding_15\" style=\"\" >\n\t<div class=\"container\">\n\t\t<div class=\"row\">\n\t\t\t<div  id=\"column-518916a\" class=\"fw-column fw-column col-xs-12 col-md-6 to_animate\" data-animation=\"fadeInLeft\">\n\n\t<div class=\"column-overlay\"><\/div>\n\n\t<div class=\"fw-column-inner\"><img decoding=\"async\" class=\"shortcode-media-image\" src=\"\/\/chirodermatologie.ro\/wp-content\/uploads\/2021\/06\/Estetica-dentara.jpg\" alt=\"\/\/chirodermatologie.ro\/wp-content\/uploads\/2021\/06\/Estetica-dentara.jpg\" \/>    <\/div>\n<\/div>\n<div  id=\"column-012b24f\" class=\"fw-column fw-column col-xs-12 col-md-6 to_animate text-left\" data-animation=\"fadeInRight\">\n\n\t<div class=\"column-overlay\"><\/div>\n\n\t<div class=\"fw-column-inner\"><div class=\"text-left\">\n\t<h4 class=\"section_header\">\n\t<span class=\"\">\n\t\tEstetica dentara\u00a0isi propune refacerea zambetului pacientului prin intermediul uneia sau mai multor proceduri specializate precum:\t<\/span>\n\t<\/h4>\n<\/div>\n\n\n\t<div class=\"fw-divider-space\" style=\"margin-top: 30px;\"><\/div>\n<div class=\"icons-list\">\n\t<ul class=\"list1 no-bullets with-border\">\n\t\t\t\t\t<li>\n\t\t\t\t\t<div class=\"media small-teaser shortcode-icon\">\n\t\t\t\t\t<div class=\"media-left\">\n\t\t\t\t<div class=\"icon-wrap\">\n\t\t\t\t\t<i class=\"fa fa-angle-double-right highlight fontsize_18\"><\/i>\n\t\t\t\t<\/div>\n\t\t\t<\/div>\n\t\t\t\t<div class=\"media-body\">\n\t\t<span class=\"title\">\n\t\t\tcoroanele dentare\t\t<\/span>\n\t\t<span class=\"text\">\n\t\t\t\t\t<\/span>\n\t\t<\/div>\n\t<\/div>\n\t\t\t\t<\/li>\n\t\t\t\t\t<li>\n\t\t\t\t\t<div class=\"media small-teaser shortcode-icon\">\n\t\t\t\t\t<div class=\"media-left\">\n\t\t\t\t<div class=\"icon-wrap\">\n\t\t\t\t\t<i class=\"fa fa-angle-double-right highlight fontsize_18\"><\/i>\n\t\t\t\t<\/div>\n\t\t\t<\/div>\n\t\t\t\t<div class=\"media-body\">\n\t\t<span class=\"title\">\n\t\t\tincrustatiile\t\t<\/span>\n\t\t<span class=\"text\">\n\t\t\t\t\t<\/span>\n\t\t<\/div>\n\t<\/div>\n\t\t\t\t<\/li>\n\t\t\t\t\t<li>\n\t\t\t\t\t<div class=\"media small-teaser shortcode-icon\">\n\t\t\t\t\t<div class=\"media-left\">\n\t\t\t\t<div class=\"icon-wrap\">\n\t\t\t\t\t<i class=\"fa fa-angle-double-right highlight fontsize_18\"><\/i>\n\t\t\t\t<\/div>\n\t\t\t<\/div>\n\t\t\t\t<div class=\"media-body\">\n\t\t<span class=\"title\">\n\t\t\tfatetele dentare\t\t<\/span>\n\t\t<span class=\"text\">\n\t\t\t\t\t<\/span>\n\t\t<\/div>\n\t<\/div>\n\t\t\t\t<\/li>\n\t\t\t\t\t<li>\n\t\t\t\t\t<div class=\"media small-teaser shortcode-icon\">\n\t\t\t\t\t<div class=\"media-left\">\n\t\t\t\t<div class=\"icon-wrap\">\n\t\t\t\t\t<i class=\"fa fa-angle-double-right highlight fontsize_18\"><\/i>\n\t\t\t\t<\/div>\n\t\t\t<\/div>\n\t\t\t\t<div class=\"media-body\">\n\t\t<span class=\"title\">\n\t\t\timplanturile dentare\t\t<\/span>\n\t\t<span class=\"text\">\n\t\t\t\t\t<\/span>\n\t\t<\/div>\n\t<\/div>\n\t\t\t\t<\/li>\n\t\t\t\t\t<li>\n\t\t\t\t\t<div class=\"media small-teaser shortcode-icon\">\n\t\t\t\t\t<div class=\"media-left\">\n\t\t\t\t<div class=\"icon-wrap\">\n\t\t\t\t\t<i class=\"fa fa-angle-double-right highlight fontsize_18\"><\/i>\n\t\t\t\t<\/div>\n\t\t\t<\/div>\n\t\t\t\t<div class=\"media-body\">\n\t\t<span class=\"title\">\n\t\t\talbirile dentare profesionale\t\t<\/span>\n\t\t<span class=\"text\">\n\t\t\t\t\t<\/span>\n\t\t<\/div>\n\t<\/div>\n\t\t\t\t<\/li>\n\t\t\t<\/ul>\n<\/div>    <\/div>\n<\/div>\n<div  id=\"column-d86ec68\" class=\"fw-column fw-column col-xs-12 to_animate\" data-animation=\"fadeInDown\">\n\n\t<div class=\"column-overlay\"><\/div>\n\n\t<div class=\"fw-column-inner\"><div class=\"text-block\">\n\t<p>Materialele moderne, frecvent si cu succes utilizate in estetica dentara moderna sunt ceramica integrala (portelanul fara metal) si zirconiul. Sunt estetice, rezistente si mai ales biocompatibile, imitand foarte bine structura naturala a dintelui, fie ca vorbim de smaltul dentar sau dentina.<br \/>In timp ce stomatologia traditionala se concentreaza pe igiena orala si prevenirea, diagnosticarea si tratarea afectiunii orale, estetica dentara pune accentul pe imbunatatirea aspectului dintilor, gurii si zambetului unei persoane. Si cum gura face parte din fata, putem vorbi chiar de estetica faciala.<\/p><\/div>\n<div class=\"text-block\">\n\t<p>Estetica dentara ofera multe beneficii reparatorii. De exemplu, plombele dentare albe, fotopolimerizabile, sunt o procedura obisnuita utilizata in tratarea dintilor cariati. Inainte, majoritatea plombelor dentare erau din aur, amalgam de argint si alte materiale care lasau pe dinti pete vizibile, inchise la culoare. In prezent, plombele dentare pot fi incluse in categoria cosmeticii dentare deoarece puteti alege plombe realizate din portelan (incrustatii) sau materiale compozite care se potrivesc exact cu culoarea dintilor dumneavoastra, pastrand astfel aspectul natural al dintilor si zambetului dumneavoastra. Multe persoane isi inlocuiesc plombele mai vechi cu altele noi, de culoarea dintilor, pentru a-si imbunatati infatisarea danturii.<\/p><\/div>\n<div class=\"text-block\">\n\t<p>Albirea dentara cu laser\u00a0\u2013 este cea mai putin invaziva metoda de albire a dintilor. Total diferita de albirea cu lampa de fotopolimerizare, din pacate deseori promovata ca albire laser, albirea realizata prin utilizarea energiei luminii monocrome concentrate aduce avantaje certe: datorita activarii laser smaltul este penetrat rapid de substanta de albire, astfel incat contactul dintre acesta si gelul de albire este de scurta durata. In fond si la urma urmei, \u201cnocivitatea\u201d sau gradul de \u201cinvazivitate\u201d al albirilor dentare constau tocmai in timpul de contact pe care acel gel chimic (peroxid de carbamida) il are cu smaltul dentar. Procedura de albire cu laserul este rapida, comoda si nedureroasa, chiar daca\u00a0pretul\u00a0abirii dentare este un pic mai mare. Si inca un amanunt, rezultatele albirii cu laser dureaza mult mai mult decat in cazul abordarii clasice, cu gutiere sau prin fotopolimerizare.<\/p><\/div>\n    <\/div>\n<\/div>\n\t\t<\/div>\n\t<\/div>\n<\/section>\n<section class=\"fw-main-row  ls section_padding_top_25 section_padding_bottom_0 columns_padding_15\" style=\"\" >\n\t<div class=\"container\">\n\t\t<div class=\"row\">\n\t\t\t<div  id=\"column-88e2754\" class=\"fw-column fw-column col-xs-12 col-md-3 to_animate text-center programare\" data-animation=\"fadeInUp\">\n\n\t<div class=\"column-overlay\"><\/div>\n\n\t<div class=\"fw-column-inner\">\n\n\t<div class=\"fw-divider-space  hidden-sm hidden-xs\" style=\"margin-top: 50px;\"><\/div>\n    <\/div>\n<\/div>\n<div  id=\"column-7ec8c12\" class=\"fw-column fw-column col-xs-12 col-md-6 to_animate text-center programare\" data-animation=\"fadeInUp\">\n\n\t<div class=\"column-overlay\"><\/div>\n\n\t<div class=\"fw-column-inner\">\n\n\t<div class=\"fw-divider-space  hidden-sm hidden-xs\" style=\"margin-top: 50px;\"><\/div>\n<div class=\"text-center\">\n\t<h3 class=\"section_header\">\n\t<span class=\"\">\n\t\tSzeretne id\u0151pontot k\u00e9rni?\t<\/span>\n\t<\/h3>\n\t<h4 class=\"section_header\">\n\t<span class=\"\">\n\t\tVegye fel vel\u00fcnk a kapcsolatot!\t<\/span>\n\t<\/h4>\n<\/div>\n\n\n\t<div class=\"fw-divider-space\" style=\"margin-top: 50px;\"><\/div>\n\t<span class=\"theme-icon   icon_center\">\n\t<i class=\"rt-icon2-arrow-down-outline highlight\"><\/i>\n<\/span>\n\t\n\n\t<div class=\"fw-divider-space\" style=\"margin-top: 50px;\"><\/div>\n<a href=\"https:\/\/chirodermatologie.ro\/hu\/vreau-o-programare\/\" target=\"_blank\"\n   class=\"theme_button color1\">\n\t<span>Szeretn\u00e9k id\u0151pontot k\u00e9rni!<\/span>\n<\/a>    <\/div>\n<\/div>\n<div  id=\"column-5591eef\" class=\"fw-column fw-column col-xs-12 col-md-3 to_animate text-center programare\" data-animation=\"fadeInUp\">\n\n\t<div class=\"column-overlay\"><\/div>\n\n\t<div class=\"fw-column-inner\">\n\n\t<div class=\"fw-divider-space  hidden-sm hidden-xs\" style=\"margin-top: 50px;\"><\/div>\n    <\/div>\n<\/div>\n\t\t<\/div>\n\t<\/div>\n<\/section>\n<section class=\"fw-main-row  ls section_padding_top_50 section_padding_bottom_50 columns_padding_15\" style=\"\" >\n\t<div class=\"container\">\n\t\t<div class=\"row\">\n\t\t\t<div  id=\"column-1620be7\" class=\"fw-column fw-column col-xs-12 to_animate\" data-animation=\"fadeInUp\">\n\n\t<div class=\"column-overlay\"><\/div>\n\n\t<div class=\"fw-column-inner\"><div class=\"text-center\">\n\t<h3 class=\"section_header\">\n\t<span class=\"\">\n\t\tEgy\u00e9b szolg\u00e1ltat\u00e1sok\t<\/span>\n\t<\/h3>\n<\/div>\n\t<div class=\"fw-divider-line\"><hr\/><\/div>\n\n\n\n\n\t<div class=\"fw-divider-space\" style=\"margin-top: 50px;\"><\/div>\n    <\/div>\n<\/div>\n<div  id=\"column-05d5e56\" class=\"fw-column fw-column col-xs-12 to_animate\" data-animation=\"fadeInUp\">\n\n\t<div class=\"column-overlay\"><\/div>\n\n\t<div class=\"fw-column-inner\"><div class=\"row columns_padding_15 shortcode-teasers-row\">\n\t\t\t<div class=\"col-md-3\">\n\t\t\t\n\t\t<div class=\"vertical-item square_teaser content-absolute\">\n\n\t\t\t\t\t\t\t<div class=\"item-media\">\n                    <a href=\"https:\/\/chirodermatologie.ro\/hu\/servicii-stomatologie\/terapie-odontala\/\">\t\t\t\t\t<img decoding=\"async\" src=\"\/\/chirodermatologie.ro\/wp-content\/uploads\/2021\/06\/odontala.jpg\" alt=\"Fog\u00e1szati ter\u00e1pia\">\n                    <\/a>\t\t\t\t<\/div>\n\t\t\t\t\t\t<div class=\"item-content\">\n\t\t\t\t\t\t\t\t\t<h4>\n\t\t\t\t\t\t\t\t\t\t\t\t<a href=\"https:\/\/chirodermatologie.ro\/hu\/servicii-stomatologie\/terapie-odontala\/\">\n\t\t\t\t\t\t\t\n\t\t\t\t\t\t\tFog\u00e1szati ter\u00e1pia\n\t\t\t\t\t\t\t\t\t\t\t\t\t<\/a>\n\t\t\t\t\t\t\t\t\t\t<\/h4>\n\t\t\t\t\n\t\t\t\t\t\t\t<\/div><!-- eof .item-content -->\n\t\t\t\t\t<\/div>\n\n\t\t\t\t<\/div><!-- eof teaser -->\n\t\t\t<div class=\"col-md-3\">\n\t\t\t\n\t\t<div class=\"vertical-item square_teaser content-absolute\">\n\n\t\t\t\t\t\t\t<div class=\"item-media\">\n                    <a href=\"https:\/\/chirodermatologie.ro\/hu\/servicii-stomatologie\/protetica\/\">\t\t\t\t\t<img decoding=\"async\" src=\"\/\/chirodermatologie.ro\/wp-content\/uploads\/2021\/06\/protetica.jpg\" alt=\"Fog\u00e1szati prot\u00e9zisek\">\n                    <\/a>\t\t\t\t<\/div>\n\t\t\t\t\t\t<div class=\"item-content\">\n\t\t\t\t\t\t\t\t\t<h4>\n\t\t\t\t\t\t\t\t\t\t\t\t<a href=\"https:\/\/chirodermatologie.ro\/hu\/servicii-stomatologie\/protetica\/\">\n\t\t\t\t\t\t\t\n\t\t\t\t\t\t\tFog\u00e1szati prot\u00e9zisek\n\t\t\t\t\t\t\t\t\t\t\t\t\t<\/a>\n\t\t\t\t\t\t\t\t\t\t<\/h4>\n\t\t\t\t\n\t\t\t\t\t\t\t<\/div><!-- eof .item-content -->\n\t\t\t\t\t<\/div>\n\n\t\t\t\t<\/div><!-- eof teaser -->\n\t\t\t<div class=\"col-md-3\">\n\t\t\t\n\t\t<div class=\"vertical-item square_teaser content-absolute\">\n\n\t\t\t\t\t\t\t<div class=\"item-media\">\n                    <a href=\"https:\/\/chirodermatologie.ro\/hu\/servicii-stomatologie\/endodontie\/\">\t\t\t\t\t<img decoding=\"async\" src=\"\/\/chirodermatologie.ro\/wp-content\/uploads\/2021\/06\/endodontie.jpg\" alt=\"Endodoncia\">\n                    <\/a>\t\t\t\t<\/div>\n\t\t\t\t\t\t<div class=\"item-content\">\n\t\t\t\t\t\t\t\t\t<h4>\n\t\t\t\t\t\t\t\t\t\t\t\t<a href=\"https:\/\/chirodermatologie.ro\/hu\/servicii-stomatologie\/endodontie\/\">\n\t\t\t\t\t\t\t\n\t\t\t\t\t\t\tEndodoncia\n\t\t\t\t\t\t\t\t\t\t\t\t\t<\/a>\n\t\t\t\t\t\t\t\t\t\t<\/h4>\n\t\t\t\t\n\t\t\t\t\t\t\t<\/div><!-- eof .item-content -->\n\t\t\t\t\t<\/div>\n\n\t\t\t\t<\/div><!-- eof teaser -->\n\t\t\t<div class=\"col-md-3\">\n\t\t\t\n\t\t<div class=\"vertical-item square_teaser content-absolute\">\n\n\t\t\t\t\t\t\t<div class=\"item-media\">\n                    <a href=\"https:\/\/chirodermatologie.ro\/hu\/servicii-stomatologie\/parodontologia\/\">\t\t\t\t\t<img decoding=\"async\" src=\"\/\/chirodermatologie.ro\/wp-content\/uploads\/2021\/06\/parodontologia.jpg\" alt=\"Parodontol\u00f3gia\">\n                    <\/a>\t\t\t\t<\/div>\n\t\t\t\t\t\t<div class=\"item-content\">\n\t\t\t\t\t\t\t\t\t<h4>\n\t\t\t\t\t\t\t\t\t\t\t\t<a href=\"https:\/\/chirodermatologie.ro\/hu\/servicii-stomatologie\/parodontologia\/\">\n\t\t\t\t\t\t\t\n\t\t\t\t\t\t\tParodontol\u00f3gia\n\t\t\t\t\t\t\t\t\t\t\t\t\t<\/a>\n\t\t\t\t\t\t\t\t\t\t<\/h4>\n\t\t\t\t\n\t\t\t\t\t\t\t<\/div><!-- eof .item-content -->\n\t\t\t\t\t<\/div>\n\n\t\t\t\t<\/div><!-- eof teaser -->\n\t\t\t<div class=\"col-md-3\">\n\t\t\t\n\t\t<div class=\"vertical-item square_teaser content-absolute\">\n\n\t\t\t\t\t\t\t<div class=\"item-media\">\n                    <a href=\"https:\/\/chirodermatologie.ro\/hu\/servicii-stomatologie\/profilaxie\/\">\t\t\t\t\t<img decoding=\"async\" src=\"\/\/chirodermatologie.ro\/wp-content\/uploads\/2021\/06\/profilaxie.jpg\" alt=\"Profilaxis\">\n                    <\/a>\t\t\t\t<\/div>\n\t\t\t\t\t\t<div class=\"item-content\">\n\t\t\t\t\t\t\t\t\t<h4>\n\t\t\t\t\t\t\t\t\t\t\t\t<a href=\"https:\/\/chirodermatologie.ro\/hu\/servicii-stomatologie\/profilaxie\/\">\n\t\t\t\t\t\t\t\n\t\t\t\t\t\t\tProfilaxis\n\t\t\t\t\t\t\t\t\t\t\t\t\t<\/a>\n\t\t\t\t\t\t\t\t\t\t<\/h4>\n\t\t\t\t\n\t\t\t\t\t\t\t<\/div><!-- eof .item-content -->\n\t\t\t\t\t<\/div>\n\n\t\t\t\t<\/div><!-- eof teaser -->\n\t\t\t<div class=\"col-md-3\">\n\t\t\t\n\t\t<div class=\"vertical-item square_teaser content-absolute\">\n\n\t\t\t\t\t\t\t<div class=\"item-media\">\n                    <a href=\"https:\/\/chirodermatologie.ro\/hu\/servicii-stomatologie\/pedodontia\/\">\t\t\t\t\t<img decoding=\"async\" src=\"\/\/chirodermatologie.ro\/wp-content\/uploads\/2021\/06\/Pedodontia.jpg\" alt=\"Gyermekfog\u00e1szat\">\n                    <\/a>\t\t\t\t<\/div>\n\t\t\t\t\t\t<div class=\"item-content\">\n\t\t\t\t\t\t\t\t\t<h4>\n\t\t\t\t\t\t\t\t\t\t\t\t<a href=\"https:\/\/chirodermatologie.ro\/hu\/servicii-stomatologie\/pedodontia\/\">\n\t\t\t\t\t\t\t\n\t\t\t\t\t\t\tGyermekfog\u00e1szat\n\t\t\t\t\t\t\t\t\t\t\t\t\t<\/a>\n\t\t\t\t\t\t\t\t\t\t<\/h4>\n\t\t\t\t\n\t\t\t\t\t\t\t<\/div><!-- eof .item-content -->\n\t\t\t\t\t<\/div>\n\n\t\t\t\t<\/div><!-- eof teaser -->\n\t\t\t<div class=\"col-md-3\">\n\t\t\t\n\t\t<div class=\"vertical-item square_teaser content-absolute\">\n\n\t\t\t\t\t\t\t<div class=\"item-media\">\n                    <a href=\"https:\/\/chirodermatologie.ro\/hu\/servicii-stomatologie\/ortodontia\/\">\t\t\t\t\t<img decoding=\"async\" src=\"\/\/chirodermatologie.ro\/wp-content\/uploads\/2021\/06\/Ortodontia.jpg\" alt=\"Ortodon\u021bia\">\n                    <\/a>\t\t\t\t<\/div>\n\t\t\t\t\t\t<div class=\"item-content\">\n\t\t\t\t\t\t\t\t\t<h4>\n\t\t\t\t\t\t\t\t\t\t\t\t<a href=\"https:\/\/chirodermatologie.ro\/hu\/servicii-stomatologie\/ortodontia\/\">\n\t\t\t\t\t\t\t\n\t\t\t\t\t\t\tOrtodon\u021bia\n\t\t\t\t\t\t\t\t\t\t\t\t\t<\/a>\n\t\t\t\t\t\t\t\t\t\t<\/h4>\n\t\t\t\t\n\t\t\t\t\t\t\t<\/div><!-- eof .item-content -->\n\t\t\t\t\t<\/div>\n\n\t\t\t\t<\/div><!-- eof teaser -->\n\t\t\t<div class=\"col-md-3\">\n\t\t\t\n\t\t<div class=\"vertical-item square_teaser content-absolute\">\n\n\t\t\t\t\t\t\t<div class=\"item-media\">\n                    <a href=\"https:\/\/chirodermatologie.ro\/hu\/servicii-stomatologie\/chirurgie-orala-si-implantologie\/\">\t\t\t\t\t<img decoding=\"async\" src=\"\/\/chirodermatologie.ro\/wp-content\/uploads\/2021\/06\/Chirurgie-orala-si-implantologie.jpg\" alt=\"Sz\u00e1jseb\u00e9szet \u00e9s implantol\u00f3gia\">\n                    <\/a>\t\t\t\t<\/div>\n\t\t\t\t\t\t<div class=\"item-content\">\n\t\t\t\t\t\t\t\t\t<h4>\n\t\t\t\t\t\t\t\t\t\t\t\t<a href=\"https:\/\/chirodermatologie.ro\/hu\/servicii-stomatologie\/chirurgie-orala-si-implantologie\/\">\n\t\t\t\t\t\t\t\n\t\t\t\t\t\t\tSz\u00e1jseb\u00e9szet \u00e9s implantol\u00f3gia\n\t\t\t\t\t\t\t\t\t\t\t\t\t<\/a>\n\t\t\t\t\t\t\t\t\t\t<\/h4>\n\t\t\t\t\n\t\t\t\t\t\t\t<\/div><!-- eof .item-content -->\n\t\t\t\t\t<\/div>\n\n\t\t\t\t<\/div><!-- eof teaser -->\n\t<\/div> <!-- eof teasers row -->    <\/div>\n<\/div>\n\t\t<\/div>\n\t<\/div>\n<\/section>\n<\/p>","protected":false},"excerpt":{"rendered":"<p>Estetic\u0103 dentar\u0103 Estetica dentara\u00a0isi propune refacerea zambetului pacientului prin intermediul uneia sau mai multor proceduri specializate precum: coroanele dentare incrustatiile<\/p>","protected":false},"author":1,"featured_media":0,"parent":3438,"menu_order":0,"comment_status":"closed","ping_status":"closed","template":"page-templates\/full-width.php","meta":{"footnotes":""},"class_list":["post-3497","page","type-page","status-publish","hentry"],"yoast_head":"<!-- This site is optimized with the Yoast SEO plugin v24.9 - https:\/\/yoast.com\/wordpress\/plugins\/seo\/ -->\n<title>Estetic\u0103 dentar\u0103 T\u00e2rgu Mure\u0219 | Z\u00e2mbet Perfect<\/title>\n<meta name=\"description\" content=\"Estetic\u0103 dentar\u0103 T\u00e2rgu Mure\u0219 \u2013 albire, fa\u021bete, reconstruc\u021bie. Solu\u021bii moderne pentru un z\u00e2mbet natural. Programeaz\u0103 o consulta\u021bie!\" \/>\n<meta name=\"robots\" content=\"index, follow, max-snippet:-1, max-image-preview:large, max-video-preview:-1\" \/>\n<link rel=\"canonical\" href=\"https:\/\/chirodermatologie.ro\/hu\/servicii-stomatologie\/estetica-dentara\/\" \/>\n<meta property=\"og:locale\" content=\"hu_HU\" \/>\n<meta property=\"og:type\" content=\"article\" \/>\n<meta property=\"og:title\" content=\"Estetic\u0103 dentar\u0103 T\u00e2rgu Mure\u0219 | Z\u00e2mbet Perfect\" \/>\n<meta property=\"og:description\" content=\"Estetic\u0103 dentar\u0103 T\u00e2rgu Mure\u0219 \u2013 albire, fa\u021bete, reconstruc\u021bie. Solu\u021bii moderne pentru un z\u00e2mbet natural. Programeaz\u0103 o consulta\u021bie!\" \/>\n<meta property=\"og:url\" content=\"https:\/\/chirodermatologie.ro\/hu\/servicii-stomatologie\/estetica-dentara\/\" \/>\n<meta property=\"og:site_name\" content=\"Chirodermatologie\" \/>\n<meta property=\"article:publisher\" content=\"https:\/\/www.facebook.com\/Chirodermatologie\/?ref=pages_you_manage\" \/>\n<meta property=\"article:modified_time\" content=\"2026-04-03T06:51:45+00:00\" \/>\n<meta name=\"twitter:card\" content=\"summary_large_image\" \/>\n<meta name=\"twitter:label1\" content=\"Becs\u00fclt olvas\u00e1si id\u0151\" \/>\n\t<meta name=\"twitter:data1\" content=\"2 perc\" \/>\n<script type=\"application\/ld+json\" class=\"yoast-schema-graph\">{\"@context\":\"https:\/\/schema.org\",\"@graph\":[{\"@type\":\"WebPage\",\"@id\":\"https:\/\/chirodermatologie.ro\/servicii-stomatologie\/estetica-dentara\/\",\"url\":\"https:\/\/chirodermatologie.ro\/servicii-stomatologie\/estetica-dentara\/\",\"name\":\"Estetic\u0103 dentar\u0103 T\u00e2rgu Mure\u0219 | Z\u00e2mbet Perfect\",\"isPartOf\":{\"@id\":\"https:\/\/chirodermatologie.ro\/#website\"},\"datePublished\":\"2021-06-25T09:37:00+00:00\",\"dateModified\":\"2026-04-03T06:51:45+00:00\",\"description\":\"Estetic\u0103 dentar\u0103 T\u00e2rgu Mure\u0219 \u2013 albire, fa\u021bete, reconstruc\u021bie. Solu\u021bii moderne pentru un z\u00e2mbet natural. Programeaz\u0103 o consulta\u021bie!\",\"breadcrumb\":{\"@id\":\"https:\/\/chirodermatologie.ro\/servicii-stomatologie\/estetica-dentara\/#breadcrumb\"},\"inLanguage\":\"hu\",\"potentialAction\":[{\"@type\":\"ReadAction\",\"target\":[\"https:\/\/chirodermatologie.ro\/servicii-stomatologie\/estetica-dentara\/\"]}]},{\"@type\":\"BreadcrumbList\",\"@id\":\"https:\/\/chirodermatologie.ro\/servicii-stomatologie\/estetica-dentara\/#breadcrumb\",\"itemListElement\":[{\"@type\":\"ListItem\",\"position\":1,\"name\":\"Home\",\"item\":\"https:\/\/chirodermatologie.ro\/\"},{\"@type\":\"ListItem\",\"position\":2,\"name\":\"Servicii stomatologie\",\"item\":\"https:\/\/chirodermatologie.ro\/servicii-stomatologie\/\"},{\"@type\":\"ListItem\",\"position\":3,\"name\":\"Estetic\u0103 dentar\u0103\"}]},{\"@type\":\"WebSite\",\"@id\":\"https:\/\/chirodermatologie.ro\/#website\",\"url\":\"https:\/\/chirodermatologie.ro\/\",\"name\":\"Chirodermatologie\",\"description\":\"Chirodermatologie\",\"publisher\":{\"@id\":\"https:\/\/chirodermatologie.ro\/#organization\"},\"potentialAction\":[{\"@type\":\"SearchAction\",\"target\":{\"@type\":\"EntryPoint\",\"urlTemplate\":\"https:\/\/chirodermatologie.ro\/?s={search_term_string}\"},\"query-input\":{\"@type\":\"PropertyValueSpecification\",\"valueRequired\":true,\"valueName\":\"search_term_string\"}}],\"inLanguage\":\"hu\"},{\"@type\":\"Organization\",\"@id\":\"https:\/\/chirodermatologie.ro\/#organization\",\"name\":\"Chirodermatologie\",\"url\":\"https:\/\/chirodermatologie.ro\/\",\"logo\":{\"@type\":\"ImageObject\",\"inLanguage\":\"hu\",\"@id\":\"https:\/\/chirodermatologie.ro\/#\/schema\/logo\/image\/\",\"url\":\"https:\/\/chirodermatologie.ro\/wp-content\/uploads\/2021\/12\/DERMA_LOGO-1.png\",\"contentUrl\":\"https:\/\/chirodermatologie.ro\/wp-content\/uploads\/2021\/12\/DERMA_LOGO-1.png\",\"width\":1000,\"height\":1000,\"caption\":\"Chirodermatologie\"},\"image\":{\"@id\":\"https:\/\/chirodermatologie.ro\/#\/schema\/logo\/image\/\"},\"sameAs\":[\"https:\/\/www.facebook.com\/Chirodermatologie\/?ref=pages_you_manage\",\"https:\/\/www.instagram.com\/chirodermatologie\/\"]}]}<\/script>\n<!-- \/ Yoast SEO plugin. -->","yoast_head_json":{"title":"Estetic\u0103 dentar\u0103 T\u00e2rgu Mure\u0219 | Z\u00e2mbet Perfect","description":"Estetic\u0103 dentar\u0103 T\u00e2rgu Mure\u0219 \u2013 albire, fa\u021bete, reconstruc\u021bie. Solu\u021bii moderne pentru un z\u00e2mbet natural. Programeaz\u0103 o consulta\u021bie!","robots":{"index":"index","follow":"follow","max-snippet":"max-snippet:-1","max-image-preview":"max-image-preview:large","max-video-preview":"max-video-preview:-1"},"canonical":"https:\/\/chirodermatologie.ro\/hu\/servicii-stomatologie\/estetica-dentara\/","og_locale":"hu_HU","og_type":"article","og_title":"Estetic\u0103 dentar\u0103 T\u00e2rgu Mure\u0219 | Z\u00e2mbet Perfect","og_description":"Estetic\u0103 dentar\u0103 T\u00e2rgu Mure\u0219 \u2013 albire, fa\u021bete, reconstruc\u021bie. Solu\u021bii moderne pentru un z\u00e2mbet natural. Programeaz\u0103 o consulta\u021bie!","og_url":"https:\/\/chirodermatologie.ro\/hu\/servicii-stomatologie\/estetica-dentara\/","og_site_name":"Chirodermatologie","article_publisher":"https:\/\/www.facebook.com\/Chirodermatologie\/?ref=pages_you_manage","article_modified_time":"2026-04-03T06:51:45+00:00","twitter_card":"summary_large_image","twitter_misc":{"Becs\u00fclt olvas\u00e1si id\u0151":"2 perc"},"schema":{"@context":"https:\/\/schema.org","@graph":[{"@type":"WebPage","@id":"https:\/\/chirodermatologie.ro\/servicii-stomatologie\/estetica-dentara\/","url":"https:\/\/chirodermatologie.ro\/servicii-stomatologie\/estetica-dentara\/","name":"Estetic\u0103 dentar\u0103 T\u00e2rgu Mure\u0219 | Z\u00e2mbet Perfect","isPartOf":{"@id":"https:\/\/chirodermatologie.ro\/#website"},"datePublished":"2021-06-25T09:37:00+00:00","dateModified":"2026-04-03T06:51:45+00:00","description":"Estetic\u0103 dentar\u0103 T\u00e2rgu Mure\u0219 \u2013 albire, fa\u021bete, reconstruc\u021bie. Solu\u021bii moderne pentru un z\u00e2mbet natural. Programeaz\u0103 o consulta\u021bie!","breadcrumb":{"@id":"https:\/\/chirodermatologie.ro\/servicii-stomatologie\/estetica-dentara\/#breadcrumb"},"inLanguage":"hu","potentialAction":[{"@type":"ReadAction","target":["https:\/\/chirodermatologie.ro\/servicii-stomatologie\/estetica-dentara\/"]}]},{"@type":"BreadcrumbList","@id":"https:\/\/chirodermatologie.ro\/servicii-stomatologie\/estetica-dentara\/#breadcrumb","itemListElement":[{"@type":"ListItem","position":1,"name":"Home","item":"https:\/\/chirodermatologie.ro\/"},{"@type":"ListItem","position":2,"name":"Servicii stomatologie","item":"https:\/\/chirodermatologie.ro\/servicii-stomatologie\/"},{"@type":"ListItem","position":3,"name":"Estetic\u0103 dentar\u0103"}]},{"@type":"WebSite","@id":"https:\/\/chirodermatologie.ro\/#website","url":"https:\/\/chirodermatologie.ro\/","name":"Chirodermatologie","description":"Chirodermatologie","publisher":{"@id":"https:\/\/chirodermatologie.ro\/#organization"},"potentialAction":[{"@type":"SearchAction","target":{"@type":"EntryPoint","urlTemplate":"https:\/\/chirodermatologie.ro\/?s={search_term_string}"},"query-input":{"@type":"PropertyValueSpecification","valueRequired":true,"valueName":"search_term_string"}}],"inLanguage":"hu"},{"@type":"Organization","@id":"https:\/\/chirodermatologie.ro\/#organization","name":"Chirodermatologie","url":"https:\/\/chirodermatologie.ro\/","logo":{"@type":"ImageObject","inLanguage":"hu","@id":"https:\/\/chirodermatologie.ro\/#\/schema\/logo\/image\/","url":"https:\/\/chirodermatologie.ro\/wp-content\/uploads\/2021\/12\/DERMA_LOGO-1.png","contentUrl":"https:\/\/chirodermatologie.ro\/wp-content\/uploads\/2021\/12\/DERMA_LOGO-1.png","width":1000,"height":1000,"caption":"Chirodermatologie"},"image":{"@id":"https:\/\/chirodermatologie.ro\/#\/schema\/logo\/image\/"},"sameAs":["https:\/\/www.facebook.com\/Chirodermatologie\/?ref=pages_you_manage","https:\/\/www.instagram.com\/chirodermatologie\/"]}]}},"_links":{"self":[{"href":"https:\/\/chirodermatologie.ro\/hu\/wp-json\/wp\/v2\/pages\/3497","targetHints":{"allow":["GET"]}}],"collection":[{"href":"https:\/\/chirodermatologie.ro\/hu\/wp-json\/wp\/v2\/pages"}],"about":[{"href":"https:\/\/chirodermatologie.ro\/hu\/wp-json\/wp\/v2\/types\/page"}],"author":[{"embeddable":true,"href":"https:\/\/chirodermatologie.ro\/hu\/wp-json\/wp\/v2\/users\/1"}],"replies":[{"embeddable":true,"href":"https:\/\/chirodermatologie.ro\/hu\/wp-json\/wp\/v2\/comments?post=3497"}],"version-history":[{"count":9,"href":"https:\/\/chirodermatologie.ro\/hu\/wp-json\/wp\/v2\/pages\/3497\/revisions"}],"predecessor-version":[{"id":3679,"href":"https:\/\/chirodermatologie.ro\/hu\/wp-json\/wp\/v2\/pages\/3497\/revisions\/3679"}],"up":[{"embeddable":true,"href":"https:\/\/chirodermatologie.ro\/hu\/wp-json\/wp\/v2\/pages\/3438"}],"wp:attachment":[{"href":"https:\/\/chirodermatologie.ro\/hu\/wp-json\/wp\/v2\/media?parent=3497"}],"curies":[{"name":"wp","href":"https:\/\/api.w.org\/{rel}","templated":true}]}}