{"id":3488,"date":"2021-06-25T09:30:11","date_gmt":"2021-06-25T09:30:11","guid":{"rendered":"https:\/\/chirodermatologie.ro\/?page_id=3488"},"modified":"2026-04-03T09:51:44","modified_gmt":"2026-04-03T06:51:44","slug":"ortodontie","status":"publish","type":"page","link":"https:\/\/chirodermatologie.ro\/hu\/servicii-stomatologie\/ortodontie\/","title":{"rendered":"Fogszab\u00e1lyoz\u00e1s"},"content":{"rendered":"<p><section class=\"fw-main-row  ls section_padding_top_50 section_padding_bottom_50 columns_padding_15\" style=\"\" >\n\t<div class=\"container\">\n\t\t<div class=\"row\">\n\t\t\t<div  id=\"column-16a7ba8\" class=\"fw-column fw-column col-xs-12\" >\n\n\t<div class=\"column-overlay\"><\/div>\n\n\t<div class=\"fw-column-inner\"><div class=\"text-center\">\n\t<h3 class=\"section_header\">\n\t<span class=\"\">\n\t\tOrtodon\u021bia\t<\/span>\n\t<\/h3>\n<\/div>\n\t<div class=\"fw-divider-line\"><hr\/><\/div>\n\n\n    <\/div>\n<\/div>\n\t\t<\/div>\n\t<\/div>\n<\/section>\n<section class=\"fw-main-row  ls section_padding_top_25 section_padding_bottom_25 columns_padding_15\" style=\"\" >\n\t<div class=\"container\">\n\t\t<div class=\"row\">\n\t\t\t<div  id=\"column-518916a\" class=\"fw-column fw-column col-xs-12 col-md-6 to_animate\" data-animation=\"fadeInLeft\">\n\n\t<div class=\"column-overlay\"><\/div>\n\n\t<div class=\"fw-column-inner\"><img decoding=\"async\" class=\"shortcode-media-image\" src=\"\/\/chirodermatologie.ro\/wp-content\/uploads\/2021\/06\/Ortodontia.jpg\" alt=\"ortodon\u021bie\" \/>    <\/div>\n<\/div>\n<div  id=\"column-012b24f\" class=\"fw-column fw-column col-xs-12 col-md-6 to_animate text-left\" data-animation=\"fadeInRight\">\n\n\t<div class=\"column-overlay\"><\/div>\n\n\t<div class=\"fw-column-inner\"><div class=\"text-block\">\n\t<p><span style=\"font-weight: 400;\">Cuv\u00e2ntul \u201c<\/span><span style=\"font-weight: 400;\">ortodon\u021bie<\/span><span style=\"font-weight: 400;\">\u201d este derivat din grecescul \u201corthos\u201d, care \u00een traducere \u00eenseamn\u0103 \u201ca \u00eendrepta\u201d \u0219i \u201cdontos\u201d, care \u00eenseamn\u0103 din\u021bi. Ortodon\u021bia reprezint\u0103 o specialitate distinct\u0103 \u00een cadrul stomatologiei moderne, al c\u0103rei scop este acela de a \u00eembun\u0103t\u0103\u021bi aspectul, pozi\u021bia \u0219i func\u021bionalitatea din\u021bilor anormal alinia\u021bi, dar \u0219i de a remodela pozi\u021bia oaselor maxilare pentru a reda frumuse\u021bea \u0219i func\u021bionalitatea danturii.<\/span><\/p><p>&nbsp;<\/p><p><span style=\"font-weight: 400;\">Pe \u00een\u021belesul tuturor, prin <\/span><span style=\"font-weight: 400;\">ortodon\u021bie<\/span><span style=\"font-weight: 400;\"> \u00een\u021belegem ideea de din\u021bi str\u00e2mbi sau care nu sunt alinia\u021bi corect, pe care medicul specialist ortodont \u00eencearc\u0103 s\u0103 \u00eei alinieze \u00een mod corespunz\u0103tor prin intermediul aparatelor ortodontice mobile sau fixe. Ace\u0219ti din\u021bi str\u00e2mbi sau \u00eenghesui\u021bi nu reprezint\u0103 doar o problem\u0103 estetic\u0103, ci pot duce la boli reale \u0219i serioase. Ace\u0219tia sunt mai greu de cur\u0103\u021bat chiar \u0219i printr-un periaj corect \u0219i astfel au un risc mult mai ridicat de a dezvolta carii. Ei pot fi chiar \u0219i pierdu\u021bi mai devreme datorit\u0103 carierii \u0219i bolii parodontale \u0219i oblig\u0103 mu\u0219chii masticatori la un efort suplimentar, ceea ce poate duce la dureri de cap, disfunc\u021bia articula\u021biei temporo mandibulare \u0219i dureri la nivelul g\u00e2tului, umerilor \u0219i coloanei vertebrale.<\/span><\/p><\/div>\n    <\/div>\n<\/div>\n<div  id=\"column-25c83ea\" class=\"fw-column fw-column col-xs-12 to_animate text-left\" data-animation=\"fadeInRight\">\n\n\t<div class=\"column-overlay\"><\/div>\n\n\t<div class=\"fw-column-inner\"><div class=\"text-block\">\n\t<p><span style=\"font-weight: 400;\">Ortodont\u0326ia este o ramura\u0306 a stomatologiei care trateaza\u0306 malocluziile, afect\u0326iunile i\u0302n care dint\u0326ii nu sunt pozit\u0326ionat\u0326i corect pe arcada dentara\u0306. Acest lucru duce la o ocluzie necorespunza\u0306toare. Un ortodont este specializat i\u0302n a face dint\u0326ii drept\u0326i.<\/span><\/p><p><span style=\"font-weight: 400;\"><a href=\"https:\/\/www.facebook.com\/Chirodermatologie\">Tratamentul<\/a> ortodontic are ca scop de a i\u0302mbuna\u0306ta\u0306t\u0326ii funct\u0326ia orala\u0306, care aduce o i\u0302mbuna\u0306ta\u0306t\u0326ire s\u0326i asupra aspectului facial al pacientului.<\/span><\/p><\/div>\n<div class=\"icons-list\">\n\t<ul class=\"list1 no-bullets with-border\">\n\t\t\t\t\t<li>\n\t\t\t\t\t<div class=\"media small-teaser shortcode-icon\">\n\t\t\t\t\t<div class=\"media-left\">\n\t\t\t\t<div class=\"icon-wrap\">\n\t\t\t\t\t<i class=\"fa fa-angle-double-right highlight fontsize_18\"><\/i>\n\t\t\t\t<\/div>\n\t\t\t<\/div>\n\t\t\t\t<div class=\"media-body\">\n\t\t<span class=\"title\">\n\t\t\ti\u0302nchiderea spat\u0326iilor i\u0302ntre dint\u0326i \t\t<\/span>\n\t\t<span class=\"text\">\n\t\t\t\t\t<\/span>\n\t\t<\/div>\n\t<\/div>\n\t\t\t\t<\/li>\n\t\t\t\t\t<li>\n\t\t\t\t\t<div class=\"media small-teaser shortcode-icon\">\n\t\t\t\t\t<div class=\"media-left\">\n\t\t\t\t<div class=\"icon-wrap\">\n\t\t\t\t\t<i class=\"fa fa-angle-double-right highlight fontsize_18\"><\/i>\n\t\t\t\t<\/div>\n\t\t\t<\/div>\n\t\t\t\t<div class=\"media-body\">\n\t\t<span class=\"title\">\n\t\t\talinierea dint\u0326ilor prin i\u0302ndreptarea dint\u0326ilor stra\u0302mbi\t\t<\/span>\n\t\t<span class=\"text\">\n\t\t\t\t\t<\/span>\n\t\t<\/div>\n\t<\/div>\n\t\t\t\t<\/li>\n\t\t\t\t\t<li>\n\t\t\t\t\t<div class=\"media small-teaser shortcode-icon\">\n\t\t\t\t\t<div class=\"media-left\">\n\t\t\t\t<div class=\"icon-wrap\">\n\t\t\t\t\t<i class=\"fa fa-angle-double-right highlight fontsize_18\"><\/i>\n\t\t\t\t<\/div>\n\t\t\t<\/div>\n\t\t\t\t<div class=\"media-body\">\n\t\t<span class=\"title\">\n\t\t\ti\u0302mbuna\u0306ta\u0306t\u0326irea capacita\u0306t\u0326ii de vorbire sau de masticat\u0326ie, ajuta\u0302nd pe termen lung sa\u0306na\u0306tatea  gingiilor s\u0326i a dint\u0326ilor\t\t<\/span>\n\t\t<span class=\"text\">\n\t\t\t\t\t<\/span>\n\t\t<\/div>\n\t<\/div>\n\t\t\t\t<\/li>\n\t\t\t\t\t<li>\n\t\t\t\t\t<div class=\"media small-teaser shortcode-icon\">\n\t\t\t\t\t<div class=\"media-left\">\n\t\t\t\t<div class=\"icon-wrap\">\n\t\t\t\t\t<i class=\"fa fa-angle-double-right highlight fontsize_18\"><\/i>\n\t\t\t\t<\/div>\n\t\t\t<\/div>\n\t\t\t\t<div class=\"media-body\">\n\t\t<span class=\"title\">\n\t\t\tprevenirea uzurii excesive a dint\u0326ilor sau a traumelor dentare\t\t<\/span>\n\t\t<span class=\"text\">\n\t\t\t\t\t<\/span>\n\t\t<\/div>\n\t<\/div>\n\t\t\t\t<\/li>\n\t\t\t\t\t<li>\n\t\t\t\t\t<div class=\"media small-teaser shortcode-icon\">\n\t\t\t\t\t<div class=\"media-left\">\n\t\t\t\t<div class=\"icon-wrap\">\n\t\t\t\t\t<i class=\"fa fa-angle-double-right highlight fontsize_18\"><\/i>\n\t\t\t\t<\/div>\n\t\t\t<\/div>\n\t\t\t\t<div class=\"media-body\">\n\t\t<span class=\"title\">\n\t\t\ttratarea unei ocluzii necorespunza\u0306toare\t\t<\/span>\n\t\t<span class=\"text\">\n\t\t\t\t\t<\/span>\n\t\t<\/div>\n\t<\/div>\n\t\t\t\t<\/li>\n\t\t\t<\/ul>\n<\/div>    <\/div>\n<\/div>\n<div  id=\"column-3941d48\" class=\"fw-column fw-column col-xs-12\" >\n\n\t<div class=\"column-overlay\"><\/div>\n\n\t<div class=\"fw-column-inner\"><div class=\"text-block\">\n\t<p><span style=\"font-weight: 400;\">Tratamentul de <\/span><span style=\"font-weight: 400;\">ortodon\u021bie<\/span><span style=\"font-weight: 400;\"> poate i\u0302mbuna\u0306ta\u0306t\u0326i aspectul dint\u0326ilor, dar poate duce, de asemenea, la o mai buna\u0306 funct\u0326ie de mestecat s\u0326i vorbire s\u0326i poate ajuta la protejarea dint\u0326ilor i\u0302mpotriva deteriora\u0306rii sau cariilor, i\u0302n unele cazuri.<\/span><\/p><\/div>\n    <\/div>\n<\/div>\n\t\t<\/div>\n\t<\/div>\n<\/section>\n<section class=\"fw-main-row  ls section_padding_top_25 section_padding_bottom_0 columns_padding_15\" style=\"\" >\n\t<div class=\"container\">\n\t\t<div class=\"row\">\n\t\t\t<div  id=\"column-88e2754\" class=\"fw-column fw-column col-xs-12 col-md-3 to_animate text-center programare\" data-animation=\"fadeInUp\">\n\n\t<div class=\"column-overlay\"><\/div>\n\n\t<div class=\"fw-column-inner\">\n\n\t<div class=\"fw-divider-space  hidden-sm hidden-xs\" style=\"margin-top: 50px;\"><\/div>\n    <\/div>\n<\/div>\n<div  id=\"column-7ec8c12\" class=\"fw-column fw-column col-xs-12 col-md-6 to_animate text-center programare\" data-animation=\"fadeInUp\">\n\n\t<div class=\"column-overlay\"><\/div>\n\n\t<div class=\"fw-column-inner\">\n\n\t<div class=\"fw-divider-space  hidden-sm hidden-xs\" style=\"margin-top: 50px;\"><\/div>\n<div class=\"text-center\">\n\t<h3 class=\"section_header\">\n\t<span class=\"\">\n\t\tSzeretne id\u0151pontot k\u00e9rni?\t<\/span>\n\t<\/h3>\n\t<h4 class=\"section_header\">\n\t<span class=\"\">\n\t\tVegye fel vel\u00fcnk a kapcsolatot!\t<\/span>\n\t<\/h4>\n<\/div>\n\n\n\t<div class=\"fw-divider-space\" style=\"margin-top: 50px;\"><\/div>\n\t<span class=\"theme-icon   icon_center\">\n\t<i class=\"rt-icon2-arrow-down-outline highlight\"><\/i>\n<\/span>\n\t\n\n\t<div class=\"fw-divider-space\" style=\"margin-top: 50px;\"><\/div>\n<a href=\"https:\/\/chirodermatologie.ro\/hu\/vreau-o-programare\/\" target=\"_blank\"\n   class=\"theme_button color1\">\n\t<span>Szeretn\u00e9k id\u0151pontot k\u00e9rni!<\/span>\n<\/a>    <\/div>\n<\/div>\n<div  id=\"column-5591eef\" class=\"fw-column fw-column col-xs-12 col-md-3 to_animate text-center programare\" data-animation=\"fadeInUp\">\n\n\t<div class=\"column-overlay\"><\/div>\n\n\t<div class=\"fw-column-inner\">\n\n\t<div class=\"fw-divider-space  hidden-sm hidden-xs\" style=\"margin-top: 50px;\"><\/div>\n    <\/div>\n<\/div>\n\t\t<\/div>\n\t<\/div>\n<\/section>\n<section class=\"fw-main-row  ls section_padding_top_50 section_padding_bottom_50 columns_padding_15\" style=\"\" >\n\t<div class=\"container\">\n\t\t<div class=\"row\">\n\t\t\t<div  id=\"column-1620be7\" class=\"fw-column fw-column col-xs-12 to_animate\" data-animation=\"fadeInUp\">\n\n\t<div class=\"column-overlay\"><\/div>\n\n\t<div class=\"fw-column-inner\"><div class=\"text-center\">\n\t<h3 class=\"section_header\">\n\t<span class=\"\">\n\t\tEgy\u00e9b szolg\u00e1ltat\u00e1sok\t<\/span>\n\t<\/h3>\n<\/div>\n\t<div class=\"fw-divider-line\"><hr\/><\/div>\n\n\n\n\n\t<div class=\"fw-divider-space\" style=\"margin-top: 50px;\"><\/div>\n    <\/div>\n<\/div>\n<div  id=\"column-05d5e56\" class=\"fw-column fw-column col-xs-12 to_animate\" data-animation=\"fadeInUp\">\n\n\t<div class=\"column-overlay\"><\/div>\n\n\t<div class=\"fw-column-inner\"><div class=\"row columns_padding_15 shortcode-teasers-row\">\n\t\t\t<div class=\"col-md-3\">\n\t\t\t\n\t\t<div class=\"vertical-item square_teaser content-absolute\">\n\n\t\t\t\t\t\t\t<div class=\"item-media\">\n                    <a href=\"https:\/\/chirodermatologie.ro\/hu\/servicii-stomatologie\/terapie-odontala\/\">\t\t\t\t\t<img decoding=\"async\" src=\"\/\/chirodermatologie.ro\/wp-content\/uploads\/2021\/06\/odontala.jpg\" alt=\"Fog\u00e1szati ter\u00e1pia\">\n                    <\/a>\t\t\t\t<\/div>\n\t\t\t\t\t\t<div class=\"item-content\">\n\t\t\t\t\t\t\t\t\t<h4>\n\t\t\t\t\t\t\t\t\t\t\t\t<a href=\"https:\/\/chirodermatologie.ro\/hu\/servicii-stomatologie\/terapie-odontala\/\">\n\t\t\t\t\t\t\t\n\t\t\t\t\t\t\tFog\u00e1szati ter\u00e1pia\n\t\t\t\t\t\t\t\t\t\t\t\t\t<\/a>\n\t\t\t\t\t\t\t\t\t\t<\/h4>\n\t\t\t\t\n\t\t\t\t\t\t\t<\/div><!-- eof .item-content -->\n\t\t\t\t\t<\/div>\n\n\t\t\t\t<\/div><!-- eof teaser -->\n\t\t\t<div class=\"col-md-3\">\n\t\t\t\n\t\t<div class=\"vertical-item square_teaser content-absolute\">\n\n\t\t\t\t\t\t\t<div class=\"item-media\">\n                    <a href=\"https:\/\/chirodermatologie.ro\/hu\/servicii-stomatologie\/protetica\/\">\t\t\t\t\t<img decoding=\"async\" src=\"\/\/chirodermatologie.ro\/wp-content\/uploads\/2021\/06\/protetica.jpg\" alt=\"Fog\u00e1szati prot\u00e9zisek\">\n                    <\/a>\t\t\t\t<\/div>\n\t\t\t\t\t\t<div class=\"item-content\">\n\t\t\t\t\t\t\t\t\t<h4>\n\t\t\t\t\t\t\t\t\t\t\t\t<a href=\"https:\/\/chirodermatologie.ro\/hu\/servicii-stomatologie\/protetica\/\">\n\t\t\t\t\t\t\t\n\t\t\t\t\t\t\tFog\u00e1szati prot\u00e9zisek\n\t\t\t\t\t\t\t\t\t\t\t\t\t<\/a>\n\t\t\t\t\t\t\t\t\t\t<\/h4>\n\t\t\t\t\n\t\t\t\t\t\t\t<\/div><!-- eof .item-content -->\n\t\t\t\t\t<\/div>\n\n\t\t\t\t<\/div><!-- eof teaser -->\n\t\t\t<div class=\"col-md-3\">\n\t\t\t\n\t\t<div class=\"vertical-item square_teaser content-absolute\">\n\n\t\t\t\t\t\t\t<div class=\"item-media\">\n                    <a href=\"https:\/\/chirodermatologie.ro\/hu\/servicii-stomatologie\/endodontie\/\">\t\t\t\t\t<img decoding=\"async\" src=\"\/\/chirodermatologie.ro\/wp-content\/uploads\/2021\/06\/endodontie.jpg\" alt=\"Endodoncia\">\n                    <\/a>\t\t\t\t<\/div>\n\t\t\t\t\t\t<div class=\"item-content\">\n\t\t\t\t\t\t\t\t\t<h4>\n\t\t\t\t\t\t\t\t\t\t\t\t<a href=\"https:\/\/chirodermatologie.ro\/hu\/servicii-stomatologie\/endodontie\/\">\n\t\t\t\t\t\t\t\n\t\t\t\t\t\t\tEndodoncia\n\t\t\t\t\t\t\t\t\t\t\t\t\t<\/a>\n\t\t\t\t\t\t\t\t\t\t<\/h4>\n\t\t\t\t\n\t\t\t\t\t\t\t<\/div><!-- eof .item-content -->\n\t\t\t\t\t<\/div>\n\n\t\t\t\t<\/div><!-- eof teaser -->\n\t\t\t<div class=\"col-md-3\">\n\t\t\t\n\t\t<div class=\"vertical-item square_teaser content-absolute\">\n\n\t\t\t\t\t\t\t<div class=\"item-media\">\n                    <a href=\"https:\/\/chirodermatologie.ro\/hu\/servicii-stomatologie\/parodontologia\/\">\t\t\t\t\t<img decoding=\"async\" src=\"\/\/chirodermatologie.ro\/wp-content\/uploads\/2021\/06\/parodontologia.jpg\" alt=\"Parodontol\u00f3gia\">\n                    <\/a>\t\t\t\t<\/div>\n\t\t\t\t\t\t<div class=\"item-content\">\n\t\t\t\t\t\t\t\t\t<h4>\n\t\t\t\t\t\t\t\t\t\t\t\t<a href=\"https:\/\/chirodermatologie.ro\/hu\/servicii-stomatologie\/parodontologia\/\">\n\t\t\t\t\t\t\t\n\t\t\t\t\t\t\tParodontol\u00f3gia\n\t\t\t\t\t\t\t\t\t\t\t\t\t<\/a>\n\t\t\t\t\t\t\t\t\t\t<\/h4>\n\t\t\t\t\n\t\t\t\t\t\t\t<\/div><!-- eof .item-content -->\n\t\t\t\t\t<\/div>\n\n\t\t\t\t<\/div><!-- eof teaser -->\n\t\t\t<div class=\"col-md-3\">\n\t\t\t\n\t\t<div class=\"vertical-item square_teaser content-absolute\">\n\n\t\t\t\t\t\t\t<div class=\"item-media\">\n                    <a href=\"https:\/\/chirodermatologie.ro\/hu\/servicii-stomatologie\/profilaxie\/\">\t\t\t\t\t<img decoding=\"async\" src=\"\/\/chirodermatologie.ro\/wp-content\/uploads\/2021\/06\/profilaxie.jpg\" alt=\"Profilaxis\">\n                    <\/a>\t\t\t\t<\/div>\n\t\t\t\t\t\t<div class=\"item-content\">\n\t\t\t\t\t\t\t\t\t<h4>\n\t\t\t\t\t\t\t\t\t\t\t\t<a href=\"https:\/\/chirodermatologie.ro\/hu\/servicii-stomatologie\/profilaxie\/\">\n\t\t\t\t\t\t\t\n\t\t\t\t\t\t\tProfilaxis\n\t\t\t\t\t\t\t\t\t\t\t\t\t<\/a>\n\t\t\t\t\t\t\t\t\t\t<\/h4>\n\t\t\t\t\n\t\t\t\t\t\t\t<\/div><!-- eof .item-content -->\n\t\t\t\t\t<\/div>\n\n\t\t\t\t<\/div><!-- eof teaser -->\n\t\t\t<div class=\"col-md-3\">\n\t\t\t\n\t\t<div class=\"vertical-item square_teaser content-absolute\">\n\n\t\t\t\t\t\t\t<div class=\"item-media\">\n                    <a href=\"https:\/\/chirodermatologie.ro\/hu\/servicii-stomatologie\/pedodontia\/\">\t\t\t\t\t<img decoding=\"async\" src=\"\/\/chirodermatologie.ro\/wp-content\/uploads\/2021\/06\/Pedodontia.jpg\" alt=\"Gyermekfog\u00e1szat\">\n                    <\/a>\t\t\t\t<\/div>\n\t\t\t\t\t\t<div class=\"item-content\">\n\t\t\t\t\t\t\t\t\t<h4>\n\t\t\t\t\t\t\t\t\t\t\t\t<a href=\"https:\/\/chirodermatologie.ro\/hu\/servicii-stomatologie\/pedodontia\/\">\n\t\t\t\t\t\t\t\n\t\t\t\t\t\t\tGyermekfog\u00e1szat\n\t\t\t\t\t\t\t\t\t\t\t\t\t<\/a>\n\t\t\t\t\t\t\t\t\t\t<\/h4>\n\t\t\t\t\n\t\t\t\t\t\t\t<\/div><!-- eof .item-content -->\n\t\t\t\t\t<\/div>\n\n\t\t\t\t<\/div><!-- eof teaser -->\n\t\t\t<div class=\"col-md-3\">\n\t\t\t\n\t\t<div class=\"vertical-item square_teaser content-absolute\">\n\n\t\t\t\t\t\t\t<div class=\"item-media\">\n                    <a href=\"https:\/\/chirodermatologie.ro\/hu\/servicii-stomatologie\/estetica-dentara\/\">\t\t\t\t\t<img decoding=\"async\" src=\"\/\/chirodermatologie.ro\/wp-content\/uploads\/2021\/06\/Estetica-dentara.jpg\" alt=\"Fog\u00e1szati eszt\u00e9tika\">\n                    <\/a>\t\t\t\t<\/div>\n\t\t\t\t\t\t<div class=\"item-content\">\n\t\t\t\t\t\t\t\t\t<h4>\n\t\t\t\t\t\t\t\t\t\t\t\t<a href=\"https:\/\/chirodermatologie.ro\/hu\/servicii-stomatologie\/estetica-dentara\/\">\n\t\t\t\t\t\t\t\n\t\t\t\t\t\t\tFog\u00e1szati eszt\u00e9tika\n\t\t\t\t\t\t\t\t\t\t\t\t\t<\/a>\n\t\t\t\t\t\t\t\t\t\t<\/h4>\n\t\t\t\t\n\t\t\t\t\t\t\t<\/div><!-- eof .item-content -->\n\t\t\t\t\t<\/div>\n\n\t\t\t\t<\/div><!-- eof teaser -->\n\t\t\t<div class=\"col-md-3\">\n\t\t\t\n\t\t<div class=\"vertical-item square_teaser content-absolute\">\n\n\t\t\t\t\t\t\t<div class=\"item-media\">\n                    <a href=\"https:\/\/chirodermatologie.ro\/hu\/servicii-stomatologie\/chirurgie-orala-si-implantologie\/\">\t\t\t\t\t<img decoding=\"async\" src=\"\/\/chirodermatologie.ro\/wp-content\/uploads\/2021\/06\/Chirurgie-orala-si-implantologie.jpg\" alt=\"Sz\u00e1jseb\u00e9szet \u00e9s implantol\u00f3gia\">\n                    <\/a>\t\t\t\t<\/div>\n\t\t\t\t\t\t<div class=\"item-content\">\n\t\t\t\t\t\t\t\t\t<h4>\n\t\t\t\t\t\t\t\t\t\t\t\t<a href=\"https:\/\/chirodermatologie.ro\/hu\/servicii-stomatologie\/chirurgie-orala-si-implantologie\/\">\n\t\t\t\t\t\t\t\n\t\t\t\t\t\t\tSz\u00e1jseb\u00e9szet \u00e9s implantol\u00f3gia\n\t\t\t\t\t\t\t\t\t\t\t\t\t<\/a>\n\t\t\t\t\t\t\t\t\t\t<\/h4>\n\t\t\t\t\n\t\t\t\t\t\t\t<\/div><!-- eof .item-content -->\n\t\t\t\t\t<\/div>\n\n\t\t\t\t<\/div><!-- eof teaser -->\n\t<\/div> <!-- eof teasers row -->    <\/div>\n<\/div>\n\t\t<\/div>\n\t<\/div>\n<\/section>\n<\/p>","protected":false},"excerpt":{"rendered":"<p>Ortodon\u021bia Cuv\u00e2ntul \u201cortodon\u021bie\u201d este derivat din grecescul \u201corthos\u201d, care \u00een traducere \u00eenseamn\u0103 \u201ca \u00eendrepta\u201d \u0219i \u201cdontos\u201d, care \u00eenseamn\u0103 din\u021bi. Ortodon\u021bia<\/p>","protected":false},"author":1,"featured_media":0,"parent":3438,"menu_order":0,"comment_status":"closed","ping_status":"closed","template":"page-templates\/full-width.php","meta":{"footnotes":""},"class_list":["post-3488","page","type-page","status-publish","hentry"],"yoast_head":"<!-- This site is optimized with the Yoast SEO plugin v24.9 - https:\/\/yoast.com\/wordpress\/plugins\/seo\/ -->\n<title>Ortodon\u021bie T\u00e2rgu Mure\u0219 | Aparat Dentar Fix &amp; Mobil<\/title>\n<meta name=\"description\" content=\"Ortodon\u021bie T\u00e2rgu Mure\u0219 \u2013 aparat dentar fix sau mobil pentru copii \u0219i adul\u021bi. \u00cendreptare din\u021bi, tratamente f\u0103r\u0103 durere. Programeaz\u0103 o consulta\u021bie!\" \/>\n<meta name=\"robots\" content=\"index, follow, max-snippet:-1, max-image-preview:large, max-video-preview:-1\" \/>\n<link rel=\"canonical\" href=\"https:\/\/chirodermatologie.ro\/hu\/servicii-stomatologie\/ortodontie\/\" \/>\n<meta property=\"og:locale\" content=\"hu_HU\" \/>\n<meta property=\"og:type\" content=\"article\" \/>\n<meta property=\"og:title\" content=\"Ortodon\u021bie T\u00e2rgu Mure\u0219 | Aparat Dentar Fix &amp; Mobil\" \/>\n<meta property=\"og:description\" content=\"Ortodon\u021bie T\u00e2rgu Mure\u0219 \u2013 aparat dentar fix sau mobil pentru copii \u0219i adul\u021bi. \u00cendreptare din\u021bi, tratamente f\u0103r\u0103 durere. Programeaz\u0103 o consulta\u021bie!\" \/>\n<meta property=\"og:url\" content=\"https:\/\/chirodermatologie.ro\/hu\/servicii-stomatologie\/ortodontie\/\" \/>\n<meta property=\"og:site_name\" content=\"Chirodermatologie\" \/>\n<meta property=\"article:publisher\" content=\"https:\/\/www.facebook.com\/Chirodermatologie\/?ref=pages_you_manage\" \/>\n<meta property=\"article:modified_time\" content=\"2026-04-03T06:51:44+00:00\" \/>\n<meta name=\"twitter:card\" content=\"summary_large_image\" \/>\n<meta name=\"twitter:label1\" content=\"Becs\u00fclt olvas\u00e1si id\u0151\" \/>\n\t<meta name=\"twitter:data1\" content=\"2 perc\" \/>\n<script type=\"application\/ld+json\" class=\"yoast-schema-graph\">{\"@context\":\"https:\/\/schema.org\",\"@graph\":[{\"@type\":\"WebPage\",\"@id\":\"https:\/\/chirodermatologie.ro\/servicii-stomatologie\/ortodontie\/\",\"url\":\"https:\/\/chirodermatologie.ro\/servicii-stomatologie\/ortodontie\/\",\"name\":\"Ortodon\u021bie T\u00e2rgu Mure\u0219 | Aparat Dentar Fix & Mobil\",\"isPartOf\":{\"@id\":\"https:\/\/chirodermatologie.ro\/#website\"},\"datePublished\":\"2021-06-25T09:30:11+00:00\",\"dateModified\":\"2026-04-03T06:51:44+00:00\",\"description\":\"Ortodon\u021bie T\u00e2rgu Mure\u0219 \u2013 aparat dentar fix sau mobil pentru copii \u0219i adul\u021bi. \u00cendreptare din\u021bi, tratamente f\u0103r\u0103 durere. Programeaz\u0103 o consulta\u021bie!\",\"breadcrumb\":{\"@id\":\"https:\/\/chirodermatologie.ro\/servicii-stomatologie\/ortodontie\/#breadcrumb\"},\"inLanguage\":\"hu\",\"potentialAction\":[{\"@type\":\"ReadAction\",\"target\":[\"https:\/\/chirodermatologie.ro\/servicii-stomatologie\/ortodontie\/\"]}]},{\"@type\":\"BreadcrumbList\",\"@id\":\"https:\/\/chirodermatologie.ro\/servicii-stomatologie\/ortodontie\/#breadcrumb\",\"itemListElement\":[{\"@type\":\"ListItem\",\"position\":1,\"name\":\"Home\",\"item\":\"https:\/\/chirodermatologie.ro\/\"},{\"@type\":\"ListItem\",\"position\":2,\"name\":\"Servicii stomatologie\",\"item\":\"https:\/\/chirodermatologie.ro\/servicii-stomatologie\/\"},{\"@type\":\"ListItem\",\"position\":3,\"name\":\"Ortodon\u021bie\"}]},{\"@type\":\"WebSite\",\"@id\":\"https:\/\/chirodermatologie.ro\/#website\",\"url\":\"https:\/\/chirodermatologie.ro\/\",\"name\":\"Chirodermatologie\",\"description\":\"Chirodermatologie\",\"publisher\":{\"@id\":\"https:\/\/chirodermatologie.ro\/#organization\"},\"potentialAction\":[{\"@type\":\"SearchAction\",\"target\":{\"@type\":\"EntryPoint\",\"urlTemplate\":\"https:\/\/chirodermatologie.ro\/?s={search_term_string}\"},\"query-input\":{\"@type\":\"PropertyValueSpecification\",\"valueRequired\":true,\"valueName\":\"search_term_string\"}}],\"inLanguage\":\"hu\"},{\"@type\":\"Organization\",\"@id\":\"https:\/\/chirodermatologie.ro\/#organization\",\"name\":\"Chirodermatologie\",\"url\":\"https:\/\/chirodermatologie.ro\/\",\"logo\":{\"@type\":\"ImageObject\",\"inLanguage\":\"hu\",\"@id\":\"https:\/\/chirodermatologie.ro\/#\/schema\/logo\/image\/\",\"url\":\"https:\/\/chirodermatologie.ro\/wp-content\/uploads\/2021\/12\/DERMA_LOGO-1.png\",\"contentUrl\":\"https:\/\/chirodermatologie.ro\/wp-content\/uploads\/2021\/12\/DERMA_LOGO-1.png\",\"width\":1000,\"height\":1000,\"caption\":\"Chirodermatologie\"},\"image\":{\"@id\":\"https:\/\/chirodermatologie.ro\/#\/schema\/logo\/image\/\"},\"sameAs\":[\"https:\/\/www.facebook.com\/Chirodermatologie\/?ref=pages_you_manage\",\"https:\/\/www.instagram.com\/chirodermatologie\/\"]}]}<\/script>\n<!-- \/ Yoast SEO plugin. -->","yoast_head_json":{"title":"Ortodon\u021bie T\u00e2rgu Mure\u0219 | Aparat Dentar Fix & Mobil","description":"Ortodon\u021bie T\u00e2rgu Mure\u0219 \u2013 aparat dentar fix sau mobil pentru copii \u0219i adul\u021bi. \u00cendreptare din\u021bi, tratamente f\u0103r\u0103 durere. Programeaz\u0103 o consulta\u021bie!","robots":{"index":"index","follow":"follow","max-snippet":"max-snippet:-1","max-image-preview":"max-image-preview:large","max-video-preview":"max-video-preview:-1"},"canonical":"https:\/\/chirodermatologie.ro\/hu\/servicii-stomatologie\/ortodontie\/","og_locale":"hu_HU","og_type":"article","og_title":"Ortodon\u021bie T\u00e2rgu Mure\u0219 | Aparat Dentar Fix & Mobil","og_description":"Ortodon\u021bie T\u00e2rgu Mure\u0219 \u2013 aparat dentar fix sau mobil pentru copii \u0219i adul\u021bi. \u00cendreptare din\u021bi, tratamente f\u0103r\u0103 durere. Programeaz\u0103 o consulta\u021bie!","og_url":"https:\/\/chirodermatologie.ro\/hu\/servicii-stomatologie\/ortodontie\/","og_site_name":"Chirodermatologie","article_publisher":"https:\/\/www.facebook.com\/Chirodermatologie\/?ref=pages_you_manage","article_modified_time":"2026-04-03T06:51:44+00:00","twitter_card":"summary_large_image","twitter_misc":{"Becs\u00fclt olvas\u00e1si id\u0151":"2 perc"},"schema":{"@context":"https:\/\/schema.org","@graph":[{"@type":"WebPage","@id":"https:\/\/chirodermatologie.ro\/servicii-stomatologie\/ortodontie\/","url":"https:\/\/chirodermatologie.ro\/servicii-stomatologie\/ortodontie\/","name":"Ortodon\u021bie T\u00e2rgu Mure\u0219 | Aparat Dentar Fix & Mobil","isPartOf":{"@id":"https:\/\/chirodermatologie.ro\/#website"},"datePublished":"2021-06-25T09:30:11+00:00","dateModified":"2026-04-03T06:51:44+00:00","description":"Ortodon\u021bie T\u00e2rgu Mure\u0219 \u2013 aparat dentar fix sau mobil pentru copii \u0219i adul\u021bi. \u00cendreptare din\u021bi, tratamente f\u0103r\u0103 durere. Programeaz\u0103 o consulta\u021bie!","breadcrumb":{"@id":"https:\/\/chirodermatologie.ro\/servicii-stomatologie\/ortodontie\/#breadcrumb"},"inLanguage":"hu","potentialAction":[{"@type":"ReadAction","target":["https:\/\/chirodermatologie.ro\/servicii-stomatologie\/ortodontie\/"]}]},{"@type":"BreadcrumbList","@id":"https:\/\/chirodermatologie.ro\/servicii-stomatologie\/ortodontie\/#breadcrumb","itemListElement":[{"@type":"ListItem","position":1,"name":"Home","item":"https:\/\/chirodermatologie.ro\/"},{"@type":"ListItem","position":2,"name":"Servicii stomatologie","item":"https:\/\/chirodermatologie.ro\/servicii-stomatologie\/"},{"@type":"ListItem","position":3,"name":"Ortodon\u021bie"}]},{"@type":"WebSite","@id":"https:\/\/chirodermatologie.ro\/#website","url":"https:\/\/chirodermatologie.ro\/","name":"Chirodermatologie","description":"Chirodermatologie","publisher":{"@id":"https:\/\/chirodermatologie.ro\/#organization"},"potentialAction":[{"@type":"SearchAction","target":{"@type":"EntryPoint","urlTemplate":"https:\/\/chirodermatologie.ro\/?s={search_term_string}"},"query-input":{"@type":"PropertyValueSpecification","valueRequired":true,"valueName":"search_term_string"}}],"inLanguage":"hu"},{"@type":"Organization","@id":"https:\/\/chirodermatologie.ro\/#organization","name":"Chirodermatologie","url":"https:\/\/chirodermatologie.ro\/","logo":{"@type":"ImageObject","inLanguage":"hu","@id":"https:\/\/chirodermatologie.ro\/#\/schema\/logo\/image\/","url":"https:\/\/chirodermatologie.ro\/wp-content\/uploads\/2021\/12\/DERMA_LOGO-1.png","contentUrl":"https:\/\/chirodermatologie.ro\/wp-content\/uploads\/2021\/12\/DERMA_LOGO-1.png","width":1000,"height":1000,"caption":"Chirodermatologie"},"image":{"@id":"https:\/\/chirodermatologie.ro\/#\/schema\/logo\/image\/"},"sameAs":["https:\/\/www.facebook.com\/Chirodermatologie\/?ref=pages_you_manage","https:\/\/www.instagram.com\/chirodermatologie\/"]}]}},"_links":{"self":[{"href":"https:\/\/chirodermatologie.ro\/hu\/wp-json\/wp\/v2\/pages\/3488","targetHints":{"allow":["GET"]}}],"collection":[{"href":"https:\/\/chirodermatologie.ro\/hu\/wp-json\/wp\/v2\/pages"}],"about":[{"href":"https:\/\/chirodermatologie.ro\/hu\/wp-json\/wp\/v2\/types\/page"}],"author":[{"embeddable":true,"href":"https:\/\/chirodermatologie.ro\/hu\/wp-json\/wp\/v2\/users\/1"}],"replies":[{"embeddable":true,"href":"https:\/\/chirodermatologie.ro\/hu\/wp-json\/wp\/v2\/comments?post=3488"}],"version-history":[{"count":14,"href":"https:\/\/chirodermatologie.ro\/hu\/wp-json\/wp\/v2\/pages\/3488\/revisions"}],"predecessor-version":[{"id":3970,"href":"https:\/\/chirodermatologie.ro\/hu\/wp-json\/wp\/v2\/pages\/3488\/revisions\/3970"}],"up":[{"embeddable":true,"href":"https:\/\/chirodermatologie.ro\/hu\/wp-json\/wp\/v2\/pages\/3438"}],"wp:attachment":[{"href":"https:\/\/chirodermatologie.ro\/hu\/wp-json\/wp\/v2\/media?parent=3488"}],"curies":[{"name":"wp","href":"https:\/\/api.w.org\/{rel}","templated":true}]}}