{"id":3438,"date":"2021-06-25T08:19:40","date_gmt":"2021-06-25T08:19:40","guid":{"rendered":"https:\/\/chirodermatologie.ro\/?page_id=3438"},"modified":"2026-04-03T09:51:50","modified_gmt":"2026-04-03T06:51:50","slug":"servicii-stomatologie","status":"publish","type":"page","link":"https:\/\/chirodermatologie.ro\/hu\/servicii-stomatologie\/","title":{"rendered":"Servicii stomatologie"},"content":{"rendered":"<section class=\"fw-main-row  ls section_padding_top_65 section_padding_bottom_100 columns_padding_15\" style=\"\" >\n\t<div class=\"container\">\n\t\t<div class=\"row\">\n\t\t\t<div  id=\"column-e3707e5\" class=\"fw-column fw-column col-xs-12 to_animate\" data-animation=\"fadeInDown\">\n\n\t<div class=\"column-overlay\"><\/div>\n\n\t<div class=\"fw-column-inner\"><div class=\"text-center\">\n\t<h3 class=\"section_header\">\n\t<span class=\"\">\n\t\tORVOSI SZOLG\u00c1LTAT\u00c1SOK\t<\/span>\n\t<\/h3>\n<\/div>\n\t<div class=\"fw-divider-line\"><hr\/><\/div>\n\n\n\n\n\t<div class=\"fw-divider-space  hidden-sm hidden-xs\" style=\"margin-top: 70px;\"><\/div>\n    <\/div>\n<\/div>\n<div  id=\"column-b0a399c\" class=\"fw-column fw-column col-xs-12 to_animate\" data-animation=\"slideDown\">\n\n\t<div class=\"column-overlay\"><\/div>\n\n\t<div class=\"fw-column-inner\"><div class=\"row columns_padding_25 shortcode-teasers-row\">\n\t\t\t<div class=\"col-md-6\">\n\t\t\t\t\t<div class=\"teaser  media\">\n\t\t\t\t\t\t\t<div class=\"media-left big-image\">\n\t\t\t\t\t<div class=\"teaser_image\">\n                        <a href=\"http:\/\/okkwebmedia.net\/chiro\/servicii\/examen-dermatoscopic\/\">\t\t\t\t\t\t<img decoding=\"async\" src=\"\/\/okkwebmedia.net\/chiro\/wp-content\/uploads\/2021\/06\/dermatoscop-min-1-owncm32jyw3soydzudvn0xt1dlsp0b72qafxs299ro.jpg\"\n\t\t\t\t\t\t     alt=\"Dermatoszk\u00f3pos vizsg\u00e1lat\">\n                        <\/a>\t\t\t\t\t<\/div>\n\t\t\t\t<\/div>\n\t\t\t\t\t\t<div class=\"media-body\">\n\t\t\t\t\t\t\t\t<h4 class=\"media-heading\">\n\t\t\t\t\t\t\t\t<a href=\"http:\/\/okkwebmedia.net\/chiro\/servicii\/examen-dermatoscopic\/\">\n\t\t\t\t\t\n\t\t\t\t\tDermatoszk\u00f3pos vizsg\u00e1lat\n\t\t\t\t\t\t\t\t\t<\/a>\n\t\t\t\t\t\t<\/h4>\n\t\t\t\t\t\t\t\t\t<p>\n\t\t\t\t\tVizualizarea cu ajutorul unei lupe speciale (dermatoscop) a structurilor de la nivelul epidermului, al aluni\u021belor care nu pot fi v\u0103zute cu ochiul liber.\t\t\t\t<\/p>\n\t\t\t\t\t\t\t\t<\/div><!-- eof .media-body -->\n\t\t<\/div><!-- eof .teaser -->\n\t\t\t\t<\/div><!-- eof teaser -->\n\t\t\t<div class=\"col-md-6\">\n\t\t\t\t\t<div class=\"teaser  media\">\n\t\t\t\t\t\t\t<div class=\"media-left big-image\">\n\t\t\t\t\t<div class=\"teaser_image\">\n                        <a href=\"http:\/\/okkwebmedia.net\/chiro\/servicii\/crioterapia\/\">\t\t\t\t\t\t<img decoding=\"async\" src=\"\/\/okkwebmedia.net\/chiro\/wp-content\/uploads\/2021\/06\/crioterapie-oynkxyc0odp273xda4pcbt5ycmt9oatpi0pw7h0984.jpg\"\n\t\t\t\t\t\t     alt=\"Krioter\u00e1pia\">\n                        <\/a>\t\t\t\t\t<\/div>\n\t\t\t\t<\/div>\n\t\t\t\t\t\t<div class=\"media-body\">\n\t\t\t\t\t\t\t\t<h4 class=\"media-heading\">\n\t\t\t\t\t\t\t\t<a href=\"http:\/\/okkwebmedia.net\/chiro\/servicii\/crioterapia\/\">\n\t\t\t\t\t\n\t\t\t\t\tKrioter\u00e1pia\n\t\t\t\t\t\t\t\t\t<\/a>\n\t\t\t\t\t\t<\/h4>\n\t\t\t\t\t\t\t\t\t<p>\n\t\t\t\t\tDenumit\u0103 \u0219i metoda \u00eenghe\u021b\u0103rii este o interven\u021bie cu disconfort minim, aplicat \u00een cazul verucilor\/negilor, papiloamelor, keratozelor)\t\t\t\t<\/p>\n\t\t\t\t\t\t\t\t<\/div><!-- eof .media-body -->\n\t\t<\/div><!-- eof .teaser -->\n\t\t\t\t<\/div><!-- eof teaser -->\n\t<\/div> <!-- eof teasers row -->    <\/div>\n<\/div>\n<div  id=\"column-d28d179\" class=\"fw-column fw-column col-xs-12 col-md-3\" >\n\n\t<div class=\"column-overlay\"><\/div>\n\n\t<div class=\"fw-column-inner\">    <\/div>\n<\/div>\n<div  id=\"column-cecdf64\" class=\"fw-column fw-column col-xs-12 col-md-6 to_animate\" data-animation=\"slideDown\">\n\n\t<div class=\"column-overlay\"><\/div>\n\n\t<div class=\"fw-column-inner\"><div class=\"row columns_padding_25 shortcode-teasers-row\">\n\t\t\t<div class=\"col-md-12\">\n\t\t\t\t\t<div class=\"teaser  media\">\n\t\t\t\t\t\t\t<div class=\"media-left big-image\">\n\t\t\t\t\t<div class=\"teaser_image\">\n                        <a href=\"http:\/\/okkwebmedia.net\/chiro\/servicii\/peeling\/\">\t\t\t\t\t\t<img decoding=\"async\" src=\"\/\/okkwebmedia.net\/chiro\/wp-content\/uploads\/2021\/06\/peeling-min-scaled-owncdb8s6k3gbz4r2lczr5i5s51d60d9iv8sj39juc.jpg\"\n\t\t\t\t\t\t     alt=\"Peeling\">\n                        <\/a>\t\t\t\t\t<\/div>\n\t\t\t\t<\/div>\n\t\t\t\t\t\t<div class=\"media-body\">\n\t\t\t\t\t\t\t\t<h4 class=\"media-heading\">\n\t\t\t\t\t\t\t\t<a href=\"http:\/\/okkwebmedia.net\/chiro\/servicii\/peeling\/\">\n\t\t\t\t\t\n\t\t\t\t\tPeeling\n\t\t\t\t\t\t\t\t\t<\/a>\n\t\t\t\t\t\t<\/h4>\n\t\t\t\t\t\t\t\t\t<p>\n\t\t\t\t\tUn fel de exfoliere la nivelul pielii datorit\u0103 aplic\u0103rii diferitelor tipuri de acizi pentru a desprinde straturile superficiale ale pielii induc\u00e2nd regenerarea.\t\t\t\t<\/p>\n\t\t\t\t\t\t\t\t<\/div><!-- eof .media-body -->\n\t\t<\/div><!-- eof .teaser -->\n\t\t\t\t<\/div><!-- eof teaser -->\n\t<\/div> <!-- eof teasers row -->    <\/div>\n<\/div>\n<div  id=\"column-f503255\" class=\"fw-column fw-column col-xs-12 col-md-3\" >\n\n\t<div class=\"column-overlay\"><\/div>\n\n\t<div class=\"fw-column-inner\">    <\/div>\n<\/div>\n\t\t<\/div>\n\t<\/div>\n<\/section>","protected":false},"excerpt":{"rendered":"<p>Servicii medicale Examen dermatoscopic Vizualizarea cu ajutorul unei lupe speciale (dermatoscop) a structurilor de la nivelul epidermului, al aluni\u021belor care<\/p>","protected":false},"author":1,"featured_media":0,"parent":0,"menu_order":0,"comment_status":"closed","ping_status":"closed","template":"page-templates\/full-width.php","meta":{"footnotes":""},"class_list":["post-3438","page","type-page","status-publish","hentry"],"yoast_head":"<!-- This site is optimized with the Yoast SEO plugin v24.9 - https:\/\/yoast.com\/wordpress\/plugins\/seo\/ -->\n<title>Servicii stomatologice T\u00e2rgu Mure\u0219 | Chirodermatologie<\/title>\n<meta name=\"description\" content=\"Servicii stomatologice T\u00e2rgu Mure\u0219 \u2013 consulta\u021bii, tratamente dentare, estetic\u0103, chirurgie, implanturi. Programeaz\u0103-te rapid, f\u0103r\u0103 durere!\" \/>\n<meta name=\"robots\" content=\"index, follow, max-snippet:-1, max-image-preview:large, max-video-preview:-1\" \/>\n<link rel=\"canonical\" href=\"https:\/\/chirodermatologie.ro\/hu\/servicii-stomatologie\/\" \/>\n<meta property=\"og:locale\" content=\"hu_HU\" \/>\n<meta property=\"og:type\" content=\"article\" \/>\n<meta property=\"og:title\" content=\"Servicii stomatologice T\u00e2rgu Mure\u0219 | Chirodermatologie\" \/>\n<meta property=\"og:description\" content=\"Servicii stomatologice T\u00e2rgu Mure\u0219 \u2013 consulta\u021bii, tratamente dentare, estetic\u0103, chirurgie, implanturi. Programeaz\u0103-te rapid, f\u0103r\u0103 durere!\" \/>\n<meta property=\"og:url\" content=\"https:\/\/chirodermatologie.ro\/hu\/servicii-stomatologie\/\" \/>\n<meta property=\"og:site_name\" content=\"Chirodermatologie\" \/>\n<meta property=\"article:publisher\" content=\"https:\/\/www.facebook.com\/Chirodermatologie\/?ref=pages_you_manage\" \/>\n<meta property=\"article:modified_time\" content=\"2026-04-03T06:51:50+00:00\" \/>\n<meta name=\"twitter:card\" content=\"summary_large_image\" \/>\n<script type=\"application\/ld+json\" class=\"yoast-schema-graph\">{\"@context\":\"https:\/\/schema.org\",\"@graph\":[{\"@type\":\"WebPage\",\"@id\":\"https:\/\/chirodermatologie.ro\/servicii-stomatologie\/\",\"url\":\"https:\/\/chirodermatologie.ro\/servicii-stomatologie\/\",\"name\":\"Servicii stomatologice T\u00e2rgu Mure\u0219 | Chirodermatologie\",\"isPartOf\":{\"@id\":\"https:\/\/chirodermatologie.ro\/#website\"},\"datePublished\":\"2021-06-25T08:19:40+00:00\",\"dateModified\":\"2026-04-03T06:51:50+00:00\",\"description\":\"Servicii stomatologice T\u00e2rgu Mure\u0219 \u2013 consulta\u021bii, tratamente dentare, estetic\u0103, chirurgie, implanturi. Programeaz\u0103-te rapid, f\u0103r\u0103 durere!\",\"breadcrumb\":{\"@id\":\"https:\/\/chirodermatologie.ro\/servicii-stomatologie\/#breadcrumb\"},\"inLanguage\":\"hu\",\"potentialAction\":[{\"@type\":\"ReadAction\",\"target\":[\"https:\/\/chirodermatologie.ro\/servicii-stomatologie\/\"]}]},{\"@type\":\"BreadcrumbList\",\"@id\":\"https:\/\/chirodermatologie.ro\/servicii-stomatologie\/#breadcrumb\",\"itemListElement\":[{\"@type\":\"ListItem\",\"position\":1,\"name\":\"Home\",\"item\":\"https:\/\/chirodermatologie.ro\/\"},{\"@type\":\"ListItem\",\"position\":2,\"name\":\"Servicii stomatologie\"}]},{\"@type\":\"WebSite\",\"@id\":\"https:\/\/chirodermatologie.ro\/#website\",\"url\":\"https:\/\/chirodermatologie.ro\/\",\"name\":\"Chirodermatologie\",\"description\":\"Chirodermatologie\",\"publisher\":{\"@id\":\"https:\/\/chirodermatologie.ro\/#organization\"},\"potentialAction\":[{\"@type\":\"SearchAction\",\"target\":{\"@type\":\"EntryPoint\",\"urlTemplate\":\"https:\/\/chirodermatologie.ro\/?s={search_term_string}\"},\"query-input\":{\"@type\":\"PropertyValueSpecification\",\"valueRequired\":true,\"valueName\":\"search_term_string\"}}],\"inLanguage\":\"hu\"},{\"@type\":\"Organization\",\"@id\":\"https:\/\/chirodermatologie.ro\/#organization\",\"name\":\"Chirodermatologie\",\"url\":\"https:\/\/chirodermatologie.ro\/\",\"logo\":{\"@type\":\"ImageObject\",\"inLanguage\":\"hu\",\"@id\":\"https:\/\/chirodermatologie.ro\/#\/schema\/logo\/image\/\",\"url\":\"https:\/\/chirodermatologie.ro\/wp-content\/uploads\/2021\/12\/DERMA_LOGO-1.png\",\"contentUrl\":\"https:\/\/chirodermatologie.ro\/wp-content\/uploads\/2021\/12\/DERMA_LOGO-1.png\",\"width\":1000,\"height\":1000,\"caption\":\"Chirodermatologie\"},\"image\":{\"@id\":\"https:\/\/chirodermatologie.ro\/#\/schema\/logo\/image\/\"},\"sameAs\":[\"https:\/\/www.facebook.com\/Chirodermatologie\/?ref=pages_you_manage\",\"https:\/\/www.instagram.com\/chirodermatologie\/\"]}]}<\/script>\n<!-- \/ Yoast SEO plugin. -->","yoast_head_json":{"title":"Servicii stomatologice T\u00e2rgu Mure\u0219 | Chirodermatologie","description":"Servicii stomatologice T\u00e2rgu Mure\u0219 \u2013 consulta\u021bii, tratamente dentare, estetic\u0103, chirurgie, implanturi. Programeaz\u0103-te rapid, f\u0103r\u0103 durere!","robots":{"index":"index","follow":"follow","max-snippet":"max-snippet:-1","max-image-preview":"max-image-preview:large","max-video-preview":"max-video-preview:-1"},"canonical":"https:\/\/chirodermatologie.ro\/hu\/servicii-stomatologie\/","og_locale":"hu_HU","og_type":"article","og_title":"Servicii stomatologice T\u00e2rgu Mure\u0219 | Chirodermatologie","og_description":"Servicii stomatologice T\u00e2rgu Mure\u0219 \u2013 consulta\u021bii, tratamente dentare, estetic\u0103, chirurgie, implanturi. Programeaz\u0103-te rapid, f\u0103r\u0103 durere!","og_url":"https:\/\/chirodermatologie.ro\/hu\/servicii-stomatologie\/","og_site_name":"Chirodermatologie","article_publisher":"https:\/\/www.facebook.com\/Chirodermatologie\/?ref=pages_you_manage","article_modified_time":"2026-04-03T06:51:50+00:00","twitter_card":"summary_large_image","schema":{"@context":"https:\/\/schema.org","@graph":[{"@type":"WebPage","@id":"https:\/\/chirodermatologie.ro\/servicii-stomatologie\/","url":"https:\/\/chirodermatologie.ro\/servicii-stomatologie\/","name":"Servicii stomatologice T\u00e2rgu Mure\u0219 | Chirodermatologie","isPartOf":{"@id":"https:\/\/chirodermatologie.ro\/#website"},"datePublished":"2021-06-25T08:19:40+00:00","dateModified":"2026-04-03T06:51:50+00:00","description":"Servicii stomatologice T\u00e2rgu Mure\u0219 \u2013 consulta\u021bii, tratamente dentare, estetic\u0103, chirurgie, implanturi. Programeaz\u0103-te rapid, f\u0103r\u0103 durere!","breadcrumb":{"@id":"https:\/\/chirodermatologie.ro\/servicii-stomatologie\/#breadcrumb"},"inLanguage":"hu","potentialAction":[{"@type":"ReadAction","target":["https:\/\/chirodermatologie.ro\/servicii-stomatologie\/"]}]},{"@type":"BreadcrumbList","@id":"https:\/\/chirodermatologie.ro\/servicii-stomatologie\/#breadcrumb","itemListElement":[{"@type":"ListItem","position":1,"name":"Home","item":"https:\/\/chirodermatologie.ro\/"},{"@type":"ListItem","position":2,"name":"Servicii stomatologie"}]},{"@type":"WebSite","@id":"https:\/\/chirodermatologie.ro\/#website","url":"https:\/\/chirodermatologie.ro\/","name":"Chirodermatologie","description":"Chirodermatologie","publisher":{"@id":"https:\/\/chirodermatologie.ro\/#organization"},"potentialAction":[{"@type":"SearchAction","target":{"@type":"EntryPoint","urlTemplate":"https:\/\/chirodermatologie.ro\/?s={search_term_string}"},"query-input":{"@type":"PropertyValueSpecification","valueRequired":true,"valueName":"search_term_string"}}],"inLanguage":"hu"},{"@type":"Organization","@id":"https:\/\/chirodermatologie.ro\/#organization","name":"Chirodermatologie","url":"https:\/\/chirodermatologie.ro\/","logo":{"@type":"ImageObject","inLanguage":"hu","@id":"https:\/\/chirodermatologie.ro\/#\/schema\/logo\/image\/","url":"https:\/\/chirodermatologie.ro\/wp-content\/uploads\/2021\/12\/DERMA_LOGO-1.png","contentUrl":"https:\/\/chirodermatologie.ro\/wp-content\/uploads\/2021\/12\/DERMA_LOGO-1.png","width":1000,"height":1000,"caption":"Chirodermatologie"},"image":{"@id":"https:\/\/chirodermatologie.ro\/#\/schema\/logo\/image\/"},"sameAs":["https:\/\/www.facebook.com\/Chirodermatologie\/?ref=pages_you_manage","https:\/\/www.instagram.com\/chirodermatologie\/"]}]}},"_links":{"self":[{"href":"https:\/\/chirodermatologie.ro\/hu\/wp-json\/wp\/v2\/pages\/3438","targetHints":{"allow":["GET"]}}],"collection":[{"href":"https:\/\/chirodermatologie.ro\/hu\/wp-json\/wp\/v2\/pages"}],"about":[{"href":"https:\/\/chirodermatologie.ro\/hu\/wp-json\/wp\/v2\/types\/page"}],"author":[{"embeddable":true,"href":"https:\/\/chirodermatologie.ro\/hu\/wp-json\/wp\/v2\/users\/1"}],"replies":[{"embeddable":true,"href":"https:\/\/chirodermatologie.ro\/hu\/wp-json\/wp\/v2\/comments?post=3438"}],"version-history":[{"count":2,"href":"https:\/\/chirodermatologie.ro\/hu\/wp-json\/wp\/v2\/pages\/3438\/revisions"}],"predecessor-version":[{"id":3440,"href":"https:\/\/chirodermatologie.ro\/hu\/wp-json\/wp\/v2\/pages\/3438\/revisions\/3440"}],"wp:attachment":[{"href":"https:\/\/chirodermatologie.ro\/hu\/wp-json\/wp\/v2\/media?parent=3438"}],"curies":[{"name":"wp","href":"https:\/\/api.w.org\/{rel}","templated":true}]}}