{"id":3300,"date":"2021-06-16T11:25:40","date_gmt":"2021-06-16T11:25:40","guid":{"rendered":"https:\/\/chirodermatologie.ro\/?page_id=3300"},"modified":"2026-01-19T08:02:13","modified_gmt":"2026-01-19T06:02:13","slug":"biopsie-si-excizie-cutanata","status":"publish","type":"page","link":"https:\/\/chirodermatologie.ro\/hu\/biopsie-si-excizie-cutanata\/","title":{"rendered":"B\u0151rbiopszia \u00e9s -kimetsz\u00e9s"},"content":{"rendered":"<p><section class=\"fw-main-row  ls section_padding_top_50 section_padding_bottom_50 columns_padding_15\" style=\"\" >\n\t<div class=\"container\">\n\t\t<div class=\"row\">\n\t\t\t<div  id=\"column-16a7ba8\" class=\"fw-column fw-column col-xs-12\" >\n\n\t<div class=\"column-overlay\"><\/div>\n\n\t<div class=\"fw-column-inner\"><div class=\"text-center\">\n\t<h3 class=\"section_header\">\n\t<span class=\"\">\n\t\tB\u0151rbiopszia \u00e9s -kimetsz\u00e9s\t<\/span>\n\t<\/h3>\n<\/div>\n\t<div class=\"fw-divider-line\"><hr\/><\/div>\n\n\n    <\/div>\n<\/div>\n\t\t<\/div>\n\t<\/div>\n<\/section>\n<section class=\"fw-main-row  ls section_padding_top_25 section_padding_bottom_25 columns_padding_15\" style=\"\" >\n\t<div class=\"container\">\n\t\t<div class=\"row\">\n\t\t\t<div  id=\"column-518916a\" class=\"fw-column fw-column col-xs-12 col-md-6 to_animate\" data-animation=\"fadeInLeft\">\n\n\t<div class=\"column-overlay\"><\/div>\n\n\t<div class=\"fw-column-inner\"><img decoding=\"async\" class=\"shortcode-media-image\" src=\"\/\/chirodermatologie.ro\/wp-content\/uploads\/2021\/06\/biopsie1_1-min-scaled-1.jpg\" alt=\"chirurgie mures\" \/>    <\/div>\n<\/div>\n<div  id=\"column-012b24f\" class=\"fw-column fw-column col-xs-12 col-md-6 to_animate text-left\" data-animation=\"fadeInRight\">\n\n\t<div class=\"column-overlay\"><\/div>\n\n\t<div class=\"fw-column-inner\">\n\n\t<div class=\"fw-divider-space\" style=\"margin-top: 30px;\"><\/div>\n<div class=\"text-block\">\n\t<p>Egyes b\u0151rgy\u00f3gy\u00e1szati betegs\u00e9gek eset\u00e9n b\u0151rbiopszi\u00e1ra lehet sz\u00fcks\u00e9g. Ez egy minim\u00e1lisan invaz\u00edv seb\u00e9szeti elj\u00e1r\u00e1s, amelynek sor\u00e1n egy b\u0151rmint\u00e1t vesznek, \u00e9s k\u00f3rsz\u00f6vettani vizsg\u00e1latra k\u00fcldik, hogy a sz\u00f6veteket \u00e9s sejteket feldolgozz\u00e1k a v\u00e9gleges diagn\u00f3zis fel\u00e1ll\u00edt\u00e1sa \u00e9rdek\u00e9ben. Ezt a m\u00f3dszert gyullad\u00e1sos vagy autoimmun b\u0151rbetegs\u00e9gek eset\u00e9n, illetve a b\u0151r karcin\u00f3m\u00e1s elv\u00e1ltoz\u00e1sainak kiz\u00e1r\u00e1s\u00e1ra vagy meger\u0151s\u00edt\u00e9s\u00e9re haszn\u00e1lj\u00e1k.<\/p><\/div>\n\n\n\t<div class=\"fw-divider-space\" style=\"margin-top: 60px;\"><\/div>\n<div class=\"bootstrap-accordion\">\n\t<div class=\"panel-group\" id=\"accordion-75167daf7271ac4cc15df91cee9aa1d9\">\n\t\t\t\t\t<div class=\"panel panel-default\">\n\t\t\t\t<div class=\"panel-heading\">\n\t\t\t\t\t<h4 class=\"panel-title\">\n\t\t\t\t\t\t<a class=\"\"\n\t\t\t\t\t\t   href=\"#collapse-75167daf7271ac4cc15df91cee9aa1d9-0\" data-toggle=\"collapse\"\n\t\t\t\t\t\t   data-parent=\"#accordion-75167daf7271ac4cc15df91cee9aa1d9\">\n\t\t\t\t\t\t\t\t\t\t\t\t\t\tMib\u0151l \u00e1ll a b\u0151rbiopszia?\t\t\t\t\t\t<\/a>\n\t\t\t\t\t<\/h4>\n\t\t\t\t<\/div>\n\t\t\t\t<div id=\"collapse-75167daf7271ac4cc15df91cee9aa1d9-0\"\n\t\t\t\t     class=\"panel-collapse collapse in\">\n\t\t\t\t\t<div class=\"panel-body\">\n\t\t\t\t\t\t\t\t\t\t\t\t\tMiut\u00e1n az orvos kiv\u00e1lasztotta a mint\u00e1zand\u00f3 b\u0151rfel\u00fcletet, k\u00f6vetkezik a b\u0151r fert\u0151tlen\u00edt\u00e9se, izol\u00e1l\u00e1sa \u00e9s helyi \u00e9rz\u00e9stelen\u00edt\u00e9se.\t\t\t\t\t\t\t\t\t\t\t<\/div>\n\t\t\t\t<\/div>\n\t\t\t<\/div>\n\t\t\t<\/div>\n<\/div>    <\/div>\n<\/div>\n\t\t<\/div>\n\t<\/div>\n<\/section>\n<section class=\"fw-main-row  ls section_padding_top_25 section_padding_bottom_25 columns_padding_15\" style=\"\" >\n\t<div class=\"container\">\n\t\t<div class=\"row\">\n\t\t\t<div  id=\"column-1b305d9\" class=\"fw-column fw-column col-xs-12 to_animate\" data-animation=\"fadeInUp\">\n\n\t<div class=\"column-overlay\"><\/div>\n\n\t<div class=\"fw-column-inner\">\n\n\t<div class=\"fw-divider-space\" style=\"margin-top: 35px;\"><\/div>\n\t<div class=\"fw-divider-line\"><hr\/><\/div>\n\n\n\n\n\t<div class=\"fw-divider-space\" style=\"margin-top: 35px;\"><\/div>\n    <\/div>\n<\/div>\n<div  id=\"column-dddef17\" class=\"fw-column fw-column col-xs-12 col-md-6 to_animate\" data-animation=\"fadeInUp\">\n\n\t<div class=\"column-overlay\"><\/div>\n\n\t<div class=\"fw-column-inner\"><div class=\"text-left\">\n\t<h4 class=\"section_header\">\n\t<span class=\"thin\">\n\t\tH\u00e1romf\u00e9le b\u0151rbiopszi\u00e1t haszn\u00e1lunk:\t<\/span>\n\t<\/h4>\n<\/div>\n\n\n\t<div class=\"fw-divider-space\" style=\"margin-top: 30px;\"><\/div>\n<div class=\"icons-list\">\n\t<ul class=\"list1 no-bullets with-border\">\n\t\t\t\t\t<li>\n\t\t\t\t\t<div class=\"media small-teaser shortcode-icon\">\n\t\t\t\t\t<div class=\"media-left\">\n\t\t\t\t<div class=\"icon-wrap\">\n\t\t\t\t\t<i class=\"fa fa-angle-double-right highlight fontsize_18\"><\/i>\n\t\t\t\t<\/div>\n\t\t\t<\/div>\n\t\t\t\t<div class=\"media-body\">\n\t\t<span class=\"title\">\n\t\t\tNagym\u00e9ret\u0171 elv\u00e1ltoz\u00e1sok eset\u00e9n a kimetsz\u00e9st elliptikus alakban v\u00e9gzik, \u00e9s az \u00edgy keletkezett v\u00e1g\u00e1st seb\u00e9szeti sz\u00e1lakkal varrj\u00e1k \u00f6ssze.\t\t<\/span>\n\t\t<span class=\"text\">\n\t\t\t\t\t<\/span>\n\t\t<\/div>\n\t<\/div>\n\t\t\t\t<\/li>\n\t\t\t\t\t<li>\n\t\t\t\t\t<div class=\"media small-teaser shortcode-icon\">\n\t\t\t\t\t<div class=\"media-left\">\n\t\t\t\t<div class=\"icon-wrap\">\n\t\t\t\t\t<i class=\"fa fa-angle-double-right highlight fontsize_18\"><\/i>\n\t\t\t\t<\/div>\n\t\t\t<\/div>\n\t\t\t\t<div class=\"media-body\">\n\t\t<span class=\"title\">\n\t\t\tA punch biopszia egy kis henger alak\u00fa, 10 mm-n\u00e9l kisebb \u00e1tm\u00e9r\u0151j\u0171 b\u0151rsz\u00f6vet elt\u00e1vol\u00edt\u00e1s\u00e1b\u00f3l \u00e1ll. Nem sz\u00fcks\u00e9ges varratokat haszn\u00e1lni a mintav\u00e9tel ut\u00e1n, az mag\u00e1t\u00f3l \u00fajraepitheliz\u00e1l\u00f3dik.\t\t<\/span>\n\t\t<span class=\"text\">\n\t\t\t\t\t<\/span>\n\t\t<\/div>\n\t<\/div>\n\t\t\t\t<\/li>\n\t\t\t\t\t<li>\n\t\t\t\t\t<div class=\"media small-teaser shortcode-icon\">\n\t\t\t\t\t<div class=\"media-left\">\n\t\t\t\t<div class=\"icon-wrap\">\n\t\t\t\t\t<i class=\"fa fa-angle-double-right highlight fontsize_18\"><\/i>\n\t\t\t\t<\/div>\n\t\t\t<\/div>\n\t\t\t\t<div class=\"media-body\">\n\t\t<span class=\"title\">\n\t\t\tA harmadik forma a kapar\u00e1sos biopszia, amely sor\u00e1n az elv\u00e1ltoz\u00e1st szik\u00e9vel, v\u00edzszintesen t\u00e1vol\u00edtj\u00e1k el a b\u0151rb\u0151l. Ebben az esetben fel\u00fcletes seb keletkezik, amely szint\u00e9n nem ig\u00e9nyel varratot.\t\t<\/span>\n\t\t<span class=\"text\">\n\t\t\t\t\t<\/span>\n\t\t<\/div>\n\t<\/div>\n\t\t\t\t<\/li>\n\t\t\t<\/ul>\n<\/div>\n\n\t<div class=\"fw-divider-space\" style=\"margin-top: 30px;\"><\/div>\n<div class=\"text-block\">\n\t<p>A b\u0151rsz\u00f6vet elt\u00e1vol\u00edt\u00e1sa ut\u00e1n a ter\u00fcletet steril k\u00f6tszerrel k\u00f6tik be. Ha seb\u00e9szeti sz\u00e1lakat haszn\u00e1lnak a beavatkoz\u00e1s ut\u00e1n, azokat az \u00e9rintett ter\u00fclett\u0151l f\u00fcgg\u0151en 7 - 14 nap ut\u00e1n elt\u00e1vol\u00edtj\u00e1k.<\/p><\/div>\n\n\n\t<div class=\"fw-divider-space\" style=\"margin-top: 35px;\"><\/div>\n    <\/div>\n<\/div>\n<div  id=\"column-88e2754\" class=\"fw-column fw-column col-xs-12 col-md-6 to_animate text-center programare\" data-animation=\"fadeInUp\">\n\n\t<div class=\"column-overlay\"><\/div>\n\n\t<div class=\"fw-column-inner\">\n\n\t<div class=\"fw-divider-space\" style=\"margin-top: 50px;\"><\/div>\n<div class=\"text-center\">\n\t<h3 class=\"section_header\">\n\t<span class=\"\">\n\t\tSzeretne id\u0151pontot k\u00e9rni?\t<\/span>\n\t<\/h3>\n\t<h4 class=\"section_header\">\n\t<span class=\"\">\n\t\tVegye fel vel\u00fcnk a kapcsolatot!\t<\/span>\n\t<\/h4>\n<\/div>\n\n\n\t<div class=\"fw-divider-space\" style=\"margin-top: 50px;\"><\/div>\n\t<span class=\"theme-icon   icon_center\">\n\t<i class=\"rt-icon2-arrow-down-outline highlight\"><\/i>\n<\/span>\n\t\n\n\t<div class=\"fw-divider-space\" style=\"margin-top: 50px;\"><\/div>\n<a href=\"https:\/\/chirodermatologie.ro\/hu\/vreau-o-programare\/\" target=\"_blank\"\n   class=\"theme_button color1\">\n\t<span>Szeretn\u00e9k id\u0151pontot k\u00e9rni!<\/span>\n<\/a>    <\/div>\n<\/div>\n\t\t<\/div>\n\t<\/div>\n<\/section>\n<section class=\"fw-main-row  ls section_padding_top_50 section_padding_bottom_50 columns_padding_15\" style=\"\" >\n\t<div class=\"container\">\n\t\t<div class=\"row\">\n\t\t\t<div  id=\"column-1620be7\" class=\"fw-column fw-column col-xs-12 to_animate\" data-animation=\"fadeInUp\">\n\n\t<div class=\"column-overlay\"><\/div>\n\n\t<div class=\"fw-column-inner\"><div class=\"text-center\">\n\t<h3 class=\"section_header\">\n\t<span class=\"\">\n\t\tEgy\u00e9b szolg\u00e1ltat\u00e1sok\t<\/span>\n\t<\/h3>\n<\/div>\n\t<div class=\"fw-divider-line\"><hr\/><\/div>\n\n\n\n\n\t<div class=\"fw-divider-space\" style=\"margin-top: 50px;\"><\/div>\n    <\/div>\n<\/div>\n<div  id=\"column-05d5e56\" class=\"fw-column fw-column col-xs-12 to_animate\" data-animation=\"fadeInUp\">\n\n\t<div class=\"column-overlay\"><\/div>\n\n\t<div class=\"fw-column-inner\"><div class=\"row columns_padding_15 shortcode-teasers-row\">\n\t\t\t<div class=\"col-md-3\">\n\t\t\t\n\t\t<div class=\"vertical-item square_teaser content-absolute\">\n\n\t\t\t\t\t\t\t<div class=\"item-media\">\n                    <a href=\"https:\/\/chirodermatologie.ro\/hu\/servicii\/examen-dermatoscopic\/\">\t\t\t\t\t<img decoding=\"async\" src=\"\/\/chirodermatologie.ro\/wp-content\/uploads\/2021\/06\/dermatoscop-min-1-owncm32jyw3soydzudvn0xt1dlsp0b72qafxs299ro.jpg\" alt=\"Dermatoszk\u00f3pos vizsg\u00e1lat\">\n                    <\/a>\t\t\t\t<\/div>\n\t\t\t\t\t\t<div class=\"item-content\">\n\t\t\t\t\t\t\t\t\t<h4>\n\t\t\t\t\t\t\t\t\t\t\t\t<a href=\"https:\/\/chirodermatologie.ro\/hu\/servicii\/examen-dermatoscopic\/\">\n\t\t\t\t\t\t\t\n\t\t\t\t\t\t\tDermatoszk\u00f3pos vizsg\u00e1lat\n\t\t\t\t\t\t\t\t\t\t\t\t\t<\/a>\n\t\t\t\t\t\t\t\t\t\t<\/h4>\n\t\t\t\t\n\t\t\t\t\t\t\t<\/div><!-- eof .item-content -->\n\t\t\t\t\t<\/div>\n\n\t\t\t\t<\/div><!-- eof teaser -->\n\t\t\t<div class=\"col-md-3\">\n\t\t\t\n\t\t<div class=\"vertical-item square_teaser content-absolute\">\n\n\t\t\t\t\t\t\t<div class=\"item-media\">\n                    <a href=\"https:\/\/chirodermatologie.ro\/hu\/servicii\/crioterapia\/\">\t\t\t\t\t<img decoding=\"async\" src=\"\/\/chirodermatologie.ro\/wp-content\/uploads\/2021\/06\/crioterapie2.jpg.png\" alt=\"Krioter\u00e1pia\">\n                    <\/a>\t\t\t\t<\/div>\n\t\t\t\t\t\t<div class=\"item-content\">\n\t\t\t\t\t\t\t\t\t<h4>\n\t\t\t\t\t\t\t\t\t\t\t\t<a href=\"https:\/\/chirodermatologie.ro\/hu\/servicii\/crioterapia\/\">\n\t\t\t\t\t\t\t\n\t\t\t\t\t\t\tKrioter\u00e1pia\n\t\t\t\t\t\t\t\t\t\t\t\t\t<\/a>\n\t\t\t\t\t\t\t\t\t\t<\/h4>\n\t\t\t\t\n\t\t\t\t\t\t\t<\/div><!-- eof .item-content -->\n\t\t\t\t\t<\/div>\n\n\t\t\t\t<\/div><!-- eof teaser -->\n\t\t\t<div class=\"col-md-3\">\n\t\t\t\n\t\t<div class=\"vertical-item square_teaser content-absolute\">\n\n\t\t\t\t\t\t\t<div class=\"item-media\">\n                    <a href=\"https:\/\/chirodermatologie.ro\/hu\/servicii\/electrocauterizare\/\">\t\t\t\t\t<img decoding=\"async\" src=\"\/\/chirodermatologie.ro\/wp-content\/uploads\/2021\/06\/Screenshot_2.jpg\" alt=\"Elektrokauteriz\u00e1ci\u00f3\">\n                    <\/a>\t\t\t\t<\/div>\n\t\t\t\t\t\t<div class=\"item-content\">\n\t\t\t\t\t\t\t\t\t<h4>\n\t\t\t\t\t\t\t\t\t\t\t\t<a href=\"https:\/\/chirodermatologie.ro\/hu\/servicii\/electrocauterizare\/\">\n\t\t\t\t\t\t\t\n\t\t\t\t\t\t\tElektrokauteriz\u00e1ci\u00f3\n\t\t\t\t\t\t\t\t\t\t\t\t\t<\/a>\n\t\t\t\t\t\t\t\t\t\t<\/h4>\n\t\t\t\t\n\t\t\t\t\t\t\t<\/div><!-- eof .item-content -->\n\t\t\t\t\t<\/div>\n\n\t\t\t\t<\/div><!-- eof teaser -->\n\t\t\t<div class=\"col-md-3\">\n\t\t\t\n\t\t<div class=\"vertical-item square_teaser content-absolute\">\n\n\t\t\t\t\t\t\t<div class=\"item-media\">\n                    <a href=\"https:\/\/chirodermatologie.ro\/hu\/servicii\/injectare-de-botox\/\">\t\t\t\t\t<img decoding=\"async\" src=\"\/\/chirodermatologie.ro\/wp-content\/uploads\/2021\/06\/botox2-768x513-1.jpg\" alt=\"Botox injekci\u00f3\">\n                    <\/a>\t\t\t\t<\/div>\n\t\t\t\t\t\t<div class=\"item-content\">\n\t\t\t\t\t\t\t\t\t<h4>\n\t\t\t\t\t\t\t\t\t\t\t\t<a href=\"https:\/\/chirodermatologie.ro\/hu\/servicii\/injectare-de-botox\/\">\n\t\t\t\t\t\t\t\n\t\t\t\t\t\t\tBotox injekci\u00f3\n\t\t\t\t\t\t\t\t\t\t\t\t\t<\/a>\n\t\t\t\t\t\t\t\t\t\t<\/h4>\n\t\t\t\t\n\t\t\t\t\t\t\t<\/div><!-- eof .item-content -->\n\t\t\t\t\t<\/div>\n\n\t\t\t\t<\/div><!-- eof teaser -->\n\t\t\t<div class=\"col-md-3\">\n\t\t\t\n\t\t<div class=\"vertical-item square_teaser content-absolute\">\n\n\t\t\t\t\t\t\t<div class=\"item-media\">\n                    <a href=\"https:\/\/chirodermatologie.ro\/hu\/servicii\/mezoterapie-cu-microneedling-dermapen\/\">\t\t\t\t\t<img decoding=\"async\" src=\"\/\/chirodermatologie.ro\/wp-content\/uploads\/2021\/06\/microneedling-oynld2kklge2xbyu05ybxhtuaqash1uakug12olb5g.jpg\" alt=\"Microneedling mezoter\u00e1pia\">\n                    <\/a>\t\t\t\t<\/div>\n\t\t\t\t\t\t<div class=\"item-content\">\n\t\t\t\t\t\t\t\t\t<h4>\n\t\t\t\t\t\t\t\t\t\t\t\t<a href=\"https:\/\/chirodermatologie.ro\/hu\/servicii\/mezoterapie-cu-microneedling-dermapen\/\">\n\t\t\t\t\t\t\t\n\t\t\t\t\t\t\tMicroneedling mezoter\u00e1pia\n\t\t\t\t\t\t\t\t\t\t\t\t\t<\/a>\n\t\t\t\t\t\t\t\t\t\t<\/h4>\n\t\t\t\t\n\t\t\t\t\t\t\t<\/div><!-- eof .item-content -->\n\t\t\t\t\t<\/div>\n\n\t\t\t\t<\/div><!-- eof teaser -->\n\t\t\t<div class=\"col-md-3\">\n\t\t\t\n\t\t<div class=\"vertical-item square_teaser content-absolute\">\n\n\t\t\t\t\t\t\t<div class=\"item-media\">\n                    <a href=\"https:\/\/chirodermatologie.ro\/hu\/servicii\/injectare-de-acid-hialurionic\/\">\t\t\t\t\t<img decoding=\"async\" src=\"\/\/chirodermatologie.ro\/wp-content\/uploads\/2021\/06\/Screenshot_3-ow5bbd23njveolh6t16vzyvoqetuvw6205ky2a6wfo.jpg\" alt=\"Hialuronsav (HA) injekci\u00f3\">\n                    <\/a>\t\t\t\t<\/div>\n\t\t\t\t\t\t<div class=\"item-content\">\n\t\t\t\t\t\t\t\t\t<h4>\n\t\t\t\t\t\t\t\t\t\t\t\t<a href=\"https:\/\/chirodermatologie.ro\/hu\/servicii\/injectare-de-acid-hialurionic\/\">\n\t\t\t\t\t\t\t\n\t\t\t\t\t\t\tHialuronsav (HA) injekci\u00f3\n\t\t\t\t\t\t\t\t\t\t\t\t\t<\/a>\n\t\t\t\t\t\t\t\t\t\t<\/h4>\n\t\t\t\t\n\t\t\t\t\t\t\t<\/div><!-- eof .item-content -->\n\t\t\t\t\t<\/div>\n\n\t\t\t\t<\/div><!-- eof teaser -->\n\t\t\t<div class=\"col-md-3\">\n\t\t\t\n\t\t<div class=\"vertical-item square_teaser content-absolute\">\n\n\t\t\t\t\t\t\t<div class=\"item-media\">\n                    <a href=\"https:\/\/chirodermatologie.ro\/hu\/servicii\/terapia-vampir-plasmolifting\/\">\t\t\t\t\t<img decoding=\"async\" src=\"\/\/chirodermatologie.ro\/wp-content\/uploads\/2021\/06\/plasmolifting-oynlrrrph6iihsm560pafaacqnufun769lqe9gsnuc.jpg\" alt=\"Drakula kezel\u00e9s - Plazmolifting\">\n                    <\/a>\t\t\t\t<\/div>\n\t\t\t\t\t\t<div class=\"item-content\">\n\t\t\t\t\t\t\t\t\t<h4>\n\t\t\t\t\t\t\t\t\t\t\t\t<a href=\"https:\/\/chirodermatologie.ro\/hu\/servicii\/terapia-vampir-plasmolifting\/\">\n\t\t\t\t\t\t\t\n\t\t\t\t\t\t\tDrakula kezel\u00e9s - Plazmolifting\n\t\t\t\t\t\t\t\t\t\t\t\t\t<\/a>\n\t\t\t\t\t\t\t\t\t\t<\/h4>\n\t\t\t\t\n\t\t\t\t\t\t\t<\/div><!-- eof .item-content -->\n\t\t\t\t\t<\/div>\n\n\t\t\t\t<\/div><!-- eof teaser -->\n\t\t\t<div class=\"col-md-3\">\n\t\t\t\n\t\t<div class=\"vertical-item square_teaser content-absolute\">\n\n\t\t\t\t\t\t\t<div class=\"item-media\">\n                    <a href=\"https:\/\/chirodermatologie.ro\/hu\/servicii\/peeling\/\">\t\t\t\t\t<img decoding=\"async\" src=\"\/\/chirodermatologie.ro\/wp-content\/uploads\/2021\/06\/peeling_final-min-1024x683-1.jpg\" alt=\"Peeling\">\n                    <\/a>\t\t\t\t<\/div>\n\t\t\t\t\t\t<div class=\"item-content\">\n\t\t\t\t\t\t\t\t\t<h4>\n\t\t\t\t\t\t\t\t\t\t\t\t<a href=\"https:\/\/chirodermatologie.ro\/hu\/servicii\/peeling\/\">\n\t\t\t\t\t\t\t\n\t\t\t\t\t\t\tPeeling\n\t\t\t\t\t\t\t\t\t\t\t\t\t<\/a>\n\t\t\t\t\t\t\t\t\t\t<\/h4>\n\t\t\t\t\n\t\t\t\t\t\t\t<\/div><!-- eof .item-content -->\n\t\t\t\t\t<\/div>\n\n\t\t\t\t<\/div><!-- eof teaser -->\n\t<\/div> <!-- eof teasers row -->    <\/div>\n<\/div>\n\t\t<\/div>\n\t<\/div>\n<\/section>\n<\/p>","protected":false},"excerpt":{"rendered":"<p>Biopsie \u0219i excizie cutanat\u0103 \u00cen cazul unor boli dermatologice poate fi necesar\u0103 prelevarea biopsiei cutanate. Este vorba despre o procedur\u0103<\/p>","protected":false},"author":1,"featured_media":0,"parent":0,"menu_order":0,"comment_status":"closed","ping_status":"closed","template":"page-templates\/full-width.php","meta":{"footnotes":""},"class_list":["post-3300","page","type-page","status-publish","hentry"],"yoast_head":"<!-- This site is optimized with the Yoast SEO plugin v24.9 - https:\/\/yoast.com\/wordpress\/plugins\/seo\/ -->\n<title>Biopsie \u0219i excizie cutanat\u0103 | ChiroDermatologie T\u00e2rgu-Mure\u0219<\/title>\n<meta name=\"description\" content=\"Biopsie \u0219i excizie cutanat\u0103 cu examen histopatologic precis. Clinica ChiroDermatologie din T\u00e2rgu-Mure\u0219. Programeaz\u0103-te acum!\" \/>\n<meta name=\"robots\" content=\"index, follow, max-snippet:-1, max-image-preview:large, max-video-preview:-1\" \/>\n<link rel=\"canonical\" href=\"https:\/\/chirodermatologie.ro\/hu\/biopsie-si-excizie-cutanata\/\" \/>\n<meta property=\"og:locale\" content=\"hu_HU\" \/>\n<meta property=\"og:type\" content=\"article\" \/>\n<meta property=\"og:title\" content=\"Biopsie \u0219i excizie cutanat\u0103 | ChiroDermatologie T\u00e2rgu-Mure\u0219\" \/>\n<meta property=\"og:description\" content=\"Biopsie \u0219i excizie cutanat\u0103 cu examen histopatologic precis. Clinica ChiroDermatologie din T\u00e2rgu-Mure\u0219. Programeaz\u0103-te acum!\" \/>\n<meta property=\"og:url\" content=\"https:\/\/chirodermatologie.ro\/hu\/biopsie-si-excizie-cutanata\/\" \/>\n<meta property=\"og:site_name\" content=\"Chirodermatologie\" \/>\n<meta property=\"article:publisher\" content=\"https:\/\/www.facebook.com\/Chirodermatologie\/?ref=pages_you_manage\" \/>\n<meta property=\"article:modified_time\" content=\"2026-01-19T06:02:13+00:00\" \/>\n<meta name=\"twitter:card\" content=\"summary_large_image\" \/>\n<meta name=\"twitter:label1\" content=\"Becs\u00fclt olvas\u00e1si id\u0151\" \/>\n\t<meta name=\"twitter:data1\" content=\"1 perc\" \/>\n<script type=\"application\/ld+json\" class=\"yoast-schema-graph\">{\"@context\":\"https:\/\/schema.org\",\"@graph\":[{\"@type\":\"WebPage\",\"@id\":\"https:\/\/chirodermatologie.ro\/biopsie-si-excizie-cutanata\/\",\"url\":\"https:\/\/chirodermatologie.ro\/biopsie-si-excizie-cutanata\/\",\"name\":\"Biopsie \u0219i excizie cutanat\u0103 | ChiroDermatologie T\u00e2rgu-Mure\u0219\",\"isPartOf\":{\"@id\":\"https:\/\/chirodermatologie.ro\/#website\"},\"datePublished\":\"2021-06-16T11:25:40+00:00\",\"dateModified\":\"2026-01-19T06:02:13+00:00\",\"description\":\"Biopsie \u0219i excizie cutanat\u0103 cu examen histopatologic precis. Clinica ChiroDermatologie din T\u00e2rgu-Mure\u0219. Programeaz\u0103-te acum!\",\"breadcrumb\":{\"@id\":\"https:\/\/chirodermatologie.ro\/biopsie-si-excizie-cutanata\/#breadcrumb\"},\"inLanguage\":\"hu\",\"potentialAction\":[{\"@type\":\"ReadAction\",\"target\":[\"https:\/\/chirodermatologie.ro\/biopsie-si-excizie-cutanata\/\"]}]},{\"@type\":\"BreadcrumbList\",\"@id\":\"https:\/\/chirodermatologie.ro\/biopsie-si-excizie-cutanata\/#breadcrumb\",\"itemListElement\":[{\"@type\":\"ListItem\",\"position\":1,\"name\":\"Home\",\"item\":\"https:\/\/chirodermatologie.ro\/\"},{\"@type\":\"ListItem\",\"position\":2,\"name\":\"Biopsie \u0219i excizie cutanat\u0103\"}]},{\"@type\":\"WebSite\",\"@id\":\"https:\/\/chirodermatologie.ro\/#website\",\"url\":\"https:\/\/chirodermatologie.ro\/\",\"name\":\"Chirodermatologie\",\"description\":\"Chirodermatologie\",\"publisher\":{\"@id\":\"https:\/\/chirodermatologie.ro\/#organization\"},\"potentialAction\":[{\"@type\":\"SearchAction\",\"target\":{\"@type\":\"EntryPoint\",\"urlTemplate\":\"https:\/\/chirodermatologie.ro\/?s={search_term_string}\"},\"query-input\":{\"@type\":\"PropertyValueSpecification\",\"valueRequired\":true,\"valueName\":\"search_term_string\"}}],\"inLanguage\":\"hu\"},{\"@type\":\"Organization\",\"@id\":\"https:\/\/chirodermatologie.ro\/#organization\",\"name\":\"Chirodermatologie\",\"url\":\"https:\/\/chirodermatologie.ro\/\",\"logo\":{\"@type\":\"ImageObject\",\"inLanguage\":\"hu\",\"@id\":\"https:\/\/chirodermatologie.ro\/#\/schema\/logo\/image\/\",\"url\":\"https:\/\/chirodermatologie.ro\/wp-content\/uploads\/2021\/12\/DERMA_LOGO-1.png\",\"contentUrl\":\"https:\/\/chirodermatologie.ro\/wp-content\/uploads\/2021\/12\/DERMA_LOGO-1.png\",\"width\":1000,\"height\":1000,\"caption\":\"Chirodermatologie\"},\"image\":{\"@id\":\"https:\/\/chirodermatologie.ro\/#\/schema\/logo\/image\/\"},\"sameAs\":[\"https:\/\/www.facebook.com\/Chirodermatologie\/?ref=pages_you_manage\",\"https:\/\/www.instagram.com\/chirodermatologie\/\"]}]}<\/script>\n<!-- \/ Yoast SEO plugin. -->","yoast_head_json":{"title":"Biopsie \u0219i excizie cutanat\u0103 | ChiroDermatologie T\u00e2rgu-Mure\u0219","description":"Biopsie \u0219i excizie cutanat\u0103 cu examen histopatologic precis. Clinica ChiroDermatologie din T\u00e2rgu-Mure\u0219. Programeaz\u0103-te acum!","robots":{"index":"index","follow":"follow","max-snippet":"max-snippet:-1","max-image-preview":"max-image-preview:large","max-video-preview":"max-video-preview:-1"},"canonical":"https:\/\/chirodermatologie.ro\/hu\/biopsie-si-excizie-cutanata\/","og_locale":"hu_HU","og_type":"article","og_title":"Biopsie \u0219i excizie cutanat\u0103 | ChiroDermatologie T\u00e2rgu-Mure\u0219","og_description":"Biopsie \u0219i excizie cutanat\u0103 cu examen histopatologic precis. Clinica ChiroDermatologie din T\u00e2rgu-Mure\u0219. Programeaz\u0103-te acum!","og_url":"https:\/\/chirodermatologie.ro\/hu\/biopsie-si-excizie-cutanata\/","og_site_name":"Chirodermatologie","article_publisher":"https:\/\/www.facebook.com\/Chirodermatologie\/?ref=pages_you_manage","article_modified_time":"2026-01-19T06:02:13+00:00","twitter_card":"summary_large_image","twitter_misc":{"Becs\u00fclt olvas\u00e1si id\u0151":"1 perc"},"schema":{"@context":"https:\/\/schema.org","@graph":[{"@type":"WebPage","@id":"https:\/\/chirodermatologie.ro\/biopsie-si-excizie-cutanata\/","url":"https:\/\/chirodermatologie.ro\/biopsie-si-excizie-cutanata\/","name":"Biopsie \u0219i excizie cutanat\u0103 | ChiroDermatologie T\u00e2rgu-Mure\u0219","isPartOf":{"@id":"https:\/\/chirodermatologie.ro\/#website"},"datePublished":"2021-06-16T11:25:40+00:00","dateModified":"2026-01-19T06:02:13+00:00","description":"Biopsie \u0219i excizie cutanat\u0103 cu examen histopatologic precis. Clinica ChiroDermatologie din T\u00e2rgu-Mure\u0219. Programeaz\u0103-te acum!","breadcrumb":{"@id":"https:\/\/chirodermatologie.ro\/biopsie-si-excizie-cutanata\/#breadcrumb"},"inLanguage":"hu","potentialAction":[{"@type":"ReadAction","target":["https:\/\/chirodermatologie.ro\/biopsie-si-excizie-cutanata\/"]}]},{"@type":"BreadcrumbList","@id":"https:\/\/chirodermatologie.ro\/biopsie-si-excizie-cutanata\/#breadcrumb","itemListElement":[{"@type":"ListItem","position":1,"name":"Home","item":"https:\/\/chirodermatologie.ro\/"},{"@type":"ListItem","position":2,"name":"Biopsie \u0219i excizie cutanat\u0103"}]},{"@type":"WebSite","@id":"https:\/\/chirodermatologie.ro\/#website","url":"https:\/\/chirodermatologie.ro\/","name":"Chirodermatologie","description":"Chirodermatologie","publisher":{"@id":"https:\/\/chirodermatologie.ro\/#organization"},"potentialAction":[{"@type":"SearchAction","target":{"@type":"EntryPoint","urlTemplate":"https:\/\/chirodermatologie.ro\/?s={search_term_string}"},"query-input":{"@type":"PropertyValueSpecification","valueRequired":true,"valueName":"search_term_string"}}],"inLanguage":"hu"},{"@type":"Organization","@id":"https:\/\/chirodermatologie.ro\/#organization","name":"Chirodermatologie","url":"https:\/\/chirodermatologie.ro\/","logo":{"@type":"ImageObject","inLanguage":"hu","@id":"https:\/\/chirodermatologie.ro\/#\/schema\/logo\/image\/","url":"https:\/\/chirodermatologie.ro\/wp-content\/uploads\/2021\/12\/DERMA_LOGO-1.png","contentUrl":"https:\/\/chirodermatologie.ro\/wp-content\/uploads\/2021\/12\/DERMA_LOGO-1.png","width":1000,"height":1000,"caption":"Chirodermatologie"},"image":{"@id":"https:\/\/chirodermatologie.ro\/#\/schema\/logo\/image\/"},"sameAs":["https:\/\/www.facebook.com\/Chirodermatologie\/?ref=pages_you_manage","https:\/\/www.instagram.com\/chirodermatologie\/"]}]}},"_links":{"self":[{"href":"https:\/\/chirodermatologie.ro\/hu\/wp-json\/wp\/v2\/pages\/3300","targetHints":{"allow":["GET"]}}],"collection":[{"href":"https:\/\/chirodermatologie.ro\/hu\/wp-json\/wp\/v2\/pages"}],"about":[{"href":"https:\/\/chirodermatologie.ro\/hu\/wp-json\/wp\/v2\/types\/page"}],"author":[{"embeddable":true,"href":"https:\/\/chirodermatologie.ro\/hu\/wp-json\/wp\/v2\/users\/1"}],"replies":[{"embeddable":true,"href":"https:\/\/chirodermatologie.ro\/hu\/wp-json\/wp\/v2\/comments?post=3300"}],"version-history":[{"count":13,"href":"https:\/\/chirodermatologie.ro\/hu\/wp-json\/wp\/v2\/pages\/3300\/revisions"}],"predecessor-version":[{"id":4615,"href":"https:\/\/chirodermatologie.ro\/hu\/wp-json\/wp\/v2\/pages\/3300\/revisions\/4615"}],"wp:attachment":[{"href":"https:\/\/chirodermatologie.ro\/hu\/wp-json\/wp\/v2\/media?parent=3300"}],"curies":[{"name":"wp","href":"https:\/\/api.w.org\/{rel}","templated":true}]}}