{"id":3278,"date":"2021-06-16T10:09:40","date_gmt":"2021-06-16T10:09:40","guid":{"rendered":"https:\/\/chirodermatologie.ro\/?page_id=3278"},"modified":"2026-03-09T08:42:19","modified_gmt":"2026-03-09T06:42:19","slug":"injectare-de-botox","status":"publish","type":"page","link":"https:\/\/chirodermatologie.ro\/hu\/servicii-clinica-de-dermatologie-targu-mures\/injectare-de-botox\/","title":{"rendered":"Botox injekci\u00f3"},"content":{"rendered":"<p><section class=\"fw-main-row  ls section_padding_top_50 section_padding_bottom_50 columns_padding_15\" style=\"\" >\n\t<div class=\"container\">\n\t\t<div class=\"row\">\n\t\t\t<div  id=\"column-16a7ba8\" class=\"fw-column fw-column col-xs-12\" >\n\n\t<div class=\"column-overlay\"><\/div>\n\n\t<div class=\"fw-column-inner\"><div class=\"text-center\">\n\t<h3 class=\"section_header\">\n\t<span class=\"\">\n\t\tBotox injekci\u00f3\t<\/span>\n\t<\/h3>\n<\/div>\n\t<div class=\"fw-divider-line\"><hr\/><\/div>\n\n\n    <\/div>\n<\/div>\n\t\t<\/div>\n\t<\/div>\n<\/section>\n<section class=\"fw-main-row  ls section_padding_top_25 section_padding_bottom_25 columns_padding_15\" style=\"\" >\n\t<div class=\"container\">\n\t\t<div class=\"row\">\n\t\t\t<div  id=\"column-518916a\" class=\"fw-column fw-column col-xs-12 col-md-6 to_animate\" data-animation=\"fadeInLeft\">\n\n\t<div class=\"column-overlay\"><\/div>\n\n\t<div class=\"fw-column-inner\"><img decoding=\"async\" class=\"shortcode-media-image\" src=\"\/\/chirodermatologie.ro\/wp-content\/uploads\/2021\/06\/botox.jpg\" alt=\"\/\/chirodermatologie.ro\/wp-content\/uploads\/2021\/06\/botox.jpg\" \/>    <\/div>\n<\/div>\n<div  id=\"column-012b24f\" class=\"fw-column fw-column col-xs-12 col-md-6 to_animate text-left\" data-animation=\"fadeInRight\">\n\n\t<div class=\"column-overlay\"><\/div>\n\n\t<div class=\"fw-column-inner\"><div class=\"text-left\">\n\t<h4 class=\"section_header\">\n\t<span class=\"thin\">\n\t\tMi az a botox?\t<\/span>\n\t<\/h4>\n<\/div>\n\n\n\t<div class=\"fw-divider-space\" style=\"margin-top: 30px;\"><\/div>\n<div class=\"text-block\">\n\t<p>A botox vagy A t\u00edpus\u00fa botulinum toxin a Clostridium Botulinum bakt\u00e9riumb\u00f3l sz\u00e1rmaz\u00f3 feh\u00e9rje neurotoxin, amely helyileg hat az izmokban, \u00e9s \u00e1tmenetileg blokkolja az idegimpulzusok \u00e1tvitel\u00e9t az idegekb\u0151l az izmokba. \u00cdgy az \u00e9rintett izmok nem h\u00faz\u00f3dnak \u00f6ssze \u00e9s ellazulnak, ami a felette l\u00e9v\u0151 b\u0151rfel\u00fclet megny\u00fal\u00e1s\u00e1t okozza, ennek k\u00f6vetkezt\u00e9ben a b\u0151r feszes \u00e9s r\u00e1nctalan marad, m\u00edg a kezeletlen arcizmok tov\u00e1bbra is norm\u00e1lisan \u00f6sszeh\u00faz\u00f3dnak, lehet\u0151v\u00e9 t\u00e9ve, hogy az illet\u0151nek megmaradjon az \u00e9rintetlen arckifejez\u00e9se. A b\u0151r is egyre ragyog\u00f3bb \u00e9s vil\u00e1gosabb sz\u00ednt kap a helyi \u00e9rt\u00e1gul\u00e1s \u00e9s a b\u0151rfel\u00fclet gazdag oxig\u00e9nell\u00e1t\u00e1sa k\u00f6vetkezt\u00e9ben.<br \/>Az A t\u00edpus\u00fa botulinum toxint t\u00f6bb mint 20 \u00e9ve alkalmazz\u00e1k ter\u00e1pi\u00e1s c\u00e9llal a kancsals\u00e1g (strabismus), a ferdenyak (torticollis), az arcg\u00f6rcs, a fogcsikorgat\u00e1s (bruxizmus) \u00e9s a szemg\u00f6rcs (blepharospasmus) kezel\u00e9s\u00e9re. K\u00e9s\u0151bb a botulinumtoxint a mimikai r\u00e1ncok kozmetikai kezel\u00e9s\u00e9re haszn\u00e1lt\u00e1k.<\/p><\/div>\n    <\/div>\n<\/div>\n\t\t<\/div>\n\t<\/div>\n<\/section>\n<section class=\"fw-main-row  ls section_padding_top_25 section_padding_bottom_25 columns_padding_15\" style=\"\" >\n\t<div class=\"container\">\n\t\t<div class=\"row\">\n\t\t\t<div  id=\"column-1b305d9\" class=\"fw-column fw-column col-xs-12 to_animate\" data-animation=\"fadeInUp\">\n\n\t<div class=\"column-overlay\"><\/div>\n\n\t<div class=\"fw-column-inner\"><div class=\"bootstrap-accordion\">\n\t<div class=\"panel-group\" id=\"accordion-75167daf7271ac4cc15df91cee9aa1d9\">\n\t\t\t\t\t<div class=\"panel panel-default\">\n\t\t\t\t<div class=\"panel-heading\">\n\t\t\t\t\t<h4 class=\"panel-title\">\n\t\t\t\t\t\t<a class=\"\"\n\t\t\t\t\t\t   href=\"#collapse-75167daf7271ac4cc15df91cee9aa1d9-0\" data-toggle=\"collapse\"\n\t\t\t\t\t\t   data-parent=\"#accordion-75167daf7271ac4cc15df91cee9aa1d9\">\n\t\t\t\t\t\t\t\t\t\t\t\t\t\tJavallatok\t\t\t\t\t\t<\/a>\n\t\t\t\t\t<\/h4>\n\t\t\t\t<\/div>\n\t\t\t\t<div id=\"collapse-75167daf7271ac4cc15df91cee9aa1d9-0\"\n\t\t\t\t     class=\"panel-collapse collapse in\">\n\t\t\t\t\t<div class=\"panel-body\">\n\t\t\t\t\t\t\t\t\t\t\t\t\tSzem\u00f6ld\u00f6k k\u00f6z\u00f6tti mimikai r\u00e1ncok; V\u00edzszintes mimikai r\u00e1ncok a homlokon; Dinamikus szarkal\u00e1b t\u00edpus\u00fa r\u00e1ncok a szem k\u00fcls\u0151 sarka k\u00f6r\u00fcl; Hiperhidr\u00f3zis (fokozott izzad\u00e1s).\t\t\t\t\t\t\t\t\t\t\t<\/div>\n\t\t\t\t<\/div>\n\t\t\t<\/div>\n\t\t\t\t\t<div class=\"panel panel-default\">\n\t\t\t\t<div class=\"panel-heading\">\n\t\t\t\t\t<h4 class=\"panel-title\">\n\t\t\t\t\t\t<a class=\"collapsed\"\n\t\t\t\t\t\t   href=\"#collapse-75167daf7271ac4cc15df91cee9aa1d9-1\" data-toggle=\"collapse\"\n\t\t\t\t\t\t   data-parent=\"#accordion-75167daf7271ac4cc15df91cee9aa1d9\">\n\t\t\t\t\t\t\t\t\t\t\t\t\t\tEllenjavallatok\t\t\t\t\t\t<\/a>\n\t\t\t\t\t<\/h4>\n\t\t\t\t<\/div>\n\t\t\t\t<div id=\"collapse-75167daf7271ac4cc15df91cee9aa1d9-1\"\n\t\t\t\t     class=\"panel-collapse collapse\">\n\t\t\t\t\t<div class=\"panel-body\">\n\t\t\t\t\t\t\t\t\t\t\t\t\tAz izomer\u0151 \u00e1ltal\u00e1nos cs\u00f6kken\u00e9s\u00e9t okoz\u00f3 \u00e1llapotok (myasthenia gravis); terhess\u00e9g \u00e9s szoptat\u00e1s; v\u00e9ralvad\u00e1sg\u00e1tl\u00f3 vagy gyullad\u00e1scs\u00f6kkent\u0151 gy\u00f3gyszereket, pl. aszpirint, ibuprofent szed\u0151k (a botulinum toxin n\u00e9h\u00e1ny nappal a kezel\u00e9s abbahagy\u00e1sa ut\u00e1n injekt\u00e1lhat\u00f3); arcfert\u0151z\u00e9sek; 18 \u00e9v alatti szem\u00e9lyek.\t\t\t\t\t\t\t\t\t\t\t<\/div>\n\t\t\t\t<\/div>\n\t\t\t<\/div>\n\t\t\t\t\t<div class=\"panel panel-default\">\n\t\t\t\t<div class=\"panel-heading\">\n\t\t\t\t\t<h4 class=\"panel-title\">\n\t\t\t\t\t\t<a class=\"collapsed\"\n\t\t\t\t\t\t   href=\"#collapse-75167daf7271ac4cc15df91cee9aa1d9-2\" data-toggle=\"collapse\"\n\t\t\t\t\t\t   data-parent=\"#accordion-75167daf7271ac4cc15df91cee9aa1d9\">\n\t\t\t\t\t\t\t\t\t\t\t\t\t\tEredm\u00e9nyek\t\t\t\t\t\t<\/a>\n\t\t\t\t\t<\/h4>\n\t\t\t\t<\/div>\n\t\t\t\t<div id=\"collapse-75167daf7271ac4cc15df91cee9aa1d9-2\"\n\t\t\t\t     class=\"panel-collapse collapse\">\n\t\t\t\t\t<div class=\"panel-body\">\n\t\t\t\t\t\t\t\t\t\t\t\t\tA botox a befecskendez\u00e9st\u0151l sz\u00e1m\u00edtott 24 \u00f3r\u00e1n bel\u00fcl kezd hatni. A kezel\u00e9s el\u0151tt \u00e9s ut\u00e1n k\u00e9sz\u00fclt \u00f6sszehasonl\u00edt\u00f3 k\u00e9pek alapj\u00e1n 7 - 14 nap ut\u00e1n l\u00e1that\u00f3ak az eredm\u00e9nyek. Az eredm\u00e9ny megvizsg\u00e1l\u00e1s\u00e1ra egy kontrollvizsg\u00e1lat aj\u00e1nlott, 15 nappal a beavatkoz\u00e1s ut\u00e1n. A botulinum toxin hat\u00e1sa m\u0171k\u00f6d\u00e9si mechanizmusa miatt 4 - 6 h\u00f3napig tart, \u00e9s a h\u00edg\u00edt\u00e1s, az injekci\u00f3 bead\u00e1s\u00e1nak helye, valamint az egy\u00e9ni tolerancia befoly\u00e1solja. Az \u00e1lland\u00f3 hat\u00e1s el\u00e9r\u00e9s\u00e9hez \u00e9vente k\u00f6r\u00fclbel\u00fcl 2-3 injekci\u00f3 sz\u00fcks\u00e9ges.\t\t\t\t\t\t\t\t\t\t\t<\/div>\n\t\t\t\t<\/div>\n\t\t\t<\/div>\n\t\t\t<\/div>\n<\/div>\n\n\t<div class=\"fw-divider-space\" style=\"margin-top: 35px;\"><\/div>\n\t<div class=\"fw-divider-line\"><hr\/><\/div>\n\n\n\n\n\t<div class=\"fw-divider-space\" style=\"margin-top: 35px;\"><\/div>\n    <\/div>\n<\/div>\n<div  id=\"column-dddef17\" class=\"fw-column fw-column col-xs-12 col-md-3 to_animate\" data-animation=\"fadeInUp\">\n\n\t<div class=\"column-overlay\"><\/div>\n\n\t<div class=\"fw-column-inner\">\n\n\t<div class=\"fw-divider-space\" style=\"margin-top: 35px;\"><\/div>\n    <\/div>\n<\/div>\n<div  id=\"column-88e2754\" class=\"fw-column fw-column col-xs-12 col-md-6 to_animate text-center programare\" data-animation=\"fadeInUp\">\n\n\t<div class=\"column-overlay\"><\/div>\n\n\t<div class=\"fw-column-inner\">\n\n\t<div class=\"fw-divider-space\" style=\"margin-top: 50px;\"><\/div>\n<div class=\"text-center\">\n\t<h3 class=\"section_header\">\n\t<span class=\"\">\n\t\tSzeretne id\u0151pontot k\u00e9rni?\t<\/span>\n\t<\/h3>\n\t<h4 class=\"section_header\">\n\t<span class=\"\">\n\t\tVegye fel vel\u00fcnk a kapcsolatot!\t<\/span>\n\t<\/h4>\n<\/div>\n\n\n\t<div class=\"fw-divider-space\" style=\"margin-top: 50px;\"><\/div>\n\t<span class=\"theme-icon   icon_center\">\n\t<i class=\"rt-icon2-arrow-down-outline highlight\"><\/i>\n<\/span>\n\t\n\n\t<div class=\"fw-divider-space\" style=\"margin-top: 50px;\"><\/div>\n<a href=\"https:\/\/chirodermatologie.ro\/hu\/vreau-o-programare\/\" target=\"_blank\"\n   class=\"theme_button color1\">\n\t<span>Szeretn\u00e9k id\u0151pontot k\u00e9rni!<\/span>\n<\/a>    <\/div>\n<\/div>\n<div  id=\"column-b7c360b\" class=\"fw-column fw-column col-xs-12 col-md-3 to_animate\" data-animation=\"fadeInUp\">\n\n\t<div class=\"column-overlay\"><\/div>\n\n\t<div class=\"fw-column-inner\">\n\n\t<div class=\"fw-divider-space\" style=\"margin-top: 35px;\"><\/div>\n    <\/div>\n<\/div>\n\t\t<\/div>\n\t<\/div>\n<\/section>\n<section class=\"fw-main-row  ls section_padding_top_50 section_padding_bottom_50 columns_padding_15\" style=\"\" >\n\t<div class=\"container\">\n\t\t<div class=\"row\">\n\t\t\t<div  id=\"column-1620be7\" class=\"fw-column fw-column col-xs-12 to_animate\" data-animation=\"fadeInUp\">\n\n\t<div class=\"column-overlay\"><\/div>\n\n\t<div class=\"fw-column-inner\"><div class=\"text-center\">\n\t<h3 class=\"section_header\">\n\t<span class=\"\">\n\t\tEgy\u00e9b szolg\u00e1ltat\u00e1sok\t<\/span>\n\t<\/h3>\n<\/div>\n\t<div class=\"fw-divider-line\"><hr\/><\/div>\n\n\n\n\n\t<div class=\"fw-divider-space\" style=\"margin-top: 50px;\"><\/div>\n    <\/div>\n<\/div>\n<div  id=\"column-05d5e56\" class=\"fw-column fw-column col-xs-12 to_animate\" data-animation=\"fadeInUp\">\n\n\t<div class=\"column-overlay\"><\/div>\n\n\t<div class=\"fw-column-inner\"><div class=\"row columns_padding_15 shortcode-teasers-row\">\n\t\t\t<div class=\"col-md-3\">\n\t\t\t\n\t\t<div class=\"vertical-item square_teaser content-absolute\">\n\n\t\t\t\t\t\t\t<div class=\"item-media\">\n                    <a href=\"https:\/\/chirodermatologie.ro\/hu\/servicii\/examen-dermatoscopic\/\">\t\t\t\t\t<img decoding=\"async\" src=\"\/\/chirodermatologie.ro\/wp-content\/uploads\/2021\/06\/dermatoscop-min-1-owncm32jyw3soydzudvn0xt1dlsp0b72qafxs299ro.jpg\" alt=\"Dermatoszk\u00f3pos vizsg\u00e1lat\">\n                    <\/a>\t\t\t\t<\/div>\n\t\t\t\t\t\t<div class=\"item-content\">\n\t\t\t\t\t\t\t\t\t<h4>\n\t\t\t\t\t\t\t\t\t\t\t\t<a href=\"https:\/\/chirodermatologie.ro\/hu\/servicii\/examen-dermatoscopic\/\">\n\t\t\t\t\t\t\t\n\t\t\t\t\t\t\tDermatoszk\u00f3pos vizsg\u00e1lat\n\t\t\t\t\t\t\t\t\t\t\t\t\t<\/a>\n\t\t\t\t\t\t\t\t\t\t<\/h4>\n\t\t\t\t\n\t\t\t\t\t\t\t<\/div><!-- eof .item-content -->\n\t\t\t\t\t<\/div>\n\n\t\t\t\t<\/div><!-- eof teaser -->\n\t\t\t<div class=\"col-md-3\">\n\t\t\t\n\t\t<div class=\"vertical-item square_teaser content-absolute\">\n\n\t\t\t\t\t\t\t<div class=\"item-media\">\n                    <a href=\"https:\/\/chirodermatologie.ro\/hu\/servicii\/crioterapia\/\">\t\t\t\t\t<img decoding=\"async\" src=\"\/\/chirodermatologie.ro\/wp-content\/uploads\/2021\/06\/crioterapie2.jpg.png\" alt=\"Krioter\u00e1pia\">\n                    <\/a>\t\t\t\t<\/div>\n\t\t\t\t\t\t<div class=\"item-content\">\n\t\t\t\t\t\t\t\t\t<h4>\n\t\t\t\t\t\t\t\t\t\t\t\t<a href=\"https:\/\/chirodermatologie.ro\/hu\/servicii\/crioterapia\/\">\n\t\t\t\t\t\t\t\n\t\t\t\t\t\t\tKrioter\u00e1pia\n\t\t\t\t\t\t\t\t\t\t\t\t\t<\/a>\n\t\t\t\t\t\t\t\t\t\t<\/h4>\n\t\t\t\t\n\t\t\t\t\t\t\t<\/div><!-- eof .item-content -->\n\t\t\t\t\t<\/div>\n\n\t\t\t\t<\/div><!-- eof teaser -->\n\t\t\t<div class=\"col-md-3\">\n\t\t\t\n\t\t<div class=\"vertical-item square_teaser content-absolute\">\n\n\t\t\t\t\t\t\t<div class=\"item-media\">\n                    <a href=\"https:\/\/chirodermatologie.ro\/hu\/servicii\/electrocauterizare\/\">\t\t\t\t\t<img decoding=\"async\" src=\"\/\/chirodermatologie.ro\/wp-content\/uploads\/2021\/06\/Screenshot_2.jpg\" alt=\"Elektrokauteriz\u00e1ci\u00f3\">\n                    <\/a>\t\t\t\t<\/div>\n\t\t\t\t\t\t<div class=\"item-content\">\n\t\t\t\t\t\t\t\t\t<h4>\n\t\t\t\t\t\t\t\t\t\t\t\t<a href=\"https:\/\/chirodermatologie.ro\/hu\/servicii\/electrocauterizare\/\">\n\t\t\t\t\t\t\t\n\t\t\t\t\t\t\tElektrokauteriz\u00e1ci\u00f3\n\t\t\t\t\t\t\t\t\t\t\t\t\t<\/a>\n\t\t\t\t\t\t\t\t\t\t<\/h4>\n\t\t\t\t\n\t\t\t\t\t\t\t<\/div><!-- eof .item-content -->\n\t\t\t\t\t<\/div>\n\n\t\t\t\t<\/div><!-- eof teaser -->\n\t\t\t<div class=\"col-md-3\">\n\t\t\t\n\t\t<div class=\"vertical-item square_teaser content-absolute\">\n\n\t\t\t\t\t\t\t<div class=\"item-media\">\n                    <a href=\"https:\/\/chirodermatologie.ro\/hu\/servicii\/mezoterapie-cu-microneedling-dermapen\/\">\t\t\t\t\t<img decoding=\"async\" src=\"\/\/chirodermatologie.ro\/wp-content\/uploads\/2021\/06\/microneedling-oynld2kklge2xbyu05ybxhtuaqash1uakug12olb5g.jpg\" alt=\"Microneedling mezoter\u00e1pia\">\n                    <\/a>\t\t\t\t<\/div>\n\t\t\t\t\t\t<div class=\"item-content\">\n\t\t\t\t\t\t\t\t\t<h4>\n\t\t\t\t\t\t\t\t\t\t\t\t<a href=\"https:\/\/chirodermatologie.ro\/hu\/servicii\/mezoterapie-cu-microneedling-dermapen\/\">\n\t\t\t\t\t\t\t\n\t\t\t\t\t\t\tMicroneedling mezoter\u00e1pia\n\t\t\t\t\t\t\t\t\t\t\t\t\t<\/a>\n\t\t\t\t\t\t\t\t\t\t<\/h4>\n\t\t\t\t\n\t\t\t\t\t\t\t<\/div><!-- eof .item-content -->\n\t\t\t\t\t<\/div>\n\n\t\t\t\t<\/div><!-- eof teaser -->\n\t\t\t<div class=\"col-md-3\">\n\t\t\t\n\t\t<div class=\"vertical-item square_teaser content-absolute\">\n\n\t\t\t\t\t\t\t<div class=\"item-media\">\n                    <a href=\"https:\/\/chirodermatologie.ro\/hu\/servicii\/injectare-de-acid-hialurionic\/\">\t\t\t\t\t<img decoding=\"async\" src=\"\/\/chirodermatologie.ro\/wp-content\/uploads\/2021\/06\/Screenshot_3-ow5bbd23njveolh6t16vzyvoqetuvw6205ky2a6wfo.jpg\" alt=\"Hialuronsav (HA) injekci\u00f3\">\n                    <\/a>\t\t\t\t<\/div>\n\t\t\t\t\t\t<div class=\"item-content\">\n\t\t\t\t\t\t\t\t\t<h4>\n\t\t\t\t\t\t\t\t\t\t\t\t<a href=\"https:\/\/chirodermatologie.ro\/hu\/servicii\/injectare-de-acid-hialurionic\/\">\n\t\t\t\t\t\t\t\n\t\t\t\t\t\t\tHialuronsav (HA) injekci\u00f3\n\t\t\t\t\t\t\t\t\t\t\t\t\t<\/a>\n\t\t\t\t\t\t\t\t\t\t<\/h4>\n\t\t\t\t\n\t\t\t\t\t\t\t<\/div><!-- eof .item-content -->\n\t\t\t\t\t<\/div>\n\n\t\t\t\t<\/div><!-- eof teaser -->\n\t\t\t<div class=\"col-md-3\">\n\t\t\t\n\t\t<div class=\"vertical-item square_teaser content-absolute\">\n\n\t\t\t\t\t\t\t<div class=\"item-media\">\n                    <a href=\"https:\/\/chirodermatologie.ro\/hu\/servicii\/biopsie-si-excizie-cutanata\/\">\t\t\t\t\t<img decoding=\"async\" src=\"\/\/chirodermatologie.ro\/wp-content\/uploads\/2021\/06\/biopsie3_1-min-1024x768-1.jpg\" alt=\"B\u0151rbiopszia \u00e9s -kimetsz\u00e9s\">\n                    <\/a>\t\t\t\t<\/div>\n\t\t\t\t\t\t<div class=\"item-content\">\n\t\t\t\t\t\t\t\t\t<h4>\n\t\t\t\t\t\t\t\t\t\t\t\t<a href=\"https:\/\/chirodermatologie.ro\/hu\/servicii\/biopsie-si-excizie-cutanata\/\">\n\t\t\t\t\t\t\t\n\t\t\t\t\t\t\tB\u0151rbiopszia \u00e9s -kimetsz\u00e9s\n\t\t\t\t\t\t\t\t\t\t\t\t\t<\/a>\n\t\t\t\t\t\t\t\t\t\t<\/h4>\n\t\t\t\t\n\t\t\t\t\t\t\t<\/div><!-- eof .item-content -->\n\t\t\t\t\t<\/div>\n\n\t\t\t\t<\/div><!-- eof teaser -->\n\t\t\t<div class=\"col-md-3\">\n\t\t\t\n\t\t<div class=\"vertical-item square_teaser content-absolute\">\n\n\t\t\t\t\t\t\t<div class=\"item-media\">\n                    <a href=\"https:\/\/chirodermatologie.ro\/hu\/servicii\/terapia-vampir-plasmolifting\/\">\t\t\t\t\t<img decoding=\"async\" src=\"\/\/chirodermatologie.ro\/wp-content\/uploads\/2021\/06\/plasmolifting-oynlrrrph6iihsm560pafaacqnufun769lqe9gsnuc.jpg\" alt=\"Drakula kezel\u00e9s - Plazmolifting\">\n                    <\/a>\t\t\t\t<\/div>\n\t\t\t\t\t\t<div class=\"item-content\">\n\t\t\t\t\t\t\t\t\t<h4>\n\t\t\t\t\t\t\t\t\t\t\t\t<a href=\"https:\/\/chirodermatologie.ro\/hu\/servicii\/terapia-vampir-plasmolifting\/\">\n\t\t\t\t\t\t\t\n\t\t\t\t\t\t\tDrakula kezel\u00e9s - Plazmolifting\n\t\t\t\t\t\t\t\t\t\t\t\t\t<\/a>\n\t\t\t\t\t\t\t\t\t\t<\/h4>\n\t\t\t\t\n\t\t\t\t\t\t\t<\/div><!-- eof .item-content -->\n\t\t\t\t\t<\/div>\n\n\t\t\t\t<\/div><!-- eof teaser -->\n\t\t\t<div class=\"col-md-3\">\n\t\t\t\n\t\t<div class=\"vertical-item square_teaser content-absolute\">\n\n\t\t\t\t\t\t\t<div class=\"item-media\">\n                    <a href=\"https:\/\/chirodermatologie.ro\/hu\/servicii\/peeling\/\">\t\t\t\t\t<img decoding=\"async\" src=\"\/\/chirodermatologie.ro\/wp-content\/uploads\/2021\/06\/peeling_final-min-1024x683-1.jpg\" alt=\"Peeling\">\n                    <\/a>\t\t\t\t<\/div>\n\t\t\t\t\t\t<div class=\"item-content\">\n\t\t\t\t\t\t\t\t\t<h4>\n\t\t\t\t\t\t\t\t\t\t\t\t<a href=\"https:\/\/chirodermatologie.ro\/hu\/servicii\/peeling\/\">\n\t\t\t\t\t\t\t\n\t\t\t\t\t\t\tPeeling\n\t\t\t\t\t\t\t\t\t\t\t\t\t<\/a>\n\t\t\t\t\t\t\t\t\t\t<\/h4>\n\t\t\t\t\n\t\t\t\t\t\t\t<\/div><!-- eof .item-content -->\n\t\t\t\t\t<\/div>\n\n\t\t\t\t<\/div><!-- eof teaser -->\n\t<\/div> <!-- eof teasers row -->    <\/div>\n<\/div>\n\t\t<\/div>\n\t<\/div>\n<\/section>\n<\/p>","protected":false},"excerpt":{"rendered":"<p>Injectare de botox Ce este botoxul? Botoxul sau toxina botulinic\u0103 de tip A, este o neurotoxin\u0103 proteic\u0103 derivat\u0103 din bacteria<\/p>","protected":false},"author":1,"featured_media":0,"parent":185,"menu_order":0,"comment_status":"closed","ping_status":"closed","template":"page-templates\/full-width.php","meta":{"footnotes":""},"class_list":["post-3278","page","type-page","status-publish","hentry"],"yoast_head":"<!-- This site is optimized with the Yoast SEO plugin v24.9 - https:\/\/yoast.com\/wordpress\/plugins\/seo\/ -->\n<title>Injectare de botox | Botox Targu Mures - Chirodermatologie<\/title>\n<meta name=\"description\" content=\"Injectare de botox, rezultatele se pot vedea dupa 7-14 zile. Botox Targu Mures, toxina botulinica de tip A. Chirodermatologie.\" \/>\n<meta name=\"robots\" content=\"index, follow, max-snippet:-1, max-image-preview:large, max-video-preview:-1\" \/>\n<link rel=\"canonical\" href=\"https:\/\/chirodermatologie.ro\/hu\/servicii-clinica-de-dermatologie-targu-mures\/injectare-de-botox\/\" \/>\n<meta property=\"og:locale\" content=\"hu_HU\" \/>\n<meta property=\"og:type\" content=\"article\" \/>\n<meta property=\"og:title\" content=\"Injectare de botox | Botox Targu Mures - Chirodermatologie\" \/>\n<meta property=\"og:description\" content=\"Injectare de botox, rezultatele se pot vedea dupa 7-14 zile. Botox Targu Mures, toxina botulinica de tip A. Chirodermatologie.\" \/>\n<meta property=\"og:url\" content=\"https:\/\/chirodermatologie.ro\/hu\/servicii-clinica-de-dermatologie-targu-mures\/injectare-de-botox\/\" \/>\n<meta property=\"og:site_name\" content=\"Chirodermatologie\" \/>\n<meta property=\"article:publisher\" content=\"https:\/\/www.facebook.com\/Chirodermatologie\/?ref=pages_you_manage\" \/>\n<meta property=\"article:modified_time\" content=\"2026-03-09T06:42:19+00:00\" \/>\n<meta name=\"twitter:card\" content=\"summary_large_image\" \/>\n<meta name=\"twitter:label1\" content=\"Becs\u00fclt olvas\u00e1si id\u0151\" \/>\n\t<meta name=\"twitter:data1\" content=\"2 perc\" \/>\n<script type=\"application\/ld+json\" class=\"yoast-schema-graph\">{\"@context\":\"https:\/\/schema.org\",\"@graph\":[{\"@type\":\"WebPage\",\"@id\":\"https:\/\/chirodermatologie.ro\/servicii-clinica-de-dermatologie-targu-mures\/injectare-de-botox\/\",\"url\":\"https:\/\/chirodermatologie.ro\/servicii-clinica-de-dermatologie-targu-mures\/injectare-de-botox\/\",\"name\":\"Injectare de botox | Botox Targu Mures - Chirodermatologie\",\"isPartOf\":{\"@id\":\"https:\/\/chirodermatologie.ro\/#website\"},\"datePublished\":\"2021-06-16T10:09:40+00:00\",\"dateModified\":\"2026-03-09T06:42:19+00:00\",\"description\":\"Injectare de botox, rezultatele se pot vedea dupa 7-14 zile. Botox Targu Mures, toxina botulinica de tip A. Chirodermatologie.\",\"breadcrumb\":{\"@id\":\"https:\/\/chirodermatologie.ro\/servicii-clinica-de-dermatologie-targu-mures\/injectare-de-botox\/#breadcrumb\"},\"inLanguage\":\"hu\",\"potentialAction\":[{\"@type\":\"ReadAction\",\"target\":[\"https:\/\/chirodermatologie.ro\/servicii-clinica-de-dermatologie-targu-mures\/injectare-de-botox\/\"]}]},{\"@type\":\"BreadcrumbList\",\"@id\":\"https:\/\/chirodermatologie.ro\/servicii-clinica-de-dermatologie-targu-mures\/injectare-de-botox\/#breadcrumb\",\"itemListElement\":[{\"@type\":\"ListItem\",\"position\":1,\"name\":\"Home\",\"item\":\"https:\/\/chirodermatologie.ro\/\"},{\"@type\":\"ListItem\",\"position\":2,\"name\":\"Dermatologie\",\"item\":\"https:\/\/chirodermatologie.ro\/servicii-clinica-de-dermatologie-targu-mures\/\"},{\"@type\":\"ListItem\",\"position\":3,\"name\":\"Injectare de botox\"}]},{\"@type\":\"WebSite\",\"@id\":\"https:\/\/chirodermatologie.ro\/#website\",\"url\":\"https:\/\/chirodermatologie.ro\/\",\"name\":\"Chirodermatologie\",\"description\":\"Chirodermatologie\",\"publisher\":{\"@id\":\"https:\/\/chirodermatologie.ro\/#organization\"},\"potentialAction\":[{\"@type\":\"SearchAction\",\"target\":{\"@type\":\"EntryPoint\",\"urlTemplate\":\"https:\/\/chirodermatologie.ro\/?s={search_term_string}\"},\"query-input\":{\"@type\":\"PropertyValueSpecification\",\"valueRequired\":true,\"valueName\":\"search_term_string\"}}],\"inLanguage\":\"hu\"},{\"@type\":\"Organization\",\"@id\":\"https:\/\/chirodermatologie.ro\/#organization\",\"name\":\"Chirodermatologie\",\"url\":\"https:\/\/chirodermatologie.ro\/\",\"logo\":{\"@type\":\"ImageObject\",\"inLanguage\":\"hu\",\"@id\":\"https:\/\/chirodermatologie.ro\/#\/schema\/logo\/image\/\",\"url\":\"https:\/\/chirodermatologie.ro\/wp-content\/uploads\/2021\/12\/DERMA_LOGO-1.png\",\"contentUrl\":\"https:\/\/chirodermatologie.ro\/wp-content\/uploads\/2021\/12\/DERMA_LOGO-1.png\",\"width\":1000,\"height\":1000,\"caption\":\"Chirodermatologie\"},\"image\":{\"@id\":\"https:\/\/chirodermatologie.ro\/#\/schema\/logo\/image\/\"},\"sameAs\":[\"https:\/\/www.facebook.com\/Chirodermatologie\/?ref=pages_you_manage\",\"https:\/\/www.instagram.com\/chirodermatologie\/\"]}]}<\/script>\n<!-- \/ Yoast SEO plugin. -->","yoast_head_json":{"title":"Injectare de botox | Botox Targu Mures - Chirodermatologie","description":"Injectare de botox, rezultatele se pot vedea dupa 7-14 zile. Botox Targu Mures, toxina botulinica de tip A. Chirodermatologie.","robots":{"index":"index","follow":"follow","max-snippet":"max-snippet:-1","max-image-preview":"max-image-preview:large","max-video-preview":"max-video-preview:-1"},"canonical":"https:\/\/chirodermatologie.ro\/hu\/servicii-clinica-de-dermatologie-targu-mures\/injectare-de-botox\/","og_locale":"hu_HU","og_type":"article","og_title":"Injectare de botox | Botox Targu Mures - Chirodermatologie","og_description":"Injectare de botox, rezultatele se pot vedea dupa 7-14 zile. Botox Targu Mures, toxina botulinica de tip A. Chirodermatologie.","og_url":"https:\/\/chirodermatologie.ro\/hu\/servicii-clinica-de-dermatologie-targu-mures\/injectare-de-botox\/","og_site_name":"Chirodermatologie","article_publisher":"https:\/\/www.facebook.com\/Chirodermatologie\/?ref=pages_you_manage","article_modified_time":"2026-03-09T06:42:19+00:00","twitter_card":"summary_large_image","twitter_misc":{"Becs\u00fclt olvas\u00e1si id\u0151":"2 perc"},"schema":{"@context":"https:\/\/schema.org","@graph":[{"@type":"WebPage","@id":"https:\/\/chirodermatologie.ro\/servicii-clinica-de-dermatologie-targu-mures\/injectare-de-botox\/","url":"https:\/\/chirodermatologie.ro\/servicii-clinica-de-dermatologie-targu-mures\/injectare-de-botox\/","name":"Injectare de botox | Botox Targu Mures - Chirodermatologie","isPartOf":{"@id":"https:\/\/chirodermatologie.ro\/#website"},"datePublished":"2021-06-16T10:09:40+00:00","dateModified":"2026-03-09T06:42:19+00:00","description":"Injectare de botox, rezultatele se pot vedea dupa 7-14 zile. Botox Targu Mures, toxina botulinica de tip A. Chirodermatologie.","breadcrumb":{"@id":"https:\/\/chirodermatologie.ro\/servicii-clinica-de-dermatologie-targu-mures\/injectare-de-botox\/#breadcrumb"},"inLanguage":"hu","potentialAction":[{"@type":"ReadAction","target":["https:\/\/chirodermatologie.ro\/servicii-clinica-de-dermatologie-targu-mures\/injectare-de-botox\/"]}]},{"@type":"BreadcrumbList","@id":"https:\/\/chirodermatologie.ro\/servicii-clinica-de-dermatologie-targu-mures\/injectare-de-botox\/#breadcrumb","itemListElement":[{"@type":"ListItem","position":1,"name":"Home","item":"https:\/\/chirodermatologie.ro\/"},{"@type":"ListItem","position":2,"name":"Dermatologie","item":"https:\/\/chirodermatologie.ro\/servicii-clinica-de-dermatologie-targu-mures\/"},{"@type":"ListItem","position":3,"name":"Injectare de botox"}]},{"@type":"WebSite","@id":"https:\/\/chirodermatologie.ro\/#website","url":"https:\/\/chirodermatologie.ro\/","name":"Chirodermatologie","description":"Chirodermatologie","publisher":{"@id":"https:\/\/chirodermatologie.ro\/#organization"},"potentialAction":[{"@type":"SearchAction","target":{"@type":"EntryPoint","urlTemplate":"https:\/\/chirodermatologie.ro\/?s={search_term_string}"},"query-input":{"@type":"PropertyValueSpecification","valueRequired":true,"valueName":"search_term_string"}}],"inLanguage":"hu"},{"@type":"Organization","@id":"https:\/\/chirodermatologie.ro\/#organization","name":"Chirodermatologie","url":"https:\/\/chirodermatologie.ro\/","logo":{"@type":"ImageObject","inLanguage":"hu","@id":"https:\/\/chirodermatologie.ro\/#\/schema\/logo\/image\/","url":"https:\/\/chirodermatologie.ro\/wp-content\/uploads\/2021\/12\/DERMA_LOGO-1.png","contentUrl":"https:\/\/chirodermatologie.ro\/wp-content\/uploads\/2021\/12\/DERMA_LOGO-1.png","width":1000,"height":1000,"caption":"Chirodermatologie"},"image":{"@id":"https:\/\/chirodermatologie.ro\/#\/schema\/logo\/image\/"},"sameAs":["https:\/\/www.facebook.com\/Chirodermatologie\/?ref=pages_you_manage","https:\/\/www.instagram.com\/chirodermatologie\/"]}]}},"_links":{"self":[{"href":"https:\/\/chirodermatologie.ro\/hu\/wp-json\/wp\/v2\/pages\/3278","targetHints":{"allow":["GET"]}}],"collection":[{"href":"https:\/\/chirodermatologie.ro\/hu\/wp-json\/wp\/v2\/pages"}],"about":[{"href":"https:\/\/chirodermatologie.ro\/hu\/wp-json\/wp\/v2\/types\/page"}],"author":[{"embeddable":true,"href":"https:\/\/chirodermatologie.ro\/hu\/wp-json\/wp\/v2\/users\/1"}],"replies":[{"embeddable":true,"href":"https:\/\/chirodermatologie.ro\/hu\/wp-json\/wp\/v2\/comments?post=3278"}],"version-history":[{"count":9,"href":"https:\/\/chirodermatologie.ro\/hu\/wp-json\/wp\/v2\/pages\/3278\/revisions"}],"predecessor-version":[{"id":3656,"href":"https:\/\/chirodermatologie.ro\/hu\/wp-json\/wp\/v2\/pages\/3278\/revisions\/3656"}],"up":[{"embeddable":true,"href":"https:\/\/chirodermatologie.ro\/hu\/wp-json\/wp\/v2\/pages\/185"}],"wp:attachment":[{"href":"https:\/\/chirodermatologie.ro\/hu\/wp-json\/wp\/v2\/media?parent=3278"}],"curies":[{"name":"wp","href":"https:\/\/api.w.org\/{rel}","templated":true}]}}