{"id":3248,"date":"2021-06-16T09:38:40","date_gmt":"2021-06-16T09:38:40","guid":{"rendered":"https:\/\/chirodermatologie.ro\/?page_id=3248"},"modified":"2026-04-23T08:51:41","modified_gmt":"2026-04-23T05:51:41","slug":"stomatologie-mures","status":"publish","type":"page","link":"https:\/\/chirodermatologie.ro\/hu\/lista-de-preturi-chirodermatologie-mures\/stomatologie-mures\/","title":{"rendered":"Fog\u00e1szat"},"content":{"rendered":"<section class=\"fw-main-row  ls section_padding_top_0 section_padding_bottom_0 columns_padding_15\" style=\"\" >\n\t<div class=\"container\">\n\t\t<div class=\"row\">\n\t\t\t<div  id=\"column-89643fd\" class=\"fw-column fw-column col-xs-12\" >\n\n\t<div class=\"column-overlay\"><\/div>\n\n\t<div class=\"fw-column-inner\"><div class=\"text-center\">\n\t<h3 class=\"section_header\">\n\t<span class=\"\">\n\t\tFog\u00e1szat \u00e1rlista\t<\/span>\n\t<\/h3>\n<\/div>\n\t<div class=\"fw-divider-line\"><hr\/><\/div>\n\n\n\n\n\t<div class=\"fw-divider-space  hidden-sm hidden-xs\" style=\"margin-top: 50px;\"><\/div>\n    <\/div>\n<\/div>\n<div  id=\"column-9fcd49d\" class=\"fw-column fw-column col-xs-12 col-md-2\" >\n\n\t<div class=\"column-overlay\"><\/div>\n\n\t<div class=\"fw-column-inner\">\n\n\t<div class=\"fw-divider-space\" style=\"margin-top: 50px;\"><\/div>\n    <\/div>\n<\/div>\n<div  id=\"column-3d8661f\" class=\"fw-column fw-column col-xs-12 col-md-8\" >\n\n\t<div class=\"column-overlay\"><\/div>\n\n\t<div class=\"fw-column-inner\"><div class=\"text-block\">\n\t<p>\n<table id=\"tablepress-4\" class=\"tablepress tablepress-id-4\">\n<tbody class=\"row-hover\">\n<tr class=\"row-1 odd\">\n\t<td class=\"column-1\"><strong>Diagn\u00f3zis<\/strong><\/td><td class=\"column-2\"><\/td>\n<\/tr>\n<tr class=\"row-2 even\">\n\t<td class=\"column-1\">Konzult\u00e1ci\u00f3<\/td><td class=\"column-2\">70 RON<\/td>\n<\/tr>\n<tr class=\"row-3 odd\">\n\t<td class=\"column-1\">OMF szakorvosi konzult\u00e1ci\u00f3<\/td><td class=\"column-2\">90 RON<\/td>\n<\/tr>\n<tr class=\"row-4 even\">\n\t<td class=\"column-1\"><\/td><td class=\"column-2\"><\/td>\n<\/tr>\n<tr class=\"row-5 odd\">\n\t<td class=\"column-1\"><strong>Profilaxis<\/strong><\/td><td class=\"column-2\"><\/td>\n<\/tr>\n<tr class=\"row-6 even\">\n\t<td class=\"column-1\">Professzion\u00e1lis fogmos\u00e1s<\/td><td class=\"column-2\">100 RON<\/td>\n<\/tr>\n<tr class=\"row-7 odd\">\n\t<td class=\"column-1\">Ultrahangos v\u00edzk\u0151mentes\u00edt\u00e9s \/ egy \u00e1rk\u00e1d<\/td><td class=\"column-2\">150 RON<\/td>\n<\/tr>\n<tr class=\"row-8 even\">\n\t<td class=\"column-1\">Ultrahangos v\u00edzk\u0151mentes\u00edt\u00e9s \/ 2 \u00e1rk\u00e1d<\/td><td class=\"column-2\">200 RON<\/td>\n<\/tr>\n<tr class=\"row-9 odd\">\n\t<td class=\"column-1\">Professzion\u00e1lis tiszt\u00edt\u00e1s a PROPHY JET seg\u00edts\u00e9g\u00e9vel<\/td><td class=\"column-2\">150 RON<\/td>\n<\/tr>\n<tr class=\"row-10 even\">\n\t<td class=\"column-1\">Parodont\u00e1lis fogs\u00edn\/fogak alkalmaz\u00e1sa<\/td><td class=\"column-2\">50 RON<\/td>\n<\/tr>\n<tr class=\"row-11 odd\">\n\t<td class=\"column-1\"><\/td><td class=\"column-2\"><\/td>\n<\/tr>\n<tr class=\"row-12 even\">\n\t<td class=\"column-1\"><strong>Konzervat\u00edv kezel\u00e9s<\/strong><\/td><td class=\"column-2\"><\/td>\n<\/tr>\n<tr class=\"row-13 odd\">\n\t<td class=\"column-1\">Kompozit t\u00f6m\u00e9s 1 fel\u00fclet<\/td><td class=\"column-2\">150 RON<\/td>\n<\/tr>\n<tr class=\"row-14 even\">\n\t<td class=\"column-1\">Kompozit t\u00f6m\u00e9s 2 fel\u00fclet<\/td><td class=\"column-2\">170 RON<\/td>\n<\/tr>\n<tr class=\"row-15 odd\">\n\t<td class=\"column-1\">Kompozit t\u00f6m\u00e9s 3 fel\u00fclet<\/td><td class=\"column-2\">200 RON<\/td>\n<\/tr>\n<tr class=\"row-16 even\">\n\t<td class=\"column-1\">Koronarekonstrukci\u00f3 \u00fcvegsz\u00e1las oszlopokkal<\/td><td class=\"column-2\">250 RON<\/td>\n<\/tr>\n<tr class=\"row-17 odd\">\n\t<td class=\"column-1\">Ideiglenes t\u00f6m\u00e9s \u00fcvegionomer cementtel, ZOE,FOZ<\/td><td class=\"column-2\">120 RON<\/td>\n<\/tr>\n<tr class=\"row-18 even\">\n\t<td class=\"column-1\">Ideiglenes fogt\u00f6m\u00e9s<\/td><td class=\"column-2\">100 RON<\/td>\n<\/tr>\n<tr class=\"row-19 odd\">\n\t<td class=\"column-1\">Fog\u00e1szati t\u00f6m\u00edt\u00e9s<\/td><td class=\"column-2\">100 RON<\/td>\n<\/tr>\n<tr class=\"row-20 even\">\n\t<td class=\"column-1\">Pulpot\u00f3mia MTA-val<\/td><td class=\"column-2\">70 RON<\/td>\n<\/tr>\n<tr class=\"row-21 odd\">\n\t<td class=\"column-1\"><\/td><td class=\"column-2\"><\/td>\n<\/tr>\n<tr class=\"row-22 even\">\n\t<td class=\"column-1\"><strong>Gy\u00f6k\u00e9rkezel\u00e9s<\/strong><\/td><td class=\"column-2\"><\/td>\n<\/tr>\n<tr class=\"row-23 odd\">\n\t<td class=\"column-1\">A monoradikul\u00e1ris fog \u00e9letfontoss\u00e1g\u00fa elt\u00e1vol\u00edt\u00e1sa<\/td><td class=\"column-2\">100 RON<\/td>\n<\/tr>\n<tr class=\"row-24 even\">\n\t<td class=\"column-1\">T\u00f6bbsz\u00f6r\u00f6s fogak kih\u00faz\u00e1sa<\/td><td class=\"column-2\">150 RON<\/td>\n<\/tr>\n<tr class=\"row-25 odd\">\n\t<td class=\"column-1\">Endodontiai retorzi\u00f3\/csatorna<\/td><td class=\"column-2\">80 RON<\/td>\n<\/tr>\n<tr class=\"row-26 even\">\n\t<td class=\"column-1\">Nyugtat\u00f3 k\u00f6tszer \u00e9s gy\u00f6k\u00e9rcsatorna steriliz\u00e1l\u00e1s<\/td><td class=\"column-2\">60 RON<\/td>\n<\/tr>\n<tr class=\"row-27 odd\">\n\t<td class=\"column-1\">Monoradikul\u00e1ris fog gy\u00f6k\u00e9rt\u00f6m\u00e9se<\/td><td class=\"column-2\">100 RON<\/td>\n<\/tr>\n<tr class=\"row-28 even\">\n\t<td class=\"column-1\">T\u00f6bbgy\u00f6ker\u0171 fog gy\u00f6k\u00e9rt\u00f6m\u00e9se<\/td><td class=\"column-2\">150 RON<\/td>\n<\/tr>\n<tr class=\"row-29 odd\">\n\t<td class=\"column-1\">Endodontiai dren\u00e1zs<\/td><td class=\"column-2\">100 RON<\/td>\n<\/tr>\n<tr class=\"row-30 even\">\n\t<td class=\"column-1\">Devitaliz\u00e1lt\/marad\u00f3 fogak feh\u00e9r\u00edt\u00e9se<\/td><td class=\"column-2\">50 RON<\/td>\n<\/tr>\n<tr class=\"row-31 odd\">\n\t<td class=\"column-1\"><\/td><td class=\"column-2\"><\/td>\n<\/tr>\n<tr class=\"row-32 even\">\n\t<td class=\"column-1\"><strong>Sz\u00e1jseb\u00e9szet \u00e9s implantol\u00f3gia<\/strong><\/td><td class=\"column-2\"><\/td>\n<\/tr>\n<tr class=\"row-33 odd\">\n\t<td class=\"column-1\">Ideiglenes fogh\u00faz\u00e1s<\/td><td class=\"column-2\">60 RON<\/td>\n<\/tr>\n<tr class=\"row-34 even\">\n\t<td class=\"column-1\">Parodont\u00e1lis fogh\u00faz\u00e1s<\/td><td class=\"column-2\">80 RON<\/td>\n<\/tr>\n<tr class=\"row-35 odd\">\n\t<td class=\"column-1\">Monoradikul\u00e1ris fogh\u00faz\u00e1s<\/td><td class=\"column-2\">120 RON<\/td>\n<\/tr>\n<tr class=\"row-36 even\">\n\t<td class=\"column-1\">T\u00f6bbsz\u00f6r\u00f6s fogh\u00faz\u00e1s<\/td><td class=\"column-2\">150 RON<\/td>\n<\/tr>\n<tr class=\"row-37 odd\">\n\t<td class=\"column-1\">Az elme mol\u00e1ris extrakci\u00f3ja<\/td><td class=\"column-2\">150-200 RON<\/td>\n<\/tr>\n<tr class=\"row-38 even\">\n\t<td class=\"column-1\">Elt\u00e1vol\u00edt\u00e1s alveolot\u00f3mi\u00e1val<\/td><td class=\"column-2\">250 RON<\/td>\n<\/tr>\n<tr class=\"row-39 odd\">\n\t<td class=\"column-1\">Odontekt\u00f3mia (fogh\u00faz\u00e1ssal egy\u00fctt)<\/td><td class=\"column-2\">400 RON<\/td>\n<\/tr>\n<tr class=\"row-40 even\">\n\t<td class=\"column-1\">Gy\u00f6k\u00e9ramput\u00e1ci\u00f3<\/td><td class=\"column-2\">250 RON<\/td>\n<\/tr>\n<tr class=\"row-41 odd\">\n\t<td class=\"column-1\">A fogak elt\u00e1vol\u00edt\u00e1sa tartalmazza<\/td><td class=\"column-2\">150 RON<\/td>\n<\/tr>\n<tr class=\"row-42 even\">\n\t<td class=\"column-1\">Metsz\u00e9s \u00e9s t\u00e1lyogdren\u00e1zs<\/td><td class=\"column-2\">100 RON<\/td>\n<\/tr>\n<tr class=\"row-43 odd\">\n\t<td class=\"column-1\">Metsz\u0151fogak \u00e9s szemfogak apik\u00e1lis reszekci\u00f3ja<\/td><td class=\"column-2\">300 RON<\/td>\n<\/tr>\n<tr class=\"row-44 even\">\n\t<td class=\"column-1\">Premol\u00e1ris apik\u00e1lis reszekci\u00f3<\/td><td class=\"column-2\">350 RON<\/td>\n<\/tr>\n<tr class=\"row-45 odd\">\n\t<td class=\"column-1\">Mol\u00e1ris apik\u00e1lis reszekci\u00f3<\/td><td class=\"column-2\">400 RON<\/td>\n<\/tr>\n<tr class=\"row-46 even\">\n\t<td class=\"column-1\">Gingivectomia\/ 1 fog<\/td><td class=\"column-2\">90 RON<\/td>\n<\/tr>\n<tr class=\"row-47 odd\">\n\t<td class=\"column-1\">Ny\u00edlt szubgingivalis k\u00fcrett\u00e1l\u00e1s \/ 1 fog<\/td><td class=\"column-2\">70 RON<\/td>\n<\/tr>\n<tr class=\"row-48 even\">\n\t<td class=\"column-1\">\u00cdny hiperpl\u00e1zia kimetsz\u00e9se<\/td><td class=\"column-2\">100 RON<\/td>\n<\/tr>\n<tr class=\"row-49 odd\">\n\t<td class=\"column-1\">Varr\u00e1s<\/td><td class=\"column-2\">50 RON<\/td>\n<\/tr>\n<tr class=\"row-50 even\">\n\t<td class=\"column-1\">Sz\u00e1l elt\u00e1volit\u00e1s<\/td><td class=\"column-2\">50 RON<\/td>\n<\/tr>\n<tr class=\"row-51 odd\">\n\t<td class=\"column-1\">Csontadagol\u00e1s (man\u0151ver)<\/td><td class=\"column-2\">250 RON<\/td>\n<\/tr>\n<tr class=\"row-52 even\">\n\t<td class=\"column-1\">Fog\u00e1szati implant\u00e1tum\/fog<\/td><td class=\"column-2\">330 EURO<\/td>\n<\/tr>\n<tr class=\"row-53 odd\">\n\t<td class=\"column-1\"><\/td><td class=\"column-2\"><\/td>\n<\/tr>\n<tr class=\"row-54 even\">\n\t<td class=\"column-1\"><strong>L\u00e9zeres kezel\u00e9sek<\/strong><\/td><td class=\"column-2\"><\/td>\n<\/tr>\n<tr class=\"row-55 odd\">\n\t<td class=\"column-1\">Generaliz\u00e1lt sz\u00e1jgyullad\u00e1s kezel\u00e9se \/ \u00fcl\u00e9sszak<\/td><td class=\"column-2\">100 RON<\/td>\n<\/tr>\n<tr class=\"row-56 even\">\n\t<td class=\"column-1\">A fog\u00e1gy\/fogak t\u00fal\u00e9rz\u00e9kenys\u00e9g\u00e9nek kezel\u00e9se<\/td><td class=\"column-2\">50 RON<\/td>\n<\/tr>\n<tr class=\"row-57 odd\">\n\t<td class=\"column-1\">Parodont\u00e1lis zsebek kezel\u00e9se\/szekci\u00f3\/fogorvos<\/td><td class=\"column-2\">70 RON<\/td>\n<\/tr>\n<tr class=\"row-58 even\">\n\t<td class=\"column-1\">A perimucositis-perimplantitis kezel\u00e9se\/\u00fcl\u00e9s<\/td><td class=\"column-2\">70 RON<\/td>\n<\/tr>\n<tr class=\"row-59 odd\">\n\t<td class=\"column-1\">Az extrakci\u00f3 ut\u00e1ni alveolitisz kezel\u00e9se\/ \u00fcl\u00e9sszak<\/td><td class=\"column-2\">50 RON<\/td>\n<\/tr>\n<tr class=\"row-60 even\">\n\t<td class=\"column-1\"><\/td><td class=\"column-2\"><\/td>\n<\/tr>\n<tr class=\"row-61 odd\">\n\t<td class=\"column-1\"><strong>V\u00e9d\u0151kezel\u00e9s<\/strong><\/td><td class=\"column-2\"><\/td>\n<\/tr>\n<tr class=\"row-62 even\">\n\t<td class=\"column-1\">Ideiglenes akril\u00e1t korona<\/td><td class=\"column-2\">110 RON<\/td>\n<\/tr>\n<tr class=\"row-63 odd\">\n\t<td class=\"column-1\">Inlay \/ Onlay<\/td><td class=\"column-2\">270 RON<\/td>\n<\/tr>\n<tr class=\"row-64 even\">\n\t<td class=\"column-1\">F\u00e9m korona<\/td><td class=\"column-2\">200 RON<\/td>\n<\/tr>\n<tr class=\"row-65 odd\">\n\t<td class=\"column-1\">F\u00e9m-akril korona<\/td><td class=\"column-2\">250 RON<\/td>\n<\/tr>\n<tr class=\"row-66 even\">\n\t<td class=\"column-1\">F\u00e9mker\u00e1mia korona<\/td><td class=\"column-2\">450 RON<\/td>\n<\/tr>\n<tr class=\"row-67 odd\">\n\t<td class=\"column-1\">F\u00e9m-kompozit korona<\/td><td class=\"column-2\">350 RON<\/td>\n<\/tr>\n<tr class=\"row-68 even\">\n\t<td class=\"column-1\">F\u00e9lig fikt\u00edv ker\u00e1mia korona<\/td><td class=\"column-2\">400 RON<\/td>\n<\/tr>\n<tr class=\"row-69 odd\">\n\t<td class=\"column-1\">Ker\u00e1mia korona cirk\u00f3nium hordoz\u00f3n<\/td><td class=\"column-2\">1000 RON<\/td>\n<\/tr>\n<tr class=\"row-70 even\">\n\t<td class=\"column-1\">Teljes cirk\u00f3nium korona<\/td><td class=\"column-2\">750 RON<\/td>\n<\/tr>\n<tr class=\"row-71 odd\">\n\t<td class=\"column-1\">Ker\u00e1mia homlokzat<\/td><td class=\"column-2\">1000 RON<\/td>\n<\/tr>\n<tr class=\"row-72 even\">\n\t<td class=\"column-1\">EMAX korona<\/td><td class=\"column-2\">1200 RON<\/td>\n<\/tr>\n<tr class=\"row-73 odd\">\n\t<td class=\"column-1\">Kompozit korona BIO-HPP tart\u00f3ra<\/td><td class=\"column-2\">360 RON<\/td>\n<\/tr>\n<tr class=\"row-74 even\">\n\t<td class=\"column-1\">BIO-HPP RCD<\/td><td class=\"column-2\">250 RON<\/td>\n<\/tr>\n<tr class=\"row-75 odd\">\n\t<td class=\"column-1\">Cr-Ni RCD<\/td><td class=\"column-2\">180 RON<\/td>\n<\/tr>\n<tr class=\"row-76 even\">\n\t<td class=\"column-1\">Ker\u00e1mia korona implant\u00e1tumon<\/td><td class=\"column-2\">140 EURO<\/td>\n<\/tr>\n<tr class=\"row-77 odd\">\n\t<td class=\"column-1\">Bio-hpp korona implant\u00e1tumon<\/td><td class=\"column-2\">130 EURO<\/td>\n<\/tr>\n<tr class=\"row-78 even\">\n\t<td class=\"column-1\">Kem\u00e9ny prot\u00e9zis<\/td><td class=\"column-2\">280 RON<\/td>\n<\/tr>\n<tr class=\"row-79 odd\">\n\t<td class=\"column-1\">Akril\u00e1t r\u00e9szleges fogsor<\/td><td class=\"column-2\">850 RON<\/td>\n<\/tr>\n<tr class=\"row-80 even\">\n\t<td class=\"column-1\">Teljes fogsor f\u00e9mtart\u00f3val<\/td><td class=\"column-2\">1200 RON<\/td>\n<\/tr>\n<tr class=\"row-81 odd\">\n\t<td class=\"column-1\">Teljes akril\u00e1t fogsor<\/td><td class=\"column-2\">1000 RON<\/td>\n<\/tr>\n<tr class=\"row-82 even\">\n\t<td class=\"column-1\">Csontv\u00e1zprot\u00e9zis<\/td><td class=\"column-2\">2000 RON<\/td>\n<\/tr>\n<tr class=\"row-83 odd\">\n\t<td class=\"column-1\">BIO-HPP-b\u0151l k\u00e9sz\u00fclt csontv\u00e1zprot\u00e9zis<\/td><td class=\"column-2\">2400 RON<\/td>\n<\/tr>\n<tr class=\"row-84 even\">\n\t<td class=\"column-1\">Speci\u00e1lis r\u00f6gz\u00edt\u00e9si rendszer<\/td><td class=\"column-2\">280-350 RON<\/td>\n<\/tr>\n<tr class=\"row-85 odd\">\n\t<td class=\"column-1\">A prot\u00e9zisek\/fogsorok elt\u00e1vol\u00edt\u00e1sa<\/td><td class=\"column-2\">50 RON<\/td>\n<\/tr>\n<tr class=\"row-86 even\">\n\t<td class=\"column-1\">A prot\u00e9zis \u00fajrafelhaszn\u00e1l\u00e1sa<\/td><td class=\"column-2\">200 RON<\/td>\n<\/tr>\n<tr class=\"row-87 odd\">\n\t<td class=\"column-1\">Prot\u00e9zis jav\u00edt\u00e1s<\/td><td class=\"column-2\">160 RON<\/td>\n<\/tr>\n<tr class=\"row-88 even\">\n\t<td class=\"column-1\">Fog hozz\u00e1ad\u00e1sa a m\u0171fogsorhoz<\/td><td class=\"column-2\">50 RON<\/td>\n<\/tr>\n<tr class=\"row-89 odd\">\n\t<td class=\"column-1\">Korona\/fogak be\u00e1gyaz\u00e1sa<\/td><td class=\"column-2\">50 RON<\/td>\n<\/tr>\n<tr class=\"row-90 even\">\n\t<td class=\"column-1\"><\/td><td class=\"column-2\"><\/td>\n<\/tr>\n<tr class=\"row-91 odd\">\n\t<td class=\"column-1\"><strong>Speci\u00e1lis seb\u00e9szeti kezel\u00e9sek<\/strong><\/td><td class=\"column-2\"><\/td>\n<\/tr>\n<tr class=\"row-92 even\">\n\t<td class=\"column-1\">Ir\u00e1ny\u00edtott csontrekonstrukci\u00f3, sinuslift, csont\u00e1t\u00fcltet\u00e9s (man\u0151ver)<\/td><td class=\"column-2\">500 RON<\/td>\n<\/tr>\n<tr class=\"row-93 odd\">\n\t<td class=\"column-1\">Sz\u00e1j\u00fcregi biopszia<\/td><td class=\"column-2\">150 RON<\/td>\n<\/tr>\n<tr class=\"row-94 even\">\n\t<td class=\"column-1\">Az alveol\u00e1ris gerinc \u00e9s a sz\u00e1jny\u00e1lkah\u00e1rtya j\u00f3indulat\u00fa daganatainak seb\u00e9szeti kezel\u00e9se<\/td><td class=\"column-2\">250-300 RON<\/td>\n<\/tr>\n<tr class=\"row-95 odd\">\n\t<td class=\"column-1\">Traumatikusan kificamodott fogak immobiliz\u00e1l\u00e1sa, replant\u00e1ci\u00f3ja<\/td><td class=\"column-2\">190 RON<\/td>\n<\/tr>\n<tr class=\"row-96 even\">\n\t<td class=\"column-1\">Az alveol\u00e1ris gerinct\u00f6r\u00e9s kezel\u00e9se<\/td><td class=\"column-2\">330 RON<\/td>\n<\/tr>\n<tr class=\"row-97 odd\">\n\t<td class=\"column-1\">Az alveol\u00e1ris gerinct\u00f6r\u00e9s kezel\u00e9se<\/td><td class=\"column-2\">330 RON<\/td>\n<\/tr>\n<tr class=\"row-98 even\">\n\t<td class=\"column-1\">Az \u00e1llkapocsficam kezel\u00e9se \u00e9s redukci\u00f3ja<\/td><td class=\"column-2\">200 RON<\/td>\n<\/tr>\n<tr class=\"row-99 odd\">\n\t<td class=\"column-1\">Fogh\u00faz\u00e1si balesetek \u00e9s sz\u00f6v\u0151dm\u00e9nyek kezel\u00e9se<\/td><td class=\"column-2\">150-300 RON<\/td>\n<\/tr>\n<tr class=\"row-100 even\">\n\t<td class=\"column-1\">Ny\u00e1lk\u0151 elt\u00e1vol\u00edt\u00e1sa<\/td><td class=\"column-2\">200 RON<\/td>\n<\/tr>\n<tr class=\"row-101 odd\">\n\t<td class=\"column-1\">Seb\u00e9szeti beavatkoz\u00e1sok az integumentumon a maxillofaci\u00e1lis szf\u00e9r\u00e1ban<\/td><td class=\"column-2\">150-500 RON<\/td>\n<\/tr>\n<\/tbody>\n<\/table>\n<!-- #tablepress-4 from cache --><\/p><\/div>\n\n\n\t<div class=\"fw-divider-space\" style=\"margin-top: 50px;\"><\/div>\n    <\/div>\n<\/div>\n<div  id=\"column-415cc2c\" class=\"fw-column fw-column col-xs-12 col-md-2\" >\n\n\t<div class=\"column-overlay\"><\/div>\n\n\t<div class=\"fw-column-inner\">\n\n\t<div class=\"fw-divider-space\" style=\"margin-top: 50px;\"><\/div>\n    <\/div>\n<\/div>\n\t\t<\/div>\n\t<\/div>\n<\/section>","protected":false},"excerpt":{"rendered":"<p>Lista de pre\u021buri stomatologie Diagnostic Consultatie70 RON Consultatie de specialitate OMF90 RON Profilaxie Periaj profesional100 RON Detartraj ultrasonic \/ o<\/p>","protected":false},"author":1,"featured_media":0,"parent":3188,"menu_order":0,"comment_status":"closed","ping_status":"closed","template":"","meta":{"footnotes":""},"class_list":["post-3248","page","type-page","status-publish","hentry"],"yoast_head":"<!-- This site is optimized with the Yoast SEO plugin v24.9 - https:\/\/yoast.com\/wordpress\/plugins\/seo\/ -->\n<title>Pre\u021buri stomatologie T\u00e2rgu Mure\u0219 | Clinica Chirodermatologie<\/title>\n<meta name=\"description\" content=\"Descoper\u0103 pre\u021buri stomatologie T\u00e2rgu Mure\u0219: consulta\u021bii, implant dentar, detartraj, albire \u2013 servicii moderne la Chirodermatologie.\" \/>\n<meta name=\"robots\" content=\"index, follow, max-snippet:-1, max-image-preview:large, max-video-preview:-1\" \/>\n<link rel=\"canonical\" href=\"https:\/\/chirodermatologie.ro\/hu\/lista-de-preturi-chirodermatologie-mures\/stomatologie-mures\/\" \/>\n<meta property=\"og:locale\" content=\"hu_HU\" \/>\n<meta property=\"og:type\" content=\"article\" \/>\n<meta property=\"og:title\" content=\"Pre\u021buri stomatologie T\u00e2rgu Mure\u0219 | Clinica Chirodermatologie\" \/>\n<meta property=\"og:description\" content=\"Descoper\u0103 pre\u021buri stomatologie T\u00e2rgu Mure\u0219: consulta\u021bii, implant dentar, detartraj, albire \u2013 servicii moderne la Chirodermatologie.\" \/>\n<meta property=\"og:url\" content=\"https:\/\/chirodermatologie.ro\/hu\/lista-de-preturi-chirodermatologie-mures\/stomatologie-mures\/\" \/>\n<meta property=\"og:site_name\" content=\"Chirodermatologie\" \/>\n<meta property=\"article:publisher\" content=\"https:\/\/www.facebook.com\/Chirodermatologie\/?ref=pages_you_manage\" \/>\n<meta property=\"article:modified_time\" content=\"2026-04-23T05:51:41+00:00\" \/>\n<meta name=\"twitter:card\" content=\"summary_large_image\" \/>\n<script type=\"application\/ld+json\" class=\"yoast-schema-graph\">{\"@context\":\"https:\/\/schema.org\",\"@graph\":[{\"@type\":\"WebPage\",\"@id\":\"https:\/\/chirodermatologie.ro\/lista-de-preturi-chirodermatologie-mures\/stomatologie-mures\/\",\"url\":\"https:\/\/chirodermatologie.ro\/lista-de-preturi-chirodermatologie-mures\/stomatologie-mures\/\",\"name\":\"Pre\u021buri stomatologie T\u00e2rgu Mure\u0219 | Clinica Chirodermatologie\",\"isPartOf\":{\"@id\":\"https:\/\/chirodermatologie.ro\/#website\"},\"datePublished\":\"2021-06-16T09:38:40+00:00\",\"dateModified\":\"2026-04-23T05:51:41+00:00\",\"description\":\"Descoper\u0103 pre\u021buri stomatologie T\u00e2rgu Mure\u0219: consulta\u021bii, implant dentar, detartraj, albire \u2013 servicii moderne la Chirodermatologie.\",\"breadcrumb\":{\"@id\":\"https:\/\/chirodermatologie.ro\/lista-de-preturi-chirodermatologie-mures\/stomatologie-mures\/#breadcrumb\"},\"inLanguage\":\"hu\",\"potentialAction\":[{\"@type\":\"ReadAction\",\"target\":[\"https:\/\/chirodermatologie.ro\/lista-de-preturi-chirodermatologie-mures\/stomatologie-mures\/\"]}]},{\"@type\":\"BreadcrumbList\",\"@id\":\"https:\/\/chirodermatologie.ro\/lista-de-preturi-chirodermatologie-mures\/stomatologie-mures\/#breadcrumb\",\"itemListElement\":[{\"@type\":\"ListItem\",\"position\":1,\"name\":\"Home\",\"item\":\"https:\/\/chirodermatologie.ro\/\"},{\"@type\":\"ListItem\",\"position\":2,\"name\":\"Lista de pre\u021buri\",\"item\":\"https:\/\/chirodermatologie.ro\/lista-de-preturi-chirodermatologie-mures\/\"},{\"@type\":\"ListItem\",\"position\":3,\"name\":\"Stomatologie\"}]},{\"@type\":\"WebSite\",\"@id\":\"https:\/\/chirodermatologie.ro\/#website\",\"url\":\"https:\/\/chirodermatologie.ro\/\",\"name\":\"Chirodermatologie\",\"description\":\"Chirodermatologie\",\"publisher\":{\"@id\":\"https:\/\/chirodermatologie.ro\/#organization\"},\"potentialAction\":[{\"@type\":\"SearchAction\",\"target\":{\"@type\":\"EntryPoint\",\"urlTemplate\":\"https:\/\/chirodermatologie.ro\/?s={search_term_string}\"},\"query-input\":{\"@type\":\"PropertyValueSpecification\",\"valueRequired\":true,\"valueName\":\"search_term_string\"}}],\"inLanguage\":\"hu\"},{\"@type\":\"Organization\",\"@id\":\"https:\/\/chirodermatologie.ro\/#organization\",\"name\":\"Chirodermatologie\",\"url\":\"https:\/\/chirodermatologie.ro\/\",\"logo\":{\"@type\":\"ImageObject\",\"inLanguage\":\"hu\",\"@id\":\"https:\/\/chirodermatologie.ro\/#\/schema\/logo\/image\/\",\"url\":\"https:\/\/chirodermatologie.ro\/wp-content\/uploads\/2021\/12\/DERMA_LOGO-1.png\",\"contentUrl\":\"https:\/\/chirodermatologie.ro\/wp-content\/uploads\/2021\/12\/DERMA_LOGO-1.png\",\"width\":1000,\"height\":1000,\"caption\":\"Chirodermatologie\"},\"image\":{\"@id\":\"https:\/\/chirodermatologie.ro\/#\/schema\/logo\/image\/\"},\"sameAs\":[\"https:\/\/www.facebook.com\/Chirodermatologie\/?ref=pages_you_manage\",\"https:\/\/www.instagram.com\/chirodermatologie\/\"]}]}<\/script>\n<!-- \/ Yoast SEO plugin. -->","yoast_head_json":{"title":"Pre\u021buri stomatologie T\u00e2rgu Mure\u0219 | Clinica Chirodermatologie","description":"Descoper\u0103 pre\u021buri stomatologie T\u00e2rgu Mure\u0219: consulta\u021bii, implant dentar, detartraj, albire \u2013 servicii moderne la Chirodermatologie.","robots":{"index":"index","follow":"follow","max-snippet":"max-snippet:-1","max-image-preview":"max-image-preview:large","max-video-preview":"max-video-preview:-1"},"canonical":"https:\/\/chirodermatologie.ro\/hu\/lista-de-preturi-chirodermatologie-mures\/stomatologie-mures\/","og_locale":"hu_HU","og_type":"article","og_title":"Pre\u021buri stomatologie T\u00e2rgu Mure\u0219 | Clinica Chirodermatologie","og_description":"Descoper\u0103 pre\u021buri stomatologie T\u00e2rgu Mure\u0219: consulta\u021bii, implant dentar, detartraj, albire \u2013 servicii moderne la Chirodermatologie.","og_url":"https:\/\/chirodermatologie.ro\/hu\/lista-de-preturi-chirodermatologie-mures\/stomatologie-mures\/","og_site_name":"Chirodermatologie","article_publisher":"https:\/\/www.facebook.com\/Chirodermatologie\/?ref=pages_you_manage","article_modified_time":"2026-04-23T05:51:41+00:00","twitter_card":"summary_large_image","schema":{"@context":"https:\/\/schema.org","@graph":[{"@type":"WebPage","@id":"https:\/\/chirodermatologie.ro\/lista-de-preturi-chirodermatologie-mures\/stomatologie-mures\/","url":"https:\/\/chirodermatologie.ro\/lista-de-preturi-chirodermatologie-mures\/stomatologie-mures\/","name":"Pre\u021buri stomatologie T\u00e2rgu Mure\u0219 | Clinica Chirodermatologie","isPartOf":{"@id":"https:\/\/chirodermatologie.ro\/#website"},"datePublished":"2021-06-16T09:38:40+00:00","dateModified":"2026-04-23T05:51:41+00:00","description":"Descoper\u0103 pre\u021buri stomatologie T\u00e2rgu Mure\u0219: consulta\u021bii, implant dentar, detartraj, albire \u2013 servicii moderne la Chirodermatologie.","breadcrumb":{"@id":"https:\/\/chirodermatologie.ro\/lista-de-preturi-chirodermatologie-mures\/stomatologie-mures\/#breadcrumb"},"inLanguage":"hu","potentialAction":[{"@type":"ReadAction","target":["https:\/\/chirodermatologie.ro\/lista-de-preturi-chirodermatologie-mures\/stomatologie-mures\/"]}]},{"@type":"BreadcrumbList","@id":"https:\/\/chirodermatologie.ro\/lista-de-preturi-chirodermatologie-mures\/stomatologie-mures\/#breadcrumb","itemListElement":[{"@type":"ListItem","position":1,"name":"Home","item":"https:\/\/chirodermatologie.ro\/"},{"@type":"ListItem","position":2,"name":"Lista de pre\u021buri","item":"https:\/\/chirodermatologie.ro\/lista-de-preturi-chirodermatologie-mures\/"},{"@type":"ListItem","position":3,"name":"Stomatologie"}]},{"@type":"WebSite","@id":"https:\/\/chirodermatologie.ro\/#website","url":"https:\/\/chirodermatologie.ro\/","name":"Chirodermatologie","description":"Chirodermatologie","publisher":{"@id":"https:\/\/chirodermatologie.ro\/#organization"},"potentialAction":[{"@type":"SearchAction","target":{"@type":"EntryPoint","urlTemplate":"https:\/\/chirodermatologie.ro\/?s={search_term_string}"},"query-input":{"@type":"PropertyValueSpecification","valueRequired":true,"valueName":"search_term_string"}}],"inLanguage":"hu"},{"@type":"Organization","@id":"https:\/\/chirodermatologie.ro\/#organization","name":"Chirodermatologie","url":"https:\/\/chirodermatologie.ro\/","logo":{"@type":"ImageObject","inLanguage":"hu","@id":"https:\/\/chirodermatologie.ro\/#\/schema\/logo\/image\/","url":"https:\/\/chirodermatologie.ro\/wp-content\/uploads\/2021\/12\/DERMA_LOGO-1.png","contentUrl":"https:\/\/chirodermatologie.ro\/wp-content\/uploads\/2021\/12\/DERMA_LOGO-1.png","width":1000,"height":1000,"caption":"Chirodermatologie"},"image":{"@id":"https:\/\/chirodermatologie.ro\/#\/schema\/logo\/image\/"},"sameAs":["https:\/\/www.facebook.com\/Chirodermatologie\/?ref=pages_you_manage","https:\/\/www.instagram.com\/chirodermatologie\/"]}]}},"_links":{"self":[{"href":"https:\/\/chirodermatologie.ro\/hu\/wp-json\/wp\/v2\/pages\/3248","targetHints":{"allow":["GET"]}}],"collection":[{"href":"https:\/\/chirodermatologie.ro\/hu\/wp-json\/wp\/v2\/pages"}],"about":[{"href":"https:\/\/chirodermatologie.ro\/hu\/wp-json\/wp\/v2\/types\/page"}],"author":[{"embeddable":true,"href":"https:\/\/chirodermatologie.ro\/hu\/wp-json\/wp\/v2\/users\/1"}],"replies":[{"embeddable":true,"href":"https:\/\/chirodermatologie.ro\/hu\/wp-json\/wp\/v2\/comments?post=3248"}],"version-history":[{"count":4,"href":"https:\/\/chirodermatologie.ro\/hu\/wp-json\/wp\/v2\/pages\/3248\/revisions"}],"predecessor-version":[{"id":3262,"href":"https:\/\/chirodermatologie.ro\/hu\/wp-json\/wp\/v2\/pages\/3248\/revisions\/3262"}],"up":[{"embeddable":true,"href":"https:\/\/chirodermatologie.ro\/hu\/wp-json\/wp\/v2\/pages\/3188"}],"wp:attachment":[{"href":"https:\/\/chirodermatologie.ro\/hu\/wp-json\/wp\/v2\/media?parent=3248"}],"curies":[{"name":"wp","href":"https:\/\/api.w.org\/{rel}","templated":true}]}}