{"id":3180,"date":"2021-06-07T06:04:28","date_gmt":"2021-06-07T06:04:28","guid":{"rendered":"https:\/\/chirodermatologie.ro\/?page_id=3180"},"modified":"2025-10-17T12:39:22","modified_gmt":"2025-10-17T09:39:22","slug":"vreau-o-programare","status":"publish","type":"page","link":"https:\/\/chirodermatologie.ro\/hu\/vreau-o-programare\/","title":{"rendered":"Szeretn\u00e9k id\u0151pontot k\u00e9rni!"},"content":{"rendered":"<section class=\"fw-main-row  ls section_padding_top_0 section_padding_bottom_0 columns_padding_15\" style=\"\" >\n\t<div class=\"container\">\n\t\t<div class=\"row\">\n\t\t\t<div  id=\"column-1eac962\" class=\"fw-column fw-column col-xs-12\" >\n\n\t<div class=\"column-overlay\"><\/div>\n\n\t<div class=\"fw-column-inner\"><div class=\"text-center\">\n\t<h3 class=\"section_header\">\n\t<span class=\"\">\n\t\tSzeretn\u00e9k id\u0151pontot k\u00e9rni!\t<\/span>\n\t<\/h3>\n<\/div>\n\t<div class=\"fw-divider-line\"><hr\/><\/div>\n\n\n<div class=\"text-block\">\n\t<div style=\"margin-top: 25px;\">Pentru program\u0103ri, v\u0103 rug\u0103m s\u0103 ne trimite\u021bi un e-mail la adresa <a href=\"mailto:office@chirodermatologie.ro\">office@chirodermatologie.ro<\/a> cu data \u0219i ora dorit\u0103, preciz\u00e2nd serviciul pe care \u00eel solicita\u021bi, iar noi v\u0103 vom contacta \u00een cel mai scurt timp pentru confirmare.<\/div><\/div>\n    <\/div>\n<\/div>\n\t\t<\/div>\n\t<\/div>\n<\/section>","protected":false},"excerpt":{"rendered":"<p>Vreau o programare! Pentru program\u0103ri, v\u0103 rug\u0103m s\u0103 ne trimite\u021bi un e-mail la adresa office@chirodermatologie.ro cu data \u0219i ora dorit\u0103,<\/p>","protected":false},"author":1,"featured_media":0,"parent":0,"menu_order":0,"comment_status":"closed","ping_status":"closed","template":"","meta":{"footnotes":""},"class_list":["post-3180","page","type-page","status-publish","hentry"],"yoast_head":"<!-- This site is optimized with the Yoast SEO plugin v24.9 - https:\/\/yoast.com\/wordpress\/plugins\/seo\/ -->\n<title>Vreau o programare! - Chirodermatologie<\/title>\n<meta name=\"description\" content=\"Vreau o programare! - Chirodermatologie.\" \/>\n<meta name=\"robots\" content=\"index, follow, max-snippet:-1, max-image-preview:large, max-video-preview:-1\" \/>\n<link rel=\"canonical\" href=\"https:\/\/chirodermatologie.ro\/hu\/vreau-o-programare\/\" \/>\n<meta property=\"og:locale\" content=\"hu_HU\" \/>\n<meta property=\"og:type\" content=\"article\" \/>\n<meta property=\"og:title\" content=\"Vreau o programare! - Chirodermatologie\" \/>\n<meta property=\"og:description\" content=\"Vreau o programare! - Chirodermatologie.\" \/>\n<meta property=\"og:url\" content=\"https:\/\/chirodermatologie.ro\/hu\/vreau-o-programare\/\" \/>\n<meta property=\"og:site_name\" content=\"Chirodermatologie\" \/>\n<meta property=\"article:publisher\" content=\"https:\/\/www.facebook.com\/Chirodermatologie\/?ref=pages_you_manage\" \/>\n<meta property=\"article:modified_time\" content=\"2025-10-17T09:39:22+00:00\" \/>\n<meta name=\"twitter:card\" content=\"summary_large_image\" \/>\n<script type=\"application\/ld+json\" class=\"yoast-schema-graph\">{\"@context\":\"https:\/\/schema.org\",\"@graph\":[{\"@type\":\"WebPage\",\"@id\":\"https:\/\/chirodermatologie.ro\/vreau-o-programare\/\",\"url\":\"https:\/\/chirodermatologie.ro\/vreau-o-programare\/\",\"name\":\"Vreau o programare! - Chirodermatologie\",\"isPartOf\":{\"@id\":\"https:\/\/chirodermatologie.ro\/#website\"},\"datePublished\":\"2021-06-07T06:04:28+00:00\",\"dateModified\":\"2025-10-17T09:39:22+00:00\",\"description\":\"Vreau o programare! - Chirodermatologie.\",\"breadcrumb\":{\"@id\":\"https:\/\/chirodermatologie.ro\/vreau-o-programare\/#breadcrumb\"},\"inLanguage\":\"hu\",\"potentialAction\":[{\"@type\":\"ReadAction\",\"target\":[\"https:\/\/chirodermatologie.ro\/vreau-o-programare\/\"]}]},{\"@type\":\"BreadcrumbList\",\"@id\":\"https:\/\/chirodermatologie.ro\/vreau-o-programare\/#breadcrumb\",\"itemListElement\":[{\"@type\":\"ListItem\",\"position\":1,\"name\":\"Home\",\"item\":\"https:\/\/chirodermatologie.ro\/\"},{\"@type\":\"ListItem\",\"position\":2,\"name\":\"Vreau o programare!\"}]},{\"@type\":\"WebSite\",\"@id\":\"https:\/\/chirodermatologie.ro\/#website\",\"url\":\"https:\/\/chirodermatologie.ro\/\",\"name\":\"Chirodermatologie\",\"description\":\"Chirodermatologie\",\"publisher\":{\"@id\":\"https:\/\/chirodermatologie.ro\/#organization\"},\"potentialAction\":[{\"@type\":\"SearchAction\",\"target\":{\"@type\":\"EntryPoint\",\"urlTemplate\":\"https:\/\/chirodermatologie.ro\/?s={search_term_string}\"},\"query-input\":{\"@type\":\"PropertyValueSpecification\",\"valueRequired\":true,\"valueName\":\"search_term_string\"}}],\"inLanguage\":\"hu\"},{\"@type\":\"Organization\",\"@id\":\"https:\/\/chirodermatologie.ro\/#organization\",\"name\":\"Chirodermatologie\",\"url\":\"https:\/\/chirodermatologie.ro\/\",\"logo\":{\"@type\":\"ImageObject\",\"inLanguage\":\"hu\",\"@id\":\"https:\/\/chirodermatologie.ro\/#\/schema\/logo\/image\/\",\"url\":\"https:\/\/chirodermatologie.ro\/wp-content\/uploads\/2021\/12\/DERMA_LOGO-1.png\",\"contentUrl\":\"https:\/\/chirodermatologie.ro\/wp-content\/uploads\/2021\/12\/DERMA_LOGO-1.png\",\"width\":1000,\"height\":1000,\"caption\":\"Chirodermatologie\"},\"image\":{\"@id\":\"https:\/\/chirodermatologie.ro\/#\/schema\/logo\/image\/\"},\"sameAs\":[\"https:\/\/www.facebook.com\/Chirodermatologie\/?ref=pages_you_manage\",\"https:\/\/www.instagram.com\/chirodermatologie\/\"]}]}<\/script>\n<!-- \/ Yoast SEO plugin. -->","yoast_head_json":{"title":"Vreau o programare! - Chirodermatologie","description":"Vreau o programare! - Chirodermatologie.","robots":{"index":"index","follow":"follow","max-snippet":"max-snippet:-1","max-image-preview":"max-image-preview:large","max-video-preview":"max-video-preview:-1"},"canonical":"https:\/\/chirodermatologie.ro\/hu\/vreau-o-programare\/","og_locale":"hu_HU","og_type":"article","og_title":"Vreau o programare! - Chirodermatologie","og_description":"Vreau o programare! - Chirodermatologie.","og_url":"https:\/\/chirodermatologie.ro\/hu\/vreau-o-programare\/","og_site_name":"Chirodermatologie","article_publisher":"https:\/\/www.facebook.com\/Chirodermatologie\/?ref=pages_you_manage","article_modified_time":"2025-10-17T09:39:22+00:00","twitter_card":"summary_large_image","schema":{"@context":"https:\/\/schema.org","@graph":[{"@type":"WebPage","@id":"https:\/\/chirodermatologie.ro\/vreau-o-programare\/","url":"https:\/\/chirodermatologie.ro\/vreau-o-programare\/","name":"Vreau o programare! - Chirodermatologie","isPartOf":{"@id":"https:\/\/chirodermatologie.ro\/#website"},"datePublished":"2021-06-07T06:04:28+00:00","dateModified":"2025-10-17T09:39:22+00:00","description":"Vreau o programare! - Chirodermatologie.","breadcrumb":{"@id":"https:\/\/chirodermatologie.ro\/vreau-o-programare\/#breadcrumb"},"inLanguage":"hu","potentialAction":[{"@type":"ReadAction","target":["https:\/\/chirodermatologie.ro\/vreau-o-programare\/"]}]},{"@type":"BreadcrumbList","@id":"https:\/\/chirodermatologie.ro\/vreau-o-programare\/#breadcrumb","itemListElement":[{"@type":"ListItem","position":1,"name":"Home","item":"https:\/\/chirodermatologie.ro\/"},{"@type":"ListItem","position":2,"name":"Vreau o programare!"}]},{"@type":"WebSite","@id":"https:\/\/chirodermatologie.ro\/#website","url":"https:\/\/chirodermatologie.ro\/","name":"Chirodermatologie","description":"Chirodermatologie","publisher":{"@id":"https:\/\/chirodermatologie.ro\/#organization"},"potentialAction":[{"@type":"SearchAction","target":{"@type":"EntryPoint","urlTemplate":"https:\/\/chirodermatologie.ro\/?s={search_term_string}"},"query-input":{"@type":"PropertyValueSpecification","valueRequired":true,"valueName":"search_term_string"}}],"inLanguage":"hu"},{"@type":"Organization","@id":"https:\/\/chirodermatologie.ro\/#organization","name":"Chirodermatologie","url":"https:\/\/chirodermatologie.ro\/","logo":{"@type":"ImageObject","inLanguage":"hu","@id":"https:\/\/chirodermatologie.ro\/#\/schema\/logo\/image\/","url":"https:\/\/chirodermatologie.ro\/wp-content\/uploads\/2021\/12\/DERMA_LOGO-1.png","contentUrl":"https:\/\/chirodermatologie.ro\/wp-content\/uploads\/2021\/12\/DERMA_LOGO-1.png","width":1000,"height":1000,"caption":"Chirodermatologie"},"image":{"@id":"https:\/\/chirodermatologie.ro\/#\/schema\/logo\/image\/"},"sameAs":["https:\/\/www.facebook.com\/Chirodermatologie\/?ref=pages_you_manage","https:\/\/www.instagram.com\/chirodermatologie\/"]}]}},"_links":{"self":[{"href":"https:\/\/chirodermatologie.ro\/hu\/wp-json\/wp\/v2\/pages\/3180","targetHints":{"allow":["GET"]}}],"collection":[{"href":"https:\/\/chirodermatologie.ro\/hu\/wp-json\/wp\/v2\/pages"}],"about":[{"href":"https:\/\/chirodermatologie.ro\/hu\/wp-json\/wp\/v2\/types\/page"}],"author":[{"embeddable":true,"href":"https:\/\/chirodermatologie.ro\/hu\/wp-json\/wp\/v2\/users\/1"}],"replies":[{"embeddable":true,"href":"https:\/\/chirodermatologie.ro\/hu\/wp-json\/wp\/v2\/comments?post=3180"}],"version-history":[{"count":12,"href":"https:\/\/chirodermatologie.ro\/hu\/wp-json\/wp\/v2\/pages\/3180\/revisions"}],"predecessor-version":[{"id":4786,"href":"https:\/\/chirodermatologie.ro\/hu\/wp-json\/wp\/v2\/pages\/3180\/revisions\/4786"}],"wp:attachment":[{"href":"https:\/\/chirodermatologie.ro\/hu\/wp-json\/wp\/v2\/media?parent=3180"}],"curies":[{"name":"wp","href":"https:\/\/api.w.org\/{rel}","templated":true}]}}