{"id":3170,"date":"2021-06-07T05:55:51","date_gmt":"2021-06-07T05:55:51","guid":{"rendered":"https:\/\/chirodermatologie.ro\/?page_id=3170"},"modified":"2024-11-19T09:13:54","modified_gmt":"2024-11-19T07:13:54","slug":"clinica-de-dermatologie-targu-mures-2","status":"publish","type":"page","link":"https:\/\/chirodermatologie.ro\/hu\/clinica-de-dermatologie-targu-mures-2\/","title":{"rendered":"Adatv\u00e9delmi t\u00e1j\u00e9koztat\u00f3"},"content":{"rendered":"<section class=\"fw-main-row  ls section_padding_top_0 section_padding_bottom_0 columns_padding_15\" style=\"\" >\n\t<div class=\"container\">\n\t\t<div class=\"row\">\n\t\t\t<div  id=\"column-6e7bcdd\" class=\"fw-column fw-column col-xs-12\" >\n\n\t<div class=\"column-overlay\"><\/div>\n\n\t<div class=\"fw-column-inner\"><div class=\"text-center\">\n\t<h3 class=\"section_header\">\n\t<span class=\"\">\n\t\tAdatv\u00e9delmi t\u00e1j\u00e9koztat\u00f3\t<\/span>\n\t<\/h3>\n<\/div>\n\t<div class=\"fw-divider-line\"><hr\/><\/div>\n\n\n<div class=\"text-block\">\n\t<h2>INTRODUCERE<\/h2><p>Cabinetul Medical Chiroderma (SC CHIRODERMATOLOGIE SRL, cu sediul \u00een mun.T\u00e2rgu Mure\u0219, str.Bolyai nr.16, jud.Mure\u0219, CIF 37701270, J26\/1002\/2017) prelucreaz\u0103 datele dumneavoastr\u0103 cu caracter personal prin mijloace automatizate \u0219i manuale, doar \u00een scopuri legale, \u00een conformitate cu Regulamentul UE 2016\/679 al Parlamentului European \u0219i al Consiliului din 27 aprilie 2016, respectiv \u00een baza legisla\u021biei na\u021bional\u0103 \u00een vigoare privind protec\u021bia \u0219i securitatea datelor personale (Legea nr.190\/2018).<\/p><h2>CE DATE PERSONALE COLECT\u0102M PRIN SITE-UL NOSTRU<\/h2><p>Categoriile de date cu caracter personal ce sunt supuse prelucr\u0103rii de c\u0103tre noi sunt, f\u0103r\u0103 a avea caracter exhaustiv, urm\u0103toarele: nume, prenume, CNP, seria \u0219i nr. CI\/Pa\u0219aport\/buletin, data \u0219i locul na\u0219terii, cet\u0103\u0163enia, semn\u0103tura, domiciliul, profesie, loc de munc\u0103, formare profesional\u0103, asigur\u0103ri de s\u0103n\u0103tate \u0219i sociale, date bancare, situa\u0163ia medical\u0103, informa\u021bii medicale, sau alte informa\u021bii necesare prest\u0103rii serviciilor medicale comandate de Dvs.<\/p><p>Cabinetul Medical Chiroderma colecteaz\u0103 \u0219i o serie de informa\u0163ii care nu au caracter obligatoriu (de ex. adresa de email, num\u0103rul de telefon) \u00een vederea \u00eembun\u0103t\u0103\u0163irii procesului de comunicare. \u00cen cazul cursurilor online, prelucr\u0103m \u0219i date privind imaginea, cum ar fi imagini\/fotografii sau \u00eenregistr\u0103ri video.<\/p><p>Datele cu caracter personal sunt preluate de la urm\u0103toarele categorii de persoane fizice: pacien\u021bi, p\u0103rin\u021bi, reprezentan\u021bi legali, al\u021bi membri ai familiei, parteneri.<\/p><h2>SCOPURILE \u0218I BAZA LEGAL\u0102 A PRELUCR\u0102RILOR<\/h2><p>\u00cen conformitate cu legisla\u0163ia na\u0163ional\u0103 (Legea 102\/2005, modificat\u0103 \u0219i completat\u0103, Legea nr. 190\/2018, Legea nr. 506\/2004) \u015fi european\u0103 (Regulamentul 2016\/679\/UE, Directiva 2016\/680\/CE, Directiva 2002\/58\/CE) \u00een vigoare, Cabinetul Medical Chiroderma are obliga\u0163ia de a administra \u00een condi\u0163ii de siguran\u0163\u0103 \u015fi numai pentru scopurile specificate, datele personale care \u00eei sunt furnizate.<\/p><p>Cabinetul Medical Chiroderma prelucreaz\u0103 datele dumneavoastr\u0103 cu caracter personal \u00een conformitate cu prevederile GDPR, \u00een calitate de operator, \u00een scopul derul\u0103rii urm\u0103toarelor activit\u0103\u021bi:<\/p><ul><li><u>Prestarea activit\u0103\u021bilor \u0219i serviciilor medicale descrise \u00een detaliu pe website-ul nostru.<\/u><\/li><\/ul><p>Din punct de vedere al Regulamentului UE 679\/2016, fiecare prelucrare a datelor cu caracter personal \u00eendepline\u0219te una din urm\u0103toarele condi\u021bii:<\/p><ul><li><u>persoana vizat\u0103 \u0219i-a dat consim\u0163\u0103m\u00e2ntul<\/u>;<\/li><li>este necesar\u0103 pentru executarea unui contract sau pentru a face demersuri la cererea persoanei vizate \u00eenainte de sau dup\u0103 \u00eencheierea unui contract;<\/li><li>este necesar\u0103 \u00een vederea \u00eendeplinirii obliga\u0163iei legale care \u00eei revine Cabinetului Medical Chiroderma: prestarea activit\u0103\u021bilor \u0219i serviciilor medicale descrise pe website;<\/li><li>este necesar\u0103 pentru \u00eendeplinirea unei sarcini de\/\u00een interes public;<\/li><li>este necesar\u0103 \u00een scopul intereselor legitime urm\u0103rite de Chiroderma.<\/li><\/ul><p><span style=\"text-decoration: underline;\">Refuzul dvs. determin\u0103 imposibilitatea prest\u0103rii serviciilor medicale mai sus descrise.<\/span><\/p><p>Odat\u0103 cu trimiterea unei comenzi de programare, accepta\u021bi at\u00e2t Termenii \u0219i condi\u021biile, c\u00e2t \u0219i Politica de prelucrare a datelor cu caracter personal\/Politica de confiden\u021bialitate a clinicii Chiroderma.<\/p><p>Informa\u021biile \u00eenregistrate sunt destinate utiliz\u0103rii de c\u0103tre operator, \u0219i sunt comunicate, la cerere, numai urm\u0103torilor destinatari: Casa Na\u021bional\u0103 de Asigurare de S\u0103n\u0103tate, Casa Jude\u021bean\u0103 de Asigurare de S\u0103n\u0103tate Mure\u0219, Ministerul S\u0103n\u0103t\u0103\u021bii Publice, DSP, Administra\u021bia Finan\u021belor Publice, precum \u0219i, \u00een anumite cazuri, partenerilor \u0219i \u00eemputernici\u021bilor contractuali ai SC Chirodermatologie SRL.<\/p><p>Informa\u0163iile prelucrate de c\u0103tre Cabinetul Medical Chiroderma NU vor fi dezv\u0103luite c\u0103tre ter\u0163e p\u0103r\u0163i pentru a fi utilizate \u00een propriile scopuri de marketing sau comerciale ale acestora, f\u0103r\u0103 consim\u0163\u0103m\u00e2ntul expres al persoanei vizate.<\/p><h2>CE DREPTURI AVE\u021aI CU PRIVIRE LA PRELUCRAREA DATELOR DVS.<\/h2><p>Protect\u0326ia persoanelor fizice i\u0302n ceea ce prives\u0326te prelucrarea datelor cu caracter personal este un drept fundamental. Articolul 8 alineatul (1) din Carta drepturilor fundamentale a Uniunii Europene (\u201ecart\u0103\u201d) s\u0326i articolul 16 alinea tul (1) din Tratatul privind funct\u0326ionarea Uniunii Europene (TFUE) preva\u0306d dreptul orica\u0306rei persoane la protect\u0326ia datelor cu caracter personal care o privesc.<\/p><p>Drepturile persoanelor vizate privind protec\u021bia persoanelor cu privire la prelucrarea datelor cu caracter personal \u0219i libera circula\u021bie a acestor date sunt:<\/p><p><strong>Dreptul la informare<\/strong>\u00a0\u2013 \u00eenseamn\u0103 c\u0103 trebuie s\u0103 \u0219titi dac\u0103 datele dvs. personale sunt procesate; ce date sunt colectate, de unde sunt ob\u021binute, de ce \u0219i de cine sunt prelucrate.<\/p><p><strong>Dreptul de acces<\/strong>\u00a0\u2013\u00a0 inseamna ca aveti dreptul de a accesa datele colectate de la \/ despre dvs. Aceasta include dreptul dvs. de a solicita si de a obtine o copie a datelor dvs. personale culese.<\/p><p><strong>Dreptul la actualizare\/rectificare<\/strong>\u00a0\u2013\u00a0 inseamna aveti dreptul de a solicita rectificarea sau stergerea datelor dumneavoastra personale, care sunt inexacte sau incomplete.<\/p><p><strong>Dreptul de stergere<\/strong>\u00a0\u2013 inseamna ca in anumite circumstante puteti cere ca datele dvs. personale sa fie sterse din inregistrarile noastre.<\/p><p><strong>Dreptul de a restrictiona procesarea<\/strong>\u00a0\u2013\u00a0 in anumite conditii, aveti dreptul sa restrictionati procesarea datelor dvs. personale.<\/p><p><strong>Dreptul de a se opune procesarii<\/strong> \u2013 in anumite cazuri aveti dreptul sa va opuneti procesarii datelor dvs. personale<\/p><p><strong>Dreptul de a se opune prelucrarii automate<\/strong>\u00a0\u2013\u00a0 inseamna ca aveti dreptul sa faceti obiectii fata de procesarea automata, inclusiv de profilare; si sa nu faca obiectul unei decizii bazate exclusiv pe prelucrarea automata. Acest drept poate fi exercitat ori de cate ori exista un rezultat al profilarii care produce efecte juridice care te afecteaza sau te afecteaza in mod semnificativ.<\/p><p><strong>Dreptul la portabilitatea datelor<\/strong>\u00a0\u2013 aveti dreptul sa obtineti datele dvs. personale intr-un format adecvat sau, daca este posibil ca transfer direct de la un procesator la altul<\/p><p><strong>Dreptul de a depune o plangere<\/strong> \u2013 in cazul in care refuzam cererea dvs. in baza\u00a0drepturilor de acces, va vom oferi un motiv de ce. Daca nu sunteti multumit de modul in care a fost tratata solicitarea dvs., va rugam sa ne contactati.<\/p><p><strong>Dreptul de ajutor\u00a0de la\u00a0autoritatea de supraveghere<\/strong>\u00a0\u2013\u00a0 aveti dreptul la ajutorul unei autoritati de supraveghere si dreptul la alte cai de atac, cum ar fi solicitarea de despagubiri.<\/p><p><strong>Dreptul de a v\u0103 adresa justi\u021biei.<\/strong><\/p><p><strong>Dreptul de a retrage consimtamantul<\/strong> \u2013 aveti dreptul retrage orice acord dat de prelucrare a datelor dumneavoastra personale.<\/p><p>Prin trimiterea unei cereri\/comenzi de programare, respectiv prin furnizarea unor informa\u021bii cu caracter personal prin intermediul site-ului, sunte\u021bi implicit de acord cu prelucrarea acestor date, \u00een conformitate cu prevederile legale, \u0219i \u00een scopurile mai sus ar\u0103tate.<\/p><p>Pentru exercitarea drepturilor care v\u0103 revin conform legii, v\u0103 pute\u021bi adresa cu o cerere scris\u0103, datat\u0103 \u0219i semnat\u0103 la: office@chirodermatologie.ro<\/p><p>De asemenea, pentru a reclama nerespectarea drepturilor garantate de lege, v\u0103 pute\u021bi adresa Autorit\u0103\u021bii Na\u021bionale de Supraveghere a Prelucr\u0103rii Datelor cu Caracter Personal sau\/\u0219i instan\u021belor de judecat\u0103. Model de pl\u00e2ngere pute\u021bi g\u0103si la adresa Autorit\u0103\u021bii Na\u021bionale de Supraveghere a Prelucr\u0103rii Datelor cu Caracter Personal: http:\/\/dataprotection.ro.<\/p><p>Pentru mai multe detalii \u0219i informa\u021bii v\u0103 pute\u021bi adresa Autorit\u0103\u021bii Na\u021bionale de Supraveghere a Prelucr\u0103rii Datelor cu Caracter Personal: Bld. Magheru, nr. 28-30, Sector 1, Bucure\u0219ti, Telefon: (+4) 0318 059 211, Fax: (+4) 0318 059 602, E-mail: anspdcp@dataprotection.ro, Web: http:\/\/dataprotection.ro.<\/p><h2>CUM PROTEJ\u0102M INFORMA\u021aIILE CONFIDEN\u021aIALE COLECTATE<\/h2><p>Informa\u0163iile colectate despre dumneavoastr\u0103 sunt p\u0103strate \u00een form\u0103 scris\u0103 \u0219i\/sau \u00een form\u0103 electronic\u0103. Ne asigur\u0103m c\u0103 informa\u0163iile pe care le de\u021binem sunt p\u0103strate \u00een loca\u0163ii sigure, cu un nivel de securitate adecvat \u0219i cu accesul permis doar personalului autorizat.<\/p><p>De asemenea, ne asigur\u0103m c\u0103 persoanele \u00eemputernicite sunt obligate din punct de vedere contractual s\u0103 implementeze m\u0103suri tehnice \u0219i organizatorice de protec\u0163ie a datelor, \u00een cazul \u00een care datele prelucrate de acestea identifica sau ar putea identifica o persoan\u0103.<\/p><p>\u00cen special, am implementat urm\u0103toarele m\u0103suri tehnice \u0219i organizatorice de asigurare a securit\u0103\u021bii datelor cu caracter personal:<\/p><p>(i) <strong>Minimizarea datelor.<\/strong> Ne-am asigurat c\u0103 datele dumneavoastr\u0103 cu caracter personal pe care le prelucr\u0103m sunt limitate la cele care sunt necesare, adecvate \u0219i relevante pentru scopurile declarate \u00een aceast\u0103 not\u0103.<\/p><p>(ii) <strong>Restr\u00e2ngerea accesului la date.<\/strong> Restr\u00e2ngem cu stricte\u021be accesul la datele cu caracter personal pe care le prelucr\u0103m la angaja\u021bii, colaboratorii \u0219i alte persoane care au nevoie s\u0103 le acceseze pentru a le putea prelucra pentru noi. Toate aceste companii \u0219i persoane fizice sunt supuse unor obliga\u021bii stricte de confiden\u021bialitate \u0219i nu vom ezita s\u0103 \u00eei tragem la r\u0103spundere \u0219i s\u0103 \u00eencet\u0103m colaborarea cu ei \u00een cazul \u00een care nu se conformeaz\u0103 politicilor privind protec\u021bia datelor dumneavoastr\u0103 \u0219i ale altor persoane.<\/p><p>(iii) <strong>M\u0103suri tehnice specifice.<\/strong> Am achizi\u021bionat \u0219i utiliz\u0103m tehnologii care s\u0103 asigure c\u0103 securitatea datelor lor este protejat\u0103. Adopt\u0103m m\u0103suri ncesare \u00een vederea protec\u021biei datelor cu caracter personal \u00eempotriva pierderii, utiliz\u0103rii abuzive \u0219i accesului neautorizat, divulg\u0103rii, modific\u0103rii sau distrugerii.<\/p><p>(iv) <strong>Instruirea personalului.<\/strong> Ne instruim \u0219i test\u0103m constant angaja\u021bii \u0219i colaboratorii cu privire la legisla\u021bia \u0219i cele mai bune practici \u00een domeniul prelucr\u0103rii datelor cu caracter personal.<\/p><p>(v) <strong>Anonimizarea datelor.<\/strong> Acolo unde este posibil \u0219i adecvat activit\u0103\u021bii noastre, anonimiz\u0103m\/pseudoanonimizam datele cu caracter personal pe care le prelucr\u0103m, astfel \u00eenc\u00e2t s\u0103 nu mai putem identifica persoanele la care acestea se refer\u0103.<\/p><h2>SEMNIFIC\u021aIA UNOR TERMENI FOLOSI\u021aI \u00ceN CUPRINSUL PREZENTEI NOTE<\/h2><p>Ce \u00eenseamn\u0103 prelucrare de date cu caracter personal?<\/p><p>Prelucrare de date cu caracter personal \u00eenseamn\u0103 orice opera\u021biune sau set de opera\u021biuni efectuate asupra datelor cu caracter personal sau asupra seturilor de date cu caracter personal, cu sau f\u0103r\u0103 utilizarea de mijloace automatizate, cum ar fi colectarea, \u00eenregistrarea, organizarea, structurarea, stocarea, adaptarea sau modificarea, extragerea, consultarea, utilizarea, divulgarea prin transmitere, diseminarea sau punerea la dispozi\u021bie \u00een orice alt mod, alinierea sau combinarea, restric\u021bionarea, \u0219tergerea sau distrugerea.<\/p><p>Ce \u00eenseamn\u0103 date cu caracter personal?<\/p><p>Date cu caracter personal \u00eenseamn\u0103 orice informa\u021bii privind o persoan\u0103 fizic\u0103 identificat\u0103 sau identificabil\u0103 (\u201epersoana vizat\u0103\u201d); o persoan\u0103 fizic\u0103 identificabil\u0103 este o persoan\u0103 care poate fi identificat\u0103, direct sau indirect, \u00een special prin referire la un element de identificare, cum ar fi un nume, un num\u0103r de identificare, date de localizare, un identificator online, sau la unul sau mai multe elemente specifice, proprii identit\u0103\u021bii sale fizice, fiziologice, genetice, psihice, economice, culturale sau sociale.<\/p><p>Ce \u00eenseamn\u0103 operator de date cu caracter personal?<\/p><p>Operator de date cu caracter personal \u00eenseamn\u0103 persoana fizic\u0103 sau juridic\u0103, autoritatea public\u0103, agen\u021bia sau alt organism care, singur sau \u00eempreun\u0103 cu al\u021bii, stabile\u0219te scopurile \u0219i mijloacele de prelucrare a datelor cu caracter personal.<\/p><p>Ce \u00eenseamn\u0103 Persoan\u0103 \u00eemputernicit\u0103?<\/p><p>Persoana fizic\u0103 sau juridic\u0103, autoritate sau alt organism care singur sau \u00eempreun\u0103 cu altele decide de ce (\u00een ce scop) \u015fi cum (prin ce mijloace) sunt prelucrate datele cu caracter personal. Potrivit legii, r\u0103spunderea pentru respectarea legisla\u0163iei referitoare la datele cu caracter personal revine \u00een primul r\u00e2nd operatorului. \u00cen rela\u021bia cu dumneavoastr\u0103, noi suntem operatorul, iar dumneavoastr\u0103 sunte\u021bi persoana vizat\u0103.<\/p><p>Ce \u00eenseamn\u0103 Persoan\u0103 vizat\u0103?<\/p><p>Persoana vizat\u0103 este persoana fizic\u0103 la care se refer\u0103 (c\u0103reia \u00eei \u201eapar\u021bin\u201d) anumite date cu caracter personal. \u00cen rela\u021bia cu noi (operatorul), dumneavoastr\u0103 sunte\u021bi persoana vizat\u0103.<\/p><h2>POLITICA FI\u0218IERELOR COOKIE<\/h2><p>Directiva UE 2009\/136\/EC stipuleaz\u0103 c\u0103 putem stoca cookie-uri pe computerul dumneavoastr\u0103, dac\u0103 acestea sunt esen\u0163iale pentru opera\u0163iunile de pe site, dar c\u0103 pentru alte scopuri este nevoie de permisiunea dumneavoastr\u0103.<\/p><p>Cookie-ul este un fi\u0219ier de mici dimensiuni, format din litere \u0219i numere, care va fi stocat pe computerul, terminalul mobil sau alte echipamente ale unui utilizator de pe care se acceseaz\u0103 internetul. Cookie-ul este instalat prin solicitarea emis\u0103 de c\u0103tre terminalul utilizatorului c\u0103tre un server de-al nostru sau c\u0103tre un server al unei ter\u021be p\u0103r\u021bi.<\/p><p>Aceste fi\u0219iere fac posibil\u0103 \u00een principal recunoa\u0219terea terminalului utilizatorului \u0219i prezentarea con\u021binutului \u00eentr-un mod relevant, adaptat preferin\u021belor utilizatorului. Cookie-urile asigur\u0103 utilizatorilor o experien\u021b\u0103 pl\u0103cut\u0103 de navigare \u0219i sus\u021bin eforturile noastre pentru a oferi servicii adaptate utilizatorilor.<\/p><p>Website-ul nostru folose\u015fte cookies strict necesare pentru func\u0163ionarea optim\u0103 a websiteului.<\/p><\/div>\n    <\/div>\n<\/div>\n\t\t<\/div>\n\t<\/div>\n<\/section>","protected":false},"excerpt":{"rendered":"<p>Politica de Confiden\u021bialitate INTRODUCERECabinetul Medical Chiroderma (SC CHIRODERMATOLOGIE SRL, cu sediul \u00een mun.T\u00e2rgu Mure\u0219, str.Bolyai nr.16, jud.Mure\u0219, CIF 37701270, J26\/1002\/2017)<\/p>","protected":false},"author":1,"featured_media":0,"parent":0,"menu_order":0,"comment_status":"closed","ping_status":"closed","template":"","meta":{"footnotes":""},"class_list":["post-3170","page","type-page","status-publish","hentry"],"yoast_head":"<!-- This site is optimized with the Yoast SEO plugin v24.9 - https:\/\/yoast.com\/wordpress\/plugins\/seo\/ -->\n<title>Clinica de dermatologie Targu Mures - Chirodermatologie<\/title>\n<meta name=\"description\" content=\"Clinica de dermatologie Targu Mures - chirodermatologie - Dermatologie Mures, medici specialisti in dermatologie. - Chirodermatologie.ro\" \/>\n<meta name=\"robots\" content=\"index, follow, max-snippet:-1, max-image-preview:large, max-video-preview:-1\" \/>\n<link rel=\"canonical\" href=\"https:\/\/chirodermatologie.ro\/hu\/clinica-de-dermatologie-targu-mures-2\/\" \/>\n<meta property=\"og:locale\" content=\"hu_HU\" \/>\n<meta property=\"og:type\" content=\"article\" \/>\n<meta property=\"og:title\" content=\"Clinica de dermatologie Targu Mures - Chirodermatologie\" \/>\n<meta property=\"og:description\" content=\"Clinica de dermatologie Targu Mures - chirodermatologie - Dermatologie Mures, medici specialisti in dermatologie. - Chirodermatologie.ro\" \/>\n<meta property=\"og:url\" content=\"https:\/\/chirodermatologie.ro\/hu\/clinica-de-dermatologie-targu-mures-2\/\" \/>\n<meta property=\"og:site_name\" content=\"Chirodermatologie\" \/>\n<meta property=\"article:publisher\" content=\"https:\/\/www.facebook.com\/Chirodermatologie\/?ref=pages_you_manage\" \/>\n<meta property=\"article:modified_time\" content=\"2024-11-19T07:13:54+00:00\" \/>\n<meta name=\"twitter:card\" content=\"summary_large_image\" \/>\n<meta name=\"twitter:label1\" content=\"Becs\u00fclt olvas\u00e1si id\u0151\" \/>\n\t<meta name=\"twitter:data1\" content=\"10 perc\" \/>\n<script type=\"application\/ld+json\" class=\"yoast-schema-graph\">{\"@context\":\"https:\/\/schema.org\",\"@graph\":[{\"@type\":\"WebPage\",\"@id\":\"https:\/\/chirodermatologie.ro\/clinica-de-dermatologie-targu-mures-2\/\",\"url\":\"https:\/\/chirodermatologie.ro\/clinica-de-dermatologie-targu-mures-2\/\",\"name\":\"Clinica de dermatologie Targu Mures - Chirodermatologie\",\"isPartOf\":{\"@id\":\"https:\/\/chirodermatologie.ro\/#website\"},\"datePublished\":\"2021-06-07T05:55:51+00:00\",\"dateModified\":\"2024-11-19T07:13:54+00:00\",\"description\":\"Clinica de dermatologie Targu Mures - chirodermatologie - Dermatologie Mures, medici specialisti in dermatologie. - Chirodermatologie.ro\",\"breadcrumb\":{\"@id\":\"https:\/\/chirodermatologie.ro\/clinica-de-dermatologie-targu-mures-2\/#breadcrumb\"},\"inLanguage\":\"hu\",\"potentialAction\":[{\"@type\":\"ReadAction\",\"target\":[\"https:\/\/chirodermatologie.ro\/clinica-de-dermatologie-targu-mures-2\/\"]}]},{\"@type\":\"BreadcrumbList\",\"@id\":\"https:\/\/chirodermatologie.ro\/clinica-de-dermatologie-targu-mures-2\/#breadcrumb\",\"itemListElement\":[{\"@type\":\"ListItem\",\"position\":1,\"name\":\"Home\",\"item\":\"https:\/\/chirodermatologie.ro\/\"},{\"@type\":\"ListItem\",\"position\":2,\"name\":\"Politica de Confiden\u021bialitate\"}]},{\"@type\":\"WebSite\",\"@id\":\"https:\/\/chirodermatologie.ro\/#website\",\"url\":\"https:\/\/chirodermatologie.ro\/\",\"name\":\"Chirodermatologie\",\"description\":\"Chirodermatologie\",\"publisher\":{\"@id\":\"https:\/\/chirodermatologie.ro\/#organization\"},\"potentialAction\":[{\"@type\":\"SearchAction\",\"target\":{\"@type\":\"EntryPoint\",\"urlTemplate\":\"https:\/\/chirodermatologie.ro\/?s={search_term_string}\"},\"query-input\":{\"@type\":\"PropertyValueSpecification\",\"valueRequired\":true,\"valueName\":\"search_term_string\"}}],\"inLanguage\":\"hu\"},{\"@type\":\"Organization\",\"@id\":\"https:\/\/chirodermatologie.ro\/#organization\",\"name\":\"Chirodermatologie\",\"url\":\"https:\/\/chirodermatologie.ro\/\",\"logo\":{\"@type\":\"ImageObject\",\"inLanguage\":\"hu\",\"@id\":\"https:\/\/chirodermatologie.ro\/#\/schema\/logo\/image\/\",\"url\":\"https:\/\/chirodermatologie.ro\/wp-content\/uploads\/2021\/12\/DERMA_LOGO-1.png\",\"contentUrl\":\"https:\/\/chirodermatologie.ro\/wp-content\/uploads\/2021\/12\/DERMA_LOGO-1.png\",\"width\":1000,\"height\":1000,\"caption\":\"Chirodermatologie\"},\"image\":{\"@id\":\"https:\/\/chirodermatologie.ro\/#\/schema\/logo\/image\/\"},\"sameAs\":[\"https:\/\/www.facebook.com\/Chirodermatologie\/?ref=pages_you_manage\",\"https:\/\/www.instagram.com\/chirodermatologie\/\"]}]}<\/script>\n<!-- \/ Yoast SEO plugin. -->","yoast_head_json":{"title":"Clinica de dermatologie Targu Mures - Chirodermatologie","description":"Clinica de dermatologie Targu Mures - chirodermatologie - Dermatologie Mures, medici specialisti in dermatologie. - Chirodermatologie.ro","robots":{"index":"index","follow":"follow","max-snippet":"max-snippet:-1","max-image-preview":"max-image-preview:large","max-video-preview":"max-video-preview:-1"},"canonical":"https:\/\/chirodermatologie.ro\/hu\/clinica-de-dermatologie-targu-mures-2\/","og_locale":"hu_HU","og_type":"article","og_title":"Clinica de dermatologie Targu Mures - Chirodermatologie","og_description":"Clinica de dermatologie Targu Mures - chirodermatologie - Dermatologie Mures, medici specialisti in dermatologie. - Chirodermatologie.ro","og_url":"https:\/\/chirodermatologie.ro\/hu\/clinica-de-dermatologie-targu-mures-2\/","og_site_name":"Chirodermatologie","article_publisher":"https:\/\/www.facebook.com\/Chirodermatologie\/?ref=pages_you_manage","article_modified_time":"2024-11-19T07:13:54+00:00","twitter_card":"summary_large_image","twitter_misc":{"Becs\u00fclt olvas\u00e1si id\u0151":"10 perc"},"schema":{"@context":"https:\/\/schema.org","@graph":[{"@type":"WebPage","@id":"https:\/\/chirodermatologie.ro\/clinica-de-dermatologie-targu-mures-2\/","url":"https:\/\/chirodermatologie.ro\/clinica-de-dermatologie-targu-mures-2\/","name":"Clinica de dermatologie Targu Mures - Chirodermatologie","isPartOf":{"@id":"https:\/\/chirodermatologie.ro\/#website"},"datePublished":"2021-06-07T05:55:51+00:00","dateModified":"2024-11-19T07:13:54+00:00","description":"Clinica de dermatologie Targu Mures - chirodermatologie - Dermatologie Mures, medici specialisti in dermatologie. - Chirodermatologie.ro","breadcrumb":{"@id":"https:\/\/chirodermatologie.ro\/clinica-de-dermatologie-targu-mures-2\/#breadcrumb"},"inLanguage":"hu","potentialAction":[{"@type":"ReadAction","target":["https:\/\/chirodermatologie.ro\/clinica-de-dermatologie-targu-mures-2\/"]}]},{"@type":"BreadcrumbList","@id":"https:\/\/chirodermatologie.ro\/clinica-de-dermatologie-targu-mures-2\/#breadcrumb","itemListElement":[{"@type":"ListItem","position":1,"name":"Home","item":"https:\/\/chirodermatologie.ro\/"},{"@type":"ListItem","position":2,"name":"Politica de Confiden\u021bialitate"}]},{"@type":"WebSite","@id":"https:\/\/chirodermatologie.ro\/#website","url":"https:\/\/chirodermatologie.ro\/","name":"Chirodermatologie","description":"Chirodermatologie","publisher":{"@id":"https:\/\/chirodermatologie.ro\/#organization"},"potentialAction":[{"@type":"SearchAction","target":{"@type":"EntryPoint","urlTemplate":"https:\/\/chirodermatologie.ro\/?s={search_term_string}"},"query-input":{"@type":"PropertyValueSpecification","valueRequired":true,"valueName":"search_term_string"}}],"inLanguage":"hu"},{"@type":"Organization","@id":"https:\/\/chirodermatologie.ro\/#organization","name":"Chirodermatologie","url":"https:\/\/chirodermatologie.ro\/","logo":{"@type":"ImageObject","inLanguage":"hu","@id":"https:\/\/chirodermatologie.ro\/#\/schema\/logo\/image\/","url":"https:\/\/chirodermatologie.ro\/wp-content\/uploads\/2021\/12\/DERMA_LOGO-1.png","contentUrl":"https:\/\/chirodermatologie.ro\/wp-content\/uploads\/2021\/12\/DERMA_LOGO-1.png","width":1000,"height":1000,"caption":"Chirodermatologie"},"image":{"@id":"https:\/\/chirodermatologie.ro\/#\/schema\/logo\/image\/"},"sameAs":["https:\/\/www.facebook.com\/Chirodermatologie\/?ref=pages_you_manage","https:\/\/www.instagram.com\/chirodermatologie\/"]}]}},"_links":{"self":[{"href":"https:\/\/chirodermatologie.ro\/hu\/wp-json\/wp\/v2\/pages\/3170","targetHints":{"allow":["GET"]}}],"collection":[{"href":"https:\/\/chirodermatologie.ro\/hu\/wp-json\/wp\/v2\/pages"}],"about":[{"href":"https:\/\/chirodermatologie.ro\/hu\/wp-json\/wp\/v2\/types\/page"}],"author":[{"embeddable":true,"href":"https:\/\/chirodermatologie.ro\/hu\/wp-json\/wp\/v2\/users\/1"}],"replies":[{"embeddable":true,"href":"https:\/\/chirodermatologie.ro\/hu\/wp-json\/wp\/v2\/comments?post=3170"}],"version-history":[{"count":9,"href":"https:\/\/chirodermatologie.ro\/hu\/wp-json\/wp\/v2\/pages\/3170\/revisions"}],"predecessor-version":[{"id":4308,"href":"https:\/\/chirodermatologie.ro\/hu\/wp-json\/wp\/v2\/pages\/3170\/revisions\/4308"}],"wp:attachment":[{"href":"https:\/\/chirodermatologie.ro\/hu\/wp-json\/wp\/v2\/media?parent=3170"}],"curies":[{"name":"wp","href":"https:\/\/api.w.org\/{rel}","templated":true}]}}