{"id":226,"date":"2016-08-01T11:52:11","date_gmt":"2016-08-01T11:52:11","guid":{"rendered":"https:\/\/chirodermatologie.ro\/?page_id=226"},"modified":"2025-10-15T08:20:57","modified_gmt":"2025-10-15T05:20:57","slug":"contact","status":"publish","type":"page","link":"https:\/\/chirodermatologie.ro\/hu\/contact\/","title":{"rendered":"Kapcsolat"},"content":{"rendered":"<p><section class=\"fw-main-row  ls section_padding_top_15 section_padding_bottom_5 columns_padding_25\" style=\"\" >\n\t<div class=\"container\">\n\t\t<div class=\"row\">\n\t\t\t<div  id=\"column-ab049e2\" class=\"fw-column fw-column col-xs-12\" >\n\n\t<div class=\"column-overlay\"><\/div>\n\n\t<div class=\"fw-column-inner\"><div class=\"text-center\">\n\t<h2 class=\"section_header\">\n\t<span class=\"\">\n\t\tKapcsolat\t<\/span>\n\t<\/h2>\n<\/div>\n\n\n\t<div class=\"fw-divider-space\" style=\"margin-top: 50px;\"><\/div>\n<div class=\"text-left\">\n\t<h3 class=\"section_header translation-block\"><span class=\"thin\">\n\t\t<strong>Kapcsolattart\u00e1si<\/strong> inform\u00e1ci\u00f3k<\/span><\/h3>\n<\/div>\n    <\/div>\n<\/div>\n\t\t<\/div>\n\t<\/div>\n<\/section>\n<section class=\"fw-main-row  ls section_padding_top_15 section_padding_bottom_15 columns_padding_25 custom-flex-box\" style=\"\" >\n\t<div class=\"container\">\n\t\t<div class=\"row\">\n\t\t\t<div  id=\"column-25ba994\" class=\"fw-column fw-column col-xs-12 col-md-3 custom-box\" >\n\n\t<div class=\"column-overlay\"><\/div>\n\n\t<div class=\"fw-column-inner\">\t<div class=\"media small-teaser shortcode-icon\">\n\t\t\t\t\t<div class=\"media-left\">\n\t\t\t\t<div class=\"icon-wrap\">\n\t\t\t\t\t<i class=\"rt-icon2-location highlight fontsize_18\"><\/i>\n\t\t\t\t<\/div>\n\t\t\t<\/div>\n\t\t\t\t<div class=\"media-body\">\n\t\t<span class=\"title\">\n\t\t\tStr. Bolyai, Nr. 16, Ap. 6, T\u00e2rgu Mure\u0219\t\t<\/span>\n\t\t<span class=\"text\">\n\t\t\t\t\t<\/span>\n\t\t<\/div>\n\t<\/div>\n\t    <\/div>\n<\/div>\n<div  id=\"column-5a4899f\" class=\"fw-column fw-column col-xs-12 col-md-3 custom-box\" >\n\n\t<div class=\"column-overlay\"><\/div>\n\n\t<div class=\"fw-column-inner\">\t<div class=\"media small-teaser shortcode-icon\">\n\t\t\t\t\t<div class=\"media-left\">\n\t\t\t\t<div class=\"icon-wrap\">\n\t\t\t\t\t<i class=\"rt-icon2-envelope-o highlight fontsize_18\"><\/i>\n\t\t\t\t<\/div>\n\t\t\t<\/div>\n\t\t\t\t<div class=\"media-body\">\n\t\t<span class=\"title\">\n\t\t\t<a href='mailto:office@chirodermatologie.ro'>office@chirodermatologie.ro<\/a>\t\t<\/span>\n\t\t<span class=\"text\">\n\t\t\t\t\t<\/span>\n\t\t<\/div>\n\t<\/div>\n\t    <\/div>\n<\/div>\n<div  id=\"column-b552ca4\" class=\"fw-column fw-column col-xs-12 col-md-3 custom-box\" >\n\n\t<div class=\"column-overlay\"><\/div>\n\n\t<div class=\"fw-column-inner\">\t<div class=\"media small-teaser shortcode-icon\">\n\t\t\t\t\t<div class=\"media-left\">\n\t\t\t\t<div class=\"icon-wrap\">\n\t\t\t\t\t<i class=\"rt-icon2-phone highlight fontsize_18\"><\/i>\n\t\t\t\t<\/div>\n\t\t\t<\/div>\n\t\t\t\t<div class=\"media-body\">\n\t\t<span class=\"title\">\n\t\t\t<a href='tel:0728024983'>0728 024 983<\/a>\t\t<\/span>\n\t\t<span class=\"text\">\n\t\t\t\t\t<\/span>\n\t\t<\/div>\n\t<\/div>\n\t    <\/div>\n<\/div>\n<div  id=\"column-0188a2f\" class=\"fw-column fw-column col-xs-12 col-md-3 custom-box\" >\n\n\t<div class=\"column-overlay\"><\/div>\n\n\t<div class=\"fw-column-inner\">\t<div class=\"media small-teaser shortcode-icon\">\n\t\t\t\t\t<div class=\"media-left\">\n\t\t\t\t<div class=\"icon-wrap\">\n\t\t\t\t\t<i class=\"rt-icon2-time highlight fontsize_18\"><\/i>\n\t\t\t\t<\/div>\n\t\t\t<\/div>\n\t\t\t\t<div class=\"media-body\">\n\t\t<span class=\"title\">\n\t\t\tH\u00e9tf\u0151-p\u00e9ntek: 8:00-20:00\t\t<\/span>\n\t\t<span class=\"text\">\n\t\t\t\t\t<\/span>\n\t\t<\/div>\n\t<\/div>\n\t    <\/div>\n<\/div>\n\t\t<\/div>\n\t<\/div>\n<\/section>\n<section class=\"fw-main-row  ls section_padding_top_15 section_padding_bottom_15 columns_padding_25 custom-section\" style=\"\" >\n\t<div class=\"container\">\n\t\t<div class=\"row\">\n\t\t\t<div  id=\"column-5259b10\" class=\"fw-column fw-column col-xs-12 col-md-6 to_animate\" data-animation=\"slideUp\">\n\n\t<div class=\"column-overlay\"><\/div>\n\n\t<div class=\"fw-column-inner\"><div class=\"text-left\">\n\t<h3 class=\"section_header translation-block\"><span class=\"thin\">\n\t\t<strong>Helysz\u00edn<\/strong> a t\u00e9rk\u00e9pen\t<\/span><\/h3>\n<\/div>\n\n\n\t<div class=\"fw-divider-space\" style=\"margin-top: 50px;\"><\/div>\n<div class=\"text-block\">\n\t<p><iframe src=\"https:\/\/www.google.com\/maps\/embed?pb=!1m18!1m12!1m3!1d2744.230079573514!2d24.56162095143504!3d46.54313526871996!2m3!1f0!2f0!3f0!3m2!1i1024!2i768!4f13.1!3m3!1m2!1s0x474bb7acaa47c83d%3A0xf05f82fb23fdb241!2sChirodermatologie-%20Dr.%20Szava%20Andrea!5e0!3m2!1sro!2sro!4v1623836150969!5m2!1sro!2sro\" width=\"100%\" height=\"450\" style=\"border:0;\" allowfullscreen=\"\" loading=\"lazy\"><\/iframe><\/p><\/div>\n    <\/div>\n<\/div>\n<div  id=\"column-8465c19\" class=\"fw-column fw-column col-xs-12 col-md-6 to_animate\" data-animation=\"slideUp\">\n\n\t<div class=\"column-overlay\"><\/div>\n\n\t<div class=\"fw-column-inner\"><div class=\"text-left\">\n\t<h3 class=\"section_header translation-block\"><span class=\"thin\">\n\t\t<strong>Kapcsolat<\/strong> \u0171rlap<\/span><\/h3>\n<\/div>\n\n\n\t<div class=\"fw-divider-space\" style=\"margin-top: 15px;\"><\/div>\n<div class=\"text-block\">\n\t<p style=\"text-align: center;\"><div role=\"form\" class=\"wpcf7\" id=\"wpcf7-f3169-o1\" lang=\"en-US\" dir=\"ltr\">\n<div class=\"screen-reader-response\"><p role=\"status\" aria-live=\"polite\" aria-atomic=\"true\"><\/p> <ul><\/ul><\/div>\n<form action=\"\/hu\/wp-json\/wp\/v2\/pages\/226#wpcf7-f3169-o1\" method=\"post\" class=\"wpcf7-form init\" novalidate=\"novalidate\" data-status=\"init\" data-trp-original-action=\"\/hu\/wp-json\/wp\/v2\/pages\/226#wpcf7-f3169-o1\">\n<div style=\"display: none;\">\n<input type=\"hidden\" name=\"_wpcf7\" value=\"3169\" \/>\n<input type=\"hidden\" name=\"_wpcf7_version\" value=\"5.4.1\" \/>\n<input type=\"hidden\" name=\"_wpcf7_locale\" value=\"en_US\" \/>\n<input type=\"hidden\" name=\"_wpcf7_unit_tag\" value=\"wpcf7-f3169-o1\" \/>\n<input type=\"hidden\" name=\"_wpcf7_container_post\" value=\"0\" \/>\n<input type=\"hidden\" name=\"_wpcf7_posted_data_hash\" value=\"\" \/>\n<input type=\"hidden\" name=\"_wpcf7_recaptcha_response\" value=\"\" \/>\n<\/div>\n<p><span class=\"wpcf7-form-control-wrap your-name\"><input type=\"text\" name=\"your-name\" value=\"\" size=\"40\" class=\"wpcf7-form-control wpcf7-text wpcf7-validates-as-required\" aria-required=\"true\" aria-invalid=\"false\" placeholder=\"N\u00e9v\" \/><\/span><\/p>\n<p>    <span class=\"wpcf7-form-control-wrap your-email\"><input type=\"email\" name=\"your-email\" value=\"\" size=\"40\" class=\"wpcf7-form-control wpcf7-text wpcf7-email wpcf7-validates-as-required wpcf7-validates-as-email\" aria-required=\"true\" aria-invalid=\"false\" placeholder=\"E-mail\" \/><\/span> <\/p>\n<p>    <span class=\"wpcf7-form-control-wrap your-subject\"><input type=\"text\" name=\"your-subject\" value=\"\" size=\"40\" class=\"wpcf7-form-control wpcf7-text\" aria-invalid=\"false\" placeholder=\"T\u00e1rgy\" \/><\/span> <\/p>\n<p>    <span class=\"wpcf7-form-control-wrap your-message\"><textarea name=\"your-message\" cols=\"40\" rows=\"10\" class=\"wpcf7-form-control wpcf7-textarea wpcf7-validates-as-required\" aria-required=\"true\" aria-invalid=\"false\" placeholder=\"\u00dczenet\"><\/textarea><\/span><\/p>\n<p><span class=\"wpcf7-form-control-wrap acceptance-368\"><span class=\"wpcf7-form-control wpcf7-acceptance\"><span class=\"wpcf7-list-item\"><label><input type=\"checkbox\" name=\"acceptance-368\" value=\"1\" aria-invalid=\"false\" \/><span class=\"wpcf7-list-item-label\">Elolvastam \u00e9s egyet\u00e9rtek a <a href=\"https:\/\/chirodermatologie.ro\/hu\/politica-de-confidentialitate\/\">Adatv\u00e9delmi t\u00e1j\u00e9koztat\u00f3<\/a>.<\/span><\/label><\/span><\/span><\/span><\/p>\n<p><input type=\"submit\" value=\"K\u00fcldje el\" class=\"wpcf7-form-control wpcf7-submit\" \/><\/p>\n<div class=\"wpcf7-response-output\" aria-hidden=\"true\"><\/div><input type=\"hidden\" name=\"trp-form-language\" value=\"hu\"\/><\/form><\/div><\/p><\/div>\n    <\/div>\n<\/div>\n\t\t<\/div>\n\t<\/div>\n<\/section>\n<section class=\"fw-main-row  ls section_padding_top_50 section_padding_bottom_50 columns_padding_15\" style=\"\" >\n\t<div class=\"container\">\n\t\t<div class=\"row\">\n\t\t\t<div  id=\"column-7c7c063\" class=\"fw-column fw-column col-xs-12\" >\n\n\t<div class=\"column-overlay\"><\/div>\n\n\t<div class=\"fw-column-inner\"><div class=\"text-block\">\n\t<p><span style=\"font-weight: 400;\">La <a href=\"https:\/\/www.facebook.com\/Chirodermatologie\">Chiroderma<\/a>, b\u00fcszk\u00e9k vagyunk arra, hogy egy neves orvoscsal\u00e1d tagjai vagyunk, mind Marosv\u00e1s\u00e1rhelyen, mind Erd\u00e9lyben. Mivel ezt a st\u00e1tuszt \u00e9vekig meg akartuk \u0151rizni, \u00fagy d\u00f6nt\u00f6tt\u00fcnk, hogy c\u00e9lszer\u0171 egy t\u00f6bbc\u00e9l\u00fa klinik\u00e1t l\u00e9trehozni annak \u00e9rdek\u00e9ben, hogy p\u00e1cienseinknek csal\u00e1dias l\u00e9gk\u00f6rben, kellemes \u00e9s mindenekel\u0151tt megb\u00edzhat\u00f3, \u00e1tfog\u00f3, magas sz\u00ednvonal\u00fa orvosi szolg\u00e1ltat\u00e1sokat tudjunk ny\u00fajtani. \u00cdgy 2011-ben fogorvosi rendel\u0151t hoztunk l\u00e9tre, ahol egyetlen c\u00e9lunk volt, hogy a fog\u00e1szat minden \u00e1g\u00e1t lefedj\u00fck, elm\u00e9ly\u00edtve orvosi tud\u00e1sunkat a sz\u00e1j- \u00e9s \u00e1llcsontseb\u00e9szet, endodontia, parodontol\u00f3gia, de a fogszab\u00e1lyoz\u00e1s ter\u00e9n is. Ezenfel\u00fcl l\u00e9p\u00e9sr\u0151l l\u00e9p\u00e9sre b\u0151v\u00edtett\u00fck orvosi csapatunkat \u00faj, a kiv\u00e1l\u00f3s\u00e1g szintj\u00e9n k\u00e9pzett koll\u00e9g\u00e1kkal. Hat \u00e9vvel k\u00e9s\u0151bb, 2017-ben \u00fagy d\u00f6nt\u00f6tt\u00fcnk, hogy klinik\u00e1nkon \u00faj orvosi \u00e1gakkal - nevezetesen a b\u0151rgy\u00f3gy\u00e1szattal, a b\u0151reszt\u00e9tik\u00e1val \u00e9s a kis seb\u00e9szettel - b\u0151v\u00fcl\u00fcnk. B\u0151rgy\u00f3gy\u00e1szati \u00e9s eszt\u00e9tikai szolg\u00e1ltat\u00e1sok tekintet\u00e9ben k\u00e9rj\u00fck, forduljon bizalommal az al\u00e1bbi inform\u00e1ci\u00f3khoz <\/span><span style=\"font-weight: 400;\">contact Chiroderma<\/span><span style=\"font-weight: 400;\">.<\/span><\/p><p>&nbsp;<\/p><p><span style=\"font-weight: 400;\">\u00cdgy j\u00f6tt l\u00e9tre az \u00faj b\u0151rgy\u00f3gy\u00e1szati klinika, ahol a p\u00e1ciensek kiv\u00e1l\u00f3 min\u0151s\u00e9g\u0171 szolg\u00e1ltat\u00e1sokat \u00e9lvezhetnek nagyon vonz\u00f3 \u00e1ron. Milyen orvosi szolg\u00e1ltat\u00e1sokra sz\u00e1m\u00edthat, ha hozz\u00e1nk fordul? Azok a betegek, akik a b\u0151rgy\u00f3gy\u00e1szati klinika mellett d\u00f6ntenek, olyan orvosi b\u0151rgy\u00f3gy\u00e1szati szolg\u00e1ltat\u00e1sokat vehetnek ig\u00e9nybe, mint a dermatoszk\u00f3pos vizsg\u00e1lat, krioter\u00e1pia \u00e9s elektrokauteriz\u00e1ci\u00f3. Az eszt\u00e9tikai oldalon a b\u0151rgy\u00f3gy\u00e1szati klinik\u00e1n a k\u00f6vetkez\u0151 szolg\u00e1ltat\u00e1sokat veheti ig\u00e9nybe: mikronedling mezoter\u00e1pia, plazmolifting, botox injekci\u00f3, hialuronsav injekci\u00f3, enzimter\u00e1pia, peeling, hidrabeauty \u00e9s frakcion\u00e1lt CO2 l\u00e9zerkezel\u00e9s. Ha szeretn\u00e9 ig\u00e9nybe venni ezen szolg\u00e1ltat\u00e1sok b\u00e1rmelyik\u00e9t, csak annyit kell tennie, hogy felveszi vel\u00fcnk a kapcsolatot a k\u00f6vetkez\u0151 inform\u00e1ci\u00f3k seg\u00edts\u00e9g\u00e9vel <\/span><span style=\"font-weight: 400;\">contact Chiroderma<\/span><span style=\"font-weight: 400;\">. Emellett klinik\u00e1nk a seb\u00e9szeti, eszt\u00e9tikai \u00e9s fog\u00e1szati beavatkoz\u00e1sokhoz sz\u00fcks\u00e9ges modern berendez\u00e9sek sz\u00e9les v\u00e1laszt\u00e9k\u00e1val is rendelkezik. Tov\u00e1bbra is az a f\u0151 c\u00e9lunk, hogy minden beteg\u00fcnknek magas sz\u00ednvonal\u00fa orvosi szolg\u00e1ltat\u00e1sokat ny\u00fajtsunk csal\u00e1dbar\u00e1t k\u00f6rnyezetben.<\/span><\/p><p><span style=\"font-weight: 400;\">Ha sz\u00e9les k\u00f6r\u0171 orvosi k\u00e9pzetts\u00e9ggel rendelkez\u0151 orvosokt\u00f3l szeretne orvosi szolg\u00e1ltat\u00e1sokat kapni, vegye fel vel\u00fcnk a kapcsolatot az al\u00e1bbi inform\u00e1ci\u00f3k seg\u00edts\u00e9g\u00e9vel <\/span><span style=\"font-weight: 400;\">contact Chiroderma<\/span><span style=\"font-weight: 400;\">!<\/span><\/p><\/div>\n    <\/div>\n<\/div>\n\t\t<\/div>\n\t<\/div>\n<\/section>\n<section class=\"fw-main-row  ls section_padding_top_50 section_padding_bottom_50 columns_padding_15\" style=\"\" >\n\t<div class=\"container\">\n\t\t<div class=\"row\">\n\t\t\t<div  id=\"column-952e297\" class=\"fw-column fw-column col-xs-12 text-center\" >\n\n\t<div class=\"column-overlay\"><\/div>\n\n\t<div class=\"fw-column-inner\"><img decoding=\"async\" class=\"shortcode-media-image\" src=\"\/\/chirodermatologie.ro\/wp-content\/uploads\/2021\/12\/DERMA_LOGO-1.png\" alt=\"contact chiroderma\" width=\"150\" \/>    <\/div>\n<\/div>\n\t\t<\/div>\n\t<\/div>\n<\/section>\n<\/p>","protected":false},"excerpt":{"rendered":"<p>Contact Informa\u021bii de contact Str. Bolyai, Nr. 16, Ap. 6, T\u00e2rgu Mure\u0219 office@chirodermatologie.ro 0728 024 983 Luni-Vineri: 8:00-20:00 Localizare pe<\/p>","protected":false},"author":1,"featured_media":0,"parent":0,"menu_order":0,"comment_status":"closed","ping_status":"closed","template":"page-templates\/full-width.php","meta":{"footnotes":""},"class_list":["post-226","page","type-page","status-publish","hentry"],"yoast_head":"<!-- This site is optimized with the Yoast SEO plugin v24.9 - https:\/\/yoast.com\/wordpress\/plugins\/seo\/ -->\n<title>Contact Chiroderma | Dermatologie Mures | Dermatolog Mures<\/title>\n<meta name=\"description\" content=\"Contact Chiroderma, dermatologie Targu Mures, stomatologie, estetica medicala, chirurgie. Str. Bolyai, Nr. 16, Targu Mures.\" \/>\n<meta name=\"robots\" content=\"index, follow, max-snippet:-1, max-image-preview:large, max-video-preview:-1\" \/>\n<link rel=\"canonical\" href=\"https:\/\/chirodermatologie.ro\/hu\/contact\/\" \/>\n<meta property=\"og:locale\" content=\"hu_HU\" \/>\n<meta property=\"og:type\" content=\"article\" \/>\n<meta property=\"og:title\" content=\"Contact Chiroderma | Dermatologie Mures | Dermatolog Mures\" \/>\n<meta property=\"og:description\" content=\"Contact Chiroderma, dermatologie Targu Mures, stomatologie, estetica medicala, chirurgie. Str. Bolyai, Nr. 16, Targu Mures.\" \/>\n<meta property=\"og:url\" content=\"https:\/\/chirodermatologie.ro\/hu\/contact\/\" \/>\n<meta property=\"og:site_name\" content=\"Chirodermatologie\" \/>\n<meta property=\"article:publisher\" content=\"https:\/\/www.facebook.com\/Chirodermatologie\/?ref=pages_you_manage\" \/>\n<meta property=\"article:modified_time\" content=\"2025-10-15T05:20:57+00:00\" \/>\n<meta name=\"twitter:card\" content=\"summary_large_image\" \/>\n<meta name=\"twitter:label1\" content=\"Becs\u00fclt olvas\u00e1si id\u0151\" \/>\n\t<meta name=\"twitter:data1\" content=\"2 perc\" \/>\n<script type=\"application\/ld+json\" class=\"yoast-schema-graph\">{\"@context\":\"https:\/\/schema.org\",\"@graph\":[{\"@type\":\"WebPage\",\"@id\":\"https:\/\/chirodermatologie.ro\/contact\/\",\"url\":\"https:\/\/chirodermatologie.ro\/contact\/\",\"name\":\"Contact Chiroderma | Dermatologie Mures | Dermatolog Mures\",\"isPartOf\":{\"@id\":\"https:\/\/chirodermatologie.ro\/#website\"},\"datePublished\":\"2016-08-01T11:52:11+00:00\",\"dateModified\":\"2025-10-15T05:20:57+00:00\",\"description\":\"Contact Chiroderma, dermatologie Targu Mures, stomatologie, estetica medicala, chirurgie. Str. Bolyai, Nr. 16, Targu Mures.\",\"breadcrumb\":{\"@id\":\"https:\/\/chirodermatologie.ro\/contact\/#breadcrumb\"},\"inLanguage\":\"hu\",\"potentialAction\":[{\"@type\":\"ReadAction\",\"target\":[\"https:\/\/chirodermatologie.ro\/contact\/\"]}]},{\"@type\":\"BreadcrumbList\",\"@id\":\"https:\/\/chirodermatologie.ro\/contact\/#breadcrumb\",\"itemListElement\":[{\"@type\":\"ListItem\",\"position\":1,\"name\":\"Home\",\"item\":\"https:\/\/chirodermatologie.ro\/\"},{\"@type\":\"ListItem\",\"position\":2,\"name\":\"Contact\"}]},{\"@type\":\"WebSite\",\"@id\":\"https:\/\/chirodermatologie.ro\/#website\",\"url\":\"https:\/\/chirodermatologie.ro\/\",\"name\":\"Chirodermatologie\",\"description\":\"Chirodermatologie\",\"publisher\":{\"@id\":\"https:\/\/chirodermatologie.ro\/#organization\"},\"potentialAction\":[{\"@type\":\"SearchAction\",\"target\":{\"@type\":\"EntryPoint\",\"urlTemplate\":\"https:\/\/chirodermatologie.ro\/?s={search_term_string}\"},\"query-input\":{\"@type\":\"PropertyValueSpecification\",\"valueRequired\":true,\"valueName\":\"search_term_string\"}}],\"inLanguage\":\"hu\"},{\"@type\":\"Organization\",\"@id\":\"https:\/\/chirodermatologie.ro\/#organization\",\"name\":\"Chirodermatologie\",\"url\":\"https:\/\/chirodermatologie.ro\/\",\"logo\":{\"@type\":\"ImageObject\",\"inLanguage\":\"hu\",\"@id\":\"https:\/\/chirodermatologie.ro\/#\/schema\/logo\/image\/\",\"url\":\"https:\/\/chirodermatologie.ro\/wp-content\/uploads\/2021\/12\/DERMA_LOGO-1.png\",\"contentUrl\":\"https:\/\/chirodermatologie.ro\/wp-content\/uploads\/2021\/12\/DERMA_LOGO-1.png\",\"width\":1000,\"height\":1000,\"caption\":\"Chirodermatologie\"},\"image\":{\"@id\":\"https:\/\/chirodermatologie.ro\/#\/schema\/logo\/image\/\"},\"sameAs\":[\"https:\/\/www.facebook.com\/Chirodermatologie\/?ref=pages_you_manage\",\"https:\/\/www.instagram.com\/chirodermatologie\/\"]}]}<\/script>\n<!-- \/ Yoast SEO plugin. -->","yoast_head_json":{"title":"Contact Chiroderma | Dermatologie Mures | Dermatolog Mures","description":"Contact Chiroderma, dermatologie Targu Mures, stomatologie, estetica medicala, chirurgie. Str. Bolyai, Nr. 16, Targu Mures.","robots":{"index":"index","follow":"follow","max-snippet":"max-snippet:-1","max-image-preview":"max-image-preview:large","max-video-preview":"max-video-preview:-1"},"canonical":"https:\/\/chirodermatologie.ro\/hu\/contact\/","og_locale":"hu_HU","og_type":"article","og_title":"Contact Chiroderma | Dermatologie Mures | Dermatolog Mures","og_description":"Contact Chiroderma, dermatologie Targu Mures, stomatologie, estetica medicala, chirurgie. Str. Bolyai, Nr. 16, Targu Mures.","og_url":"https:\/\/chirodermatologie.ro\/hu\/contact\/","og_site_name":"Chirodermatologie","article_publisher":"https:\/\/www.facebook.com\/Chirodermatologie\/?ref=pages_you_manage","article_modified_time":"2025-10-15T05:20:57+00:00","twitter_card":"summary_large_image","twitter_misc":{"Becs\u00fclt olvas\u00e1si id\u0151":"2 perc"},"schema":{"@context":"https:\/\/schema.org","@graph":[{"@type":"WebPage","@id":"https:\/\/chirodermatologie.ro\/contact\/","url":"https:\/\/chirodermatologie.ro\/contact\/","name":"Contact Chiroderma | Dermatologie Mures | Dermatolog Mures","isPartOf":{"@id":"https:\/\/chirodermatologie.ro\/#website"},"datePublished":"2016-08-01T11:52:11+00:00","dateModified":"2025-10-15T05:20:57+00:00","description":"Contact Chiroderma, dermatologie Targu Mures, stomatologie, estetica medicala, chirurgie. Str. Bolyai, Nr. 16, Targu Mures.","breadcrumb":{"@id":"https:\/\/chirodermatologie.ro\/contact\/#breadcrumb"},"inLanguage":"hu","potentialAction":[{"@type":"ReadAction","target":["https:\/\/chirodermatologie.ro\/contact\/"]}]},{"@type":"BreadcrumbList","@id":"https:\/\/chirodermatologie.ro\/contact\/#breadcrumb","itemListElement":[{"@type":"ListItem","position":1,"name":"Home","item":"https:\/\/chirodermatologie.ro\/"},{"@type":"ListItem","position":2,"name":"Contact"}]},{"@type":"WebSite","@id":"https:\/\/chirodermatologie.ro\/#website","url":"https:\/\/chirodermatologie.ro\/","name":"Chirodermatologie","description":"Chirodermatologie","publisher":{"@id":"https:\/\/chirodermatologie.ro\/#organization"},"potentialAction":[{"@type":"SearchAction","target":{"@type":"EntryPoint","urlTemplate":"https:\/\/chirodermatologie.ro\/?s={search_term_string}"},"query-input":{"@type":"PropertyValueSpecification","valueRequired":true,"valueName":"search_term_string"}}],"inLanguage":"hu"},{"@type":"Organization","@id":"https:\/\/chirodermatologie.ro\/#organization","name":"Chirodermatologie","url":"https:\/\/chirodermatologie.ro\/","logo":{"@type":"ImageObject","inLanguage":"hu","@id":"https:\/\/chirodermatologie.ro\/#\/schema\/logo\/image\/","url":"https:\/\/chirodermatologie.ro\/wp-content\/uploads\/2021\/12\/DERMA_LOGO-1.png","contentUrl":"https:\/\/chirodermatologie.ro\/wp-content\/uploads\/2021\/12\/DERMA_LOGO-1.png","width":1000,"height":1000,"caption":"Chirodermatologie"},"image":{"@id":"https:\/\/chirodermatologie.ro\/#\/schema\/logo\/image\/"},"sameAs":["https:\/\/www.facebook.com\/Chirodermatologie\/?ref=pages_you_manage","https:\/\/www.instagram.com\/chirodermatologie\/"]}]}},"_links":{"self":[{"href":"https:\/\/chirodermatologie.ro\/hu\/wp-json\/wp\/v2\/pages\/226","targetHints":{"allow":["GET"]}}],"collection":[{"href":"https:\/\/chirodermatologie.ro\/hu\/wp-json\/wp\/v2\/pages"}],"about":[{"href":"https:\/\/chirodermatologie.ro\/hu\/wp-json\/wp\/v2\/types\/page"}],"author":[{"embeddable":true,"href":"https:\/\/chirodermatologie.ro\/hu\/wp-json\/wp\/v2\/users\/1"}],"replies":[{"embeddable":true,"href":"https:\/\/chirodermatologie.ro\/hu\/wp-json\/wp\/v2\/comments?post=226"}],"version-history":[{"count":48,"href":"https:\/\/chirodermatologie.ro\/hu\/wp-json\/wp\/v2\/pages\/226\/revisions"}],"predecessor-version":[{"id":4624,"href":"https:\/\/chirodermatologie.ro\/hu\/wp-json\/wp\/v2\/pages\/226\/revisions\/4624"}],"wp:attachment":[{"href":"https:\/\/chirodermatologie.ro\/hu\/wp-json\/wp\/v2\/media?parent=226"}],"curies":[{"name":"wp","href":"https:\/\/api.w.org\/{rel}","templated":true}]}}