{"id":4272,"date":"2023-02-15T08:49:52","date_gmt":"2023-02-15T06:49:52","guid":{"rendered":"https:\/\/chirodermatologie.ro\/?page_id=4272"},"modified":"2026-04-23T08:51:33","modified_gmt":"2026-04-23T05:51:33","slug":"videodermatoscopie-digitala","status":"publish","type":"page","link":"https:\/\/chirodermatologie.ro\/en\/servicii-clinica-de-dermatologie-targu-mures\/videodermatoscopie-digitala\/","title":{"rendered":"Videodermatoscopie digital\u0103"},"content":{"rendered":"<p><section class=\"fw-main-row  ls section_padding_top_50 section_padding_bottom_50 columns_padding_15\" style=\"\" >\n\t<div class=\"container\">\n\t\t<div class=\"row\">\n\t\t\t<div  id=\"column-16a7ba8\" class=\"fw-column fw-column col-xs-12\" >\n\n\t<div class=\"column-overlay\"><\/div>\n\n\t<div class=\"fw-column-inner\"><div class=\"text-center\">\n\t<h3 class=\"section_header\">\n\t<span class=\"\">\n\t\tVideodermatoscopie digital\u0103\t<\/span>\n\t<\/h3>\n<\/div>\n\t<div class=\"fw-divider-line\"><hr\/><\/div>\n\n\n    <\/div>\n<\/div>\n\t\t<\/div>\n\t<\/div>\n<\/section>\n<section class=\"fw-main-row  ls section_padding_top_25 section_padding_bottom_25 columns_padding_15\" style=\"\" >\n\t<div class=\"container\">\n\t\t<div class=\"row\">\n\t\t\t<div class=\"text-block\">\n\t<p><strong>Videodermatoscopie \u2013 tehnologia cea mai avansat\u0103 pentru depistarea cancerului de piele!<\/strong><\/p><p>\u0218tii c\u00e2\u021bi oameni mor \u00een fiecare \u00een zi \u00een lume din cauza melanomului, una dintre cele mai ucig\u0103toare forme de cancer? Peste 55.000 de persoane \u00ee\u0219i pierd via\u021ba anual din cauza lui! Cu ajutorul t\u0103u \u0219i folosind tehnologia de azi ne putem asigura c\u0103 nu o s\u0103 faci parte dintre ei!<\/p><p>Nimeni nu ar trebui s\u0103 moar\u0103 de melanom \u00een zilele noastre! Pielea este organul cel mai u\u0219or supus examin\u0103rii, astfel \u00eenc\u00e2t folosindu-ne de videodermatoscopie (cea mai avansat\u0103 tehnologie \u00een depistarea cancerului de piele), putem identifica precoce orice leziune suspect\u0103 sau la risc de a se modifica \u0219i s\u0103 o \u00eendep\u0103rt\u0103m \u00een timp util.<\/p><p>Depistarea precoce a melanomului asigur\u0103 o rat\u0103 de supravie\u021buire de peste 95% deoarece este excizat \u00eenainte de a se \u00eentinde la alte organe.<\/p><h4><strong>V\u0103 oferim primul sistem de videodermatoscopie Molemax HD din Targu- Mures!<\/strong><\/h4><p>Cel mai performant sistem video de dermatoscopie disponibil \u2013 MoleMax HD ofer\u0103 o gam\u0103 larg\u0103 de caracteristici construite cu o camer\u0103 Full HD de \u00eenalt\u0103 rezolu\u021bie, cu accesorii suplimentare precum previzualizarea ecranului LCD, transfer video complet digital f\u0103r\u0103 conversii, control integrat al mouse-ului \u0219i afi\u0219aj cu ecran lat, dublu.<\/p><p>Molemax HD reprezint\u0103 standardul de excelent\u0103 \u00een dermatoscopia digital\u0103, dovedindu-se un instrument extrem de eficient pentru depistarea cancerului de piele, dar \u0219i a altor anomalii ale pielii. Acest sistem complex investigheaz\u0103 \u00een detaliu tegumentul \u0219i determin\u0103 evolu\u021bia \u00een timp a nevilor pigmentari (aluni\u021belor). Func\u021bia integrat\u0103 de \u201ebody-mapping\u201d \u00a0(cartografiere a intregului corp) permite s\u0103 documenta\u021bia fotografic\u0103 a \u00eentregului corp \u0219i ob\u021binerea de imagini macro pentru a fi utilizate pentru documentare periodic\u0103, tratament cosmetic sau \u00een orice alt scop.<\/p><ul><li>\u00cen c\u00e2teva secunde to\u021bi nevii sunt num\u0103ra\u021bi digital \u0219i imaginile dermatoscopice sunt captate \u0219i asociate numerelor;<\/li><li>Sistemul Moleanalyzer ne ofer\u0103 un scor de malignitate;<\/li><li>Semnele noi sau modificate sunt detectate la o singur\u0103 scanare a \u00eentregului corp \u0219i medicul este avertizat asupra lor;<\/li><li>Imaginile noi captate sunt automat comparate \u0219i sistemul avertizeaz\u0103 asupra oric\u0103ror modific\u0103ri, uneori insesizabile ochiului uman;<\/li><li>Securitate maxim\u0103 pentru pacient \u0219i pentru medic deopotriv\u0103;<\/li><\/ul><p>Toat\u0103 lumea, indiferent de v\u00e2rst\u0103, ar trebui s\u0103 \u00ee\u0219i examineze anual pielea prin intermediul unui consult de specialitate \u0219i o\u00a0videodermatoscopie!<\/p><\/div>\n<img decoding=\"async\" class=\"shortcode-media-image\" src=\"\/\/chirodermatologie.ro\/wp-content\/uploads\/2023\/02\/videodermatoscopie-digitiala.jpg\" alt=\"videodermatoscopie digitial\u0103\" \/>\t\t<\/div>\n\t<\/div>\n<\/section>\n<section class=\"fw-main-row  ls section_padding_top_25 section_padding_bottom_25 columns_padding_15\" style=\"\" >\n\t<div class=\"container\">\n\t\t<div class=\"row\">\n\t\t\t<div  id=\"column-dddef17\" class=\"fw-column fw-column col-xs-12 col-md-3 to_animate\" data-animation=\"fadeInUp\">\n\n\t<div class=\"column-overlay\"><\/div>\n\n\t<div class=\"fw-column-inner\">\n\n\t<div class=\"fw-divider-space\" style=\"margin-top: 35px;\"><\/div>\n    <\/div>\n<\/div>\n<div  id=\"column-88e2754\" class=\"fw-column fw-column col-xs-12 col-md-6 to_animate text-center programare\" data-animation=\"fadeInUp\">\n\n\t<div class=\"column-overlay\"><\/div>\n\n\t<div class=\"fw-column-inner\">\n\n\t<div class=\"fw-divider-space\" style=\"margin-top: 50px;\"><\/div>\n<div class=\"text-center\">\n\t<h3 class=\"section_header\">\n\t<span class=\"\">\n\t\tWould you like an appointment?\t<\/span>\n\t<\/h3>\n\t<h4 class=\"section_header\">\n\t<span class=\"\">\n\t\tDo not hesitate to contact us!\t<\/span>\n\t<\/h4>\n<\/div>\n\n\n\t<div class=\"fw-divider-space\" style=\"margin-top: 50px;\"><\/div>\n\t<span class=\"theme-icon   icon_center\">\n\t<i class=\"rt-icon2-arrow-down-outline highlight\"><\/i>\n<\/span>\n\t\n\n\t<div class=\"fw-divider-space\" style=\"margin-top: 50px;\"><\/div>\n<a href=\"https:\/\/chirodermatologie.ro\/en\/vreau-o-programare\/\" target=\"_blank\"\n   class=\"theme_button color1\">\n\t<span>I want an appointment!<\/span>\n<\/a>    <\/div>\n<\/div>\n<div  id=\"column-c700156\" class=\"fw-column fw-column col-xs-12 col-md-3 to_animate\" data-animation=\"fadeInUp\">\n\n\t<div class=\"column-overlay\"><\/div>\n\n\t<div class=\"fw-column-inner\">\n\n\t<div class=\"fw-divider-space\" style=\"margin-top: 35px;\"><\/div>\n    <\/div>\n<\/div>\n\t\t<\/div>\n\t<\/div>\n<\/section>\n<section class=\"fw-main-row  ls section_padding_top_50 section_padding_bottom_50 columns_padding_15\" style=\"\" >\n\t<div class=\"container\">\n\t\t<div class=\"row\">\n\t\t\t<div  id=\"column-1620be7\" class=\"fw-column fw-column col-xs-12 to_animate\" data-animation=\"fadeInUp\">\n\n\t<div class=\"column-overlay\"><\/div>\n\n\t<div class=\"fw-column-inner\"><div class=\"text-center\">\n\t<h3 class=\"section_header\">\n\t<span class=\"\">\n\t\tOther services\t<\/span>\n\t<\/h3>\n<\/div>\n\t<div class=\"fw-divider-line\"><hr\/><\/div>\n\n\n\n\n\t<div class=\"fw-divider-space\" style=\"margin-top: 50px;\"><\/div>\n    <\/div>\n<\/div>\n<div  id=\"column-05d5e56\" class=\"fw-column fw-column col-xs-12 to_animate\" data-animation=\"fadeInUp\">\n\n\t<div class=\"column-overlay\"><\/div>\n\n\t<div class=\"fw-column-inner\"><div class=\"row columns_padding_15 shortcode-teasers-row\">\n\t\t\t<div class=\"col-md-3\">\n\t\t\t\n\t\t<div class=\"vertical-item square_teaser content-absolute\">\n\n\t\t\t\t\t\t\t<div class=\"item-media\">\n                    <a href=\"https:\/\/chirodermatologie.ro\/en\/servicii\/examen-dermatoscopic\/\">\t\t\t\t\t<img decoding=\"async\" src=\"\/\/chirodermatologie.ro\/wp-content\/uploads\/2021\/06\/dermatoscop-min-1-owncm32jyw3soydzudvn0xt1dlsp0b72qafxs299ro.jpg\" alt=\"Dermatoscopic examination\">\n                    <\/a>\t\t\t\t<\/div>\n\t\t\t\t\t\t<div class=\"item-content\">\n\t\t\t\t\t\t\t\t\t<h4>\n\t\t\t\t\t\t\t\t\t\t\t\t<a href=\"https:\/\/chirodermatologie.ro\/en\/servicii\/examen-dermatoscopic\/\">\n\t\t\t\t\t\t\t\n\t\t\t\t\t\t\tDermatoscopic examination\n\t\t\t\t\t\t\t\t\t\t\t\t\t<\/a>\n\t\t\t\t\t\t\t\t\t\t<\/h4>\n\t\t\t\t\n\t\t\t\t\t\t\t<\/div><!-- eof .item-content -->\n\t\t\t\t\t<\/div>\n\n\t\t\t\t<\/div><!-- eof teaser -->\n\t\t\t<div class=\"col-md-3\">\n\t\t\t\n\t\t<div class=\"vertical-item square_teaser content-absolute\">\n\n\t\t\t\t\t\t\t<div class=\"item-media\">\n                    <a href=\"https:\/\/chirodermatologie.ro\/en\/servicii\/crioterapia\/\">\t\t\t\t\t<img decoding=\"async\" src=\"\/\/chirodermatologie.ro\/wp-content\/uploads\/2021\/06\/crioterapie2.jpg.png\" alt=\"Cryotherapy\">\n                    <\/a>\t\t\t\t<\/div>\n\t\t\t\t\t\t<div class=\"item-content\">\n\t\t\t\t\t\t\t\t\t<h4>\n\t\t\t\t\t\t\t\t\t\t\t\t<a href=\"https:\/\/chirodermatologie.ro\/en\/servicii\/crioterapia\/\">\n\t\t\t\t\t\t\t\n\t\t\t\t\t\t\tCryotherapy\n\t\t\t\t\t\t\t\t\t\t\t\t\t<\/a>\n\t\t\t\t\t\t\t\t\t\t<\/h4>\n\t\t\t\t\n\t\t\t\t\t\t\t<\/div><!-- eof .item-content -->\n\t\t\t\t\t<\/div>\n\n\t\t\t\t<\/div><!-- eof teaser -->\n\t\t\t<div class=\"col-md-3\">\n\t\t\t\n\t\t<div class=\"vertical-item square_teaser content-absolute\">\n\n\t\t\t\t\t\t\t<div class=\"item-media\">\n                    <a href=\"https:\/\/chirodermatologie.ro\/en\/servicii\/electrocauterizare\/\">\t\t\t\t\t<img decoding=\"async\" src=\"\/\/chirodermatologie.ro\/wp-content\/uploads\/2021\/06\/Screenshot_2.jpg\" alt=\"Electrocauterization\">\n                    <\/a>\t\t\t\t<\/div>\n\t\t\t\t\t\t<div class=\"item-content\">\n\t\t\t\t\t\t\t\t\t<h4>\n\t\t\t\t\t\t\t\t\t\t\t\t<a href=\"https:\/\/chirodermatologie.ro\/en\/servicii\/electrocauterizare\/\">\n\t\t\t\t\t\t\t\n\t\t\t\t\t\t\tElectrocauterization\n\t\t\t\t\t\t\t\t\t\t\t\t\t<\/a>\n\t\t\t\t\t\t\t\t\t\t<\/h4>\n\t\t\t\t\n\t\t\t\t\t\t\t<\/div><!-- eof .item-content -->\n\t\t\t\t\t<\/div>\n\n\t\t\t\t<\/div><!-- eof teaser -->\n\t\t\t<div class=\"col-md-3\">\n\t\t\t\n\t\t<div class=\"vertical-item square_teaser content-absolute\">\n\n\t\t\t\t\t\t\t<div class=\"item-media\">\n                    <a href=\"https:\/\/chirodermatologie.ro\/en\/servicii\/injectare-de-botox\/\">\t\t\t\t\t<img decoding=\"async\" src=\"\/\/chirodermatologie.ro\/wp-content\/uploads\/2021\/06\/botox2-768x513-1.jpg\" alt=\"Botox injection\">\n                    <\/a>\t\t\t\t<\/div>\n\t\t\t\t\t\t<div class=\"item-content\">\n\t\t\t\t\t\t\t\t\t<h4>\n\t\t\t\t\t\t\t\t\t\t\t\t<a href=\"https:\/\/chirodermatologie.ro\/en\/servicii\/injectare-de-botox\/\">\n\t\t\t\t\t\t\t\n\t\t\t\t\t\t\tBotox injection\n\t\t\t\t\t\t\t\t\t\t\t\t\t<\/a>\n\t\t\t\t\t\t\t\t\t\t<\/h4>\n\t\t\t\t\n\t\t\t\t\t\t\t<\/div><!-- eof .item-content -->\n\t\t\t\t\t<\/div>\n\n\t\t\t\t<\/div><!-- eof teaser -->\n\t\t\t<div class=\"col-md-3\">\n\t\t\t\n\t\t<div class=\"vertical-item square_teaser content-absolute\">\n\n\t\t\t\t\t\t\t<div class=\"item-media\">\n                    <a href=\"https:\/\/chirodermatologie.ro\/en\/servicii\/mezoterapie-cu-microneedling-dermapen\/\">\t\t\t\t\t<img decoding=\"async\" src=\"\/\/chirodermatologie.ro\/wp-content\/uploads\/2021\/06\/microneedling-oynld2kklge2xbyu05ybxhtuaqash1uakug12olb5g.jpg\" alt=\"Microneedling mesotherapy\">\n                    <\/a>\t\t\t\t<\/div>\n\t\t\t\t\t\t<div class=\"item-content\">\n\t\t\t\t\t\t\t\t\t<h4>\n\t\t\t\t\t\t\t\t\t\t\t\t<a href=\"https:\/\/chirodermatologie.ro\/en\/servicii\/mezoterapie-cu-microneedling-dermapen\/\">\n\t\t\t\t\t\t\t\n\t\t\t\t\t\t\tMicroneedling mesotherapy\n\t\t\t\t\t\t\t\t\t\t\t\t\t<\/a>\n\t\t\t\t\t\t\t\t\t\t<\/h4>\n\t\t\t\t\n\t\t\t\t\t\t\t<\/div><!-- eof .item-content -->\n\t\t\t\t\t<\/div>\n\n\t\t\t\t<\/div><!-- eof teaser -->\n\t\t\t<div class=\"col-md-3\">\n\t\t\t\n\t\t<div class=\"vertical-item square_teaser content-absolute\">\n\n\t\t\t\t\t\t\t<div class=\"item-media\">\n                    <a href=\"https:\/\/chirodermatologie.ro\/en\/servicii\/injectare-de-acid-hialurionic\/\">\t\t\t\t\t<img decoding=\"async\" src=\"\/\/chirodermatologie.ro\/wp-content\/uploads\/2021\/06\/Screenshot_3-ow5bbd23njveolh6t16vzyvoqetuvw6205ky2a6wfo.jpg\" alt=\"Hyaluronic acid (HA) injection\">\n                    <\/a>\t\t\t\t<\/div>\n\t\t\t\t\t\t<div class=\"item-content\">\n\t\t\t\t\t\t\t\t\t<h4>\n\t\t\t\t\t\t\t\t\t\t\t\t<a href=\"https:\/\/chirodermatologie.ro\/en\/servicii\/injectare-de-acid-hialurionic\/\">\n\t\t\t\t\t\t\t\n\t\t\t\t\t\t\tHyaluronic acid (HA) injection\n\t\t\t\t\t\t\t\t\t\t\t\t\t<\/a>\n\t\t\t\t\t\t\t\t\t\t<\/h4>\n\t\t\t\t\n\t\t\t\t\t\t\t<\/div><!-- eof .item-content -->\n\t\t\t\t\t<\/div>\n\n\t\t\t\t<\/div><!-- eof teaser -->\n\t\t\t<div class=\"col-md-3\">\n\t\t\t\n\t\t<div class=\"vertical-item square_teaser content-absolute\">\n\n\t\t\t\t\t\t\t<div class=\"item-media\">\n                    <a href=\"https:\/\/chirodermatologie.ro\/en\/servicii\/biopsie-si-excizie-cutanata\/\">\t\t\t\t\t<img decoding=\"async\" src=\"\/\/chirodermatologie.ro\/wp-content\/uploads\/2021\/06\/biopsie3_1-min-1024x768-1.jpg\" alt=\"Skin biopsy and excision\">\n                    <\/a>\t\t\t\t<\/div>\n\t\t\t\t\t\t<div class=\"item-content\">\n\t\t\t\t\t\t\t\t\t<h4>\n\t\t\t\t\t\t\t\t\t\t\t\t<a href=\"https:\/\/chirodermatologie.ro\/en\/servicii\/biopsie-si-excizie-cutanata\/\">\n\t\t\t\t\t\t\t\n\t\t\t\t\t\t\tSkin biopsy and excision\n\t\t\t\t\t\t\t\t\t\t\t\t\t<\/a>\n\t\t\t\t\t\t\t\t\t\t<\/h4>\n\t\t\t\t\n\t\t\t\t\t\t\t<\/div><!-- eof .item-content -->\n\t\t\t\t\t<\/div>\n\n\t\t\t\t<\/div><!-- eof teaser -->\n\t\t\t<div class=\"col-md-3\">\n\t\t\t\n\t\t<div class=\"vertical-item square_teaser content-absolute\">\n\n\t\t\t\t\t\t\t<div class=\"item-media\">\n                    <a href=\"https:\/\/chirodermatologie.ro\/en\/servicii\/terapia-vampir-plasmolifting\/\">\t\t\t\t\t<img decoding=\"async\" src=\"\/\/chirodermatologie.ro\/wp-content\/uploads\/2021\/06\/plasmolifting-oynlrrrph6iihsm560pafaacqnufun769lqe9gsnuc.jpg\" alt=\"Vampire therapy - Plasmolifting\">\n                    <\/a>\t\t\t\t<\/div>\n\t\t\t\t\t\t<div class=\"item-content\">\n\t\t\t\t\t\t\t\t\t<h4>\n\t\t\t\t\t\t\t\t\t\t\t\t<a href=\"https:\/\/chirodermatologie.ro\/en\/servicii\/terapia-vampir-plasmolifting\/\">\n\t\t\t\t\t\t\t\n\t\t\t\t\t\t\tVampire therapy - Plasmolifting\n\t\t\t\t\t\t\t\t\t\t\t\t\t<\/a>\n\t\t\t\t\t\t\t\t\t\t<\/h4>\n\t\t\t\t\n\t\t\t\t\t\t\t<\/div><!-- eof .item-content -->\n\t\t\t\t\t<\/div>\n\n\t\t\t\t<\/div><!-- eof teaser -->\n\t<\/div> <!-- eof teasers row --><div class=\"text-block\">\n\t<h3 class=\"section_header\"><span class=\"\">Would you like an appointment?<\/span><\/h3><h4 class=\"section_header\"><span class=\"\">Nu ezita\u021bi s\u0103 ne <a href=\"https:\/\/www.facebook.com\/Chirodermatologie\">contacta\u021bi<\/a>!<\/span><\/h4><\/div>\n    <\/div>\n<\/div>\n\t\t<\/div>\n\t<\/div>\n<\/section>\n<\/p>","protected":false},"excerpt":{"rendered":"<p>Videodermatoscopie digital\u0103 Videodermatoscopie \u2013 tehnologia cea mai avansat\u0103 pentru depistarea cancerului de piele!\u0218tii c\u00e2\u021bi oameni mor \u00een fiecare \u00een zi<\/p>","protected":false},"author":1,"featured_media":0,"parent":185,"menu_order":0,"comment_status":"closed","ping_status":"closed","template":"page-templates\/full-width.php","meta":{"footnotes":""},"class_list":["post-4272","page","type-page","status-publish","hentry"],"yoast_head":"<!-- This site is optimized with the Yoast SEO plugin v24.9 - https:\/\/yoast.com\/wordpress\/plugins\/seo\/ -->\n<title>Videodermatoscopie digital\u0103 T\u00e2rgu Mure\u0219 \u2013 diagnostic precis<\/title>\n<meta name=\"description\" content=\"Diagnostic\u0103 sigur leziunile pielii prin videodermatoscopie digital\u0103 \u00een T\u00e2rgu Mure\u0219. Rapid, nedureros, cu rezultate clare \u0219i monitorizare digital\u0103.\" \/>\n<meta name=\"robots\" content=\"index, follow, max-snippet:-1, max-image-preview:large, max-video-preview:-1\" \/>\n<link rel=\"canonical\" href=\"https:\/\/chirodermatologie.ro\/en\/servicii-clinica-de-dermatologie-targu-mures\/videodermatoscopie-digitala\/\" \/>\n<meta property=\"og:locale\" content=\"en_US\" \/>\n<meta property=\"og:type\" content=\"article\" \/>\n<meta property=\"og:title\" content=\"Videodermatoscopie digital\u0103 T\u00e2rgu Mure\u0219 \u2013 diagnostic precis\" \/>\n<meta property=\"og:description\" content=\"Diagnostic\u0103 sigur leziunile pielii prin videodermatoscopie digital\u0103 \u00een T\u00e2rgu Mure\u0219. Rapid, nedureros, cu rezultate clare \u0219i monitorizare digital\u0103.\" \/>\n<meta property=\"og:url\" content=\"https:\/\/chirodermatologie.ro\/en\/servicii-clinica-de-dermatologie-targu-mures\/videodermatoscopie-digitala\/\" \/>\n<meta property=\"og:site_name\" content=\"Chirodermatologie\" \/>\n<meta property=\"article:publisher\" content=\"https:\/\/www.facebook.com\/Chirodermatologie\/?ref=pages_you_manage\" \/>\n<meta property=\"article:modified_time\" content=\"2026-04-23T05:51:33+00:00\" \/>\n<meta name=\"twitter:card\" content=\"summary_large_image\" \/>\n<meta name=\"twitter:label1\" content=\"Est. reading time\" \/>\n\t<meta name=\"twitter:data1\" content=\"2 minutes\" \/>\n<script type=\"application\/ld+json\" class=\"yoast-schema-graph\">{\"@context\":\"https:\/\/schema.org\",\"@graph\":[{\"@type\":\"WebPage\",\"@id\":\"https:\/\/chirodermatologie.ro\/servicii-clinica-de-dermatologie-targu-mures\/videodermatoscopie-digitala\/\",\"url\":\"https:\/\/chirodermatologie.ro\/servicii-clinica-de-dermatologie-targu-mures\/videodermatoscopie-digitala\/\",\"name\":\"Videodermatoscopie digital\u0103 T\u00e2rgu Mure\u0219 \u2013 diagnostic precis\",\"isPartOf\":{\"@id\":\"https:\/\/chirodermatologie.ro\/#website\"},\"datePublished\":\"2023-02-15T06:49:52+00:00\",\"dateModified\":\"2026-04-23T05:51:33+00:00\",\"description\":\"Diagnostic\u0103 sigur leziunile pielii prin videodermatoscopie digital\u0103 \u00een T\u00e2rgu Mure\u0219. Rapid, nedureros, cu rezultate clare \u0219i monitorizare digital\u0103.\",\"breadcrumb\":{\"@id\":\"https:\/\/chirodermatologie.ro\/servicii-clinica-de-dermatologie-targu-mures\/videodermatoscopie-digitala\/#breadcrumb\"},\"inLanguage\":\"en-US\",\"potentialAction\":[{\"@type\":\"ReadAction\",\"target\":[\"https:\/\/chirodermatologie.ro\/servicii-clinica-de-dermatologie-targu-mures\/videodermatoscopie-digitala\/\"]}]},{\"@type\":\"BreadcrumbList\",\"@id\":\"https:\/\/chirodermatologie.ro\/servicii-clinica-de-dermatologie-targu-mures\/videodermatoscopie-digitala\/#breadcrumb\",\"itemListElement\":[{\"@type\":\"ListItem\",\"position\":1,\"name\":\"Home\",\"item\":\"https:\/\/chirodermatologie.ro\/\"},{\"@type\":\"ListItem\",\"position\":2,\"name\":\"Dermatologie\",\"item\":\"https:\/\/chirodermatologie.ro\/servicii-clinica-de-dermatologie-targu-mures\/\"},{\"@type\":\"ListItem\",\"position\":3,\"name\":\"Videodermatoscopie digital\u0103\"}]},{\"@type\":\"WebSite\",\"@id\":\"https:\/\/chirodermatologie.ro\/#website\",\"url\":\"https:\/\/chirodermatologie.ro\/\",\"name\":\"Chirodermatologie\",\"description\":\"Chirodermatologie\",\"publisher\":{\"@id\":\"https:\/\/chirodermatologie.ro\/#organization\"},\"potentialAction\":[{\"@type\":\"SearchAction\",\"target\":{\"@type\":\"EntryPoint\",\"urlTemplate\":\"https:\/\/chirodermatologie.ro\/?s={search_term_string}\"},\"query-input\":{\"@type\":\"PropertyValueSpecification\",\"valueRequired\":true,\"valueName\":\"search_term_string\"}}],\"inLanguage\":\"en-US\"},{\"@type\":\"Organization\",\"@id\":\"https:\/\/chirodermatologie.ro\/#organization\",\"name\":\"Chirodermatologie\",\"url\":\"https:\/\/chirodermatologie.ro\/\",\"logo\":{\"@type\":\"ImageObject\",\"inLanguage\":\"en-US\",\"@id\":\"https:\/\/chirodermatologie.ro\/#\/schema\/logo\/image\/\",\"url\":\"https:\/\/chirodermatologie.ro\/wp-content\/uploads\/2021\/12\/DERMA_LOGO-1.png\",\"contentUrl\":\"https:\/\/chirodermatologie.ro\/wp-content\/uploads\/2021\/12\/DERMA_LOGO-1.png\",\"width\":1000,\"height\":1000,\"caption\":\"Chirodermatologie\"},\"image\":{\"@id\":\"https:\/\/chirodermatologie.ro\/#\/schema\/logo\/image\/\"},\"sameAs\":[\"https:\/\/www.facebook.com\/Chirodermatologie\/?ref=pages_you_manage\",\"https:\/\/www.instagram.com\/chirodermatologie\/\"]}]}<\/script>\n<!-- \/ Yoast SEO plugin. -->","yoast_head_json":{"title":"Videodermatoscopie digital\u0103 T\u00e2rgu Mure\u0219 \u2013 diagnostic precis","description":"Diagnostic\u0103 sigur leziunile pielii prin videodermatoscopie digital\u0103 \u00een T\u00e2rgu Mure\u0219. Rapid, nedureros, cu rezultate clare \u0219i monitorizare digital\u0103.","robots":{"index":"index","follow":"follow","max-snippet":"max-snippet:-1","max-image-preview":"max-image-preview:large","max-video-preview":"max-video-preview:-1"},"canonical":"https:\/\/chirodermatologie.ro\/en\/servicii-clinica-de-dermatologie-targu-mures\/videodermatoscopie-digitala\/","og_locale":"en_US","og_type":"article","og_title":"Videodermatoscopie digital\u0103 T\u00e2rgu Mure\u0219 \u2013 diagnostic precis","og_description":"Diagnostic\u0103 sigur leziunile pielii prin videodermatoscopie digital\u0103 \u00een T\u00e2rgu Mure\u0219. Rapid, nedureros, cu rezultate clare \u0219i monitorizare digital\u0103.","og_url":"https:\/\/chirodermatologie.ro\/en\/servicii-clinica-de-dermatologie-targu-mures\/videodermatoscopie-digitala\/","og_site_name":"Chirodermatologie","article_publisher":"https:\/\/www.facebook.com\/Chirodermatologie\/?ref=pages_you_manage","article_modified_time":"2026-04-23T05:51:33+00:00","twitter_card":"summary_large_image","twitter_misc":{"Est. reading time":"2 minutes"},"schema":{"@context":"https:\/\/schema.org","@graph":[{"@type":"WebPage","@id":"https:\/\/chirodermatologie.ro\/servicii-clinica-de-dermatologie-targu-mures\/videodermatoscopie-digitala\/","url":"https:\/\/chirodermatologie.ro\/servicii-clinica-de-dermatologie-targu-mures\/videodermatoscopie-digitala\/","name":"Videodermatoscopie digital\u0103 T\u00e2rgu Mure\u0219 \u2013 diagnostic precis","isPartOf":{"@id":"https:\/\/chirodermatologie.ro\/#website"},"datePublished":"2023-02-15T06:49:52+00:00","dateModified":"2026-04-23T05:51:33+00:00","description":"Diagnostic\u0103 sigur leziunile pielii prin videodermatoscopie digital\u0103 \u00een T\u00e2rgu Mure\u0219. Rapid, nedureros, cu rezultate clare \u0219i monitorizare digital\u0103.","breadcrumb":{"@id":"https:\/\/chirodermatologie.ro\/servicii-clinica-de-dermatologie-targu-mures\/videodermatoscopie-digitala\/#breadcrumb"},"inLanguage":"en-US","potentialAction":[{"@type":"ReadAction","target":["https:\/\/chirodermatologie.ro\/servicii-clinica-de-dermatologie-targu-mures\/videodermatoscopie-digitala\/"]}]},{"@type":"BreadcrumbList","@id":"https:\/\/chirodermatologie.ro\/servicii-clinica-de-dermatologie-targu-mures\/videodermatoscopie-digitala\/#breadcrumb","itemListElement":[{"@type":"ListItem","position":1,"name":"Home","item":"https:\/\/chirodermatologie.ro\/"},{"@type":"ListItem","position":2,"name":"Dermatologie","item":"https:\/\/chirodermatologie.ro\/servicii-clinica-de-dermatologie-targu-mures\/"},{"@type":"ListItem","position":3,"name":"Videodermatoscopie digital\u0103"}]},{"@type":"WebSite","@id":"https:\/\/chirodermatologie.ro\/#website","url":"https:\/\/chirodermatologie.ro\/","name":"Chirodermatologie","description":"Chirodermatologie","publisher":{"@id":"https:\/\/chirodermatologie.ro\/#organization"},"potentialAction":[{"@type":"SearchAction","target":{"@type":"EntryPoint","urlTemplate":"https:\/\/chirodermatologie.ro\/?s={search_term_string}"},"query-input":{"@type":"PropertyValueSpecification","valueRequired":true,"valueName":"search_term_string"}}],"inLanguage":"en-US"},{"@type":"Organization","@id":"https:\/\/chirodermatologie.ro\/#organization","name":"Chirodermatologie","url":"https:\/\/chirodermatologie.ro\/","logo":{"@type":"ImageObject","inLanguage":"en-US","@id":"https:\/\/chirodermatologie.ro\/#\/schema\/logo\/image\/","url":"https:\/\/chirodermatologie.ro\/wp-content\/uploads\/2021\/12\/DERMA_LOGO-1.png","contentUrl":"https:\/\/chirodermatologie.ro\/wp-content\/uploads\/2021\/12\/DERMA_LOGO-1.png","width":1000,"height":1000,"caption":"Chirodermatologie"},"image":{"@id":"https:\/\/chirodermatologie.ro\/#\/schema\/logo\/image\/"},"sameAs":["https:\/\/www.facebook.com\/Chirodermatologie\/?ref=pages_you_manage","https:\/\/www.instagram.com\/chirodermatologie\/"]}]}},"_links":{"self":[{"href":"https:\/\/chirodermatologie.ro\/en\/wp-json\/wp\/v2\/pages\/4272","targetHints":{"allow":["GET"]}}],"collection":[{"href":"https:\/\/chirodermatologie.ro\/en\/wp-json\/wp\/v2\/pages"}],"about":[{"href":"https:\/\/chirodermatologie.ro\/en\/wp-json\/wp\/v2\/types\/page"}],"author":[{"embeddable":true,"href":"https:\/\/chirodermatologie.ro\/en\/wp-json\/wp\/v2\/users\/1"}],"replies":[{"embeddable":true,"href":"https:\/\/chirodermatologie.ro\/en\/wp-json\/wp\/v2\/comments?post=4272"}],"version-history":[{"count":5,"href":"https:\/\/chirodermatologie.ro\/en\/wp-json\/wp\/v2\/pages\/4272\/revisions"}],"predecessor-version":[{"id":4278,"href":"https:\/\/chirodermatologie.ro\/en\/wp-json\/wp\/v2\/pages\/4272\/revisions\/4278"}],"up":[{"embeddable":true,"href":"https:\/\/chirodermatologie.ro\/en\/wp-json\/wp\/v2\/pages\/185"}],"wp:attachment":[{"href":"https:\/\/chirodermatologie.ro\/en\/wp-json\/wp\/v2\/media?parent=4272"}],"curies":[{"name":"wp","href":"https:\/\/api.w.org\/{rel}","templated":true}]}}