{"id":4156,"date":"2023-02-01T10:53:44","date_gmt":"2023-02-01T08:53:44","guid":{"rendered":"https:\/\/chirodermatologie.ro\/?page_id=4156"},"modified":"2025-10-15T08:20:47","modified_gmt":"2025-10-15T05:20:47","slug":"card-cadou-chirodermatologie-mures","status":"publish","type":"page","link":"https:\/\/chirodermatologie.ro\/en\/card-cadou-chirodermatologie-mures\/","title":{"rendered":"Card cadou"},"content":{"rendered":"<p><div  id=\"column-3959b8d\" class=\"fw-column fw-column col-xs-12\" >\n\n\t<div class=\"column-overlay\"><\/div>\n\n\t<div class=\"fw-column-inner\"><div class=\"text-center\">\n\t<h2 class=\"section_header\">\n\t<span class=\"\">\n\t\tAlege voucherul dorit\t<\/span>\n\t<\/h2>\n<\/div>\n<div class=\"text-block\">\n\t<ul class=\"custom-grid\" id=\"voucher-zone\"><li id=\"voucher-250\" class=\"voucher-selection\"><img decoding=\"async\" src=\"\/\/chirodermatologie.ro\/wp-content\/uploads\/2023\/02\/1.webp\" alt=\"voucher 250\" \/><\/li><li id=\"voucher-300\" class=\"voucher-selection\"><img decoding=\"async\" src=\"\/\/chirodermatologie.ro\/wp-content\/uploads\/2023\/02\/1-1.webp\" alt=\"voucher 300\" \/><\/li><li id=\"voucher-400\" class=\"voucher-selection\"><img decoding=\"async\" src=\"\/\/chirodermatologie.ro\/wp-content\/uploads\/2023\/02\/1-2.webp\" alt=\"voucher 400\" \/><\/li><li id=\"voucher-500\" class=\"voucher-selection\"><img decoding=\"async\" src=\"\/\/chirodermatologie.ro\/wp-content\/uploads\/2023\/02\/1-3.webp\" alt=\"voucher 500\" \/><\/li><li id=\"voucher-800\" class=\"voucher-selection\"><img decoding=\"async\" src=\"\/\/chirodermatologie.ro\/wp-content\/uploads\/2023\/02\/1-4.webp\" alt=\"voucher 800\" \/><\/li><li id=\"voucher-1000\" class=\"voucher-selection\"><img decoding=\"async\" src=\"\/\/chirodermatologie.ro\/wp-content\/uploads\/2023\/02\/1-5.webp\" alt=\"voucher 1000\" \/><\/li><li id=\"voucher-1500\" class=\"voucher-selection\"><img decoding=\"async\" src=\"\/\/chirodermatologie.ro\/wp-content\/uploads\/2023\/02\/1-6.webp\" alt=\"voucher 1500\" \/><\/li><\/ul><\/div>\n    <\/div>\n<\/div>\n<div  id=\"column-8db6c5c\" class=\"fw-column fw-column col-xs-12 col-md-6\" >\n\n\t<div class=\"column-overlay\"><\/div>\n\n\t<div class=\"fw-column-inner\"><div class=\"text-center\">\n\t<h4 class=\"section_header\">\n\t<span class=\"\">\n\t\tRegulament\t<\/span>\n\t<\/h4>\n<\/div>\n<div class=\"text-block\">\n\t<ol><li><span style=\"color: #000000;\">Giftcard-urile Chiroderma se pot folosi \u00een centrul nostru dermatologic pentru diferite servicii.<\/span><\/li><li><span style=\"color: #000000;\">\"Voucherul cadou\" este acceptat numai \u00een centrul Chiroderma.<\/span><\/li><li><span style=\"color: #000000;\">Chiroderma nu \u00ee\u0219i asum\u0103 nici o r\u0103spundere \u00een cazul \u00een care Voucherele cadou sunt furate sau pierdute.<\/span><\/li><li><span style=\"color: #000000;\">Voucherele cadou se pot cumula pentru a ob\u021bine valoarea dorita.<\/span><\/li><li><span style=\"color: #000000;\">Vor ajunge sub forma de cerere\/mail la noi dup\u0103 care noi v\u0103 vom contacta telefonic pentru detalii.<\/span><\/li><\/ol><\/div>\n    <\/div>\n<\/div>\n<div  id=\"column-92d1ba3\" class=\"fw-column fw-column col-xs-12 col-md-6 text-center\" >\n\n\t<div class=\"column-overlay\"><\/div>\n\n\t<div class=\"fw-column-inner\"><div class=\"text-center\">\n\t<h4 class=\"section_header\">\n\t<span class=\"\">\n\t\tCompleteaz\u0103 formularul\t<\/span>\n\t<\/h4>\n<\/div>\n<div class=\"text-block\">\n\t<p><div role=\"form\" class=\"wpcf7\" id=\"wpcf7-f4191-o1\" lang=\"en-US\" dir=\"ltr\">\n<div class=\"screen-reader-response\"><p role=\"status\" aria-live=\"polite\" aria-atomic=\"true\"><\/p> <ul><\/ul><\/div>\n<form action=\"\/en\/wp-json\/wp\/v2\/pages\/4156#wpcf7-f4191-o1\" method=\"post\" class=\"wpcf7-form init\" novalidate=\"novalidate\" data-status=\"init\" data-trp-original-action=\"\/en\/wp-json\/wp\/v2\/pages\/4156#wpcf7-f4191-o1\">\n<div style=\"display: none;\">\n<input type=\"hidden\" name=\"_wpcf7\" value=\"4191\" \/>\n<input type=\"hidden\" name=\"_wpcf7_version\" value=\"5.4.1\" \/>\n<input type=\"hidden\" name=\"_wpcf7_locale\" value=\"en_US\" \/>\n<input type=\"hidden\" name=\"_wpcf7_unit_tag\" value=\"wpcf7-f4191-o1\" \/>\n<input type=\"hidden\" name=\"_wpcf7_container_post\" value=\"0\" \/>\n<input type=\"hidden\" name=\"_wpcf7_posted_data_hash\" value=\"\" \/>\n<input type=\"hidden\" name=\"_wpcf7_recaptcha_response\" value=\"\" \/>\n<\/div>\n<p><span class=\"wpcf7-form-control-wrap your-name\"><input type=\"text\" name=\"your-name\" value=\"\" size=\"40\" class=\"wpcf7-form-control wpcf7-text wpcf7-validates-as-required\" aria-required=\"true\" aria-invalid=\"false\" placeholder=\"Numele dvs.\" \/><\/span><\/p>\n<p><span class=\"wpcf7-form-control-wrap your-email\"><input type=\"email\" name=\"your-email\" value=\"\" size=\"40\" class=\"wpcf7-form-control wpcf7-text wpcf7-email wpcf7-validates-as-required wpcf7-validates-as-email\" aria-required=\"true\" aria-invalid=\"false\" placeholder=\"Adresa dvs. de email\" \/><\/span> <\/p>\n<p><span class=\"wpcf7-form-control-wrap tel-149\"><input type=\"tel\" name=\"tel-149\" value=\"\" size=\"40\" class=\"wpcf7-form-control wpcf7-text wpcf7-tel wpcf7-validates-as-required wpcf7-validates-as-tel\" aria-required=\"true\" aria-invalid=\"false\" placeholder=\"Num\u0103rul dvs. de telefon\" \/><\/span><\/p>\n<p><span class=\"wpcf7-form-control-wrap menu-152\"><select name=\"menu-152\" class=\"wpcf7-form-control wpcf7-select wpcf7-validates-as-required\" aria-required=\"true\" aria-invalid=\"false\"><option value=\"Alege voucherul dorit.\">Alege voucherul dorit.<\/option><option value=\"Voucher 250 RON\">Voucher 250 RON<\/option><option value=\"Voucher 300 RON\">Voucher 300 RON<\/option><option value=\"Voucher 400 RON\">Voucher 400 RON<\/option><option value=\"Voucher 500 RON\">Voucher 500 RON<\/option><option value=\"Voucher 800 RON\">Voucher 800 RON<\/option><option value=\"Voucher 1000 RON\">Voucher 1000 RON<\/option><option value=\"Voucher 1500 RON\">Voucher 1500 RON<\/option><\/select><\/span><\/p>\n<p><span class=\"wpcf7-form-control-wrap text-139\"><input type=\"text\" name=\"text-139\" value=\"\" size=\"40\" class=\"wpcf7-form-control wpcf7-text wpcf7-validates-as-required\" aria-required=\"true\" aria-invalid=\"false\" placeholder=\"Nume beneficiar\" \/><\/span><\/p>\n<p><span class=\"wpcf7-form-control-wrap your-message\"><textarea name=\"your-message\" cols=\"40\" rows=\"4\" class=\"wpcf7-form-control wpcf7-textarea\" aria-invalid=\"false\" placeholder=\"Message\"><\/textarea><\/span><\/p>\n<p><span class=\"wpcf7-form-control-wrap acceptance-368\"><span class=\"wpcf7-form-control wpcf7-acceptance\"><span class=\"wpcf7-list-item\"><label><input type=\"checkbox\" name=\"acceptance-368\" value=\"1\" aria-invalid=\"false\" \/><span class=\"wpcf7-list-item-label\">I have read and I agree with <a href=\"https:\/\/chirodermatologie.ro\/en\/politica-de-confidentialitate\/\">Privacy Policy<\/a>.<\/span><\/label><\/span><\/span><\/span><\/p>\n<p><input type=\"submit\" value=\"Send\" class=\"wpcf7-form-control wpcf7-submit\" \/><\/p>\n<div class=\"wpcf7-response-output\" aria-hidden=\"true\"><\/div><input type=\"hidden\" name=\"trp-form-language\" value=\"en\"\/><\/form><\/div><\/p><\/div>\n    <\/div>\n<\/div>\n<\/p>","protected":false},"excerpt":{"rendered":"<p>Alege voucherul dorit Regulament Giftcard-urile Chiroderma se pot folosi \u00een centrul nostru dermatologic pentru diferite servicii.&#8221;Voucherul cadou&#8221; este acceptat numai<\/p>","protected":false},"author":1,"featured_media":0,"parent":0,"menu_order":0,"comment_status":"closed","ping_status":"closed","template":"","meta":{"footnotes":""},"class_list":["post-4156","page","type-page","status-publish","hentry"],"yoast_head":"<!-- This site is optimized with the Yoast SEO plugin v24.9 - https:\/\/yoast.com\/wordpress\/plugins\/seo\/ -->\n<title>Card cadou ChiroDermatologie | Dermatologie Mure\u0219<\/title>\n<meta name=\"description\" content=\"Ofer\u0103 s\u0103n\u0103tate: card cadou ChiroDermatologie pentru consulta\u021bii, tratamente \u0219i \u00eengrijiri dermatologice \u00een Mure\u0219. Cump\u0103r\u0103 azi!\" \/>\n<meta name=\"robots\" content=\"index, follow, max-snippet:-1, max-image-preview:large, max-video-preview:-1\" \/>\n<link rel=\"canonical\" href=\"https:\/\/chirodermatologie.ro\/en\/card-cadou-chirodermatologie-mures\/\" \/>\n<meta property=\"og:locale\" content=\"en_US\" \/>\n<meta property=\"og:type\" content=\"article\" \/>\n<meta property=\"og:title\" content=\"Card cadou ChiroDermatologie | Dermatologie Mure\u0219\" \/>\n<meta property=\"og:description\" content=\"Ofer\u0103 s\u0103n\u0103tate: card cadou ChiroDermatologie pentru consulta\u021bii, tratamente \u0219i \u00eengrijiri dermatologice \u00een Mure\u0219. Cump\u0103r\u0103 azi!\" \/>\n<meta property=\"og:url\" content=\"https:\/\/chirodermatologie.ro\/en\/card-cadou-chirodermatologie-mures\/\" \/>\n<meta property=\"og:site_name\" content=\"Chirodermatologie\" \/>\n<meta property=\"article:publisher\" content=\"https:\/\/www.facebook.com\/Chirodermatologie\/?ref=pages_you_manage\" \/>\n<meta property=\"article:modified_time\" content=\"2025-10-15T05:20:47+00:00\" \/>\n<meta name=\"twitter:card\" content=\"summary_large_image\" \/>\n<meta name=\"twitter:label1\" content=\"Est. reading time\" \/>\n\t<meta name=\"twitter:data1\" content=\"1 minute\" \/>\n<script type=\"application\/ld+json\" class=\"yoast-schema-graph\">{\"@context\":\"https:\/\/schema.org\",\"@graph\":[{\"@type\":\"WebPage\",\"@id\":\"https:\/\/chirodermatologie.ro\/card-cadou-chirodermatologie-mures\/\",\"url\":\"https:\/\/chirodermatologie.ro\/card-cadou-chirodermatologie-mures\/\",\"name\":\"Card cadou ChiroDermatologie | Dermatologie Mure\u0219\",\"isPartOf\":{\"@id\":\"https:\/\/chirodermatologie.ro\/#website\"},\"datePublished\":\"2023-02-01T08:53:44+00:00\",\"dateModified\":\"2025-10-15T05:20:47+00:00\",\"description\":\"Ofer\u0103 s\u0103n\u0103tate: card cadou ChiroDermatologie pentru consulta\u021bii, tratamente \u0219i \u00eengrijiri dermatologice \u00een Mure\u0219. Cump\u0103r\u0103 azi!\",\"breadcrumb\":{\"@id\":\"https:\/\/chirodermatologie.ro\/card-cadou-chirodermatologie-mures\/#breadcrumb\"},\"inLanguage\":\"en-US\",\"potentialAction\":[{\"@type\":\"ReadAction\",\"target\":[\"https:\/\/chirodermatologie.ro\/card-cadou-chirodermatologie-mures\/\"]}]},{\"@type\":\"BreadcrumbList\",\"@id\":\"https:\/\/chirodermatologie.ro\/card-cadou-chirodermatologie-mures\/#breadcrumb\",\"itemListElement\":[{\"@type\":\"ListItem\",\"position\":1,\"name\":\"Home\",\"item\":\"https:\/\/chirodermatologie.ro\/\"},{\"@type\":\"ListItem\",\"position\":2,\"name\":\"Card cadou\"}]},{\"@type\":\"WebSite\",\"@id\":\"https:\/\/chirodermatologie.ro\/#website\",\"url\":\"https:\/\/chirodermatologie.ro\/\",\"name\":\"Chirodermatologie\",\"description\":\"Chirodermatologie\",\"publisher\":{\"@id\":\"https:\/\/chirodermatologie.ro\/#organization\"},\"potentialAction\":[{\"@type\":\"SearchAction\",\"target\":{\"@type\":\"EntryPoint\",\"urlTemplate\":\"https:\/\/chirodermatologie.ro\/?s={search_term_string}\"},\"query-input\":{\"@type\":\"PropertyValueSpecification\",\"valueRequired\":true,\"valueName\":\"search_term_string\"}}],\"inLanguage\":\"en-US\"},{\"@type\":\"Organization\",\"@id\":\"https:\/\/chirodermatologie.ro\/#organization\",\"name\":\"Chirodermatologie\",\"url\":\"https:\/\/chirodermatologie.ro\/\",\"logo\":{\"@type\":\"ImageObject\",\"inLanguage\":\"en-US\",\"@id\":\"https:\/\/chirodermatologie.ro\/#\/schema\/logo\/image\/\",\"url\":\"https:\/\/chirodermatologie.ro\/wp-content\/uploads\/2021\/12\/DERMA_LOGO-1.png\",\"contentUrl\":\"https:\/\/chirodermatologie.ro\/wp-content\/uploads\/2021\/12\/DERMA_LOGO-1.png\",\"width\":1000,\"height\":1000,\"caption\":\"Chirodermatologie\"},\"image\":{\"@id\":\"https:\/\/chirodermatologie.ro\/#\/schema\/logo\/image\/\"},\"sameAs\":[\"https:\/\/www.facebook.com\/Chirodermatologie\/?ref=pages_you_manage\",\"https:\/\/www.instagram.com\/chirodermatologie\/\"]}]}<\/script>\n<!-- \/ Yoast SEO plugin. -->","yoast_head_json":{"title":"Card cadou ChiroDermatologie | Dermatologie Mure\u0219","description":"Ofer\u0103 s\u0103n\u0103tate: card cadou ChiroDermatologie pentru consulta\u021bii, tratamente \u0219i \u00eengrijiri dermatologice \u00een Mure\u0219. Cump\u0103r\u0103 azi!","robots":{"index":"index","follow":"follow","max-snippet":"max-snippet:-1","max-image-preview":"max-image-preview:large","max-video-preview":"max-video-preview:-1"},"canonical":"https:\/\/chirodermatologie.ro\/en\/card-cadou-chirodermatologie-mures\/","og_locale":"en_US","og_type":"article","og_title":"Card cadou ChiroDermatologie | Dermatologie Mure\u0219","og_description":"Ofer\u0103 s\u0103n\u0103tate: card cadou ChiroDermatologie pentru consulta\u021bii, tratamente \u0219i \u00eengrijiri dermatologice \u00een Mure\u0219. Cump\u0103r\u0103 azi!","og_url":"https:\/\/chirodermatologie.ro\/en\/card-cadou-chirodermatologie-mures\/","og_site_name":"Chirodermatologie","article_publisher":"https:\/\/www.facebook.com\/Chirodermatologie\/?ref=pages_you_manage","article_modified_time":"2025-10-15T05:20:47+00:00","twitter_card":"summary_large_image","twitter_misc":{"Est. reading time":"1 minute"},"schema":{"@context":"https:\/\/schema.org","@graph":[{"@type":"WebPage","@id":"https:\/\/chirodermatologie.ro\/card-cadou-chirodermatologie-mures\/","url":"https:\/\/chirodermatologie.ro\/card-cadou-chirodermatologie-mures\/","name":"Card cadou ChiroDermatologie | Dermatologie Mure\u0219","isPartOf":{"@id":"https:\/\/chirodermatologie.ro\/#website"},"datePublished":"2023-02-01T08:53:44+00:00","dateModified":"2025-10-15T05:20:47+00:00","description":"Ofer\u0103 s\u0103n\u0103tate: card cadou ChiroDermatologie pentru consulta\u021bii, tratamente \u0219i \u00eengrijiri dermatologice \u00een Mure\u0219. Cump\u0103r\u0103 azi!","breadcrumb":{"@id":"https:\/\/chirodermatologie.ro\/card-cadou-chirodermatologie-mures\/#breadcrumb"},"inLanguage":"en-US","potentialAction":[{"@type":"ReadAction","target":["https:\/\/chirodermatologie.ro\/card-cadou-chirodermatologie-mures\/"]}]},{"@type":"BreadcrumbList","@id":"https:\/\/chirodermatologie.ro\/card-cadou-chirodermatologie-mures\/#breadcrumb","itemListElement":[{"@type":"ListItem","position":1,"name":"Home","item":"https:\/\/chirodermatologie.ro\/"},{"@type":"ListItem","position":2,"name":"Card cadou"}]},{"@type":"WebSite","@id":"https:\/\/chirodermatologie.ro\/#website","url":"https:\/\/chirodermatologie.ro\/","name":"Chirodermatologie","description":"Chirodermatologie","publisher":{"@id":"https:\/\/chirodermatologie.ro\/#organization"},"potentialAction":[{"@type":"SearchAction","target":{"@type":"EntryPoint","urlTemplate":"https:\/\/chirodermatologie.ro\/?s={search_term_string}"},"query-input":{"@type":"PropertyValueSpecification","valueRequired":true,"valueName":"search_term_string"}}],"inLanguage":"en-US"},{"@type":"Organization","@id":"https:\/\/chirodermatologie.ro\/#organization","name":"Chirodermatologie","url":"https:\/\/chirodermatologie.ro\/","logo":{"@type":"ImageObject","inLanguage":"en-US","@id":"https:\/\/chirodermatologie.ro\/#\/schema\/logo\/image\/","url":"https:\/\/chirodermatologie.ro\/wp-content\/uploads\/2021\/12\/DERMA_LOGO-1.png","contentUrl":"https:\/\/chirodermatologie.ro\/wp-content\/uploads\/2021\/12\/DERMA_LOGO-1.png","width":1000,"height":1000,"caption":"Chirodermatologie"},"image":{"@id":"https:\/\/chirodermatologie.ro\/#\/schema\/logo\/image\/"},"sameAs":["https:\/\/www.facebook.com\/Chirodermatologie\/?ref=pages_you_manage","https:\/\/www.instagram.com\/chirodermatologie\/"]}]}},"_links":{"self":[{"href":"https:\/\/chirodermatologie.ro\/en\/wp-json\/wp\/v2\/pages\/4156","targetHints":{"allow":["GET"]}}],"collection":[{"href":"https:\/\/chirodermatologie.ro\/en\/wp-json\/wp\/v2\/pages"}],"about":[{"href":"https:\/\/chirodermatologie.ro\/en\/wp-json\/wp\/v2\/types\/page"}],"author":[{"embeddable":true,"href":"https:\/\/chirodermatologie.ro\/en\/wp-json\/wp\/v2\/users\/1"}],"replies":[{"embeddable":true,"href":"https:\/\/chirodermatologie.ro\/en\/wp-json\/wp\/v2\/comments?post=4156"}],"version-history":[{"count":42,"href":"https:\/\/chirodermatologie.ro\/en\/wp-json\/wp\/v2\/pages\/4156\/revisions"}],"predecessor-version":[{"id":4210,"href":"https:\/\/chirodermatologie.ro\/en\/wp-json\/wp\/v2\/pages\/4156\/revisions\/4210"}],"wp:attachment":[{"href":"https:\/\/chirodermatologie.ro\/en\/wp-json\/wp\/v2\/media?parent=4156"}],"curies":[{"name":"wp","href":"https:\/\/api.w.org\/{rel}","templated":true}]}}