{"id":3857,"date":"2022-06-06T14:22:21","date_gmt":"2022-06-06T11:22:21","guid":{"rendered":"https:\/\/chirodermatologie.ro\/?page_id=3857"},"modified":"2026-03-09T08:55:06","modified_gmt":"2026-03-09T06:55:06","slug":"hydrabeauty","status":"publish","type":"page","link":"https:\/\/chirodermatologie.ro\/en\/servicii-clinica-de-dermatologie-targu-mures\/hydrabeauty\/","title":{"rendered":"HYDRABEAUTY"},"content":{"rendered":"<p><section class=\"fw-main-row  ls section_padding_top_50 section_padding_bottom_50 columns_padding_15\" style=\"\" >\n\t<div class=\"container\">\n\t\t<div class=\"row\">\n\t\t\t<div  id=\"column-16a7ba8\" class=\"fw-column fw-column col-xs-12\" >\n\n\t<div class=\"column-overlay\"><\/div>\n\n\t<div class=\"fw-column-inner\"><div class=\"text-center\">\n\t<h3 class=\"section_header\">\n\t<span class=\"\">\n\t\tHYDRABEAUTY\u2122\t<\/span>\n\t<\/h3>\n<\/div>\n\t<div class=\"fw-divider-line\"><hr\/><\/div>\n\n\n    <\/div>\n<\/div>\n<div  id=\"column-433d4a9\" class=\"fw-column fw-column col-xs-12\" >\n\n\t<div class=\"column-overlay\"><\/div>\n\n\t<div class=\"fw-column-inner\"><div class=\"text-center\">\n\t<h4 class=\"section_header\">\n\t<span class=\"\">\n\t\tSISTEM UNIC DE \u00ceNGRIJIREA PIELII CARE COMBIN\u0102 3 TEHNOLOGII PENTRU A EXFOLIA, INFUZA \u0218I A PENETRA INGREDIENTE ACTIVE \u00ceN TEGUMENT, PENTRU O PIELE CURAT\u0102, CE RADIEAZ\u0102 DE FRUMUSE\u021aE\t<\/span>\n\t<\/h4>\n<\/div>\n\n\n\t<div class=\"fw-divider-space\" style=\"margin-top: 30px;\"><\/div>\n<div class=\"text-block\">\n\t<p><span style=\"font-weight: 400;\">Hydrabeauty<\/span><span style=\"font-weight: 400;\"> reprezint\u0103 un sistem de \u00eengrijre a pielii care folose\u0219te un v\u00e2rf special pentru a exfolia \u0219i cur\u0103\u021ba porii \u0219i, de asemenea, pentru a p\u0103trunde solu\u021bii in piele, folosind principiul electropor\u0103rii, astfel \u00eenc\u00e2t pielea s\u0103 fie mai clar\u0103 \u0219i mai curat\u0103. Prin urmare, este o combina\u021bie de trei func\u021bii pentru \u00eengrijirea complet\u0103 a pielii.<\/span><\/p><p><span style=\"font-weight: 400;\">Hydrabeauty<\/span><span style=\"font-weight: 400;\"> combin\u0103 cele trei tehnologii - microdermabraziunea cu diamante, hidradermabraziunea \u0219i mezoterapia, pentru a exfolia, infuza \u0219i penetra ingrediente active \u00een tegument, rezultatul fiind o piele c\u00e2t mai curat\u0103, ce radiaz\u0103 de frumuse\u021be. <\/span><span style=\"font-weight: 400;\">Hydrabeauty <\/span><span style=\"font-weight: 400;\">folose\u0219te astfel o combina\u021bie de tehnologii avansate \u00eentr-un sistem u\u0219or de urmat, pas cu pas, conceput pentru a exfolia \u0219i cur\u0103\u021ba \u00een profunzime pielea. Aceste tehnici, al\u0103turi de o presiune extrem de eficient\u0103 de aspirare, ajut\u0103, de asemenea, la declan\u0219area mi\u0219c\u0103rii limfei \u00een diferite straturi ale pielii, detoxifiind \u0219i \u00eemprosp\u0103t\u00e2nd. Acest tratament se adreseaz\u0103 tuturor v\u00e2rstelor, tuturor tipurilor de ten \u0219i tuturor problemelor de piele.<\/span><\/p><p><span style=\"font-weight: 400;\">Primul pas este \u00eendep\u0103rtarea pielii moarte \u0219i a impurit\u0103\u021bilor prin microdermabraziune. Pielea va deveni instantaneu mai moale \u0219i mai fin\u0103, av\u00e2nd capacitatea de a absorbi solu\u021biile aplicate. Etapa de cur\u0103\u021bare cu ap\u0103 a tratamentului <\/span><span style=\"font-weight: 400;\">hydrabeauty <\/span><span style=\"font-weight: 400;\">folose\u0219te tehnologia de vacuum specializat\u0103 \u0219i puterea apei de a dizolva impurit\u0103\u021bile ad\u00e2ncite \u00een piele \u0219i de a dizolva cu succes murd\u0103ria \u0219i resturile din pori, inclusiv punctele negre \u0219i punctele albe. <\/span><\/p><\/div>\n    <\/div>\n<\/div>\n<div  id=\"column-d3108f4\" class=\"fw-column fw-column col-xs-12 col-md-6\" >\n\n\t<div class=\"column-overlay\"><\/div>\n\n\t<div class=\"fw-column-inner\"><div class=\"text-block\">\n\t<h2><span style=\"font-weight: 400;\">Ce poate trata Hydrabeauty?<\/span><\/h2><p><span style=\"font-weight: 400;\">Procedura <\/span><span style=\"font-weight: 400;\">hydrabeauty<\/span><span style=\"font-weight: 400;\"> este recomandat\u0103 pentru tratarea urm\u0103toarelor:<\/span><\/p><ul><li style=\"font-weight: 400;\" aria-level=\"1\"><span style=\"font-weight: 400;\">Acnee<\/span><\/li><li style=\"font-weight: 400;\" aria-level=\"1\"><span style=\"font-weight: 400;\">Exfolierea pielii<\/span><\/li><li style=\"font-weight: 400;\" aria-level=\"1\"><span style=\"font-weight: 400;\">\u00cendep\u0103rtarea sebumului<\/span><\/li><li style=\"font-weight: 400;\" aria-level=\"1\"><span style=\"font-weight: 400;\">Punctele albe<\/span><\/li><li style=\"font-weight: 400;\" aria-level=\"1\"><span style=\"font-weight: 400;\">Punctele negre<\/span><\/li><\/ul><\/div>\n    <\/div>\n<\/div>\n<div  id=\"column-3f010ad\" class=\"fw-column fw-column col-xs-12 col-md-6\" >\n\n\t<div class=\"column-overlay\"><\/div>\n\n\t<div class=\"fw-column-inner\"><div class=\"text-block\">\n\t<h2><span style=\"font-weight: 400;\">Care sunt beneficiile Hydrabeauty?<\/span><\/h2><ul><li style=\"font-weight: 400;\" aria-level=\"1\"><span style=\"font-weight: 400;\">Cur\u0103\u021barea \u0219i exfolierea tenului<\/span><\/li><li style=\"font-weight: 400;\" aria-level=\"1\"><span style=\"font-weight: 400;\">\u00centre\u021binerea \u0219i nutri\u021bia pielii<\/span><\/li><li style=\"font-weight: 400;\" aria-level=\"1\"><span style=\"font-weight: 400;\">\u00cembun\u0103t\u0103\u021birea ridurilor fine \u0219i a \u00eemb\u0103tr\u00e2nirii pielii<\/span><\/li><li style=\"font-weight: 400;\" aria-level=\"1\"><span style=\"font-weight: 400;\">Hidratarea tenului<\/span><\/li><li style=\"font-weight: 400;\" aria-level=\"1\"><span style=\"font-weight: 400;\">\u00cembun\u0103t\u0103\u021birea texturii pielii<\/span><\/li><\/ul><\/div>\n    <\/div>\n<\/div>\n\t\t<\/div>\n\t<\/div>\n<\/section>\n<section class=\"fw-main-row  ls section_padding_top_25 section_padding_bottom_25 columns_padding_15\" style=\"\" >\n\t<div class=\"container\">\n\t\t<div class=\"row\">\n\t\t\t<div  id=\"column-150999e\" class=\"fw-column fw-column col-xs-12 col-md-6 to_animate text-left\" data-animation=\"fadeInRight\">\n\n\t<div class=\"column-overlay\"><\/div>\n\n\t<div class=\"fw-column-inner\"><div class=\"text-left\">\n\t<h4 class=\"section_header\">\n\t<span class=\"thin\">\n\t\tTRATAMENTELE HYDRABEAUTY\u2122\t<\/span>\n\t<\/h4>\n<\/div>\n<div class=\"text-block\">\n\t<ul><li>cur\u0103\u021bare profund\u0103 (microdermabraziune cu diamante)<\/li><li>tratamente exfoliere (microdermabraziune cu diamante)<\/li><li>\u00eendep\u0103rtarea parazi\u021bilor dermali\u00a0 (hidradermabraziune)<\/li><li>reducerea dimensiunii porilor (<a href=\"https:\/\/en.wikipedia.org\/wiki\/Hydradermabrasion\">hidradermabraziune<\/a>)<\/li><li>\u00eembun\u0103t\u0103\u021birea texturii pielii (hidradermabraziune)<\/li><li>tonifiere \u0219i hidratare (hidradermabraziune)<\/li><li>livrare substan\u021be active (dermopora\u021bie \/ mezoterapie virtual\u0103)<\/li><li>penetrare transdermal\u0103 (dermopora\u021bie \/ mezoterapie virtual\u0103)<\/li><li>tratamentul ridurilor superficiale (dermopora\u021bie \/ mezoterapie virtual\u0103)<\/li><\/ul><\/div>\n<div class=\"text-left\">\n\t<h4 class=\"section_header\">\n\t<span class=\"thin\">\n\t\tAVANTAJELE HYDRABEAUTY\u2122\t<\/span>\n\t<\/h4>\n<\/div>\n\n\n\t<div class=\"fw-divider-space\" style=\"margin-top: 30px;\"><\/div>\n<div class=\"text-block\">\n\t<ul><li>tehnologie mezopora\u021bie multipolar\u0103 (nu necesit\u0103 pol extra pentru \u00eenchiderea circuitului)<\/li><li>multi-func\u021bionalitate ergonomic\u0103<\/li><li>tehnologii cu efect sinergetic<\/li><li>sistem versatil pentru tratamente faciale \u0219i corporale<\/li><li>sistem de auto-cur\u0103\u021bare convenabil<\/li><li>tratamente personalizabile (vacuum \u2013 5 nivele, infuzie \u2013 3 nivele, electropora\u021bie \u2013 10 nivele)<\/li><\/ul><\/div>\n    <\/div>\n<\/div>\n<div  id=\"column-0c51265\" class=\"fw-column fw-column col-xs-12 col-md-6 to_animate\" data-animation=\"fadeInLeft\">\n\n\t<div class=\"column-overlay\"><\/div>\n\n\t<div class=\"fw-column-inner\"><img decoding=\"async\" class=\"shortcode-media-image\" src=\"\/\/chirodermatologie.ro\/wp-content\/uploads\/2022\/06\/TRATAMENT-HYDRADERMABRAZIUNE-SI-MICRODERMABRAZIUNE-CU-APARATUL-HYDRABEUTY.jpg\" alt=\"hydrabeauty\" \/>    <\/div>\n<\/div>\n\t\t<\/div>\n\t<\/div>\n<\/section>\n<section class=\"fw-main-row  ls section_padding_top_25 section_padding_bottom_25 columns_padding_15\" style=\"\" >\n\t<div class=\"container\">\n\t\t<div class=\"row\">\n\t\t\t<div  id=\"column-e4a8775\" class=\"fw-column fw-column col-xs-12 col-md-6 to_animate\" data-animation=\"fadeInLeft\">\n\n\t<div class=\"column-overlay\"><\/div>\n\n\t<div class=\"fw-column-inner\"><img decoding=\"async\" class=\"shortcode-media-image\" src=\"\/\/chirodermatologie.ro\/wp-content\/uploads\/2022\/06\/hidradermabraziune-1591971244.jpg\" alt=\"hidradermabraziune-1591971244\" \/>    <\/div>\n<\/div>\n<div  id=\"column-acc3111\" class=\"fw-column fw-column col-xs-12 col-md-6\" >\n\n\t<div class=\"column-overlay\"><\/div>\n\n\t<div class=\"fw-column-inner\"><div class=\"text-block\">\n\t<h3 class=\"section_header\"><span class=\"\">Would you like an appointment?<\/span><\/h3><h4 class=\"section_header\"><span class=\"\">Nu ezita\u021bi s\u0103 ne\u00a0<a href=\"https:\/\/chirodermatologie.ro\/en\/contact\/\">contacta\u021bi<\/a>!<\/span><\/h4><\/div>\n    <\/div>\n<\/div>\n\t\t<\/div>\n\t<\/div>\n<\/section>\n<\/p>","protected":false},"excerpt":{"rendered":"<p>HYDRABEAUTY\u2122 SISTEM UNIC DE \u00ceNGRIJIREA PIELII CARE COMBIN\u0102 3 TEHNOLOGII PENTRU A EXFOLIA, INFUZA \u0218I A PENETRA INGREDIENTE ACTIVE \u00ceN<\/p>","protected":false},"author":1,"featured_media":0,"parent":185,"menu_order":0,"comment_status":"closed","ping_status":"closed","template":"page-templates\/full-width.php","meta":{"footnotes":""},"class_list":["post-3857","page","type-page","status-publish","hentry"],"yoast_head":"<!-- This site is optimized with the Yoast SEO plugin v24.9 - https:\/\/yoast.com\/wordpress\/plugins\/seo\/ -->\n<title>HYDRABEAUTY - Pentru o piele curata | Chirodermatologie Mures<\/title>\n<meta name=\"description\" content=\"HYDRABEAUTY, pentru o piele curata, ce radieaza de frumusete. Tratament HYDRABEAUTY Mures, sistem unic de ingrijirea pielii!\" \/>\n<meta name=\"robots\" content=\"index, follow, max-snippet:-1, max-image-preview:large, max-video-preview:-1\" \/>\n<link rel=\"canonical\" href=\"https:\/\/chirodermatologie.ro\/en\/servicii-clinica-de-dermatologie-targu-mures\/hydrabeauty\/\" \/>\n<meta property=\"og:locale\" content=\"en_US\" \/>\n<meta property=\"og:type\" content=\"article\" \/>\n<meta property=\"og:title\" content=\"HYDRABEAUTY - Pentru o piele curata | Chirodermatologie Mures\" \/>\n<meta property=\"og:description\" content=\"HYDRABEAUTY, pentru o piele curata, ce radieaza de frumusete. Tratament HYDRABEAUTY Mures, sistem unic de ingrijirea pielii!\" \/>\n<meta property=\"og:url\" content=\"https:\/\/chirodermatologie.ro\/en\/servicii-clinica-de-dermatologie-targu-mures\/hydrabeauty\/\" \/>\n<meta property=\"og:site_name\" content=\"Chirodermatologie\" \/>\n<meta property=\"article:publisher\" content=\"https:\/\/www.facebook.com\/Chirodermatologie\/?ref=pages_you_manage\" \/>\n<meta property=\"article:modified_time\" content=\"2026-03-09T06:55:06+00:00\" \/>\n<meta name=\"twitter:card\" content=\"summary_large_image\" \/>\n<meta name=\"twitter:label1\" content=\"Est. reading time\" \/>\n\t<meta name=\"twitter:data1\" content=\"2 minutes\" \/>\n<script type=\"application\/ld+json\" class=\"yoast-schema-graph\">{\"@context\":\"https:\/\/schema.org\",\"@graph\":[{\"@type\":\"WebPage\",\"@id\":\"https:\/\/chirodermatologie.ro\/servicii-clinica-de-dermatologie-targu-mures\/hydrabeauty\/\",\"url\":\"https:\/\/chirodermatologie.ro\/servicii-clinica-de-dermatologie-targu-mures\/hydrabeauty\/\",\"name\":\"HYDRABEAUTY - Pentru o piele curata | Chirodermatologie Mures\",\"isPartOf\":{\"@id\":\"https:\/\/chirodermatologie.ro\/#website\"},\"datePublished\":\"2022-06-06T11:22:21+00:00\",\"dateModified\":\"2026-03-09T06:55:06+00:00\",\"description\":\"HYDRABEAUTY, pentru o piele curata, ce radieaza de frumusete. Tratament HYDRABEAUTY Mures, sistem unic de ingrijirea pielii!\",\"breadcrumb\":{\"@id\":\"https:\/\/chirodermatologie.ro\/servicii-clinica-de-dermatologie-targu-mures\/hydrabeauty\/#breadcrumb\"},\"inLanguage\":\"en-US\",\"potentialAction\":[{\"@type\":\"ReadAction\",\"target\":[\"https:\/\/chirodermatologie.ro\/servicii-clinica-de-dermatologie-targu-mures\/hydrabeauty\/\"]}]},{\"@type\":\"BreadcrumbList\",\"@id\":\"https:\/\/chirodermatologie.ro\/servicii-clinica-de-dermatologie-targu-mures\/hydrabeauty\/#breadcrumb\",\"itemListElement\":[{\"@type\":\"ListItem\",\"position\":1,\"name\":\"Home\",\"item\":\"https:\/\/chirodermatologie.ro\/\"},{\"@type\":\"ListItem\",\"position\":2,\"name\":\"Dermatologie\",\"item\":\"https:\/\/chirodermatologie.ro\/servicii-clinica-de-dermatologie-targu-mures\/\"},{\"@type\":\"ListItem\",\"position\":3,\"name\":\"HYDRABEAUTY\"}]},{\"@type\":\"WebSite\",\"@id\":\"https:\/\/chirodermatologie.ro\/#website\",\"url\":\"https:\/\/chirodermatologie.ro\/\",\"name\":\"Chirodermatologie\",\"description\":\"Chirodermatologie\",\"publisher\":{\"@id\":\"https:\/\/chirodermatologie.ro\/#organization\"},\"potentialAction\":[{\"@type\":\"SearchAction\",\"target\":{\"@type\":\"EntryPoint\",\"urlTemplate\":\"https:\/\/chirodermatologie.ro\/?s={search_term_string}\"},\"query-input\":{\"@type\":\"PropertyValueSpecification\",\"valueRequired\":true,\"valueName\":\"search_term_string\"}}],\"inLanguage\":\"en-US\"},{\"@type\":\"Organization\",\"@id\":\"https:\/\/chirodermatologie.ro\/#organization\",\"name\":\"Chirodermatologie\",\"url\":\"https:\/\/chirodermatologie.ro\/\",\"logo\":{\"@type\":\"ImageObject\",\"inLanguage\":\"en-US\",\"@id\":\"https:\/\/chirodermatologie.ro\/#\/schema\/logo\/image\/\",\"url\":\"https:\/\/chirodermatologie.ro\/wp-content\/uploads\/2021\/12\/DERMA_LOGO-1.png\",\"contentUrl\":\"https:\/\/chirodermatologie.ro\/wp-content\/uploads\/2021\/12\/DERMA_LOGO-1.png\",\"width\":1000,\"height\":1000,\"caption\":\"Chirodermatologie\"},\"image\":{\"@id\":\"https:\/\/chirodermatologie.ro\/#\/schema\/logo\/image\/\"},\"sameAs\":[\"https:\/\/www.facebook.com\/Chirodermatologie\/?ref=pages_you_manage\",\"https:\/\/www.instagram.com\/chirodermatologie\/\"]}]}<\/script>\n<!-- \/ Yoast SEO plugin. -->","yoast_head_json":{"title":"HYDRABEAUTY - Pentru o piele curata | Chirodermatologie Mures","description":"HYDRABEAUTY, pentru o piele curata, ce radieaza de frumusete. Tratament HYDRABEAUTY Mures, sistem unic de ingrijirea pielii!","robots":{"index":"index","follow":"follow","max-snippet":"max-snippet:-1","max-image-preview":"max-image-preview:large","max-video-preview":"max-video-preview:-1"},"canonical":"https:\/\/chirodermatologie.ro\/en\/servicii-clinica-de-dermatologie-targu-mures\/hydrabeauty\/","og_locale":"en_US","og_type":"article","og_title":"HYDRABEAUTY - Pentru o piele curata | Chirodermatologie Mures","og_description":"HYDRABEAUTY, pentru o piele curata, ce radieaza de frumusete. Tratament HYDRABEAUTY Mures, sistem unic de ingrijirea pielii!","og_url":"https:\/\/chirodermatologie.ro\/en\/servicii-clinica-de-dermatologie-targu-mures\/hydrabeauty\/","og_site_name":"Chirodermatologie","article_publisher":"https:\/\/www.facebook.com\/Chirodermatologie\/?ref=pages_you_manage","article_modified_time":"2026-03-09T06:55:06+00:00","twitter_card":"summary_large_image","twitter_misc":{"Est. reading time":"2 minutes"},"schema":{"@context":"https:\/\/schema.org","@graph":[{"@type":"WebPage","@id":"https:\/\/chirodermatologie.ro\/servicii-clinica-de-dermatologie-targu-mures\/hydrabeauty\/","url":"https:\/\/chirodermatologie.ro\/servicii-clinica-de-dermatologie-targu-mures\/hydrabeauty\/","name":"HYDRABEAUTY - Pentru o piele curata | Chirodermatologie Mures","isPartOf":{"@id":"https:\/\/chirodermatologie.ro\/#website"},"datePublished":"2022-06-06T11:22:21+00:00","dateModified":"2026-03-09T06:55:06+00:00","description":"HYDRABEAUTY, pentru o piele curata, ce radieaza de frumusete. Tratament HYDRABEAUTY Mures, sistem unic de ingrijirea pielii!","breadcrumb":{"@id":"https:\/\/chirodermatologie.ro\/servicii-clinica-de-dermatologie-targu-mures\/hydrabeauty\/#breadcrumb"},"inLanguage":"en-US","potentialAction":[{"@type":"ReadAction","target":["https:\/\/chirodermatologie.ro\/servicii-clinica-de-dermatologie-targu-mures\/hydrabeauty\/"]}]},{"@type":"BreadcrumbList","@id":"https:\/\/chirodermatologie.ro\/servicii-clinica-de-dermatologie-targu-mures\/hydrabeauty\/#breadcrumb","itemListElement":[{"@type":"ListItem","position":1,"name":"Home","item":"https:\/\/chirodermatologie.ro\/"},{"@type":"ListItem","position":2,"name":"Dermatologie","item":"https:\/\/chirodermatologie.ro\/servicii-clinica-de-dermatologie-targu-mures\/"},{"@type":"ListItem","position":3,"name":"HYDRABEAUTY"}]},{"@type":"WebSite","@id":"https:\/\/chirodermatologie.ro\/#website","url":"https:\/\/chirodermatologie.ro\/","name":"Chirodermatologie","description":"Chirodermatologie","publisher":{"@id":"https:\/\/chirodermatologie.ro\/#organization"},"potentialAction":[{"@type":"SearchAction","target":{"@type":"EntryPoint","urlTemplate":"https:\/\/chirodermatologie.ro\/?s={search_term_string}"},"query-input":{"@type":"PropertyValueSpecification","valueRequired":true,"valueName":"search_term_string"}}],"inLanguage":"en-US"},{"@type":"Organization","@id":"https:\/\/chirodermatologie.ro\/#organization","name":"Chirodermatologie","url":"https:\/\/chirodermatologie.ro\/","logo":{"@type":"ImageObject","inLanguage":"en-US","@id":"https:\/\/chirodermatologie.ro\/#\/schema\/logo\/image\/","url":"https:\/\/chirodermatologie.ro\/wp-content\/uploads\/2021\/12\/DERMA_LOGO-1.png","contentUrl":"https:\/\/chirodermatologie.ro\/wp-content\/uploads\/2021\/12\/DERMA_LOGO-1.png","width":1000,"height":1000,"caption":"Chirodermatologie"},"image":{"@id":"https:\/\/chirodermatologie.ro\/#\/schema\/logo\/image\/"},"sameAs":["https:\/\/www.facebook.com\/Chirodermatologie\/?ref=pages_you_manage","https:\/\/www.instagram.com\/chirodermatologie\/"]}]}},"_links":{"self":[{"href":"https:\/\/chirodermatologie.ro\/en\/wp-json\/wp\/v2\/pages\/3857","targetHints":{"allow":["GET"]}}],"collection":[{"href":"https:\/\/chirodermatologie.ro\/en\/wp-json\/wp\/v2\/pages"}],"about":[{"href":"https:\/\/chirodermatologie.ro\/en\/wp-json\/wp\/v2\/types\/page"}],"author":[{"embeddable":true,"href":"https:\/\/chirodermatologie.ro\/en\/wp-json\/wp\/v2\/users\/1"}],"replies":[{"embeddable":true,"href":"https:\/\/chirodermatologie.ro\/en\/wp-json\/wp\/v2\/comments?post=3857"}],"version-history":[{"count":19,"href":"https:\/\/chirodermatologie.ro\/en\/wp-json\/wp\/v2\/pages\/3857\/revisions"}],"predecessor-version":[{"id":3957,"href":"https:\/\/chirodermatologie.ro\/en\/wp-json\/wp\/v2\/pages\/3857\/revisions\/3957"}],"up":[{"embeddable":true,"href":"https:\/\/chirodermatologie.ro\/en\/wp-json\/wp\/v2\/pages\/185"}],"wp:attachment":[{"href":"https:\/\/chirodermatologie.ro\/en\/wp-json\/wp\/v2\/media?parent=3857"}],"curies":[{"name":"wp","href":"https:\/\/api.w.org\/{rel}","templated":true}]}}