{"id":3844,"date":"2022-06-06T14:09:16","date_gmt":"2022-06-06T11:09:16","guid":{"rendered":"https:\/\/chirodermatologie.ro\/?page_id=3844"},"modified":"2026-03-09T08:19:39","modified_gmt":"2026-03-09T06:19:39","slug":"laser-co2-fractionat-fire-xel","status":"publish","type":"page","link":"https:\/\/chirodermatologie.ro\/en\/servicii-clinica-de-dermatologie-targu-mures\/laser-co2-fractionat-fire-xel\/","title":{"rendered":"FIRE-XEL FRACTIONAL CO2 LASER"},"content":{"rendered":"<p><section class=\"fw-main-row  ls section_padding_top_50 section_padding_bottom_50 columns_padding_15\" style=\"\" >\n\t<div class=\"container\">\n\t\t<div class=\"row\">\n\t\t\t<div  id=\"column-16a7ba8\" class=\"fw-column fw-column col-xs-12\" >\n\n\t<div class=\"column-overlay\"><\/div>\n\n\t<div class=\"fw-column-inner\"><div class=\"text-center\">\n\t<h3 class=\"section_header\">\n\t<span class=\"\">\n\t\tLASER CO2 FRAC\u021aIONAT FIRE-XEL\t<\/span>\n\t<\/h3>\n<\/div>\n\t<div class=\"fw-divider-line\"><hr\/><\/div>\n\n\n    <\/div>\n<\/div>\n\t\t<\/div>\n\t<\/div>\n<\/section>\n<section class=\"fw-main-row  ls section_padding_top_25 section_padding_bottom_25 columns_padding_15\" style=\"\" >\n\t<div class=\"container\">\n\t\t<div class=\"row\">\n\t\t\t<div  id=\"column-86a166c\" class=\"fw-column fw-column col-xs-12 col-md-6 to_animate\" data-animation=\"fadeInLeft\">\n\n\t<div class=\"column-overlay\"><\/div>\n\n\t<div class=\"fw-column-inner\"><img decoding=\"async\" class=\"shortcode-media-image\" src=\"\/\/chirodermatologie.ro\/wp-content\/uploads\/2024\/02\/BSS_0739_0-scaled.webp\" alt=\"BSS_0739_0\" \/>    <\/div>\n<\/div>\n<div  id=\"column-012b24f\" class=\"fw-column fw-column col-xs-12 col-md-6 to_animate text-left\" data-animation=\"fadeInRight\">\n\n\t<div class=\"column-overlay\"><\/div>\n\n\t<div class=\"fw-column-inner padding_20\"><div class=\"text-left\">\n\t<h4 class=\"section_header\">\n\t<span class=\"thin\">\n\t\tPRIMUL LASER CO2 CU SISTEM INTEGRAT DE ANALIZ\u0102 A PIELII \u2013 TRATAMENTUL ABLATIV (FRAC\u021aIONAT) \u0218I CHIRURGICAL A PIELII \t<\/span>\n\t<\/h4>\n<\/div>\n<div class=\"text-block\">\n\t<p><span style=\"font-weight: 400;\">\u00cen acest moment, cea mai recent\u0103 procedur\u0103 \u00een progresul tehnologic din domeniu este utilizarea de fascicule de lumin\u0103, care sunt fie pulsate, fie diseminate la o rat\u0103 foarte mare. Astfel, dac\u0103 se opteaz\u0103 pentru utilizarea unui laser co2 fractionat, se va \u00eendep\u0103rta \u021besutul profund, rezultatele fiind remarcabile. Un <\/span><span style=\"font-weight: 400;\">laser co2 fractionat<\/span><span style=\"font-weight: 400;\"> permite chirurgului estetician sau dermatologului s\u0103 efectueze proceduri care elimin\u0103 liniile mai pronun\u021bate, ridurile \u0219i imperfec\u021biunile de la nivelul pielii mult mai eficient dec\u00e2t orice alt tratament similar. Acest lucru are loc prin eliminarea straturilor profunde ale pielii deteriorate, regener\u00e2ndu-se astfel pielea s\u0103n\u0103toas\u0103.<\/span><\/p><p><span style=\"font-weight: 400;\">Laserul CO2 fractionat emite \u00een spectrul infraro\u0219u, av\u00e2nd ca principal cromofor apa din \u021besuturi. Fasciculul de lumin\u0103 infraro\u0219u emis de laserul CO2 este cu lungimea de und\u0103 specific\u0103 \u00eentre 9,4 \u0219i 10,6 micrometri. \u00cen momentul de fa\u021b\u0103, cele mai uzuale aparate cu <\/span><span style=\"font-weight: 400;\">laser CO2 fractionat<\/span><span style=\"font-weight: 400;\"> sunt cele folosite \u00een dermatologie, stomatologie \u0219i ginecologie. \u00cen func\u021bie de op\u021biunile incluse, laserul CO2 poate fi \u00eemp\u0103r\u021bii \u00een dou\u0103 categorii \u2013 laser CO2 chirurgical (\u00een mod uzual include func\u021biile superpuls, ultrapuls \u0219i continuu) \u0219i <\/span><span style=\"font-weight: 400;\">laser CO2 fractionat<\/span><span style=\"font-weight: 400;\"> (deobicei con\u021bine \u0219i parte chirurgical\u0103).<\/span><\/p><\/div>\n<div class=\"text-left\">\n\t<h4 class=\"section_header\">\n\t<span class=\"thin\">\n\t\tFIRE-XEL\u2122 UN LASER CO2 MULTIROL\t<\/span>\n\t<\/h4>\n<\/div>\n<div class=\"text-block\">\n\t<p>PROGRAM SCANARE \u2013 o multitude de optiuni<br \/>Medicul poate alege u\u0219or \u0219i rapid zona, forma, densitatea \u0219i modul de p\u0103trundere a razei \u2014 un total de de peste 3,000 combina\u021bii posibile.<\/p><\/div>\n<div class=\"text-block\">\n\t<p>PROGRAM CLINIC \u2013 de la analiza pielii la set\u0103ri optime<br \/>Dup\u0103 analiza condi\u021bia zonei de tratament \u0219i tipul de piele \u00een func\u021bie de tipul de tratament, parametrii optimi a laserului sunt seta\u021bi automat<\/p><\/div>\n\n\n\t<div class=\"fw-divider-space\" style=\"margin-top: 30px;\"><\/div>\n    <\/div>\n<\/div>\n\t\t<\/div>\n\t<\/div>\n<\/section>\n<section class=\"fw-main-row  ls section_padding_top_50 section_padding_bottom_50 columns_padding_15\" style=\"\" >\n\t<div class=\"container\">\n\t\t<div class=\"row\">\n\t\t\t<div  id=\"column-518916a\" class=\"fw-column fw-column col-xs-12 col-md-6 to_animate\" data-animation=\"fadeInLeft\">\n\n\t<div class=\"column-overlay\"><\/div>\n\n\t<div class=\"fw-column-inner\"><div class=\"text-left\">\n\t<h4 class=\"section_header\">\n\t<span class=\"thin\">\n\t\tAPLICA\u021aII CLINICE LASER CO2 FRAC\u021aIONAT FIRE-XEL\u2122\t<\/span>\n\t<\/h4>\n<\/div>\n<div class=\"text-block\">\n\t<ul><li>Tratamente anti-aging \u2013 rejuvenarea complet\u0103 a fe\u0163ei prin stimularea form\u0103rii colagenului<\/li><li>Tratamentul cicatricelor \u2013 diferite cicatrici incluz\u00e2nd: cicatrici post-acneici, cicatrici de la interven\u0163ii chirurgicale, urme de arsur\u0103, etc.<\/li><li>Uniformizarea tonurilor pielii \u2013 keratoz\u0103 seborheica, pistrui, lentigo, rejuvenarea pielii foto-\u00eemb\u0103tr\u00e2nite, tratamentul porilor mari sau a probelemelor de pigmenta\u0163ie<\/li><li>Tratamente anti-rid \u2013 riduri periorbitale sau periorale, riduri superficiale sau ad\u00e2nci<\/li><li>Analiza pielii \u2013 interven\u0163ii chirurgicale \u00een dermatologie<\/li><\/ul><\/div>\n    <\/div>\n<\/div>\n<div  id=\"column-6a969c5\" class=\"fw-column fw-column col-xs-12 col-md-6 to_animate\" data-animation=\"fadeInLeft\">\n\n\t<div class=\"column-overlay\"><\/div>\n\n\t<div class=\"fw-column-inner\"><img decoding=\"async\" class=\"shortcode-media-image\" src=\"\/\/chirodermatologie.ro\/wp-content\/uploads\/2022\/06\/IN-TIMPUL-PROCEDURII-CU-LASER.jpg\" alt=\"IN TIMPUL PROCEDURII CU LASER\" \/>    <\/div>\n<\/div>\n\t\t<\/div>\n\t<\/div>\n<\/section>\n<section class=\"fw-main-row  ls section_padding_top_50 section_padding_bottom_50 columns_padding_15\" style=\"\" >\n\t<div class=\"container\">\n\t\t<div class=\"row\">\n\t\t\t<div  id=\"column-9746161\" class=\"fw-column fw-column col-xs-12 col-md-6 to_animate\" data-animation=\"fadeInLeft\">\n\n\t<div class=\"column-overlay\"><\/div>\n\n\t<div class=\"fw-column-inner\"><img decoding=\"async\" class=\"shortcode-media-image\" src=\"\/\/chirodermatologie.ro\/wp-content\/uploads\/2022\/06\/IN-TIMPUL-INTERVENTIEI-CU-LASER-CO2.jpg\" alt=\"IN TIMPUL INTERVENTIEI CU LASER CO2\" \/>    <\/div>\n<\/div>\n<div  id=\"column-3f323a9\" class=\"fw-column fw-column col-xs-12 col-md-6 to_animate\" data-animation=\"fadeInLeft\">\n\n\t<div class=\"column-overlay\"><\/div>\n\n\t<div class=\"fw-column-inner padding_20\"><div class=\"text-left\">\n\t<h4 class=\"section_header\">\n\t<span class=\"thin\">\n\t\tAVANTAJE LASER CO2 FRACTIONAT FIRE-XEL\u2122\t<\/span>\n\t<\/h4>\n<\/div>\n<div class=\"text-block\">\n\t<ul><li>Sistem inteligent unic de analiz\u0103 \u015fi alegerea tipului de piele<\/li><li>Sistem de analiza a pielii <a href=\"https:\/\/ro.wikipedia.org\/wiki\/Inteligen%C8%9B%C4%83_artificial%C4%83\">A.I.<\/a><\/li><li>Calitate excep\u0163ional\u0103<\/li><li>Tratamente variate - posibilitate de peste 3,000 tipuri de scan\u0103ri<\/li><li>Operare ergonomic\u0103<\/li><li>Primul laser CO2 frac\u021bionat cu sistem unic de analiz\u0103 a pielii \u00eencorporat<\/li><li>Program automatizat de analiz\u0103 a pielii pentru utilizarea optim\u0103 a laserului CO2 frac\u021bionat \u00een tratamentele de rejuvenare<\/li><\/ul><\/div>\n    <\/div>\n<\/div>\n\t\t<\/div>\n\t<\/div>\n<\/section>\n<section class=\"fw-main-row  ls section_padding_top_25 section_padding_bottom_25 columns_padding_15\" style=\"\" >\n\t<div class=\"container\">\n\t\t<div class=\"row\">\n\t\t\t<div  id=\"column-a26abe7\" class=\"fw-column fw-column col-xs-12\" >\n\n\t<div class=\"column-overlay\"><\/div>\n\n\t<div class=\"fw-column-inner\"><div class=\"text-block\">\n\t<h3 class=\"section_header\"><span class=\"\">Would you like an appointment?<\/span><\/h3><h4 class=\"section_header\"><span class=\"\">Nu ezita\u021bi s\u0103 ne\u00a0<a href=\"https:\/\/chirodermatologie.ro\/en\/contact\/\">contacta\u021bi<\/a>!<\/span><\/h4><\/div>\n    <\/div>\n<\/div>\n\t\t<\/div>\n\t<\/div>\n<\/section>\n<\/p>","protected":false},"excerpt":{"rendered":"<p>LASER CO2 FRAC\u021aIONAT FIRE-XEL PRIMUL LASER CO2 CU SISTEM INTEGRAT DE ANALIZ\u0102 A PIELII \u2013 TRATAMENTUL ABLATIV (FRAC\u021aIONAT) \u0218I CHIRURGICAL<\/p>","protected":false},"author":1,"featured_media":0,"parent":185,"menu_order":0,"comment_status":"closed","ping_status":"closed","template":"page-templates\/full-width.php","meta":{"footnotes":""},"class_list":["post-3844","page","type-page","status-publish","hentry"],"yoast_head":"<!-- This site is optimized with the Yoast SEO plugin v24.9 - https:\/\/yoast.com\/wordpress\/plugins\/seo\/ -->\n<title>LASER CO2 FRACTIONAT FIRE-XEL - Chirodermatologie Mures<\/title>\n<meta name=\"description\" content=\"LASER CO2 FRACTIONAT FIRE-XEL, de la analiza pielii la setari optime. LASER CO2 Mures, dermatologie si estetica medicala. Chirodermatologie.\" \/>\n<meta name=\"robots\" content=\"index, follow, max-snippet:-1, max-image-preview:large, max-video-preview:-1\" \/>\n<link rel=\"canonical\" href=\"https:\/\/chirodermatologie.ro\/en\/servicii-clinica-de-dermatologie-targu-mures\/laser-co2-fractionat-fire-xel\/\" \/>\n<meta property=\"og:locale\" content=\"en_US\" \/>\n<meta property=\"og:type\" content=\"article\" \/>\n<meta property=\"og:title\" content=\"LASER CO2 FRACTIONAT FIRE-XEL - Chirodermatologie Mures\" \/>\n<meta property=\"og:description\" content=\"LASER CO2 FRACTIONAT FIRE-XEL, de la analiza pielii la setari optime. LASER CO2 Mures, dermatologie si estetica medicala. Chirodermatologie.\" \/>\n<meta property=\"og:url\" content=\"https:\/\/chirodermatologie.ro\/en\/servicii-clinica-de-dermatologie-targu-mures\/laser-co2-fractionat-fire-xel\/\" \/>\n<meta property=\"og:site_name\" content=\"Chirodermatologie\" \/>\n<meta property=\"article:publisher\" content=\"https:\/\/www.facebook.com\/Chirodermatologie\/?ref=pages_you_manage\" \/>\n<meta property=\"article:modified_time\" content=\"2026-03-09T06:19:39+00:00\" \/>\n<meta name=\"twitter:card\" content=\"summary_large_image\" \/>\n<meta name=\"twitter:label1\" content=\"Est. reading time\" \/>\n\t<meta name=\"twitter:data1\" content=\"2 minutes\" \/>\n<script type=\"application\/ld+json\" class=\"yoast-schema-graph\">{\"@context\":\"https:\/\/schema.org\",\"@graph\":[{\"@type\":\"WebPage\",\"@id\":\"https:\/\/chirodermatologie.ro\/servicii-clinica-de-dermatologie-targu-mures\/laser-co2-fractionat-fire-xel\/\",\"url\":\"https:\/\/chirodermatologie.ro\/servicii-clinica-de-dermatologie-targu-mures\/laser-co2-fractionat-fire-xel\/\",\"name\":\"LASER CO2 FRACTIONAT FIRE-XEL - Chirodermatologie Mures\",\"isPartOf\":{\"@id\":\"https:\/\/chirodermatologie.ro\/#website\"},\"datePublished\":\"2022-06-06T11:09:16+00:00\",\"dateModified\":\"2026-03-09T06:19:39+00:00\",\"description\":\"LASER CO2 FRACTIONAT FIRE-XEL, de la analiza pielii la setari optime. LASER CO2 Mures, dermatologie si estetica medicala. Chirodermatologie.\",\"breadcrumb\":{\"@id\":\"https:\/\/chirodermatologie.ro\/servicii-clinica-de-dermatologie-targu-mures\/laser-co2-fractionat-fire-xel\/#breadcrumb\"},\"inLanguage\":\"en-US\",\"potentialAction\":[{\"@type\":\"ReadAction\",\"target\":[\"https:\/\/chirodermatologie.ro\/servicii-clinica-de-dermatologie-targu-mures\/laser-co2-fractionat-fire-xel\/\"]}]},{\"@type\":\"BreadcrumbList\",\"@id\":\"https:\/\/chirodermatologie.ro\/servicii-clinica-de-dermatologie-targu-mures\/laser-co2-fractionat-fire-xel\/#breadcrumb\",\"itemListElement\":[{\"@type\":\"ListItem\",\"position\":1,\"name\":\"Home\",\"item\":\"https:\/\/chirodermatologie.ro\/\"},{\"@type\":\"ListItem\",\"position\":2,\"name\":\"Dermatologie\",\"item\":\"https:\/\/chirodermatologie.ro\/servicii-clinica-de-dermatologie-targu-mures\/\"},{\"@type\":\"ListItem\",\"position\":3,\"name\":\"LASER CO2 FRACTIONAT FIRE-XEL\"}]},{\"@type\":\"WebSite\",\"@id\":\"https:\/\/chirodermatologie.ro\/#website\",\"url\":\"https:\/\/chirodermatologie.ro\/\",\"name\":\"Chirodermatologie\",\"description\":\"Chirodermatologie\",\"publisher\":{\"@id\":\"https:\/\/chirodermatologie.ro\/#organization\"},\"potentialAction\":[{\"@type\":\"SearchAction\",\"target\":{\"@type\":\"EntryPoint\",\"urlTemplate\":\"https:\/\/chirodermatologie.ro\/?s={search_term_string}\"},\"query-input\":{\"@type\":\"PropertyValueSpecification\",\"valueRequired\":true,\"valueName\":\"search_term_string\"}}],\"inLanguage\":\"en-US\"},{\"@type\":\"Organization\",\"@id\":\"https:\/\/chirodermatologie.ro\/#organization\",\"name\":\"Chirodermatologie\",\"url\":\"https:\/\/chirodermatologie.ro\/\",\"logo\":{\"@type\":\"ImageObject\",\"inLanguage\":\"en-US\",\"@id\":\"https:\/\/chirodermatologie.ro\/#\/schema\/logo\/image\/\",\"url\":\"https:\/\/chirodermatologie.ro\/wp-content\/uploads\/2021\/12\/DERMA_LOGO-1.png\",\"contentUrl\":\"https:\/\/chirodermatologie.ro\/wp-content\/uploads\/2021\/12\/DERMA_LOGO-1.png\",\"width\":1000,\"height\":1000,\"caption\":\"Chirodermatologie\"},\"image\":{\"@id\":\"https:\/\/chirodermatologie.ro\/#\/schema\/logo\/image\/\"},\"sameAs\":[\"https:\/\/www.facebook.com\/Chirodermatologie\/?ref=pages_you_manage\",\"https:\/\/www.instagram.com\/chirodermatologie\/\"]}]}<\/script>\n<!-- \/ Yoast SEO plugin. -->","yoast_head_json":{"title":"LASER CO2 FRACTIONAT FIRE-XEL - Chirodermatologie Mures","description":"LASER CO2 FRACTIONAT FIRE-XEL, de la analiza pielii la setari optime. LASER CO2 Mures, dermatologie si estetica medicala. Chirodermatologie.","robots":{"index":"index","follow":"follow","max-snippet":"max-snippet:-1","max-image-preview":"max-image-preview:large","max-video-preview":"max-video-preview:-1"},"canonical":"https:\/\/chirodermatologie.ro\/en\/servicii-clinica-de-dermatologie-targu-mures\/laser-co2-fractionat-fire-xel\/","og_locale":"en_US","og_type":"article","og_title":"LASER CO2 FRACTIONAT FIRE-XEL - Chirodermatologie Mures","og_description":"LASER CO2 FRACTIONAT FIRE-XEL, de la analiza pielii la setari optime. LASER CO2 Mures, dermatologie si estetica medicala. Chirodermatologie.","og_url":"https:\/\/chirodermatologie.ro\/en\/servicii-clinica-de-dermatologie-targu-mures\/laser-co2-fractionat-fire-xel\/","og_site_name":"Chirodermatologie","article_publisher":"https:\/\/www.facebook.com\/Chirodermatologie\/?ref=pages_you_manage","article_modified_time":"2026-03-09T06:19:39+00:00","twitter_card":"summary_large_image","twitter_misc":{"Est. reading time":"2 minutes"},"schema":{"@context":"https:\/\/schema.org","@graph":[{"@type":"WebPage","@id":"https:\/\/chirodermatologie.ro\/servicii-clinica-de-dermatologie-targu-mures\/laser-co2-fractionat-fire-xel\/","url":"https:\/\/chirodermatologie.ro\/servicii-clinica-de-dermatologie-targu-mures\/laser-co2-fractionat-fire-xel\/","name":"LASER CO2 FRACTIONAT FIRE-XEL - Chirodermatologie Mures","isPartOf":{"@id":"https:\/\/chirodermatologie.ro\/#website"},"datePublished":"2022-06-06T11:09:16+00:00","dateModified":"2026-03-09T06:19:39+00:00","description":"LASER CO2 FRACTIONAT FIRE-XEL, de la analiza pielii la setari optime. LASER CO2 Mures, dermatologie si estetica medicala. Chirodermatologie.","breadcrumb":{"@id":"https:\/\/chirodermatologie.ro\/servicii-clinica-de-dermatologie-targu-mures\/laser-co2-fractionat-fire-xel\/#breadcrumb"},"inLanguage":"en-US","potentialAction":[{"@type":"ReadAction","target":["https:\/\/chirodermatologie.ro\/servicii-clinica-de-dermatologie-targu-mures\/laser-co2-fractionat-fire-xel\/"]}]},{"@type":"BreadcrumbList","@id":"https:\/\/chirodermatologie.ro\/servicii-clinica-de-dermatologie-targu-mures\/laser-co2-fractionat-fire-xel\/#breadcrumb","itemListElement":[{"@type":"ListItem","position":1,"name":"Home","item":"https:\/\/chirodermatologie.ro\/"},{"@type":"ListItem","position":2,"name":"Dermatologie","item":"https:\/\/chirodermatologie.ro\/servicii-clinica-de-dermatologie-targu-mures\/"},{"@type":"ListItem","position":3,"name":"LASER CO2 FRACTIONAT FIRE-XEL"}]},{"@type":"WebSite","@id":"https:\/\/chirodermatologie.ro\/#website","url":"https:\/\/chirodermatologie.ro\/","name":"Chirodermatologie","description":"Chirodermatologie","publisher":{"@id":"https:\/\/chirodermatologie.ro\/#organization"},"potentialAction":[{"@type":"SearchAction","target":{"@type":"EntryPoint","urlTemplate":"https:\/\/chirodermatologie.ro\/?s={search_term_string}"},"query-input":{"@type":"PropertyValueSpecification","valueRequired":true,"valueName":"search_term_string"}}],"inLanguage":"en-US"},{"@type":"Organization","@id":"https:\/\/chirodermatologie.ro\/#organization","name":"Chirodermatologie","url":"https:\/\/chirodermatologie.ro\/","logo":{"@type":"ImageObject","inLanguage":"en-US","@id":"https:\/\/chirodermatologie.ro\/#\/schema\/logo\/image\/","url":"https:\/\/chirodermatologie.ro\/wp-content\/uploads\/2021\/12\/DERMA_LOGO-1.png","contentUrl":"https:\/\/chirodermatologie.ro\/wp-content\/uploads\/2021\/12\/DERMA_LOGO-1.png","width":1000,"height":1000,"caption":"Chirodermatologie"},"image":{"@id":"https:\/\/chirodermatologie.ro\/#\/schema\/logo\/image\/"},"sameAs":["https:\/\/www.facebook.com\/Chirodermatologie\/?ref=pages_you_manage","https:\/\/www.instagram.com\/chirodermatologie\/"]}]}},"_links":{"self":[{"href":"https:\/\/chirodermatologie.ro\/en\/wp-json\/wp\/v2\/pages\/3844","targetHints":{"allow":["GET"]}}],"collection":[{"href":"https:\/\/chirodermatologie.ro\/en\/wp-json\/wp\/v2\/pages"}],"about":[{"href":"https:\/\/chirodermatologie.ro\/en\/wp-json\/wp\/v2\/types\/page"}],"author":[{"embeddable":true,"href":"https:\/\/chirodermatologie.ro\/en\/wp-json\/wp\/v2\/users\/1"}],"replies":[{"embeddable":true,"href":"https:\/\/chirodermatologie.ro\/en\/wp-json\/wp\/v2\/comments?post=3844"}],"version-history":[{"count":16,"href":"https:\/\/chirodermatologie.ro\/en\/wp-json\/wp\/v2\/pages\/3844\/revisions"}],"predecessor-version":[{"id":4502,"href":"https:\/\/chirodermatologie.ro\/en\/wp-json\/wp\/v2\/pages\/3844\/revisions\/4502"}],"up":[{"embeddable":true,"href":"https:\/\/chirodermatologie.ro\/en\/wp-json\/wp\/v2\/pages\/185"}],"wp:attachment":[{"href":"https:\/\/chirodermatologie.ro\/en\/wp-json\/wp\/v2\/media?parent=3844"}],"curies":[{"name":"wp","href":"https:\/\/api.w.org\/{rel}","templated":true}]}}