{"id":3743,"date":"2021-11-29T12:47:20","date_gmt":"2021-11-29T12:47:20","guid":{"rendered":"https:\/\/chirodermatologie.ro\/?page_id=3743"},"modified":"2026-04-23T08:51:34","modified_gmt":"2026-04-23T05:51:34","slug":"dermatologie-medicala","status":"publish","type":"page","link":"https:\/\/chirodermatologie.ro\/en\/dermatologie-medicala\/","title":{"rendered":"Medical dermatology"},"content":{"rendered":"<section class=\"fw-main-row  ls section_padding_top_65 section_padding_bottom_100 columns_padding_15\" style=\"\" >\n\t<div class=\"container\">\n\t\t<div class=\"row\">\n\t\t\t<div  id=\"column-e3707e5\" class=\"fw-column fw-column col-xs-12 to_animate\" data-animation=\"fadeInDown\">\n\n\t<div class=\"column-overlay\"><\/div>\n\n\t<div class=\"fw-column-inner\"><div class=\"text-center\">\n\t<h3 class=\"section_header\">\n\t<span class=\"\">\n\t\tMedical dermatology\t<\/span>\n\t<\/h3>\n<\/div>\n\t<div class=\"fw-divider-line\"><hr\/><\/div>\n\n\n\n\n\t<div class=\"fw-divider-space  hidden-sm hidden-xs\" style=\"margin-top: 70px;\"><\/div>\n    <\/div>\n<\/div>\n<div  id=\"column-3dfb02c\" class=\"fw-column fw-column col-xs-12\" >\n\n\t<div class=\"column-overlay\"><\/div>\n\n\t<div class=\"fw-column-inner\"><div class=\"text-block\">\n\t<p><span style=\"font-weight: 400;\">Printre <a href=\"https:\/\/www.facebook.com\/Chirodermatologie\">serviciile noastre<\/a> de <\/span><span style=\"font-weight: 400;\">dermatologie<\/span> <span style=\"font-weight: 400;\">din acest <\/span><span style=\"font-weight: 400;\">cabinet dermatologic<\/span><span style=\"font-weight: 400;\"> se numar\u0103: examenul dermatoscopic, crioterapia \u0219i electrocauterizarea<\/span><\/p><\/div>\n    <\/div>\n<\/div>\n<div  id=\"column-b0a399c\" class=\"fw-column fw-column col-xs-12 to_animate\" data-animation=\"slideDown\">\n\n\t<div class=\"column-overlay\"><\/div>\n\n\t<div class=\"fw-column-inner\"><div class=\"row columns_padding_25 shortcode-teasers-row\">\n\t\t\t<div class=\"col-md-12\">\n\t\t\t\t\t<div class=\"teaser  media\">\n\t\t\t\t\t\t\t<div class=\"media-left big-image\">\n\t\t\t\t\t<div class=\"teaser_image\">\n                        <a href=\"https:\/\/chirodermatologie.ro\/en\/servicii\/examen-dermatoscopic\/\">\t\t\t\t\t\t<img decoding=\"async\" src=\"\/\/chirodermatologie.ro\/wp-content\/uploads\/2021\/06\/dermatoscop2.jpg\"\n\t\t\t\t\t\t     alt=\"Dermatoscopic examination\">\n                        <\/a>\t\t\t\t\t<\/div>\n\t\t\t\t<\/div>\n\t\t\t\t\t\t<div class=\"media-body\">\n\t\t\t\t\t\t\t\t<h4 class=\"media-heading\">\n\t\t\t\t\t\t\t\t<a href=\"https:\/\/chirodermatologie.ro\/en\/servicii\/examen-dermatoscopic\/\">\n\t\t\t\t\t\n\t\t\t\t\tDermatoscopic examination\n\t\t\t\t\t\t\t\t\t<\/a>\n\t\t\t\t\t\t<\/h4>\n\t\t\t\t\t\t\t\t\t<p>\n\t\t\t\t\tExamenul dermatoscopic sau dermatoscopia reprezint\u0103 o metod\u0103 modern\u0103, rapid\u0103 \u0219i non-invaziv\u0103 de examinare a pielii, care este folosit\u0103 pentru a cre\u0219te acurate\u021bea diagnosticului dermatologic. Examenul dermatoscopic poate fi realizat \u00een acest cabinet dermatologic sub atenta supraveghere a medicului dermatolog.\t\t\t\t<\/p>\n\t\t\t\t\t\t\t\t<\/div><!-- eof .media-body -->\n\t\t<\/div><!-- eof .teaser -->\n\t\t\t\t<\/div><!-- eof teaser -->\n\t<\/div> <!-- eof teasers row --><div class=\"text-block\">\n\t<h3><span style=\"font-weight: 400;\">\u00cen ce const\u0103?<\/span><\/h3><p>Pentru acest serviciu de dermatologie, medicul nostru dermatolog din acest cabinet dermatologic va folosi un instrument numit dermatoscop, care m\u0103re\u0219te imaginea leziunii respective, permi\u021b\u00e2nd at\u00e2t vizualizarea structurilor superficiale, c\u00e2t \u0219i a celor profunde. De exemplu, \u00een cazul unei aluni\u021be, examenul dermatoscopic ajut\u0103 la examinarea am\u0103nun\u021bit\u0103 a fiec\u0103rei por\u021biuni din aluni\u021ba respectiv\u0103, ceea ce permite vizualizarea cu exactitate a caracteristicilor acesteia, care altfel ar fi invizibile unei examin\u0103ri cu ochiul liber. Cu ajutorul examenului dermatoscopic pot fi detectate p\u00e2n\u0103 \u0219i cele mai mici schimb\u0103ri care ar putea indica o leziune pre-canceroasa sau canceroasa.<\/p><\/div>\n    <\/div>\n<\/div>\n<div  id=\"column-01684cf\" class=\"fw-column fw-column col-xs-12 to_animate\" data-animation=\"slideDown\">\n\n\t<div class=\"column-overlay\"><\/div>\n\n\t<div class=\"fw-column-inner\"><div class=\"row columns_padding_25 shortcode-teasers-row\">\n\t\t\t<div class=\"col-md-12\">\n\t\t\t\t\t<div class=\"teaser  media\">\n\t\t\t\t\t\t\t<div class=\"media-left big-image\">\n\t\t\t\t\t<div class=\"teaser_image\">\n                        <a href=\"https:\/\/chirodermatologie.ro\/en\/servicii\/crioterapia\/\">\t\t\t\t\t\t<img decoding=\"async\" src=\"\/\/chirodermatologie.ro\/wp-content\/uploads\/2021\/06\/crio.jpg\"\n\t\t\t\t\t\t     alt=\"Cryotherapy\">\n                        <\/a>\t\t\t\t\t<\/div>\n\t\t\t\t<\/div>\n\t\t\t\t\t\t<div class=\"media-body\">\n\t\t\t\t\t\t\t\t<h4 class=\"media-heading\">\n\t\t\t\t\t\t\t\t<a href=\"https:\/\/chirodermatologie.ro\/en\/servicii\/crioterapia\/\">\n\t\t\t\t\t\n\t\t\t\t\tCryotherapy\n\t\t\t\t\t\t\t\t\t<\/a>\n\t\t\t\t\t\t<\/h4>\n\t\t\t\t\t\t\t\t\t<p>\n\t\t\t\t\tCrioterapia sau metoda \u00eenghe\u021b\u0103rii reprezint\u0103 o interven\u021bie cu un disconfort minim, care poate fi aplicat \u00een diverse patologii dermatologice precum: veruci (negi), papiloame, keratoze, molluscum contagiosum.\t\t\t\t<\/p>\n\t\t\t\t\t\t\t\t<\/div><!-- eof .media-body -->\n\t\t<\/div><!-- eof .teaser -->\n\t\t\t\t<\/div><!-- eof teaser -->\n\t<\/div> <!-- eof teasers row --><div class=\"text-block\">\n\t<h3><span style=\"font-weight: 400;\">\u00cen ce const\u0103?<\/span><\/h3><p>Pe scurt, crioterapia este o metod\u0103 de tratament care utilizeaz\u0103 frigul. \u00cen acest cabinet dermatologic agentul preferat este azotul lichid. Azotul reprezint\u0103 78% din compozi\u021bia aerului atmosferic \u0219i are punctul de fierbere la -196 grade Celsius. Dup\u0103 ce azotul va fi aplicat pe piele sub form\u0103 de spray, \u00een interiorul celulelor se vor forma cristale de ghea\u021b\u0103 iar \u00een vasele de sange se vor forma cheaguri, induc\u00e2ndu-se astfel un r\u0103spuns imun \u00eempotriva celulelor respective.<\/p><\/div>\n    <\/div>\n<\/div>\n<div  id=\"column-7065376\" class=\"fw-column fw-column col-xs-12 to_animate\" data-animation=\"slideDown\">\n\n\t<div class=\"column-overlay\"><\/div>\n\n\t<div class=\"fw-column-inner\"><div class=\"row columns_padding_25 shortcode-teasers-row\">\n\t\t\t<div class=\"col-md-12\">\n\t\t\t\t\t<div class=\"teaser  media\">\n\t\t\t\t\t\t\t<div class=\"media-left big-image\">\n\t\t\t\t\t<div class=\"teaser_image\">\n                        <a href=\"https:\/\/chirodermatologie.ro\/en\/servicii\/electrocauterizare\/\">\t\t\t\t\t\t<img decoding=\"async\" src=\"\/\/chirodermatologie.ro\/wp-content\/uploads\/2021\/06\/electrocauterizare_1-min-scaled-1.jpg\"\n\t\t\t\t\t\t     alt=\"Electrocauterization\">\n                        <\/a>\t\t\t\t\t<\/div>\n\t\t\t\t<\/div>\n\t\t\t\t\t\t<div class=\"media-body\">\n\t\t\t\t\t\t\t\t<h4 class=\"media-heading\">\n\t\t\t\t\t\t\t\t<a href=\"https:\/\/chirodermatologie.ro\/en\/servicii\/electrocauterizare\/\">\n\t\t\t\t\t\n\t\t\t\t\tElectrocauterization\n\t\t\t\t\t\t\t\t\t<\/a>\n\t\t\t\t\t\t<\/h4>\n\t\t\t\t\t\t\t\t\t<p>\n\t\t\t\t\tElectrocauterizarea este un tratament cu rezultate imediate \u0219i f\u0103r\u0103 cicatrici. Este utilizat foarte frecvent \u0219i este u\u0219or de suportat de c\u0103tre pacient. Acest serviciu de dermatologie din cadrul acestui cabinet dermatologic presupune utilizarea unui aparat care, prin intermediul curentului electric de frecven\u021b\u0103 foarte \u00eenalt\u0103, determin\u0103 distruc\u021bia leziunilor nedorite. \t\t\t\t<\/p>\n\t\t\t\t\t\t\t\t<\/div><!-- eof .media-body -->\n\t\t<\/div><!-- eof .teaser -->\n\t\t\t\t<\/div><!-- eof teaser -->\n\t<\/div> <!-- eof teasers row --><div class=\"text-block\">\n\t<h3><span style=\"font-weight: 400;\">\u00cen ce const\u0103?<\/span><\/h3><p><span style=\"font-weight: 400;\">Este o procedur\u0103 care const\u0103 \u00een \u00eenc\u0103lzirea unui \u021besut, prin intermediul electricit\u0103\u021bii. Deseori, pacien\u021bii apeleaz\u0103 la electrocauterizare atunci c\u00e2nd pe piele apar leziuni benigne precum: papiloame, keratoze seboreice sau actinice, angiom, zapiloame, veruci, tumori vasculare, xantelasme, keratoze seboreice, fibroame, condiloame, molluscum contagiosum \u0219i alte tumori benigne.<\/span><\/p><\/div>\n    <\/div>\n<\/div>\n<div  id=\"column-e46e497\" class=\"fw-column fw-column col-xs-12 to_animate\" data-animation=\"slideDown\">\n\n\t<div class=\"column-overlay\"><\/div>\n\n\t<div class=\"fw-column-inner\"><div class=\"row columns_padding_25 shortcode-teasers-row\">\n\t\t\t<div class=\"col-md-12\">\n\t\t\t\t\t<div class=\"teaser  media\">\n\t\t\t\t\t\t\t<div class=\"media-left big-image\">\n\t\t\t\t\t<div class=\"teaser_image\">\n                        <a href=\"https:\/\/chirodermatologie.ro\/en\/servicii\/videodermatoscopie-digitala\/\">\t\t\t\t\t\t<img decoding=\"async\" src=\"\/\/chirodermatologie.ro\/wp-content\/uploads\/2023\/02\/videodermatoscopie-digitiala.jpg\"\n\t\t\t\t\t\t     alt=\"Videodermatoscopie digital\u0103\">\n                        <\/a>\t\t\t\t\t<\/div>\n\t\t\t\t<\/div>\n\t\t\t\t\t\t<div class=\"media-body\">\n\t\t\t\t\t\t\t\t<h4 class=\"media-heading\">\n\t\t\t\t\t\t\t\t<a href=\"https:\/\/chirodermatologie.ro\/en\/servicii\/videodermatoscopie-digitala\/\">\n\t\t\t\t\t\n\t\t\t\t\tVideodermatoscopie digital\u0103\n\t\t\t\t\t\t\t\t\t<\/a>\n\t\t\t\t\t\t<\/h4>\n\t\t\t\t\t\t\t\t\t<p>\n\t\t\t\t\tVideodermatoscopie \u2013 tehnologia cea mai avansat\u0103 pentru depistarea cancerului de piele!\r\n\r\n\u0218tii c\u00e2\u021bi oameni mor \u00een fiecare \u00een zi \u00een lume din cauza melanomului, una dintre cele mai ucig\u0103toare forme de cancer? Peste 55.000 de persoane \u00ee\u0219i pierd via\u021ba anual din cauza lui! Cu ajutorul t\u0103u \u0219i folosind tehnologia de azi ne putem asigura c\u0103 nu o s\u0103 faci parte dintre ei!\t\t\t\t<\/p>\n\t\t\t\t\t\t\t\t<\/div><!-- eof .media-body -->\n\t\t<\/div><!-- eof .teaser -->\n\t\t\t\t<\/div><!-- eof teaser -->\n\t<\/div> <!-- eof teasers row --><div class=\"text-block\">\n\t<h3><span style=\"font-weight: 400;\">\u00cen ce const\u0103?<\/span><\/h3><p>Cel mai performant sistem video de dermatoscopie disponibil \u2013 MoleMax HD ofer\u0103 o gam\u0103 larg\u0103 de caracteristici construite cu o camer\u0103 Full HD de \u00eenalt\u0103 rezolu\u021bie, cu accesorii suplimentare precum previzualizarea ecranului LCD, transfer video complet digital f\u0103r\u0103 conversii, control integrat al mouse-ului \u0219i afi\u0219aj cu ecran lat, dublu.<\/p><p>Molemax HD reprezint\u0103 standardul de excelent\u0103 \u00een dermatoscopia digital\u0103, dovedindu-se un instrument extrem de eficient pentru depistarea cancerului de piele, dar \u0219i a altor anomalii ale pielii. Acest sistem complex investigheaz\u0103 \u00een detaliu tegumentul \u0219i determin\u0103 evolu\u021bia \u00een timp a nevilor pigmentari (aluni\u021belor). Func\u021bia integrat\u0103 de \u201ebody-mapping\u201d \u00a0(cartografiere a intregului corp) permite s\u0103 documenta\u021bia fotografic\u0103 a \u00eentregului corp \u0219i ob\u021binerea de imagini macro pentru a fi utilizate pentru documentare periodic\u0103, tratament cosmetic sau \u00een orice alt scop.<\/p><\/div>\n    <\/div>\n<\/div>\n\t\t<\/div>\n\t<\/div>\n<\/section>","protected":false},"excerpt":{"rendered":"<p>Dermatologie medical\u0103 Printre serviciile noastre de dermatologie din acest cabinet dermatologic se numar\u0103: examenul dermatoscopic, crioterapia \u0219i electrocauterizarea Examen dermatoscopic<\/p>","protected":false},"author":1,"featured_media":0,"parent":0,"menu_order":0,"comment_status":"closed","ping_status":"closed","template":"page-templates\/full-width.php","meta":{"footnotes":""},"class_list":["post-3743","page","type-page","status-publish","hentry"],"yoast_head":"<!-- This site is optimized with the Yoast SEO plugin v24.9 - https:\/\/yoast.com\/wordpress\/plugins\/seo\/ -->\n<title>Dermatologie Medical\u0103 T\u00e2rgu Mure\u0219 | Consulta\u021bii &amp; Tratament<\/title>\n<meta name=\"description\" content=\"Consulta\u021bii \u0219i tratamente dermatologice la Chirodermatologie T\u00e2rgu Mure\u0219. Acnee, eczeme, aluni\u021be, infec\u021bii cutanate. Program\u0103ri rapide.\" \/>\n<meta name=\"robots\" content=\"index, follow, max-snippet:-1, max-image-preview:large, max-video-preview:-1\" \/>\n<link rel=\"canonical\" href=\"https:\/\/chirodermatologie.ro\/en\/dermatologie-medicala\/\" \/>\n<meta property=\"og:locale\" content=\"en_US\" \/>\n<meta property=\"og:type\" content=\"article\" \/>\n<meta property=\"og:title\" content=\"Dermatologie Medical\u0103 T\u00e2rgu Mure\u0219 | Consulta\u021bii &amp; Tratament\" \/>\n<meta property=\"og:description\" content=\"Consulta\u021bii \u0219i tratamente dermatologice la Chirodermatologie T\u00e2rgu Mure\u0219. Acnee, eczeme, aluni\u021be, infec\u021bii cutanate. Program\u0103ri rapide.\" \/>\n<meta property=\"og:url\" content=\"https:\/\/chirodermatologie.ro\/en\/dermatologie-medicala\/\" \/>\n<meta property=\"og:site_name\" content=\"Chirodermatologie\" \/>\n<meta property=\"article:publisher\" content=\"https:\/\/www.facebook.com\/Chirodermatologie\/?ref=pages_you_manage\" \/>\n<meta property=\"article:modified_time\" content=\"2026-04-23T05:51:34+00:00\" \/>\n<meta name=\"twitter:card\" content=\"summary_large_image\" \/>\n<meta name=\"twitter:label1\" content=\"Est. reading time\" \/>\n\t<meta name=\"twitter:data1\" content=\"3 minutes\" \/>\n<script type=\"application\/ld+json\" class=\"yoast-schema-graph\">{\"@context\":\"https:\/\/schema.org\",\"@graph\":[{\"@type\":\"WebPage\",\"@id\":\"https:\/\/chirodermatologie.ro\/dermatologie-medicala\/\",\"url\":\"https:\/\/chirodermatologie.ro\/dermatologie-medicala\/\",\"name\":\"Dermatologie Medical\u0103 T\u00e2rgu Mure\u0219 | Consulta\u021bii & Tratament\",\"isPartOf\":{\"@id\":\"https:\/\/chirodermatologie.ro\/#website\"},\"datePublished\":\"2021-11-29T12:47:20+00:00\",\"dateModified\":\"2026-04-23T05:51:34+00:00\",\"description\":\"Consulta\u021bii \u0219i tratamente dermatologice la Chirodermatologie T\u00e2rgu Mure\u0219. Acnee, eczeme, aluni\u021be, infec\u021bii cutanate. Program\u0103ri rapide.\",\"breadcrumb\":{\"@id\":\"https:\/\/chirodermatologie.ro\/dermatologie-medicala\/#breadcrumb\"},\"inLanguage\":\"en-US\",\"potentialAction\":[{\"@type\":\"ReadAction\",\"target\":[\"https:\/\/chirodermatologie.ro\/dermatologie-medicala\/\"]}]},{\"@type\":\"BreadcrumbList\",\"@id\":\"https:\/\/chirodermatologie.ro\/dermatologie-medicala\/#breadcrumb\",\"itemListElement\":[{\"@type\":\"ListItem\",\"position\":1,\"name\":\"Home\",\"item\":\"https:\/\/chirodermatologie.ro\/\"},{\"@type\":\"ListItem\",\"position\":2,\"name\":\"Dermatologie medical\u0103\"}]},{\"@type\":\"WebSite\",\"@id\":\"https:\/\/chirodermatologie.ro\/#website\",\"url\":\"https:\/\/chirodermatologie.ro\/\",\"name\":\"Chirodermatologie\",\"description\":\"Chirodermatologie\",\"publisher\":{\"@id\":\"https:\/\/chirodermatologie.ro\/#organization\"},\"potentialAction\":[{\"@type\":\"SearchAction\",\"target\":{\"@type\":\"EntryPoint\",\"urlTemplate\":\"https:\/\/chirodermatologie.ro\/?s={search_term_string}\"},\"query-input\":{\"@type\":\"PropertyValueSpecification\",\"valueRequired\":true,\"valueName\":\"search_term_string\"}}],\"inLanguage\":\"en-US\"},{\"@type\":\"Organization\",\"@id\":\"https:\/\/chirodermatologie.ro\/#organization\",\"name\":\"Chirodermatologie\",\"url\":\"https:\/\/chirodermatologie.ro\/\",\"logo\":{\"@type\":\"ImageObject\",\"inLanguage\":\"en-US\",\"@id\":\"https:\/\/chirodermatologie.ro\/#\/schema\/logo\/image\/\",\"url\":\"https:\/\/chirodermatologie.ro\/wp-content\/uploads\/2021\/12\/DERMA_LOGO-1.png\",\"contentUrl\":\"https:\/\/chirodermatologie.ro\/wp-content\/uploads\/2021\/12\/DERMA_LOGO-1.png\",\"width\":1000,\"height\":1000,\"caption\":\"Chirodermatologie\"},\"image\":{\"@id\":\"https:\/\/chirodermatologie.ro\/#\/schema\/logo\/image\/\"},\"sameAs\":[\"https:\/\/www.facebook.com\/Chirodermatologie\/?ref=pages_you_manage\",\"https:\/\/www.instagram.com\/chirodermatologie\/\"]}]}<\/script>\n<!-- \/ Yoast SEO plugin. -->","yoast_head_json":{"title":"Dermatologie Medical\u0103 T\u00e2rgu Mure\u0219 | Consulta\u021bii & Tratament","description":"Consulta\u021bii \u0219i tratamente dermatologice la Chirodermatologie T\u00e2rgu Mure\u0219. Acnee, eczeme, aluni\u021be, infec\u021bii cutanate. Program\u0103ri rapide.","robots":{"index":"index","follow":"follow","max-snippet":"max-snippet:-1","max-image-preview":"max-image-preview:large","max-video-preview":"max-video-preview:-1"},"canonical":"https:\/\/chirodermatologie.ro\/en\/dermatologie-medicala\/","og_locale":"en_US","og_type":"article","og_title":"Dermatologie Medical\u0103 T\u00e2rgu Mure\u0219 | Consulta\u021bii & Tratament","og_description":"Consulta\u021bii \u0219i tratamente dermatologice la Chirodermatologie T\u00e2rgu Mure\u0219. Acnee, eczeme, aluni\u021be, infec\u021bii cutanate. Program\u0103ri rapide.","og_url":"https:\/\/chirodermatologie.ro\/en\/dermatologie-medicala\/","og_site_name":"Chirodermatologie","article_publisher":"https:\/\/www.facebook.com\/Chirodermatologie\/?ref=pages_you_manage","article_modified_time":"2026-04-23T05:51:34+00:00","twitter_card":"summary_large_image","twitter_misc":{"Est. reading time":"3 minutes"},"schema":{"@context":"https:\/\/schema.org","@graph":[{"@type":"WebPage","@id":"https:\/\/chirodermatologie.ro\/dermatologie-medicala\/","url":"https:\/\/chirodermatologie.ro\/dermatologie-medicala\/","name":"Dermatologie Medical\u0103 T\u00e2rgu Mure\u0219 | Consulta\u021bii & Tratament","isPartOf":{"@id":"https:\/\/chirodermatologie.ro\/#website"},"datePublished":"2021-11-29T12:47:20+00:00","dateModified":"2026-04-23T05:51:34+00:00","description":"Consulta\u021bii \u0219i tratamente dermatologice la Chirodermatologie T\u00e2rgu Mure\u0219. Acnee, eczeme, aluni\u021be, infec\u021bii cutanate. Program\u0103ri rapide.","breadcrumb":{"@id":"https:\/\/chirodermatologie.ro\/dermatologie-medicala\/#breadcrumb"},"inLanguage":"en-US","potentialAction":[{"@type":"ReadAction","target":["https:\/\/chirodermatologie.ro\/dermatologie-medicala\/"]}]},{"@type":"BreadcrumbList","@id":"https:\/\/chirodermatologie.ro\/dermatologie-medicala\/#breadcrumb","itemListElement":[{"@type":"ListItem","position":1,"name":"Home","item":"https:\/\/chirodermatologie.ro\/"},{"@type":"ListItem","position":2,"name":"Dermatologie medical\u0103"}]},{"@type":"WebSite","@id":"https:\/\/chirodermatologie.ro\/#website","url":"https:\/\/chirodermatologie.ro\/","name":"Chirodermatologie","description":"Chirodermatologie","publisher":{"@id":"https:\/\/chirodermatologie.ro\/#organization"},"potentialAction":[{"@type":"SearchAction","target":{"@type":"EntryPoint","urlTemplate":"https:\/\/chirodermatologie.ro\/?s={search_term_string}"},"query-input":{"@type":"PropertyValueSpecification","valueRequired":true,"valueName":"search_term_string"}}],"inLanguage":"en-US"},{"@type":"Organization","@id":"https:\/\/chirodermatologie.ro\/#organization","name":"Chirodermatologie","url":"https:\/\/chirodermatologie.ro\/","logo":{"@type":"ImageObject","inLanguage":"en-US","@id":"https:\/\/chirodermatologie.ro\/#\/schema\/logo\/image\/","url":"https:\/\/chirodermatologie.ro\/wp-content\/uploads\/2021\/12\/DERMA_LOGO-1.png","contentUrl":"https:\/\/chirodermatologie.ro\/wp-content\/uploads\/2021\/12\/DERMA_LOGO-1.png","width":1000,"height":1000,"caption":"Chirodermatologie"},"image":{"@id":"https:\/\/chirodermatologie.ro\/#\/schema\/logo\/image\/"},"sameAs":["https:\/\/www.facebook.com\/Chirodermatologie\/?ref=pages_you_manage","https:\/\/www.instagram.com\/chirodermatologie\/"]}]}},"_links":{"self":[{"href":"https:\/\/chirodermatologie.ro\/en\/wp-json\/wp\/v2\/pages\/3743","targetHints":{"allow":["GET"]}}],"collection":[{"href":"https:\/\/chirodermatologie.ro\/en\/wp-json\/wp\/v2\/pages"}],"about":[{"href":"https:\/\/chirodermatologie.ro\/en\/wp-json\/wp\/v2\/types\/page"}],"author":[{"embeddable":true,"href":"https:\/\/chirodermatologie.ro\/en\/wp-json\/wp\/v2\/users\/1"}],"replies":[{"embeddable":true,"href":"https:\/\/chirodermatologie.ro\/en\/wp-json\/wp\/v2\/comments?post=3743"}],"version-history":[{"count":24,"href":"https:\/\/chirodermatologie.ro\/en\/wp-json\/wp\/v2\/pages\/3743\/revisions"}],"predecessor-version":[{"id":4314,"href":"https:\/\/chirodermatologie.ro\/en\/wp-json\/wp\/v2\/pages\/3743\/revisions\/4314"}],"wp:attachment":[{"href":"https:\/\/chirodermatologie.ro\/en\/wp-json\/wp\/v2\/media?parent=3743"}],"curies":[{"name":"wp","href":"https:\/\/api.w.org\/{rel}","templated":true}]}}