{"id":3483,"date":"2021-06-25T09:27:06","date_gmt":"2021-06-25T09:27:06","guid":{"rendered":"https:\/\/chirodermatologie.ro\/?page_id=3483"},"modified":"2026-04-03T09:23:49","modified_gmt":"2026-04-03T06:23:49","slug":"pedodontia-mures","status":"publish","type":"page","link":"https:\/\/chirodermatologie.ro\/en\/servicii-stomatologie\/pedodontia-mures\/","title":{"rendered":"Pedodontics"},"content":{"rendered":"<p><section class=\"fw-main-row  ls section_padding_top_50 section_padding_bottom_50 columns_padding_15\" style=\"\" >\n\t<div class=\"container\">\n\t\t<div class=\"row\">\n\t\t\t<div  id=\"column-16a7ba8\" class=\"fw-column fw-column col-xs-12\" >\n\n\t<div class=\"column-overlay\"><\/div>\n\n\t<div class=\"fw-column-inner\"><div class=\"text-center\">\n\t<h3 class=\"section_header\">\n\t<span class=\"\">\n\t\tPedodontics\t<\/span>\n\t<\/h3>\n<\/div>\n\t<div class=\"fw-divider-line\"><hr\/><\/div>\n\n\n    <\/div>\n<\/div>\n\t\t<\/div>\n\t<\/div>\n<\/section>\n<section class=\"fw-main-row  ls section_padding_top_25 section_padding_bottom_25 columns_padding_15\" style=\"\" >\n\t<div class=\"container\">\n\t\t<div class=\"row\">\n\t\t\t<div  id=\"column-518916a\" class=\"fw-column fw-column col-xs-12 col-md-6 to_animate\" data-animation=\"fadeInLeft\">\n\n\t<div class=\"column-overlay\"><\/div>\n\n\t<div class=\"fw-column-inner\"><img decoding=\"async\" class=\"shortcode-media-image\" src=\"\/\/chirodermatologie.ro\/wp-content\/uploads\/2021\/06\/Pedodontia.jpg\" alt=\"\/\/chirodermatologie.ro\/wp-content\/uploads\/2021\/06\/Pedodontia.jpg\" \/>    <\/div>\n<\/div>\n<div  id=\"column-012b24f\" class=\"fw-column fw-column col-xs-12 col-md-6 to_animate text-left\" data-animation=\"fadeInRight\">\n\n\t<div class=\"column-overlay\"><\/div>\n\n\t<div class=\"fw-column-inner\">\n\n\t<div class=\"fw-divider-space\" style=\"margin-top: 30px;\"><\/div>\n<div class=\"text-block\">\n\t<p>Pedodontia, numita si\u00a0stomatologie pediatrica, este specialitatea stomatologica limitata de varsta, care desfasoara masuri de preventie terapeutice pentru copii si adolescenti, cuprinzandu-i si pe cei cu necesitati speciale de tratament. Etimologic, cuvantul\u00a0pedodontie\u00a0vine din termenii grecesti\u00a0pes\u00a0care inseamna\u00a0copil\u00a0si\u00a0odontos\u00a0care inseamna\u00a0dinte. In pedodontie se practica preventia, odontologia, endodontia, protetica copilului si adolescentului.<br \/>Pedodontul contribuie la educarea copiilor, adultilor si parintilor de maine in spiritul respectarii masurilor de igiena orala si profilaxie dentoparodontala.<br \/>Este recomandata consultarea unui medic pedodont cat mai curand dupa eruptia primilor dinti, in vederea respectarii unor masuri de igiena si profilaxie dentara adaptate varstei.<\/p><\/div>\n    <\/div>\n<\/div>\n\t\t<\/div>\n\t<\/div>\n<\/section>\n<section class=\"fw-main-row  ls section_padding_top_25 section_padding_bottom_0 columns_padding_15\" style=\"\" >\n\t<div class=\"container\">\n\t\t<div class=\"row\">\n\t\t\t<div  id=\"column-88e2754\" class=\"fw-column fw-column col-xs-12 col-md-3 to_animate text-center programare\" data-animation=\"fadeInUp\">\n\n\t<div class=\"column-overlay\"><\/div>\n\n\t<div class=\"fw-column-inner\">\n\n\t<div class=\"fw-divider-space  hidden-sm hidden-xs\" style=\"margin-top: 50px;\"><\/div>\n    <\/div>\n<\/div>\n<div  id=\"column-7ec8c12\" class=\"fw-column fw-column col-xs-12 col-md-6 to_animate text-center programare\" data-animation=\"fadeInUp\">\n\n\t<div class=\"column-overlay\"><\/div>\n\n\t<div class=\"fw-column-inner\">\n\n\t<div class=\"fw-divider-space  hidden-sm hidden-xs\" style=\"margin-top: 50px;\"><\/div>\n<div class=\"text-center\">\n\t<h3 class=\"section_header\">\n\t<span class=\"\">\n\t\tWould you like an appointment?\t<\/span>\n\t<\/h3>\n\t<h4 class=\"section_header\">\n\t<span class=\"\">\n\t\tDo not hesitate to contact us!\t<\/span>\n\t<\/h4>\n<\/div>\n\n\n\t<div class=\"fw-divider-space\" style=\"margin-top: 50px;\"><\/div>\n\t<span class=\"theme-icon   icon_center\">\n\t<i class=\"rt-icon2-arrow-down-outline highlight\"><\/i>\n<\/span>\n\t\n\n\t<div class=\"fw-divider-space\" style=\"margin-top: 50px;\"><\/div>\n<a href=\"https:\/\/chirodermatologie.ro\/en\/vreau-o-programare\/\" target=\"_blank\"\n   class=\"theme_button color1\">\n\t<span>I want an appointment!<\/span>\n<\/a>    <\/div>\n<\/div>\n<div  id=\"column-5591eef\" class=\"fw-column fw-column col-xs-12 col-md-3 to_animate text-center programare\" data-animation=\"fadeInUp\">\n\n\t<div class=\"column-overlay\"><\/div>\n\n\t<div class=\"fw-column-inner\">\n\n\t<div class=\"fw-divider-space  hidden-sm hidden-xs\" style=\"margin-top: 50px;\"><\/div>\n    <\/div>\n<\/div>\n\t\t<\/div>\n\t<\/div>\n<\/section>\n<section class=\"fw-main-row  ls section_padding_top_50 section_padding_bottom_50 columns_padding_15\" style=\"\" >\n\t<div class=\"container\">\n\t\t<div class=\"row\">\n\t\t\t<div  id=\"column-1620be7\" class=\"fw-column fw-column col-xs-12 to_animate\" data-animation=\"fadeInUp\">\n\n\t<div class=\"column-overlay\"><\/div>\n\n\t<div class=\"fw-column-inner\"><div class=\"text-center\">\n\t<h3 class=\"section_header\">\n\t<span class=\"\">\n\t\tOther services\t<\/span>\n\t<\/h3>\n<\/div>\n\t<div class=\"fw-divider-line\"><hr\/><\/div>\n\n\n\n\n\t<div class=\"fw-divider-space\" style=\"margin-top: 50px;\"><\/div>\n    <\/div>\n<\/div>\n<div  id=\"column-05d5e56\" class=\"fw-column fw-column col-xs-12 to_animate\" data-animation=\"fadeInUp\">\n\n\t<div class=\"column-overlay\"><\/div>\n\n\t<div class=\"fw-column-inner\"><div class=\"row columns_padding_15 shortcode-teasers-row\">\n\t\t\t<div class=\"col-md-3\">\n\t\t\t\n\t\t<div class=\"vertical-item square_teaser content-absolute\">\n\n\t\t\t\t\t\t\t<div class=\"item-media\">\n                    <a href=\"https:\/\/chirodermatologie.ro\/en\/servicii-stomatologie\/terapie-odontala\/\">\t\t\t\t\t<img decoding=\"async\" src=\"\/\/chirodermatologie.ro\/wp-content\/uploads\/2021\/06\/odontala.jpg\" alt=\"Dental Therapy\">\n                    <\/a>\t\t\t\t<\/div>\n\t\t\t\t\t\t<div class=\"item-content\">\n\t\t\t\t\t\t\t\t\t<h4>\n\t\t\t\t\t\t\t\t\t\t\t\t<a href=\"https:\/\/chirodermatologie.ro\/en\/servicii-stomatologie\/terapie-odontala\/\">\n\t\t\t\t\t\t\t\n\t\t\t\t\t\t\tDental Therapy\n\t\t\t\t\t\t\t\t\t\t\t\t\t<\/a>\n\t\t\t\t\t\t\t\t\t\t<\/h4>\n\t\t\t\t\n\t\t\t\t\t\t\t<\/div><!-- eof .item-content -->\n\t\t\t\t\t<\/div>\n\n\t\t\t\t<\/div><!-- eof teaser -->\n\t\t\t<div class=\"col-md-3\">\n\t\t\t\n\t\t<div class=\"vertical-item square_teaser content-absolute\">\n\n\t\t\t\t\t\t\t<div class=\"item-media\">\n                    <a href=\"https:\/\/chirodermatologie.ro\/en\/servicii-stomatologie\/protetica\/\">\t\t\t\t\t<img decoding=\"async\" src=\"\/\/chirodermatologie.ro\/wp-content\/uploads\/2021\/06\/protetica.jpg\" alt=\"Prosthodontics\">\n                    <\/a>\t\t\t\t<\/div>\n\t\t\t\t\t\t<div class=\"item-content\">\n\t\t\t\t\t\t\t\t\t<h4>\n\t\t\t\t\t\t\t\t\t\t\t\t<a href=\"https:\/\/chirodermatologie.ro\/en\/servicii-stomatologie\/protetica\/\">\n\t\t\t\t\t\t\t\n\t\t\t\t\t\t\tProsthodontics\n\t\t\t\t\t\t\t\t\t\t\t\t\t<\/a>\n\t\t\t\t\t\t\t\t\t\t<\/h4>\n\t\t\t\t\n\t\t\t\t\t\t\t<\/div><!-- eof .item-content -->\n\t\t\t\t\t<\/div>\n\n\t\t\t\t<\/div><!-- eof teaser -->\n\t\t\t<div class=\"col-md-3\">\n\t\t\t\n\t\t<div class=\"vertical-item square_teaser content-absolute\">\n\n\t\t\t\t\t\t\t<div class=\"item-media\">\n                    <a href=\"https:\/\/chirodermatologie.ro\/en\/servicii-stomatologie\/endodontie\/\">\t\t\t\t\t<img decoding=\"async\" src=\"\/\/chirodermatologie.ro\/wp-content\/uploads\/2021\/06\/endodontie.jpg\" alt=\"Endodonts\">\n                    <\/a>\t\t\t\t<\/div>\n\t\t\t\t\t\t<div class=\"item-content\">\n\t\t\t\t\t\t\t\t\t<h4>\n\t\t\t\t\t\t\t\t\t\t\t\t<a href=\"https:\/\/chirodermatologie.ro\/en\/servicii-stomatologie\/endodontie\/\">\n\t\t\t\t\t\t\t\n\t\t\t\t\t\t\tEndodonts\n\t\t\t\t\t\t\t\t\t\t\t\t\t<\/a>\n\t\t\t\t\t\t\t\t\t\t<\/h4>\n\t\t\t\t\n\t\t\t\t\t\t\t<\/div><!-- eof .item-content -->\n\t\t\t\t\t<\/div>\n\n\t\t\t\t<\/div><!-- eof teaser -->\n\t\t\t<div class=\"col-md-3\">\n\t\t\t\n\t\t<div class=\"vertical-item square_teaser content-absolute\">\n\n\t\t\t\t\t\t\t<div class=\"item-media\">\n                    <a href=\"https:\/\/chirodermatologie.ro\/en\/servicii-stomatologie\/parodontologia\/\">\t\t\t\t\t<img decoding=\"async\" src=\"\/\/chirodermatologie.ro\/wp-content\/uploads\/2021\/06\/parodontologia.jpg\" alt=\"Parodontology\">\n                    <\/a>\t\t\t\t<\/div>\n\t\t\t\t\t\t<div class=\"item-content\">\n\t\t\t\t\t\t\t\t\t<h4>\n\t\t\t\t\t\t\t\t\t\t\t\t<a href=\"https:\/\/chirodermatologie.ro\/en\/servicii-stomatologie\/parodontologia\/\">\n\t\t\t\t\t\t\t\n\t\t\t\t\t\t\tParodontology\n\t\t\t\t\t\t\t\t\t\t\t\t\t<\/a>\n\t\t\t\t\t\t\t\t\t\t<\/h4>\n\t\t\t\t\n\t\t\t\t\t\t\t<\/div><!-- eof .item-content -->\n\t\t\t\t\t<\/div>\n\n\t\t\t\t<\/div><!-- eof teaser -->\n\t\t\t<div class=\"col-md-3\">\n\t\t\t\n\t\t<div class=\"vertical-item square_teaser content-absolute\">\n\n\t\t\t\t\t\t\t<div class=\"item-media\">\n                    <a href=\"https:\/\/chirodermatologie.ro\/en\/servicii-stomatologie\/profilaxie\/\">\t\t\t\t\t<img decoding=\"async\" src=\"\/\/chirodermatologie.ro\/wp-content\/uploads\/2021\/06\/profilaxie.jpg\" alt=\"Prophylaxis\">\n                    <\/a>\t\t\t\t<\/div>\n\t\t\t\t\t\t<div class=\"item-content\">\n\t\t\t\t\t\t\t\t\t<h4>\n\t\t\t\t\t\t\t\t\t\t\t\t<a href=\"https:\/\/chirodermatologie.ro\/en\/servicii-stomatologie\/profilaxie\/\">\n\t\t\t\t\t\t\t\n\t\t\t\t\t\t\tProphylaxis\n\t\t\t\t\t\t\t\t\t\t\t\t\t<\/a>\n\t\t\t\t\t\t\t\t\t\t<\/h4>\n\t\t\t\t\n\t\t\t\t\t\t\t<\/div><!-- eof .item-content -->\n\t\t\t\t\t<\/div>\n\n\t\t\t\t<\/div><!-- eof teaser -->\n\t\t\t<div class=\"col-md-3\">\n\t\t\t\n\t\t<div class=\"vertical-item square_teaser content-absolute\">\n\n\t\t\t\t\t\t\t<div class=\"item-media\">\n                    <a href=\"https:\/\/chirodermatologie.ro\/en\/servicii-stomatologie\/ortodontia\/\">\t\t\t\t\t<img decoding=\"async\" src=\"\/\/chirodermatologie.ro\/wp-content\/uploads\/2021\/06\/Ortodontia.jpg\" alt=\"Orthodontics\">\n                    <\/a>\t\t\t\t<\/div>\n\t\t\t\t\t\t<div class=\"item-content\">\n\t\t\t\t\t\t\t\t\t<h4>\n\t\t\t\t\t\t\t\t\t\t\t\t<a href=\"https:\/\/chirodermatologie.ro\/en\/servicii-stomatologie\/ortodontia\/\">\n\t\t\t\t\t\t\t\n\t\t\t\t\t\t\tOrthodontics\n\t\t\t\t\t\t\t\t\t\t\t\t\t<\/a>\n\t\t\t\t\t\t\t\t\t\t<\/h4>\n\t\t\t\t\n\t\t\t\t\t\t\t<\/div><!-- eof .item-content -->\n\t\t\t\t\t<\/div>\n\n\t\t\t\t<\/div><!-- eof teaser -->\n\t\t\t<div class=\"col-md-3\">\n\t\t\t\n\t\t<div class=\"vertical-item square_teaser content-absolute\">\n\n\t\t\t\t\t\t\t<div class=\"item-media\">\n                    <a href=\"https:\/\/chirodermatologie.ro\/en\/servicii-stomatologie\/estetica-dentara\/\">\t\t\t\t\t<img decoding=\"async\" src=\"\/\/chirodermatologie.ro\/wp-content\/uploads\/2021\/06\/Estetica-dentara.jpg\" alt=\"Dental aesthetics\">\n                    <\/a>\t\t\t\t<\/div>\n\t\t\t\t\t\t<div class=\"item-content\">\n\t\t\t\t\t\t\t\t\t<h4>\n\t\t\t\t\t\t\t\t\t\t\t\t<a href=\"https:\/\/chirodermatologie.ro\/en\/servicii-stomatologie\/estetica-dentara\/\">\n\t\t\t\t\t\t\t\n\t\t\t\t\t\t\tDental aesthetics\n\t\t\t\t\t\t\t\t\t\t\t\t\t<\/a>\n\t\t\t\t\t\t\t\t\t\t<\/h4>\n\t\t\t\t\n\t\t\t\t\t\t\t<\/div><!-- eof .item-content -->\n\t\t\t\t\t<\/div>\n\n\t\t\t\t<\/div><!-- eof teaser -->\n\t\t\t<div class=\"col-md-3\">\n\t\t\t\n\t\t<div class=\"vertical-item square_teaser content-absolute\">\n\n\t\t\t\t\t\t\t<div class=\"item-media\">\n                    <a href=\"https:\/\/chirodermatologie.ro\/en\/servicii-stomatologie\/chirurgie-orala-si-implantologie\/\">\t\t\t\t\t<img decoding=\"async\" src=\"\/\/chirodermatologie.ro\/wp-content\/uploads\/2021\/06\/Chirurgie-orala-si-implantologie.jpg\" alt=\"Oral surgery and implantology\">\n                    <\/a>\t\t\t\t<\/div>\n\t\t\t\t\t\t<div class=\"item-content\">\n\t\t\t\t\t\t\t\t\t<h4>\n\t\t\t\t\t\t\t\t\t\t\t\t<a href=\"https:\/\/chirodermatologie.ro\/en\/servicii-stomatologie\/chirurgie-orala-si-implantologie\/\">\n\t\t\t\t\t\t\t\n\t\t\t\t\t\t\tOral surgery and implantology\n\t\t\t\t\t\t\t\t\t\t\t\t\t<\/a>\n\t\t\t\t\t\t\t\t\t\t<\/h4>\n\t\t\t\t\n\t\t\t\t\t\t\t<\/div><!-- eof .item-content -->\n\t\t\t\t\t<\/div>\n\n\t\t\t\t<\/div><!-- eof teaser -->\n\t<\/div> <!-- eof teasers row -->    <\/div>\n<\/div>\n\t\t<\/div>\n\t<\/div>\n<\/section>\n<\/p>","protected":false},"excerpt":{"rendered":"<p>Pedodon\u021bia Pedodontia, numita si\u00a0stomatologie pediatrica, este specialitatea stomatologica limitata de varsta, care desfasoara masuri de preventie terapeutice pentru copii si<\/p>","protected":false},"author":1,"featured_media":0,"parent":3438,"menu_order":0,"comment_status":"closed","ping_status":"closed","template":"page-templates\/full-width.php","meta":{"footnotes":""},"class_list":["post-3483","page","type-page","status-publish","hentry"],"yoast_head":"<!-- This site is optimized with the Yoast SEO plugin v24.9 - https:\/\/yoast.com\/wordpress\/plugins\/seo\/ -->\n<title>Pedodon\u021bie T\u00e2rgu Mure\u0219 \u2013 Stomatologie Copii | Chirodermatologie<\/title>\n<meta name=\"description\" content=\"Pedodon\u021bie T\u00e2rgu Mure\u0219 \u2013 tratamente dentare pentru copii, f\u0103r\u0103 durere. Atmosfer\u0103 prietenoas\u0103, echip\u0103 cu experien\u021b\u0103. Program\u0103ri rapide!\" \/>\n<meta name=\"robots\" content=\"index, follow, max-snippet:-1, max-image-preview:large, max-video-preview:-1\" \/>\n<link rel=\"canonical\" href=\"https:\/\/chirodermatologie.ro\/en\/servicii-stomatologie\/pedodontia-mures\/\" \/>\n<meta property=\"og:locale\" content=\"en_US\" \/>\n<meta property=\"og:type\" content=\"article\" \/>\n<meta property=\"og:title\" content=\"Pedodon\u021bie T\u00e2rgu Mure\u0219 \u2013 Stomatologie Copii | Chirodermatologie\" \/>\n<meta property=\"og:description\" content=\"Pedodon\u021bie T\u00e2rgu Mure\u0219 \u2013 tratamente dentare pentru copii, f\u0103r\u0103 durere. Atmosfer\u0103 prietenoas\u0103, echip\u0103 cu experien\u021b\u0103. Program\u0103ri rapide!\" \/>\n<meta property=\"og:url\" content=\"https:\/\/chirodermatologie.ro\/en\/servicii-stomatologie\/pedodontia-mures\/\" \/>\n<meta property=\"og:site_name\" content=\"Chirodermatologie\" \/>\n<meta property=\"article:publisher\" content=\"https:\/\/www.facebook.com\/Chirodermatologie\/?ref=pages_you_manage\" \/>\n<meta property=\"article:modified_time\" content=\"2026-04-03T06:23:49+00:00\" \/>\n<meta name=\"twitter:card\" content=\"summary_large_image\" \/>\n<script type=\"application\/ld+json\" class=\"yoast-schema-graph\">{\"@context\":\"https:\/\/schema.org\",\"@graph\":[{\"@type\":\"WebPage\",\"@id\":\"https:\/\/chirodermatologie.ro\/servicii-stomatologie\/pedodontia-mures\/\",\"url\":\"https:\/\/chirodermatologie.ro\/servicii-stomatologie\/pedodontia-mures\/\",\"name\":\"Pedodon\u021bie T\u00e2rgu Mure\u0219 \u2013 Stomatologie Copii | Chirodermatologie\",\"isPartOf\":{\"@id\":\"https:\/\/chirodermatologie.ro\/#website\"},\"datePublished\":\"2021-06-25T09:27:06+00:00\",\"dateModified\":\"2026-04-03T06:23:49+00:00\",\"description\":\"Pedodon\u021bie T\u00e2rgu Mure\u0219 \u2013 tratamente dentare pentru copii, f\u0103r\u0103 durere. Atmosfer\u0103 prietenoas\u0103, echip\u0103 cu experien\u021b\u0103. Program\u0103ri rapide!\",\"breadcrumb\":{\"@id\":\"https:\/\/chirodermatologie.ro\/servicii-stomatologie\/pedodontia-mures\/#breadcrumb\"},\"inLanguage\":\"en-US\",\"potentialAction\":[{\"@type\":\"ReadAction\",\"target\":[\"https:\/\/chirodermatologie.ro\/servicii-stomatologie\/pedodontia-mures\/\"]}]},{\"@type\":\"BreadcrumbList\",\"@id\":\"https:\/\/chirodermatologie.ro\/servicii-stomatologie\/pedodontia-mures\/#breadcrumb\",\"itemListElement\":[{\"@type\":\"ListItem\",\"position\":1,\"name\":\"Home\",\"item\":\"https:\/\/chirodermatologie.ro\/\"},{\"@type\":\"ListItem\",\"position\":2,\"name\":\"Servicii stomatologie\",\"item\":\"https:\/\/chirodermatologie.ro\/servicii-stomatologie\/\"},{\"@type\":\"ListItem\",\"position\":3,\"name\":\"Pedodon\u021bia\"}]},{\"@type\":\"WebSite\",\"@id\":\"https:\/\/chirodermatologie.ro\/#website\",\"url\":\"https:\/\/chirodermatologie.ro\/\",\"name\":\"Chirodermatologie\",\"description\":\"Chirodermatologie\",\"publisher\":{\"@id\":\"https:\/\/chirodermatologie.ro\/#organization\"},\"potentialAction\":[{\"@type\":\"SearchAction\",\"target\":{\"@type\":\"EntryPoint\",\"urlTemplate\":\"https:\/\/chirodermatologie.ro\/?s={search_term_string}\"},\"query-input\":{\"@type\":\"PropertyValueSpecification\",\"valueRequired\":true,\"valueName\":\"search_term_string\"}}],\"inLanguage\":\"en-US\"},{\"@type\":\"Organization\",\"@id\":\"https:\/\/chirodermatologie.ro\/#organization\",\"name\":\"Chirodermatologie\",\"url\":\"https:\/\/chirodermatologie.ro\/\",\"logo\":{\"@type\":\"ImageObject\",\"inLanguage\":\"en-US\",\"@id\":\"https:\/\/chirodermatologie.ro\/#\/schema\/logo\/image\/\",\"url\":\"https:\/\/chirodermatologie.ro\/wp-content\/uploads\/2021\/12\/DERMA_LOGO-1.png\",\"contentUrl\":\"https:\/\/chirodermatologie.ro\/wp-content\/uploads\/2021\/12\/DERMA_LOGO-1.png\",\"width\":1000,\"height\":1000,\"caption\":\"Chirodermatologie\"},\"image\":{\"@id\":\"https:\/\/chirodermatologie.ro\/#\/schema\/logo\/image\/\"},\"sameAs\":[\"https:\/\/www.facebook.com\/Chirodermatologie\/?ref=pages_you_manage\",\"https:\/\/www.instagram.com\/chirodermatologie\/\"]}]}<\/script>\n<!-- \/ Yoast SEO plugin. -->","yoast_head_json":{"title":"Pedodon\u021bie T\u00e2rgu Mure\u0219 \u2013 Stomatologie Copii | Chirodermatologie","description":"Pedodon\u021bie T\u00e2rgu Mure\u0219 \u2013 tratamente dentare pentru copii, f\u0103r\u0103 durere. Atmosfer\u0103 prietenoas\u0103, echip\u0103 cu experien\u021b\u0103. Program\u0103ri rapide!","robots":{"index":"index","follow":"follow","max-snippet":"max-snippet:-1","max-image-preview":"max-image-preview:large","max-video-preview":"max-video-preview:-1"},"canonical":"https:\/\/chirodermatologie.ro\/en\/servicii-stomatologie\/pedodontia-mures\/","og_locale":"en_US","og_type":"article","og_title":"Pedodon\u021bie T\u00e2rgu Mure\u0219 \u2013 Stomatologie Copii | Chirodermatologie","og_description":"Pedodon\u021bie T\u00e2rgu Mure\u0219 \u2013 tratamente dentare pentru copii, f\u0103r\u0103 durere. Atmosfer\u0103 prietenoas\u0103, echip\u0103 cu experien\u021b\u0103. Program\u0103ri rapide!","og_url":"https:\/\/chirodermatologie.ro\/en\/servicii-stomatologie\/pedodontia-mures\/","og_site_name":"Chirodermatologie","article_publisher":"https:\/\/www.facebook.com\/Chirodermatologie\/?ref=pages_you_manage","article_modified_time":"2026-04-03T06:23:49+00:00","twitter_card":"summary_large_image","schema":{"@context":"https:\/\/schema.org","@graph":[{"@type":"WebPage","@id":"https:\/\/chirodermatologie.ro\/servicii-stomatologie\/pedodontia-mures\/","url":"https:\/\/chirodermatologie.ro\/servicii-stomatologie\/pedodontia-mures\/","name":"Pedodon\u021bie T\u00e2rgu Mure\u0219 \u2013 Stomatologie Copii | Chirodermatologie","isPartOf":{"@id":"https:\/\/chirodermatologie.ro\/#website"},"datePublished":"2021-06-25T09:27:06+00:00","dateModified":"2026-04-03T06:23:49+00:00","description":"Pedodon\u021bie T\u00e2rgu Mure\u0219 \u2013 tratamente dentare pentru copii, f\u0103r\u0103 durere. Atmosfer\u0103 prietenoas\u0103, echip\u0103 cu experien\u021b\u0103. Program\u0103ri rapide!","breadcrumb":{"@id":"https:\/\/chirodermatologie.ro\/servicii-stomatologie\/pedodontia-mures\/#breadcrumb"},"inLanguage":"en-US","potentialAction":[{"@type":"ReadAction","target":["https:\/\/chirodermatologie.ro\/servicii-stomatologie\/pedodontia-mures\/"]}]},{"@type":"BreadcrumbList","@id":"https:\/\/chirodermatologie.ro\/servicii-stomatologie\/pedodontia-mures\/#breadcrumb","itemListElement":[{"@type":"ListItem","position":1,"name":"Home","item":"https:\/\/chirodermatologie.ro\/"},{"@type":"ListItem","position":2,"name":"Servicii stomatologie","item":"https:\/\/chirodermatologie.ro\/servicii-stomatologie\/"},{"@type":"ListItem","position":3,"name":"Pedodon\u021bia"}]},{"@type":"WebSite","@id":"https:\/\/chirodermatologie.ro\/#website","url":"https:\/\/chirodermatologie.ro\/","name":"Chirodermatologie","description":"Chirodermatologie","publisher":{"@id":"https:\/\/chirodermatologie.ro\/#organization"},"potentialAction":[{"@type":"SearchAction","target":{"@type":"EntryPoint","urlTemplate":"https:\/\/chirodermatologie.ro\/?s={search_term_string}"},"query-input":{"@type":"PropertyValueSpecification","valueRequired":true,"valueName":"search_term_string"}}],"inLanguage":"en-US"},{"@type":"Organization","@id":"https:\/\/chirodermatologie.ro\/#organization","name":"Chirodermatologie","url":"https:\/\/chirodermatologie.ro\/","logo":{"@type":"ImageObject","inLanguage":"en-US","@id":"https:\/\/chirodermatologie.ro\/#\/schema\/logo\/image\/","url":"https:\/\/chirodermatologie.ro\/wp-content\/uploads\/2021\/12\/DERMA_LOGO-1.png","contentUrl":"https:\/\/chirodermatologie.ro\/wp-content\/uploads\/2021\/12\/DERMA_LOGO-1.png","width":1000,"height":1000,"caption":"Chirodermatologie"},"image":{"@id":"https:\/\/chirodermatologie.ro\/#\/schema\/logo\/image\/"},"sameAs":["https:\/\/www.facebook.com\/Chirodermatologie\/?ref=pages_you_manage","https:\/\/www.instagram.com\/chirodermatologie\/"]}]}},"_links":{"self":[{"href":"https:\/\/chirodermatologie.ro\/en\/wp-json\/wp\/v2\/pages\/3483","targetHints":{"allow":["GET"]}}],"collection":[{"href":"https:\/\/chirodermatologie.ro\/en\/wp-json\/wp\/v2\/pages"}],"about":[{"href":"https:\/\/chirodermatologie.ro\/en\/wp-json\/wp\/v2\/types\/page"}],"author":[{"embeddable":true,"href":"https:\/\/chirodermatologie.ro\/en\/wp-json\/wp\/v2\/users\/1"}],"replies":[{"embeddable":true,"href":"https:\/\/chirodermatologie.ro\/en\/wp-json\/wp\/v2\/comments?post=3483"}],"version-history":[{"count":10,"href":"https:\/\/chirodermatologie.ro\/en\/wp-json\/wp\/v2\/pages\/3483\/revisions"}],"predecessor-version":[{"id":4593,"href":"https:\/\/chirodermatologie.ro\/en\/wp-json\/wp\/v2\/pages\/3483\/revisions\/4593"}],"up":[{"embeddable":true,"href":"https:\/\/chirodermatologie.ro\/en\/wp-json\/wp\/v2\/pages\/3438"}],"wp:attachment":[{"href":"https:\/\/chirodermatologie.ro\/en\/wp-json\/wp\/v2\/media?parent=3483"}],"curies":[{"name":"wp","href":"https:\/\/api.w.org\/{rel}","templated":true}]}}