{"id":3289,"date":"2021-06-16T11:17:11","date_gmt":"2021-06-16T11:17:11","guid":{"rendered":"https:\/\/chirodermatologie.ro\/?page_id=3289"},"modified":"2026-04-23T08:23:58","modified_gmt":"2026-04-23T05:23:58","slug":"terapia-vampir-plasmolifting","status":"publish","type":"page","link":"https:\/\/chirodermatologie.ro\/en\/servicii-clinica-de-dermatologie-targu-mures\/terapia-vampir-plasmolifting\/","title":{"rendered":"Vampire therapy - Plasmolifting"},"content":{"rendered":"<p><section class=\"fw-main-row  ls section_padding_top_50 section_padding_bottom_50 columns_padding_15\" style=\"\" >\n\t<div class=\"container\">\n\t\t<div class=\"row\">\n\t\t\t<div  id=\"column-16a7ba8\" class=\"fw-column fw-column col-xs-12\" >\n\n\t<div class=\"column-overlay\"><\/div>\n\n\t<div class=\"fw-column-inner\"><div class=\"text-center\">\n\t<h3 class=\"section_header\">\n\t<span class=\"\">\n\t\tVampire therapy - Plasmolifting\t<\/span>\n\t<\/h3>\n<\/div>\n\t<div class=\"fw-divider-line\"><hr\/><\/div>\n\n\n    <\/div>\n<\/div>\n\t\t<\/div>\n\t<\/div>\n<\/section>\n<section class=\"fw-main-row  ls section_padding_top_25 section_padding_bottom_25 columns_padding_15\" style=\"\" >\n\t<div class=\"container\">\n\t\t<div class=\"row\">\n\t\t\t<div  id=\"column-518916a\" class=\"fw-column fw-column col-xs-12 col-md-6 to_animate\" data-animation=\"fadeInLeft\">\n\n\t<div class=\"column-overlay\"><\/div>\n\n\t<div class=\"fw-column-inner\"><img decoding=\"async\" class=\"shortcode-media-image\" src=\"\/\/chirodermatologie.ro\/wp-content\/uploads\/2021\/06\/plasmo.jpg\" alt=\"terapia vampir\" \/>    <\/div>\n<\/div>\n<div  id=\"column-012b24f\" class=\"fw-column fw-column col-xs-12 col-md-6 to_animate text-left\" data-animation=\"fadeInRight\">\n\n\t<div class=\"column-overlay\"><\/div>\n\n\t<div class=\"fw-column-inner\"><div class=\"text-block\">\n\t<p><span style=\"font-weight: 400;\">Plasmolifting, cunoscut\u0103 \u0219i sub numele de <\/span><span style=\"font-weight: 400;\">terapia vampir<\/span><span style=\"font-weight: 400;\"> este o procedur\u0103 eficient\u0103 de \u00eentinerire a pielii \u00een care plasma proprie a pacientului\/ pacientei bogat\u0103 \u00een trombocite este injectat\u0103 \u00een piele. <\/span><span style=\"font-weight: 400;\">Terapia vampir <\/span><span style=\"font-weight: 400;\">reprezint\u0103 cea mai modern\u0103 solu\u021bie de regenerare a pielii prin for\u021bele proprii. Ea presupune recoltarea \u0219i concentrarea factorilor de cre\u0219tere din s\u00e2nge \u0219i reintroducerea acestora \u00een \u021besutul cutanat. Astfel, procesele de reparare celular\u0103 \u0219i de sintez\u0103 de neocolagen sunt stimulate pe termen lung. Terapia vampir sau tratamentul cu s\u00e2nge propriu este tot mai mult folosit \u00een \u00eentreaga lume pentru a re\u00eentineri pielea fe\u021bei, a g\u00e2tului, a decolteului \u0219i a m\u00e2inilor.<\/span><\/p><p>&nbsp;<\/p><p><span style=\"font-weight: 400;\">Prin aceast\u0103 metod\u0103 factorii de cre\u0219tere elibera\u021bi din trombocitele ob\u021binute din s\u00e2ngele pacientului vor induce proliferarea celular\u0103, diferen\u021bierea celulelor stem \u0219i angiogeneza. Ca urmare structura pielii este re\u00eennoit\u0103, \u00ee\u0219i recap\u0103t\u0103 str\u0103lucirea, elasticitatea \u0219i ridurile devin netezite.<\/span><\/p><\/div>\n    <\/div>\n<\/div>\n\t\t<\/div>\n\t<\/div>\n<\/section>\n<section class=\"fw-main-row  ls section_padding_top_25 section_padding_bottom_25 columns_padding_15\" style=\"\" >\n\t<div class=\"container\">\n\t\t<div class=\"row\">\n\t\t\t<div  id=\"column-f1160df\" class=\"fw-column fw-column col-xs-12 to_animate text-left\" data-animation=\"fadeInRight\">\n\n\t<div class=\"column-overlay\"><\/div>\n\n\t<div class=\"fw-column-inner\"><div class=\"text-block\">\n\t<h2><span style=\"font-weight: 400;\">Ce beneficii are terapia vampir?<\/span><\/h2><p><span style=\"font-weight: 400;\">Acest tratament este ideal at\u00e2t pentru regenerarea \u0219i \u00eentinerirea pielii, c\u00e2t \u0219i pentru diminuarea ridurilor fine, refacerea fermit\u0103\u021bii \u0219i \u00eembun\u0103t\u0103\u021birea aspectului fe\u021bei, g\u00e2tului, decolteului \u0219i m\u00e2inilor. Plus de asta, este una din pu\u021binele terapii care are efecte vizibile asupra ridurilor din jurul ochilor \u0219i a gurii. Prin <\/span><span style=\"font-weight: 400;\">terapia vampir,<\/span><span style=\"font-weight: 400;\"> semnele \u00eemb\u0103t\u00e2nirii se atenueaz\u0103 treptat.<\/span><\/p><h2><span style=\"font-weight: 400;\">Recomand\u0103ri \u00eenainte de efectuarea procedurii<\/span><\/h2><p><span style=\"font-weight: 400;\">\u00cenainte de procedur\u0103, cu minim 2 zile \u00eenainte, este esen\u021bial consumul de lichide de minim 2 l\/zi \u0219i o diet\u0103 variat\u0103 \u0219i bogat\u0103 \u00een vitamine \u0219i proteine. Este de preferat s\u0103 veni\u021bi nemachiat\u0103 pentru a efectua procedura. Dac\u0103 ave\u021bi boli cronice, autoimune sau urm\u0103ri\u021bi un tratament medicamentos va trebui s\u0103 discuta\u021bi cu medicul curant.<\/span><\/p><p><span style=\"font-weight: 400;\">\u00cen ziua procedurii se va preleva s\u00e2ngele prorpriu al pacientului \u00eentr- o eprubet\u0103 special\u0103, care va fi centrifugat\u0103, iar plasma astfel ob\u021binut\u0103 se va injecta \u00een pielea pacientului fie cu un ac fin \u0219i sub\u021bire fie cu dermapen.<\/span><\/p><p><span style=\"font-weight: 400;\">Aceast\u0103 procedur\u0103 se adreseaz\u0103 \u00een special persoanelor care \u00ee\u0219i doresc o \u00eembun\u0103t\u0103\u021bire a aspectului fizic, dar care nu \u00ee\u0219i doresc s\u0103 apeleze la injectarea cu o substan\u021b\u0103 chimic\u0103 sau artificial\u0103.<\/span><\/p><p><span style=\"font-weight: 400;\">Dup\u0103 acest tratament se recomand\u0103 evitarea folosirii saunei, solarului, piscinei, s\u0103lii de sport\u00a0<\/span><span style=\"font-weight: 400;\">\u0219i a temperaturilor extreme.<\/span><\/p><\/div>\n    <\/div>\n<\/div>\n\t\t<\/div>\n\t<\/div>\n<\/section>\n<section class=\"fw-main-row  ls section_padding_top_25 section_padding_bottom_0 columns_padding_15\" style=\"\" >\n\t<div class=\"container\">\n\t\t<div class=\"row\">\n\t\t\t<div  id=\"column-88e2754\" class=\"fw-column fw-column col-xs-12 col-md-3 to_animate text-center programare\" data-animation=\"fadeInUp\">\n\n\t<div class=\"column-overlay\"><\/div>\n\n\t<div class=\"fw-column-inner\">\n\n\t<div class=\"fw-divider-space  hidden-sm hidden-xs\" style=\"margin-top: 50px;\"><\/div>\n    <\/div>\n<\/div>\n<div  id=\"column-7ec8c12\" class=\"fw-column fw-column col-xs-12 col-md-6 to_animate text-center programare\" data-animation=\"fadeInUp\">\n\n\t<div class=\"column-overlay\"><\/div>\n\n\t<div class=\"fw-column-inner\">\n\n\t<div class=\"fw-divider-space  hidden-sm hidden-xs\" style=\"margin-top: 50px;\"><\/div>\n<div class=\"text-center\">\n\t<h3 class=\"section_header\">\n\t<span class=\"\">\n\t\tWould you like an appointment?\t<\/span>\n\t<\/h3>\n\t<h4 class=\"section_header\">\n\t<span class=\"\">\n\t\tNu ezita\u021bi s\u0103 ne <a href=\"https:\/\/www.facebook.com\/Chirodermatologie\/\">contacta\u021bi<\/a>!\t<\/span>\n\t<\/h4>\n<\/div>\n\n\n\t<div class=\"fw-divider-space\" style=\"margin-top: 50px;\"><\/div>\n\t<span class=\"theme-icon   icon_center\">\n\t<i class=\"rt-icon2-arrow-down-outline highlight\"><\/i>\n<\/span>\n\t\n\n\t<div class=\"fw-divider-space\" style=\"margin-top: 50px;\"><\/div>\n<a href=\"https:\/\/chirodermatologie.ro\/en\/vreau-o-programare\/\" target=\"_blank\"\n   class=\"theme_button color1\">\n\t<span>I want an appointment!<\/span>\n<\/a>    <\/div>\n<\/div>\n<div  id=\"column-5591eef\" class=\"fw-column fw-column col-xs-12 col-md-3 to_animate text-center programare\" data-animation=\"fadeInUp\">\n\n\t<div class=\"column-overlay\"><\/div>\n\n\t<div class=\"fw-column-inner\">\n\n\t<div class=\"fw-divider-space  hidden-sm hidden-xs\" style=\"margin-top: 50px;\"><\/div>\n    <\/div>\n<\/div>\n\t\t<\/div>\n\t<\/div>\n<\/section>\n<section class=\"fw-main-row  ls section_padding_top_50 section_padding_bottom_50 columns_padding_15\" style=\"\" >\n\t<div class=\"container\">\n\t\t<div class=\"row\">\n\t\t\t<div  id=\"column-1620be7\" class=\"fw-column fw-column col-xs-12 to_animate\" data-animation=\"fadeInUp\">\n\n\t<div class=\"column-overlay\"><\/div>\n\n\t<div class=\"fw-column-inner\"><div class=\"text-center\">\n\t<h3 class=\"section_header\">\n\t<span class=\"\">\n\t\tOther services\t<\/span>\n\t<\/h3>\n<\/div>\n\t<div class=\"fw-divider-line\"><hr\/><\/div>\n\n\n\n\n\t<div class=\"fw-divider-space\" style=\"margin-top: 50px;\"><\/div>\n    <\/div>\n<\/div>\n<div  id=\"column-05d5e56\" class=\"fw-column fw-column col-xs-12 to_animate\" data-animation=\"fadeInUp\">\n\n\t<div class=\"column-overlay\"><\/div>\n\n\t<div class=\"fw-column-inner\"><div class=\"row columns_padding_15 shortcode-teasers-row\">\n\t\t\t<div class=\"col-md-3\">\n\t\t\t\n\t\t<div class=\"vertical-item square_teaser content-absolute\">\n\n\t\t\t\t\t\t\t<div class=\"item-media\">\n                    <a href=\"https:\/\/chirodermatologie.ro\/en\/servicii\/examen-dermatoscopic\/\">\t\t\t\t\t<img decoding=\"async\" src=\"\/\/chirodermatologie.ro\/wp-content\/uploads\/2021\/06\/dermatoscop-min-1-owncm32jyw3soydzudvn0xt1dlsp0b72qafxs299ro.jpg\" alt=\"Dermatoscopic examination\">\n                    <\/a>\t\t\t\t<\/div>\n\t\t\t\t\t\t<div class=\"item-content\">\n\t\t\t\t\t\t\t\t\t<h4>\n\t\t\t\t\t\t\t\t\t\t\t\t<a href=\"https:\/\/chirodermatologie.ro\/en\/servicii\/examen-dermatoscopic\/\">\n\t\t\t\t\t\t\t\n\t\t\t\t\t\t\tDermatoscopic examination\n\t\t\t\t\t\t\t\t\t\t\t\t\t<\/a>\n\t\t\t\t\t\t\t\t\t\t<\/h4>\n\t\t\t\t\n\t\t\t\t\t\t\t<\/div><!-- eof .item-content -->\n\t\t\t\t\t<\/div>\n\n\t\t\t\t<\/div><!-- eof teaser -->\n\t\t\t<div class=\"col-md-3\">\n\t\t\t\n\t\t<div class=\"vertical-item square_teaser content-absolute\">\n\n\t\t\t\t\t\t\t<div class=\"item-media\">\n                    <a href=\"https:\/\/chirodermatologie.ro\/en\/servicii\/crioterapia\/\">\t\t\t\t\t<img decoding=\"async\" src=\"\/\/chirodermatologie.ro\/wp-content\/uploads\/2021\/06\/crioterapie2.jpg.png\" alt=\"Cryotherapy\">\n                    <\/a>\t\t\t\t<\/div>\n\t\t\t\t\t\t<div class=\"item-content\">\n\t\t\t\t\t\t\t\t\t<h4>\n\t\t\t\t\t\t\t\t\t\t\t\t<a href=\"https:\/\/chirodermatologie.ro\/en\/servicii\/crioterapia\/\">\n\t\t\t\t\t\t\t\n\t\t\t\t\t\t\tCryotherapy\n\t\t\t\t\t\t\t\t\t\t\t\t\t<\/a>\n\t\t\t\t\t\t\t\t\t\t<\/h4>\n\t\t\t\t\n\t\t\t\t\t\t\t<\/div><!-- eof .item-content -->\n\t\t\t\t\t<\/div>\n\n\t\t\t\t<\/div><!-- eof teaser -->\n\t\t\t<div class=\"col-md-3\">\n\t\t\t\n\t\t<div class=\"vertical-item square_teaser content-absolute\">\n\n\t\t\t\t\t\t\t<div class=\"item-media\">\n                    <a href=\"https:\/\/chirodermatologie.ro\/en\/servicii\/electrocauterizare\/\">\t\t\t\t\t<img decoding=\"async\" src=\"\/\/chirodermatologie.ro\/wp-content\/uploads\/2021\/06\/Screenshot_2.jpg\" alt=\"Electrocauterization\">\n                    <\/a>\t\t\t\t<\/div>\n\t\t\t\t\t\t<div class=\"item-content\">\n\t\t\t\t\t\t\t\t\t<h4>\n\t\t\t\t\t\t\t\t\t\t\t\t<a href=\"https:\/\/chirodermatologie.ro\/en\/servicii\/electrocauterizare\/\">\n\t\t\t\t\t\t\t\n\t\t\t\t\t\t\tElectrocauterization\n\t\t\t\t\t\t\t\t\t\t\t\t\t<\/a>\n\t\t\t\t\t\t\t\t\t\t<\/h4>\n\t\t\t\t\n\t\t\t\t\t\t\t<\/div><!-- eof .item-content -->\n\t\t\t\t\t<\/div>\n\n\t\t\t\t<\/div><!-- eof teaser -->\n\t\t\t<div class=\"col-md-3\">\n\t\t\t\n\t\t<div class=\"vertical-item square_teaser content-absolute\">\n\n\t\t\t\t\t\t\t<div class=\"item-media\">\n                    <a href=\"https:\/\/chirodermatologie.ro\/en\/servicii\/injectare-de-botox\/\">\t\t\t\t\t<img decoding=\"async\" src=\"\/\/chirodermatologie.ro\/wp-content\/uploads\/2021\/06\/botox2-768x513-1.jpg\" alt=\"Botox injection\">\n                    <\/a>\t\t\t\t<\/div>\n\t\t\t\t\t\t<div class=\"item-content\">\n\t\t\t\t\t\t\t\t\t<h4>\n\t\t\t\t\t\t\t\t\t\t\t\t<a href=\"https:\/\/chirodermatologie.ro\/en\/servicii\/injectare-de-botox\/\">\n\t\t\t\t\t\t\t\n\t\t\t\t\t\t\tBotox injection\n\t\t\t\t\t\t\t\t\t\t\t\t\t<\/a>\n\t\t\t\t\t\t\t\t\t\t<\/h4>\n\t\t\t\t\n\t\t\t\t\t\t\t<\/div><!-- eof .item-content -->\n\t\t\t\t\t<\/div>\n\n\t\t\t\t<\/div><!-- eof teaser -->\n\t\t\t<div class=\"col-md-3\">\n\t\t\t\n\t\t<div class=\"vertical-item square_teaser content-absolute\">\n\n\t\t\t\t\t\t\t<div class=\"item-media\">\n                    <a href=\"https:\/\/chirodermatologie.ro\/en\/servicii\/mezoterapie-cu-microneedling-dermapen\/\">\t\t\t\t\t<img decoding=\"async\" src=\"\/\/chirodermatologie.ro\/wp-content\/uploads\/2021\/06\/microneedling-oynld2kklge2xbyu05ybxhtuaqash1uakug12olb5g.jpg\" alt=\"Microneedling mesotherapy\">\n                    <\/a>\t\t\t\t<\/div>\n\t\t\t\t\t\t<div class=\"item-content\">\n\t\t\t\t\t\t\t\t\t<h4>\n\t\t\t\t\t\t\t\t\t\t\t\t<a href=\"https:\/\/chirodermatologie.ro\/en\/servicii\/mezoterapie-cu-microneedling-dermapen\/\">\n\t\t\t\t\t\t\t\n\t\t\t\t\t\t\tMicroneedling mesotherapy\n\t\t\t\t\t\t\t\t\t\t\t\t\t<\/a>\n\t\t\t\t\t\t\t\t\t\t<\/h4>\n\t\t\t\t\n\t\t\t\t\t\t\t<\/div><!-- eof .item-content -->\n\t\t\t\t\t<\/div>\n\n\t\t\t\t<\/div><!-- eof teaser -->\n\t\t\t<div class=\"col-md-3\">\n\t\t\t\n\t\t<div class=\"vertical-item square_teaser content-absolute\">\n\n\t\t\t\t\t\t\t<div class=\"item-media\">\n                    <a href=\"https:\/\/chirodermatologie.ro\/en\/servicii\/injectare-de-acid-hialurionic\/\">\t\t\t\t\t<img decoding=\"async\" src=\"\/\/chirodermatologie.ro\/wp-content\/uploads\/2021\/06\/Screenshot_3-ow5bbd23njveolh6t16vzyvoqetuvw6205ky2a6wfo.jpg\" alt=\"Hyaluronic acid (HA) injection\">\n                    <\/a>\t\t\t\t<\/div>\n\t\t\t\t\t\t<div class=\"item-content\">\n\t\t\t\t\t\t\t\t\t<h4>\n\t\t\t\t\t\t\t\t\t\t\t\t<a href=\"https:\/\/chirodermatologie.ro\/en\/servicii\/injectare-de-acid-hialurionic\/\">\n\t\t\t\t\t\t\t\n\t\t\t\t\t\t\tHyaluronic acid (HA) injection\n\t\t\t\t\t\t\t\t\t\t\t\t\t<\/a>\n\t\t\t\t\t\t\t\t\t\t<\/h4>\n\t\t\t\t\n\t\t\t\t\t\t\t<\/div><!-- eof .item-content -->\n\t\t\t\t\t<\/div>\n\n\t\t\t\t<\/div><!-- eof teaser -->\n\t\t\t<div class=\"col-md-3\">\n\t\t\t\n\t\t<div class=\"vertical-item square_teaser content-absolute\">\n\n\t\t\t\t\t\t\t<div class=\"item-media\">\n                    <a href=\"https:\/\/chirodermatologie.ro\/en\/servicii\/biopsie-si-excizie-cutanata\/\">\t\t\t\t\t<img decoding=\"async\" src=\"\/\/chirodermatologie.ro\/wp-content\/uploads\/2021\/06\/biopsie3_1-min-1024x768-1.jpg\" alt=\"Skin biopsy and excision\">\n                    <\/a>\t\t\t\t<\/div>\n\t\t\t\t\t\t<div class=\"item-content\">\n\t\t\t\t\t\t\t\t\t<h4>\n\t\t\t\t\t\t\t\t\t\t\t\t<a href=\"https:\/\/chirodermatologie.ro\/en\/servicii\/biopsie-si-excizie-cutanata\/\">\n\t\t\t\t\t\t\t\n\t\t\t\t\t\t\tSkin biopsy and excision\n\t\t\t\t\t\t\t\t\t\t\t\t\t<\/a>\n\t\t\t\t\t\t\t\t\t\t<\/h4>\n\t\t\t\t\n\t\t\t\t\t\t\t<\/div><!-- eof .item-content -->\n\t\t\t\t\t<\/div>\n\n\t\t\t\t<\/div><!-- eof teaser -->\n\t\t\t<div class=\"col-md-3\">\n\t\t\t\n\t\t<div class=\"vertical-item square_teaser content-absolute\">\n\n\t\t\t\t\t\t\t<div class=\"item-media\">\n                    <a href=\"https:\/\/chirodermatologie.ro\/en\/servicii\/peeling\/\">\t\t\t\t\t<img decoding=\"async\" src=\"\/\/chirodermatologie.ro\/wp-content\/uploads\/2021\/06\/peeling_final-min-1024x683-1.jpg\" alt=\"Peeling\">\n                    <\/a>\t\t\t\t<\/div>\n\t\t\t\t\t\t<div class=\"item-content\">\n\t\t\t\t\t\t\t\t\t<h4>\n\t\t\t\t\t\t\t\t\t\t\t\t<a href=\"https:\/\/chirodermatologie.ro\/en\/servicii\/peeling\/\">\n\t\t\t\t\t\t\t\n\t\t\t\t\t\t\tPeeling\n\t\t\t\t\t\t\t\t\t\t\t\t\t<\/a>\n\t\t\t\t\t\t\t\t\t\t<\/h4>\n\t\t\t\t\n\t\t\t\t\t\t\t<\/div><!-- eof .item-content -->\n\t\t\t\t\t<\/div>\n\n\t\t\t\t<\/div><!-- eof teaser -->\n\t<\/div> <!-- eof teasers row -->    <\/div>\n<\/div>\n\t\t<\/div>\n\t<\/div>\n<\/section>\n<\/p>","protected":false},"excerpt":{"rendered":"<p>Terapia vampir \u2013 plasmolifting Plasmolifting, cunoscut\u0103 \u0219i sub numele de terapia vampir este o procedur\u0103 eficient\u0103 de \u00eentinerire a pielii<\/p>","protected":false},"author":1,"featured_media":0,"parent":185,"menu_order":0,"comment_status":"closed","ping_status":"closed","template":"page-templates\/full-width.php","meta":{"footnotes":""},"class_list":["post-3289","page","type-page","status-publish","hentry"],"yoast_head":"<!-- This site is optimized with the Yoast SEO plugin v24.9 - https:\/\/yoast.com\/wordpress\/plugins\/seo\/ -->\n<title>Terapia Vampir T\u00e2rgu Mure\u0219 | Rejuvenare facial\u0103 cu Plasmolifting<\/title>\n<meta name=\"description\" content=\"Terapia Vampir T\u00e2rgu Mure\u0219 este o metod\u0103 modern\u0103 de rejuvenare facial\u0103 cu plasm\u0103 proprie, eficient\u0103 \u0219i natural\u0103.\" \/>\n<meta name=\"robots\" content=\"index, follow, max-snippet:-1, max-image-preview:large, max-video-preview:-1\" \/>\n<link rel=\"canonical\" href=\"https:\/\/chirodermatologie.ro\/en\/servicii-clinica-de-dermatologie-targu-mures\/terapia-vampir-plasmolifting\/\" \/>\n<meta property=\"og:locale\" content=\"en_US\" \/>\n<meta property=\"og:type\" content=\"article\" \/>\n<meta property=\"og:title\" content=\"Terapia Vampir T\u00e2rgu Mure\u0219 | Rejuvenare facial\u0103 cu Plasmolifting\" \/>\n<meta property=\"og:description\" content=\"Terapia Vampir T\u00e2rgu Mure\u0219 este o metod\u0103 modern\u0103 de rejuvenare facial\u0103 cu plasm\u0103 proprie, eficient\u0103 \u0219i natural\u0103.\" \/>\n<meta property=\"og:url\" content=\"https:\/\/chirodermatologie.ro\/en\/servicii-clinica-de-dermatologie-targu-mures\/terapia-vampir-plasmolifting\/\" \/>\n<meta property=\"og:site_name\" content=\"Chirodermatologie\" \/>\n<meta property=\"article:publisher\" content=\"https:\/\/www.facebook.com\/Chirodermatologie\/?ref=pages_you_manage\" \/>\n<meta property=\"article:modified_time\" content=\"2026-04-23T05:23:58+00:00\" \/>\n<meta name=\"twitter:card\" content=\"summary_large_image\" \/>\n<meta name=\"twitter:label1\" content=\"Est. reading time\" \/>\n\t<meta name=\"twitter:data1\" content=\"2 minutes\" \/>\n<script type=\"application\/ld+json\" class=\"yoast-schema-graph\">{\"@context\":\"https:\/\/schema.org\",\"@graph\":[{\"@type\":\"WebPage\",\"@id\":\"https:\/\/chirodermatologie.ro\/servicii-clinica-de-dermatologie-targu-mures\/terapia-vampir-plasmolifting\/\",\"url\":\"https:\/\/chirodermatologie.ro\/servicii-clinica-de-dermatologie-targu-mures\/terapia-vampir-plasmolifting\/\",\"name\":\"Terapia Vampir T\u00e2rgu Mure\u0219 | Rejuvenare facial\u0103 cu Plasmolifting\",\"isPartOf\":{\"@id\":\"https:\/\/chirodermatologie.ro\/#website\"},\"datePublished\":\"2021-06-16T11:17:11+00:00\",\"dateModified\":\"2026-04-23T05:23:58+00:00\",\"description\":\"Terapia Vampir T\u00e2rgu Mure\u0219 este o metod\u0103 modern\u0103 de rejuvenare facial\u0103 cu plasm\u0103 proprie, eficient\u0103 \u0219i natural\u0103.\",\"breadcrumb\":{\"@id\":\"https:\/\/chirodermatologie.ro\/servicii-clinica-de-dermatologie-targu-mures\/terapia-vampir-plasmolifting\/#breadcrumb\"},\"inLanguage\":\"en-US\",\"potentialAction\":[{\"@type\":\"ReadAction\",\"target\":[\"https:\/\/chirodermatologie.ro\/servicii-clinica-de-dermatologie-targu-mures\/terapia-vampir-plasmolifting\/\"]}]},{\"@type\":\"BreadcrumbList\",\"@id\":\"https:\/\/chirodermatologie.ro\/servicii-clinica-de-dermatologie-targu-mures\/terapia-vampir-plasmolifting\/#breadcrumb\",\"itemListElement\":[{\"@type\":\"ListItem\",\"position\":1,\"name\":\"Home\",\"item\":\"https:\/\/chirodermatologie.ro\/\"},{\"@type\":\"ListItem\",\"position\":2,\"name\":\"Dermatologie\",\"item\":\"https:\/\/chirodermatologie.ro\/servicii-clinica-de-dermatologie-targu-mures\/\"},{\"@type\":\"ListItem\",\"position\":3,\"name\":\"Terapia vampir \u2013 plasmolifting\"}]},{\"@type\":\"WebSite\",\"@id\":\"https:\/\/chirodermatologie.ro\/#website\",\"url\":\"https:\/\/chirodermatologie.ro\/\",\"name\":\"Chirodermatologie\",\"description\":\"Chirodermatologie\",\"publisher\":{\"@id\":\"https:\/\/chirodermatologie.ro\/#organization\"},\"potentialAction\":[{\"@type\":\"SearchAction\",\"target\":{\"@type\":\"EntryPoint\",\"urlTemplate\":\"https:\/\/chirodermatologie.ro\/?s={search_term_string}\"},\"query-input\":{\"@type\":\"PropertyValueSpecification\",\"valueRequired\":true,\"valueName\":\"search_term_string\"}}],\"inLanguage\":\"en-US\"},{\"@type\":\"Organization\",\"@id\":\"https:\/\/chirodermatologie.ro\/#organization\",\"name\":\"Chirodermatologie\",\"url\":\"https:\/\/chirodermatologie.ro\/\",\"logo\":{\"@type\":\"ImageObject\",\"inLanguage\":\"en-US\",\"@id\":\"https:\/\/chirodermatologie.ro\/#\/schema\/logo\/image\/\",\"url\":\"https:\/\/chirodermatologie.ro\/wp-content\/uploads\/2021\/12\/DERMA_LOGO-1.png\",\"contentUrl\":\"https:\/\/chirodermatologie.ro\/wp-content\/uploads\/2021\/12\/DERMA_LOGO-1.png\",\"width\":1000,\"height\":1000,\"caption\":\"Chirodermatologie\"},\"image\":{\"@id\":\"https:\/\/chirodermatologie.ro\/#\/schema\/logo\/image\/\"},\"sameAs\":[\"https:\/\/www.facebook.com\/Chirodermatologie\/?ref=pages_you_manage\",\"https:\/\/www.instagram.com\/chirodermatologie\/\"]}]}<\/script>\n<!-- \/ Yoast SEO plugin. -->","yoast_head_json":{"title":"Terapia Vampir T\u00e2rgu Mure\u0219 | Rejuvenare facial\u0103 cu Plasmolifting","description":"Terapia Vampir T\u00e2rgu Mure\u0219 este o metod\u0103 modern\u0103 de rejuvenare facial\u0103 cu plasm\u0103 proprie, eficient\u0103 \u0219i natural\u0103.","robots":{"index":"index","follow":"follow","max-snippet":"max-snippet:-1","max-image-preview":"max-image-preview:large","max-video-preview":"max-video-preview:-1"},"canonical":"https:\/\/chirodermatologie.ro\/en\/servicii-clinica-de-dermatologie-targu-mures\/terapia-vampir-plasmolifting\/","og_locale":"en_US","og_type":"article","og_title":"Terapia Vampir T\u00e2rgu Mure\u0219 | Rejuvenare facial\u0103 cu Plasmolifting","og_description":"Terapia Vampir T\u00e2rgu Mure\u0219 este o metod\u0103 modern\u0103 de rejuvenare facial\u0103 cu plasm\u0103 proprie, eficient\u0103 \u0219i natural\u0103.","og_url":"https:\/\/chirodermatologie.ro\/en\/servicii-clinica-de-dermatologie-targu-mures\/terapia-vampir-plasmolifting\/","og_site_name":"Chirodermatologie","article_publisher":"https:\/\/www.facebook.com\/Chirodermatologie\/?ref=pages_you_manage","article_modified_time":"2026-04-23T05:23:58+00:00","twitter_card":"summary_large_image","twitter_misc":{"Est. reading time":"2 minutes"},"schema":{"@context":"https:\/\/schema.org","@graph":[{"@type":"WebPage","@id":"https:\/\/chirodermatologie.ro\/servicii-clinica-de-dermatologie-targu-mures\/terapia-vampir-plasmolifting\/","url":"https:\/\/chirodermatologie.ro\/servicii-clinica-de-dermatologie-targu-mures\/terapia-vampir-plasmolifting\/","name":"Terapia Vampir T\u00e2rgu Mure\u0219 | Rejuvenare facial\u0103 cu Plasmolifting","isPartOf":{"@id":"https:\/\/chirodermatologie.ro\/#website"},"datePublished":"2021-06-16T11:17:11+00:00","dateModified":"2026-04-23T05:23:58+00:00","description":"Terapia Vampir T\u00e2rgu Mure\u0219 este o metod\u0103 modern\u0103 de rejuvenare facial\u0103 cu plasm\u0103 proprie, eficient\u0103 \u0219i natural\u0103.","breadcrumb":{"@id":"https:\/\/chirodermatologie.ro\/servicii-clinica-de-dermatologie-targu-mures\/terapia-vampir-plasmolifting\/#breadcrumb"},"inLanguage":"en-US","potentialAction":[{"@type":"ReadAction","target":["https:\/\/chirodermatologie.ro\/servicii-clinica-de-dermatologie-targu-mures\/terapia-vampir-plasmolifting\/"]}]},{"@type":"BreadcrumbList","@id":"https:\/\/chirodermatologie.ro\/servicii-clinica-de-dermatologie-targu-mures\/terapia-vampir-plasmolifting\/#breadcrumb","itemListElement":[{"@type":"ListItem","position":1,"name":"Home","item":"https:\/\/chirodermatologie.ro\/"},{"@type":"ListItem","position":2,"name":"Dermatologie","item":"https:\/\/chirodermatologie.ro\/servicii-clinica-de-dermatologie-targu-mures\/"},{"@type":"ListItem","position":3,"name":"Terapia vampir \u2013 plasmolifting"}]},{"@type":"WebSite","@id":"https:\/\/chirodermatologie.ro\/#website","url":"https:\/\/chirodermatologie.ro\/","name":"Chirodermatologie","description":"Chirodermatologie","publisher":{"@id":"https:\/\/chirodermatologie.ro\/#organization"},"potentialAction":[{"@type":"SearchAction","target":{"@type":"EntryPoint","urlTemplate":"https:\/\/chirodermatologie.ro\/?s={search_term_string}"},"query-input":{"@type":"PropertyValueSpecification","valueRequired":true,"valueName":"search_term_string"}}],"inLanguage":"en-US"},{"@type":"Organization","@id":"https:\/\/chirodermatologie.ro\/#organization","name":"Chirodermatologie","url":"https:\/\/chirodermatologie.ro\/","logo":{"@type":"ImageObject","inLanguage":"en-US","@id":"https:\/\/chirodermatologie.ro\/#\/schema\/logo\/image\/","url":"https:\/\/chirodermatologie.ro\/wp-content\/uploads\/2021\/12\/DERMA_LOGO-1.png","contentUrl":"https:\/\/chirodermatologie.ro\/wp-content\/uploads\/2021\/12\/DERMA_LOGO-1.png","width":1000,"height":1000,"caption":"Chirodermatologie"},"image":{"@id":"https:\/\/chirodermatologie.ro\/#\/schema\/logo\/image\/"},"sameAs":["https:\/\/www.facebook.com\/Chirodermatologie\/?ref=pages_you_manage","https:\/\/www.instagram.com\/chirodermatologie\/"]}]}},"_links":{"self":[{"href":"https:\/\/chirodermatologie.ro\/en\/wp-json\/wp\/v2\/pages\/3289","targetHints":{"allow":["GET"]}}],"collection":[{"href":"https:\/\/chirodermatologie.ro\/en\/wp-json\/wp\/v2\/pages"}],"about":[{"href":"https:\/\/chirodermatologie.ro\/en\/wp-json\/wp\/v2\/types\/page"}],"author":[{"embeddable":true,"href":"https:\/\/chirodermatologie.ro\/en\/wp-json\/wp\/v2\/users\/1"}],"replies":[{"embeddable":true,"href":"https:\/\/chirodermatologie.ro\/en\/wp-json\/wp\/v2\/comments?post=3289"}],"version-history":[{"count":11,"href":"https:\/\/chirodermatologie.ro\/en\/wp-json\/wp\/v2\/pages\/3289\/revisions"}],"predecessor-version":[{"id":3946,"href":"https:\/\/chirodermatologie.ro\/en\/wp-json\/wp\/v2\/pages\/3289\/revisions\/3946"}],"up":[{"embeddable":true,"href":"https:\/\/chirodermatologie.ro\/en\/wp-json\/wp\/v2\/pages\/185"}],"wp:attachment":[{"href":"https:\/\/chirodermatologie.ro\/en\/wp-json\/wp\/v2\/media?parent=3289"}],"curies":[{"name":"wp","href":"https:\/\/api.w.org\/{rel}","templated":true}]}}