{"id":3267,"date":"2021-06-16T09:54:03","date_gmt":"2021-06-16T09:54:03","guid":{"rendered":"https:\/\/chirodermatologie.ro\/?page_id=3267"},"modified":"2026-03-09T08:55:12","modified_gmt":"2026-03-09T06:55:12","slug":"electrocauterizare","status":"publish","type":"page","link":"https:\/\/chirodermatologie.ro\/en\/servicii-clinica-de-dermatologie-targu-mures\/electrocauterizare\/","title":{"rendered":"Electrocauterization"},"content":{"rendered":"<p><section class=\"fw-main-row  ls section_padding_top_50 section_padding_bottom_50 columns_padding_15\" style=\"\" >\n\t<div class=\"container\">\n\t\t<div class=\"row\">\n\t\t\t<div  id=\"column-16a7ba8\" class=\"fw-column fw-column col-xs-12\" >\n\n\t<div class=\"column-overlay\"><\/div>\n\n\t<div class=\"fw-column-inner\"><div class=\"text-center\">\n\t<h3 class=\"section_header\">\n\t<span class=\"\">\n\t\tElectrocauterization\t<\/span>\n\t<\/h3>\n<\/div>\n\t<div class=\"fw-divider-line\"><hr\/><\/div>\n\n\n    <\/div>\n<\/div>\n\t\t<\/div>\n\t<\/div>\n<\/section>\n<section class=\"fw-main-row  ls section_padding_top_25 section_padding_bottom_25 columns_padding_15\" style=\"\" >\n\t<div class=\"container\">\n\t\t<div class=\"row\">\n\t\t\t<div  id=\"column-518916a\" class=\"fw-column fw-column col-xs-12 col-md-6 to_animate\" data-animation=\"fadeInLeft\">\n\n\t<div class=\"column-overlay\"><\/div>\n\n\t<div class=\"fw-column-inner\"><img decoding=\"async\" class=\"shortcode-media-image\" src=\"\/\/chirodermatologie.ro\/wp-content\/uploads\/2021\/06\/electrocauterizare_1-min-scaled-1.jpg\" alt=\"electrocautery\" \/>    <\/div>\n<\/div>\n<div  id=\"column-012b24f\" class=\"fw-column fw-column col-xs-12 col-md-6 to_animate text-left\" data-animation=\"fadeInRight\">\n\n\t<div class=\"column-overlay\"><\/div>\n\n\t<div class=\"fw-column-inner\"><div class=\"text-left\">\n\t<h4 class=\"section_header\">\n\t<span class=\"\">\n\t\tIn dermatological practice electrocautery can be used to remove benign skin lesions in two ways:\t<\/span>\n\t<\/h4>\n<\/div>\n\n\n\t<div class=\"fw-divider-space\" style=\"margin-top: 30px;\"><\/div>\n<div class=\"icons-list\">\n\t<ul class=\"list1 no-bullets with-border\">\n\t\t\t\t\t<li>\n\t\t\t\t\t<div class=\"media small-teaser shortcode-icon\">\n\t\t\t\t\t<div class=\"media-left\">\n\t\t\t\t<div class=\"icon-wrap\">\n\t\t\t\t\t<i class=\"fa fa-angle-double-right highlight fontsize_18\"><\/i>\n\t\t\t\t<\/div>\n\t\t\t<\/div>\n\t\t\t\t<div class=\"media-body\">\n\t\t<span class=\"title\">\n\t\t\tOne way is to gently destroy the lesion with this device. This method is only applicable to benign lesions, such as warts, papillomas, xanthelasma.\t\t<\/span>\n\t\t<span class=\"text\">\n\t\t\t\t\t<\/span>\n\t\t<\/div>\n\t<\/div>\n\t\t\t\t<\/li>\n\t\t\t\t\t<li>\n\t\t\t\t\t<div class=\"media small-teaser shortcode-icon\">\n\t\t\t\t\t<div class=\"media-left\">\n\t\t\t\t<div class=\"icon-wrap\">\n\t\t\t\t\t<i class=\"fa fa-angle-double-right highlight fontsize_18\"><\/i>\n\t\t\t\t<\/div>\n\t\t\t<\/div>\n\t\t\t\t<div class=\"media-body\">\n\t\t<span class=\"title\">\n\t\t\tAnother option is to use the device as a scalpel. The advantage is that surgical procedures performed in this way involve less bleeding compared to the procedure performed with a scalpel, because the device closes the capillaries in the cut skin. It is a simple and precise method which does not require surgical sutures. Healing is rapid and the scarring rate is minimal. \t\t<\/span>\n\t\t<span class=\"text\">\n\t\t\t\t\t<\/span>\n\t\t<\/div>\n\t<\/div>\n\t\t\t\t<\/li>\n\t\t\t<\/ul>\n<\/div><div class=\"text-block\">\n\t<\/div>\n    <\/div>\n<\/div>\n<div  id=\"column-bd2ad74\" class=\"fw-column fw-column col-xs-12 to_animate text-left\" data-animation=\"fadeInRight\">\n\n\t<div class=\"column-overlay\"><\/div>\n\n\t<div class=\"fw-column-inner\"><div class=\"text-block\">\n\t<h2><span style=\"font-weight: 400;\">Electrocautery: what is this process<\/span><\/h2><p><span style=\"font-weight: 400;\">Electrocautery is a treatment with immediate results, without scarring, frequently used in medical dermatology and very easy for the patient to tolerate. It is a procedure that consists of heating a tissue with electricity. Patients often turn to <\/span><span style=\"font-weight: 400;\">electrocautery <\/span><span style=\"font-weight: 400;\">when benign lesions such as papillomas, seborrheic or actinic keratoses, angiomas, zapillomas, warts, vascular tumours, xanthelasma, seborrheic keratoses, fibromas, chondromas, molluscum contagiosum and other benign tumours appear on the skin...<\/span><\/p><p>&nbsp;<\/p><p class=\"translation-block\"><span style=\"font-weight: 400\">The electrocautery <\/span><span style=\"font-weight: 400\">procedure <\/span><span style=\"font-weight: 400\">involves the use of a small device, which uses high-frequency electric current to thermally destroy unwanted lesions. It is a minor dermatological procedure whereby small, cutaneous or benign lesions are destroyed. This process takes place through thermal heating, using an electrical circuit created between two electrodes. The instrument with which this procedure is performed is called an electrocautery.\n<\/span><\/p><p>&nbsp;<\/p><p><span style=\"font-weight: 400;\">Electrocautery can be used both for haemostatic purposes, by stopping bleeding in small vessels, and for excision of a piece of skin tissue. This procedure is not painful at all, as the area will be anaesthetised beforehand with anaesthetic cream or injectable anaesthetic with xylin. Following the procedure there will be no need for sutures, as the machine performs haemostasis at the same time (in other words, stops bleeding), and the patient can go home with a small patch on the treated area - and nothing more!\u00a0<\/span><\/p><p>&nbsp;<\/p><h2><span style=\"font-weight: 400;\">How to care for the area after electrocautery?<\/span><\/h2><p>&nbsp;<\/p><p class=\"translation-block\"><span style=\"font-weight: 400\">Following <\/span><span style=\"font-weight: 400\">electrocautery surgery  <\/span><span style=\"font-weight: 400\">care is fairly easy and involves the use of a disinfectant on the treated area. It is usually recommended to avoid contact with water for the first few days after cauterisation. Furthermore, depending on the size of the lesion, the area heals relatively quickly, from a few days to up to 2 weeks.<\/span><\/p><h2><span style=\"font-weight: 400;\">What are the advantages of the electrocautery procedure?<\/span><\/h2><p class=\"translation-block\"><span style=\"font-weight: 400\">A primary advantage<\/span><span style=\"font-weight: 400\">of the electrocautery procedure    <\/span><span style=\"font-weight: 400\">would be that bleeding is not present. Scarring will be minimal or non-existent and recovery is relatively quick, depending on the complexity of the skin lesion.<\/span><\/p><\/div>\n    <\/div>\n<\/div>\n\t\t<\/div>\n\t<\/div>\n<\/section>\n<section class=\"fw-main-row  ls section_padding_top_25 section_padding_bottom_0 columns_padding_15\" style=\"\" >\n\t<div class=\"container\">\n\t\t<div class=\"row\">\n\t\t\t<div  id=\"column-88e2754\" class=\"fw-column fw-column col-xs-12 col-md-3 to_animate text-center programare\" data-animation=\"fadeInUp\">\n\n\t<div class=\"column-overlay\"><\/div>\n\n\t<div class=\"fw-column-inner\">\n\n\t<div class=\"fw-divider-space  hidden-sm hidden-xs\" style=\"margin-top: 50px;\"><\/div>\n    <\/div>\n<\/div>\n<div  id=\"column-7ec8c12\" class=\"fw-column fw-column col-xs-12 col-md-6 to_animate text-center programare\" data-animation=\"fadeInUp\">\n\n\t<div class=\"column-overlay\"><\/div>\n\n\t<div class=\"fw-column-inner\">\n\n\t<div class=\"fw-divider-space  hidden-sm hidden-xs\" style=\"margin-top: 50px;\"><\/div>\n<div class=\"text-center\">\n\t<h3 class=\"section_header\">\n\t<span class=\"\">\n\t\tWould you like an appointment?\t<\/span>\n\t<\/h3>\n\t<h4 class=\"section_header\">\n\t<span class=\"\">\n\t\tDo not hesitate to contact us!\t<\/span>\n\t<\/h4>\n<\/div>\n\n\n\t<div class=\"fw-divider-space\" style=\"margin-top: 50px;\"><\/div>\n\t<span class=\"theme-icon   icon_center\">\n\t<i class=\"rt-icon2-arrow-down-outline highlight\"><\/i>\n<\/span>\n\t\n\n\t<div class=\"fw-divider-space\" style=\"margin-top: 50px;\"><\/div>\n<a href=\"https:\/\/chirodermatologie.ro\/en\/vreau-o-programare\/\" target=\"_blank\"\n   class=\"theme_button color1\">\n\t<span>I want an appointment!<\/span>\n<\/a>    <\/div>\n<\/div>\n<div  id=\"column-5591eef\" class=\"fw-column fw-column col-xs-12 col-md-3 to_animate text-center programare\" data-animation=\"fadeInUp\">\n\n\t<div class=\"column-overlay\"><\/div>\n\n\t<div class=\"fw-column-inner\">\n\n\t<div class=\"fw-divider-space  hidden-sm hidden-xs\" style=\"margin-top: 50px;\"><\/div>\n    <\/div>\n<\/div>\n\t\t<\/div>\n\t<\/div>\n<\/section>\n<section class=\"fw-main-row  ls section_padding_top_50 section_padding_bottom_50 columns_padding_15\" style=\"\" >\n\t<div class=\"container\">\n\t\t<div class=\"row\">\n\t\t\t<div  id=\"column-1620be7\" class=\"fw-column fw-column col-xs-12 to_animate\" data-animation=\"fadeInUp\">\n\n\t<div class=\"column-overlay\"><\/div>\n\n\t<div class=\"fw-column-inner\"><div class=\"text-center\">\n\t<h3 class=\"section_header\">\n\t<span class=\"\">\n\t\tOther services\t<\/span>\n\t<\/h3>\n<\/div>\n\t<div class=\"fw-divider-line\"><hr\/><\/div>\n\n\n\n\n\t<div class=\"fw-divider-space\" style=\"margin-top: 50px;\"><\/div>\n    <\/div>\n<\/div>\n<div  id=\"column-05d5e56\" class=\"fw-column fw-column col-xs-12 to_animate\" data-animation=\"fadeInUp\">\n\n\t<div class=\"column-overlay\"><\/div>\n\n\t<div class=\"fw-column-inner\"><div class=\"row columns_padding_15 shortcode-teasers-row\">\n\t\t\t<div class=\"col-md-3\">\n\t\t\t\n\t\t<div class=\"vertical-item square_teaser content-absolute\">\n\n\t\t\t\t\t\t\t<div class=\"item-media\">\n                    <a href=\"https:\/\/chirodermatologie.ro\/en\/servicii\/examen-dermatoscopic\/\">\t\t\t\t\t<img decoding=\"async\" src=\"\/\/chirodermatologie.ro\/wp-content\/uploads\/2021\/06\/dermatoscop-min-1-owncm32jyw3soydzudvn0xt1dlsp0b72qafxs299ro.jpg\" alt=\"Dermatoscopic examination\">\n                    <\/a>\t\t\t\t<\/div>\n\t\t\t\t\t\t<div class=\"item-content\">\n\t\t\t\t\t\t\t\t\t<h4>\n\t\t\t\t\t\t\t\t\t\t\t\t<a href=\"https:\/\/chirodermatologie.ro\/en\/servicii\/examen-dermatoscopic\/\">\n\t\t\t\t\t\t\t\n\t\t\t\t\t\t\tDermatoscopic examination\n\t\t\t\t\t\t\t\t\t\t\t\t\t<\/a>\n\t\t\t\t\t\t\t\t\t\t<\/h4>\n\t\t\t\t\n\t\t\t\t\t\t\t<\/div><!-- eof .item-content -->\n\t\t\t\t\t<\/div>\n\n\t\t\t\t<\/div><!-- eof teaser -->\n\t\t\t<div class=\"col-md-3\">\n\t\t\t\n\t\t<div class=\"vertical-item square_teaser content-absolute\">\n\n\t\t\t\t\t\t\t<div class=\"item-media\">\n                    <a href=\"https:\/\/chirodermatologie.ro\/en\/servicii\/crioterapia\/\">\t\t\t\t\t<img decoding=\"async\" src=\"\/\/chirodermatologie.ro\/wp-content\/uploads\/2021\/06\/crioterapie2.jpg.png\" alt=\"Cryotherapy\">\n                    <\/a>\t\t\t\t<\/div>\n\t\t\t\t\t\t<div class=\"item-content\">\n\t\t\t\t\t\t\t\t\t<h4>\n\t\t\t\t\t\t\t\t\t\t\t\t<a href=\"https:\/\/chirodermatologie.ro\/en\/servicii\/crioterapia\/\">\n\t\t\t\t\t\t\t\n\t\t\t\t\t\t\tCryotherapy\n\t\t\t\t\t\t\t\t\t\t\t\t\t<\/a>\n\t\t\t\t\t\t\t\t\t\t<\/h4>\n\t\t\t\t\n\t\t\t\t\t\t\t<\/div><!-- eof .item-content -->\n\t\t\t\t\t<\/div>\n\n\t\t\t\t<\/div><!-- eof teaser -->\n\t\t\t<div class=\"col-md-3\">\n\t\t\t\n\t\t<div class=\"vertical-item square_teaser content-absolute\">\n\n\t\t\t\t\t\t\t<div class=\"item-media\">\n                    <a href=\"https:\/\/chirodermatologie.ro\/en\/servicii\/injectare-de-botox\/\">\t\t\t\t\t<img decoding=\"async\" src=\"\/\/chirodermatologie.ro\/wp-content\/uploads\/2021\/06\/botox2-768x513-1.jpg\" alt=\"Botox injection\">\n                    <\/a>\t\t\t\t<\/div>\n\t\t\t\t\t\t<div class=\"item-content\">\n\t\t\t\t\t\t\t\t\t<h4>\n\t\t\t\t\t\t\t\t\t\t\t\t<a href=\"https:\/\/chirodermatologie.ro\/en\/servicii\/injectare-de-botox\/\">\n\t\t\t\t\t\t\t\n\t\t\t\t\t\t\tBotox injection\n\t\t\t\t\t\t\t\t\t\t\t\t\t<\/a>\n\t\t\t\t\t\t\t\t\t\t<\/h4>\n\t\t\t\t\n\t\t\t\t\t\t\t<\/div><!-- eof .item-content -->\n\t\t\t\t\t<\/div>\n\n\t\t\t\t<\/div><!-- eof teaser -->\n\t\t\t<div class=\"col-md-3\">\n\t\t\t\n\t\t<div class=\"vertical-item square_teaser content-absolute\">\n\n\t\t\t\t\t\t\t<div class=\"item-media\">\n                    <a href=\"https:\/\/chirodermatologie.ro\/en\/servicii\/mezoterapie-cu-microneedling-dermapen\/\">\t\t\t\t\t<img decoding=\"async\" src=\"\/\/chirodermatologie.ro\/wp-content\/uploads\/2021\/06\/microneedling-oynld2kklge2xbyu05ybxhtuaqash1uakug12olb5g.jpg\" alt=\"Microneedling mesotherapy\">\n                    <\/a>\t\t\t\t<\/div>\n\t\t\t\t\t\t<div class=\"item-content\">\n\t\t\t\t\t\t\t\t\t<h4>\n\t\t\t\t\t\t\t\t\t\t\t\t<a href=\"https:\/\/chirodermatologie.ro\/en\/servicii\/mezoterapie-cu-microneedling-dermapen\/\">\n\t\t\t\t\t\t\t\n\t\t\t\t\t\t\tMicroneedling mesotherapy\n\t\t\t\t\t\t\t\t\t\t\t\t\t<\/a>\n\t\t\t\t\t\t\t\t\t\t<\/h4>\n\t\t\t\t\n\t\t\t\t\t\t\t<\/div><!-- eof .item-content -->\n\t\t\t\t\t<\/div>\n\n\t\t\t\t<\/div><!-- eof teaser -->\n\t\t\t<div class=\"col-md-3\">\n\t\t\t\n\t\t<div class=\"vertical-item square_teaser content-absolute\">\n\n\t\t\t\t\t\t\t<div class=\"item-media\">\n                    <a href=\"https:\/\/chirodermatologie.ro\/en\/servicii\/injectare-de-acid-hialurionic\/\">\t\t\t\t\t<img decoding=\"async\" src=\"\/\/chirodermatologie.ro\/wp-content\/uploads\/2021\/06\/Screenshot_3-ow5bbd23njveolh6t16vzyvoqetuvw6205ky2a6wfo.jpg\" alt=\"Hyaluronic acid (HA) injection\">\n                    <\/a>\t\t\t\t<\/div>\n\t\t\t\t\t\t<div class=\"item-content\">\n\t\t\t\t\t\t\t\t\t<h4>\n\t\t\t\t\t\t\t\t\t\t\t\t<a href=\"https:\/\/chirodermatologie.ro\/en\/servicii\/injectare-de-acid-hialurionic\/\">\n\t\t\t\t\t\t\t\n\t\t\t\t\t\t\tHyaluronic acid (HA) injection\n\t\t\t\t\t\t\t\t\t\t\t\t\t<\/a>\n\t\t\t\t\t\t\t\t\t\t<\/h4>\n\t\t\t\t\n\t\t\t\t\t\t\t<\/div><!-- eof .item-content -->\n\t\t\t\t\t<\/div>\n\n\t\t\t\t<\/div><!-- eof teaser -->\n\t\t\t<div class=\"col-md-3\">\n\t\t\t\n\t\t<div class=\"vertical-item square_teaser content-absolute\">\n\n\t\t\t\t\t\t\t<div class=\"item-media\">\n                    <a href=\"https:\/\/chirodermatologie.ro\/en\/servicii\/biopsie-si-excizie-cutanata\/\">\t\t\t\t\t<img decoding=\"async\" src=\"\/\/chirodermatologie.ro\/wp-content\/uploads\/2021\/06\/biopsie3_1-min-1024x768-1.jpg\" alt=\"Skin biopsy and excision\">\n                    <\/a>\t\t\t\t<\/div>\n\t\t\t\t\t\t<div class=\"item-content\">\n\t\t\t\t\t\t\t\t\t<h4>\n\t\t\t\t\t\t\t\t\t\t\t\t<a href=\"https:\/\/chirodermatologie.ro\/en\/servicii\/biopsie-si-excizie-cutanata\/\">\n\t\t\t\t\t\t\t\n\t\t\t\t\t\t\tSkin biopsy and excision\n\t\t\t\t\t\t\t\t\t\t\t\t\t<\/a>\n\t\t\t\t\t\t\t\t\t\t<\/h4>\n\t\t\t\t\n\t\t\t\t\t\t\t<\/div><!-- eof .item-content -->\n\t\t\t\t\t<\/div>\n\n\t\t\t\t<\/div><!-- eof teaser -->\n\t\t\t<div class=\"col-md-3\">\n\t\t\t\n\t\t<div class=\"vertical-item square_teaser content-absolute\">\n\n\t\t\t\t\t\t\t<div class=\"item-media\">\n                    <a href=\"https:\/\/chirodermatologie.ro\/en\/servicii\/terapia-vampir-plasmolifting\/\">\t\t\t\t\t<img decoding=\"async\" src=\"\/\/chirodermatologie.ro\/wp-content\/uploads\/2021\/06\/plasmolifting-oynlrrrph6iihsm560pafaacqnufun769lqe9gsnuc.jpg\" alt=\"Vampire therapy - Plasmolifting\">\n                    <\/a>\t\t\t\t<\/div>\n\t\t\t\t\t\t<div class=\"item-content\">\n\t\t\t\t\t\t\t\t\t<h4>\n\t\t\t\t\t\t\t\t\t\t\t\t<a href=\"https:\/\/chirodermatologie.ro\/en\/servicii\/terapia-vampir-plasmolifting\/\">\n\t\t\t\t\t\t\t\n\t\t\t\t\t\t\tVampire therapy - Plasmolifting\n\t\t\t\t\t\t\t\t\t\t\t\t\t<\/a>\n\t\t\t\t\t\t\t\t\t\t<\/h4>\n\t\t\t\t\n\t\t\t\t\t\t\t<\/div><!-- eof .item-content -->\n\t\t\t\t\t<\/div>\n\n\t\t\t\t<\/div><!-- eof teaser -->\n\t\t\t<div class=\"col-md-3\">\n\t\t\t\n\t\t<div class=\"vertical-item square_teaser content-absolute\">\n\n\t\t\t\t\t\t\t<div class=\"item-media\">\n                    <a href=\"https:\/\/chirodermatologie.ro\/en\/servicii\/peeling\/\">\t\t\t\t\t<img decoding=\"async\" src=\"\/\/chirodermatologie.ro\/wp-content\/uploads\/2021\/06\/peeling_final-min-1024x683-1.jpg\" alt=\"Peeling\">\n                    <\/a>\t\t\t\t<\/div>\n\t\t\t\t\t\t<div class=\"item-content\">\n\t\t\t\t\t\t\t\t\t<h4>\n\t\t\t\t\t\t\t\t\t\t\t\t<a href=\"https:\/\/chirodermatologie.ro\/en\/servicii\/peeling\/\">\n\t\t\t\t\t\t\t\n\t\t\t\t\t\t\tPeeling\n\t\t\t\t\t\t\t\t\t\t\t\t\t<\/a>\n\t\t\t\t\t\t\t\t\t\t<\/h4>\n\t\t\t\t\n\t\t\t\t\t\t\t<\/div><!-- eof .item-content -->\n\t\t\t\t\t<\/div>\n\n\t\t\t\t<\/div><!-- eof teaser -->\n\t<\/div> <!-- eof teasers row -->    <\/div>\n<\/div>\n\t\t<\/div>\n\t<\/div>\n<\/section>\n<\/p>","protected":false},"excerpt":{"rendered":"<p>Electrocauterizare \u00cen practica dermatologic\u0103 electrocauterul poate fi utilizat pentru a elimina leziunile cutanate benigne \u00een dou\u0103 modalit\u0103\u021bi: O modalitate este<\/p>","protected":false},"author":1,"featured_media":0,"parent":185,"menu_order":0,"comment_status":"closed","ping_status":"closed","template":"page-templates\/full-width.php","meta":{"footnotes":""},"class_list":["post-3267","page","type-page","status-publish","hentry"],"yoast_head":"<!-- This site is optimized with the Yoast SEO plugin v24.9 - https:\/\/yoast.com\/wordpress\/plugins\/seo\/ -->\n<title>Electrocauterizare T\u00e2rgu Mure\u0219 | \u00cendep\u0103rtare Precisa Leziuni<\/title>\n<meta name=\"description\" content=\"Electrocauterizare profesional\u0103: \u00eendep\u0103rtare sigur\u0103 a papiloamelor \u0219i leziunilor cutanate la Chirodermatologie T\u00e2rgu\u2011Mure\u0219. Programeaz\u0103 consulta\u021bia!\" \/>\n<meta name=\"robots\" content=\"index, follow, max-snippet:-1, max-image-preview:large, max-video-preview:-1\" \/>\n<link rel=\"canonical\" href=\"https:\/\/chirodermatologie.ro\/en\/servicii-clinica-de-dermatologie-targu-mures\/electrocauterizare\/\" \/>\n<meta property=\"og:locale\" content=\"en_US\" \/>\n<meta property=\"og:type\" content=\"article\" \/>\n<meta property=\"og:title\" content=\"Electrocauterizare T\u00e2rgu Mure\u0219 | \u00cendep\u0103rtare Precisa Leziuni\" \/>\n<meta property=\"og:description\" content=\"Electrocauterizare profesional\u0103: \u00eendep\u0103rtare sigur\u0103 a papiloamelor \u0219i leziunilor cutanate la Chirodermatologie T\u00e2rgu\u2011Mure\u0219. Programeaz\u0103 consulta\u021bia!\" \/>\n<meta property=\"og:url\" content=\"https:\/\/chirodermatologie.ro\/en\/servicii-clinica-de-dermatologie-targu-mures\/electrocauterizare\/\" \/>\n<meta property=\"og:site_name\" content=\"Chirodermatologie\" \/>\n<meta property=\"article:publisher\" content=\"https:\/\/www.facebook.com\/Chirodermatologie\/?ref=pages_you_manage\" \/>\n<meta property=\"article:modified_time\" content=\"2026-03-09T06:55:12+00:00\" \/>\n<meta name=\"twitter:card\" content=\"summary_large_image\" \/>\n<meta name=\"twitter:label1\" content=\"Est. reading time\" \/>\n\t<meta name=\"twitter:data1\" content=\"2 minutes\" \/>\n<script type=\"application\/ld+json\" class=\"yoast-schema-graph\">{\"@context\":\"https:\/\/schema.org\",\"@graph\":[{\"@type\":\"WebPage\",\"@id\":\"https:\/\/chirodermatologie.ro\/servicii-clinica-de-dermatologie-targu-mures\/electrocauterizare\/\",\"url\":\"https:\/\/chirodermatologie.ro\/servicii-clinica-de-dermatologie-targu-mures\/electrocauterizare\/\",\"name\":\"Electrocauterizare T\u00e2rgu Mure\u0219 | \u00cendep\u0103rtare Precisa Leziuni\",\"isPartOf\":{\"@id\":\"https:\/\/chirodermatologie.ro\/#website\"},\"datePublished\":\"2021-06-16T09:54:03+00:00\",\"dateModified\":\"2026-03-09T06:55:12+00:00\",\"description\":\"Electrocauterizare profesional\u0103: \u00eendep\u0103rtare sigur\u0103 a papiloamelor \u0219i leziunilor cutanate la Chirodermatologie T\u00e2rgu\u2011Mure\u0219. Programeaz\u0103 consulta\u021bia!\",\"breadcrumb\":{\"@id\":\"https:\/\/chirodermatologie.ro\/servicii-clinica-de-dermatologie-targu-mures\/electrocauterizare\/#breadcrumb\"},\"inLanguage\":\"en-US\",\"potentialAction\":[{\"@type\":\"ReadAction\",\"target\":[\"https:\/\/chirodermatologie.ro\/servicii-clinica-de-dermatologie-targu-mures\/electrocauterizare\/\"]}]},{\"@type\":\"BreadcrumbList\",\"@id\":\"https:\/\/chirodermatologie.ro\/servicii-clinica-de-dermatologie-targu-mures\/electrocauterizare\/#breadcrumb\",\"itemListElement\":[{\"@type\":\"ListItem\",\"position\":1,\"name\":\"Home\",\"item\":\"https:\/\/chirodermatologie.ro\/\"},{\"@type\":\"ListItem\",\"position\":2,\"name\":\"Dermatologie\",\"item\":\"https:\/\/chirodermatologie.ro\/servicii-clinica-de-dermatologie-targu-mures\/\"},{\"@type\":\"ListItem\",\"position\":3,\"name\":\"Electrocauterizare\"}]},{\"@type\":\"WebSite\",\"@id\":\"https:\/\/chirodermatologie.ro\/#website\",\"url\":\"https:\/\/chirodermatologie.ro\/\",\"name\":\"Chirodermatologie\",\"description\":\"Chirodermatologie\",\"publisher\":{\"@id\":\"https:\/\/chirodermatologie.ro\/#organization\"},\"potentialAction\":[{\"@type\":\"SearchAction\",\"target\":{\"@type\":\"EntryPoint\",\"urlTemplate\":\"https:\/\/chirodermatologie.ro\/?s={search_term_string}\"},\"query-input\":{\"@type\":\"PropertyValueSpecification\",\"valueRequired\":true,\"valueName\":\"search_term_string\"}}],\"inLanguage\":\"en-US\"},{\"@type\":\"Organization\",\"@id\":\"https:\/\/chirodermatologie.ro\/#organization\",\"name\":\"Chirodermatologie\",\"url\":\"https:\/\/chirodermatologie.ro\/\",\"logo\":{\"@type\":\"ImageObject\",\"inLanguage\":\"en-US\",\"@id\":\"https:\/\/chirodermatologie.ro\/#\/schema\/logo\/image\/\",\"url\":\"https:\/\/chirodermatologie.ro\/wp-content\/uploads\/2021\/12\/DERMA_LOGO-1.png\",\"contentUrl\":\"https:\/\/chirodermatologie.ro\/wp-content\/uploads\/2021\/12\/DERMA_LOGO-1.png\",\"width\":1000,\"height\":1000,\"caption\":\"Chirodermatologie\"},\"image\":{\"@id\":\"https:\/\/chirodermatologie.ro\/#\/schema\/logo\/image\/\"},\"sameAs\":[\"https:\/\/www.facebook.com\/Chirodermatologie\/?ref=pages_you_manage\",\"https:\/\/www.instagram.com\/chirodermatologie\/\"]}]}<\/script>\n<!-- \/ Yoast SEO plugin. -->","yoast_head_json":{"title":"Electrocauterizare T\u00e2rgu Mure\u0219 | \u00cendep\u0103rtare Precisa Leziuni","description":"Electrocauterizare profesional\u0103: \u00eendep\u0103rtare sigur\u0103 a papiloamelor \u0219i leziunilor cutanate la Chirodermatologie T\u00e2rgu\u2011Mure\u0219. Programeaz\u0103 consulta\u021bia!","robots":{"index":"index","follow":"follow","max-snippet":"max-snippet:-1","max-image-preview":"max-image-preview:large","max-video-preview":"max-video-preview:-1"},"canonical":"https:\/\/chirodermatologie.ro\/en\/servicii-clinica-de-dermatologie-targu-mures\/electrocauterizare\/","og_locale":"en_US","og_type":"article","og_title":"Electrocauterizare T\u00e2rgu Mure\u0219 | \u00cendep\u0103rtare Precisa Leziuni","og_description":"Electrocauterizare profesional\u0103: \u00eendep\u0103rtare sigur\u0103 a papiloamelor \u0219i leziunilor cutanate la Chirodermatologie T\u00e2rgu\u2011Mure\u0219. Programeaz\u0103 consulta\u021bia!","og_url":"https:\/\/chirodermatologie.ro\/en\/servicii-clinica-de-dermatologie-targu-mures\/electrocauterizare\/","og_site_name":"Chirodermatologie","article_publisher":"https:\/\/www.facebook.com\/Chirodermatologie\/?ref=pages_you_manage","article_modified_time":"2026-03-09T06:55:12+00:00","twitter_card":"summary_large_image","twitter_misc":{"Est. reading time":"2 minutes"},"schema":{"@context":"https:\/\/schema.org","@graph":[{"@type":"WebPage","@id":"https:\/\/chirodermatologie.ro\/servicii-clinica-de-dermatologie-targu-mures\/electrocauterizare\/","url":"https:\/\/chirodermatologie.ro\/servicii-clinica-de-dermatologie-targu-mures\/electrocauterizare\/","name":"Electrocauterizare T\u00e2rgu Mure\u0219 | \u00cendep\u0103rtare Precisa Leziuni","isPartOf":{"@id":"https:\/\/chirodermatologie.ro\/#website"},"datePublished":"2021-06-16T09:54:03+00:00","dateModified":"2026-03-09T06:55:12+00:00","description":"Electrocauterizare profesional\u0103: \u00eendep\u0103rtare sigur\u0103 a papiloamelor \u0219i leziunilor cutanate la Chirodermatologie T\u00e2rgu\u2011Mure\u0219. Programeaz\u0103 consulta\u021bia!","breadcrumb":{"@id":"https:\/\/chirodermatologie.ro\/servicii-clinica-de-dermatologie-targu-mures\/electrocauterizare\/#breadcrumb"},"inLanguage":"en-US","potentialAction":[{"@type":"ReadAction","target":["https:\/\/chirodermatologie.ro\/servicii-clinica-de-dermatologie-targu-mures\/electrocauterizare\/"]}]},{"@type":"BreadcrumbList","@id":"https:\/\/chirodermatologie.ro\/servicii-clinica-de-dermatologie-targu-mures\/electrocauterizare\/#breadcrumb","itemListElement":[{"@type":"ListItem","position":1,"name":"Home","item":"https:\/\/chirodermatologie.ro\/"},{"@type":"ListItem","position":2,"name":"Dermatologie","item":"https:\/\/chirodermatologie.ro\/servicii-clinica-de-dermatologie-targu-mures\/"},{"@type":"ListItem","position":3,"name":"Electrocauterizare"}]},{"@type":"WebSite","@id":"https:\/\/chirodermatologie.ro\/#website","url":"https:\/\/chirodermatologie.ro\/","name":"Chirodermatologie","description":"Chirodermatologie","publisher":{"@id":"https:\/\/chirodermatologie.ro\/#organization"},"potentialAction":[{"@type":"SearchAction","target":{"@type":"EntryPoint","urlTemplate":"https:\/\/chirodermatologie.ro\/?s={search_term_string}"},"query-input":{"@type":"PropertyValueSpecification","valueRequired":true,"valueName":"search_term_string"}}],"inLanguage":"en-US"},{"@type":"Organization","@id":"https:\/\/chirodermatologie.ro\/#organization","name":"Chirodermatologie","url":"https:\/\/chirodermatologie.ro\/","logo":{"@type":"ImageObject","inLanguage":"en-US","@id":"https:\/\/chirodermatologie.ro\/#\/schema\/logo\/image\/","url":"https:\/\/chirodermatologie.ro\/wp-content\/uploads\/2021\/12\/DERMA_LOGO-1.png","contentUrl":"https:\/\/chirodermatologie.ro\/wp-content\/uploads\/2021\/12\/DERMA_LOGO-1.png","width":1000,"height":1000,"caption":"Chirodermatologie"},"image":{"@id":"https:\/\/chirodermatologie.ro\/#\/schema\/logo\/image\/"},"sameAs":["https:\/\/www.facebook.com\/Chirodermatologie\/?ref=pages_you_manage","https:\/\/www.instagram.com\/chirodermatologie\/"]}]}},"_links":{"self":[{"href":"https:\/\/chirodermatologie.ro\/en\/wp-json\/wp\/v2\/pages\/3267","targetHints":{"allow":["GET"]}}],"collection":[{"href":"https:\/\/chirodermatologie.ro\/en\/wp-json\/wp\/v2\/pages"}],"about":[{"href":"https:\/\/chirodermatologie.ro\/en\/wp-json\/wp\/v2\/types\/page"}],"author":[{"embeddable":true,"href":"https:\/\/chirodermatologie.ro\/en\/wp-json\/wp\/v2\/users\/1"}],"replies":[{"embeddable":true,"href":"https:\/\/chirodermatologie.ro\/en\/wp-json\/wp\/v2\/comments?post=3267"}],"version-history":[{"count":12,"href":"https:\/\/chirodermatologie.ro\/en\/wp-json\/wp\/v2\/pages\/3267\/revisions"}],"predecessor-version":[{"id":3934,"href":"https:\/\/chirodermatologie.ro\/en\/wp-json\/wp\/v2\/pages\/3267\/revisions\/3934"}],"up":[{"embeddable":true,"href":"https:\/\/chirodermatologie.ro\/en\/wp-json\/wp\/v2\/pages\/185"}],"wp:attachment":[{"href":"https:\/\/chirodermatologie.ro\/en\/wp-json\/wp\/v2\/media?parent=3267"}],"curies":[{"name":"wp","href":"https:\/\/api.w.org\/{rel}","templated":true}]}}