{"id":3163,"date":"2021-06-07T05:51:14","date_gmt":"2021-06-07T05:51:14","guid":{"rendered":"https:\/\/chirodermatologie.ro\/?page_id=3163"},"modified":"2026-03-09T08:55:08","modified_gmt":"2026-03-09T06:55:08","slug":"examen-dermatoscopic","status":"publish","type":"page","link":"https:\/\/chirodermatologie.ro\/en\/servicii-clinica-de-dermatologie-targu-mures\/examen-dermatoscopic\/","title":{"rendered":"Dermatoscopic examination"},"content":{"rendered":"<p><section class=\"fw-main-row  ls section_padding_top_50 section_padding_bottom_50 columns_padding_15\" style=\"\" >\n\t<div class=\"container\">\n\t\t<div class=\"row\">\n\t\t\t<div  id=\"column-16a7ba8\" class=\"fw-column fw-column col-xs-12\" >\n\n\t<div class=\"column-overlay\"><\/div>\n\n\t<div class=\"fw-column-inner\"><div class=\"text-center\">\n\t<h3 class=\"section_header\">\n\t<span class=\"\">\n\t\tDermatoscopic examination\t<\/span>\n\t<\/h3>\n<\/div>\n\t<div class=\"fw-divider-line\"><hr\/><\/div>\n\n\n    <\/div>\n<\/div>\n\t\t<\/div>\n\t<\/div>\n<\/section>\n<section class=\"fw-main-row  ls section_padding_top_25 section_padding_bottom_25 columns_padding_15\" style=\"\" >\n\t<div class=\"container\">\n\t\t<div class=\"row\">\n\t\t\t<div  id=\"column-518916a\" class=\"fw-column fw-column col-xs-12 col-md-6 to_animate\" data-animation=\"fadeInLeft\">\n\n\t<div class=\"column-overlay\"><\/div>\n\n\t<div class=\"fw-column-inner\"><img decoding=\"async\" class=\"shortcode-media-image\" src=\"\/\/chirodermatologie.ro\/wp-content\/uploads\/2021\/06\/dermatoscop2.jpg\" alt=\"dermatologie mures\" \/>    <\/div>\n<\/div>\n<div  id=\"column-012b24f\" class=\"fw-column fw-column col-xs-12 col-md-6 to_animate text-left\" data-animation=\"fadeInRight\">\n\n\t<div class=\"column-overlay\"><\/div>\n\n\t<div class=\"fw-column-inner\">\n\n\t<div class=\"fw-divider-space\" style=\"margin-top: 30px;\"><\/div>\n<div class=\"text-block\">\n\t<p>Dermatoscopic examination is a non-invasive method whereby the dermatologist, with the help of the dermatoscope, a special magnifying glass, visualizes elements and structures in the epidermis of moles that cannot be seen with the naked eye. In this way the structural changes occurring in the moles can be identified early on. Videodermatoscopy is the development of simple dermatoscopy that also provides the patient with the possibility of viewing enlarged images on a screen that is attached to the digital camera. Another advantage of digital videodermatoscopy is the possibility of saving the enlarged images so they can be evaluated and compared at any time. It is an essential method for early diagnosis of skin carcinomas. It is a non-invasive and painless method that can be applied to children, pregnant and breastfeeding mothers.<\/p><\/div>\n    <\/div>\n<\/div>\n<div  id=\"column-331cfd1\" class=\"fw-column fw-column col-xs-12 to_animate text-left\" data-animation=\"fadeInRight\">\n\n\t<div class=\"column-overlay\"><\/div>\n\n\t<div class=\"fw-column-inner\">\n\n\t<div class=\"fw-divider-space\" style=\"margin-top: 30px;\"><\/div>\n<div class=\"text-block\">\n\t<p><span style=\"font-weight: 400;\">Dermoscopy, also known as <\/span><span style=\"font-weight: 400;\">dermoscopic examination<\/span><span style=\"font-weight: 400;\">, is a modern, rapid and non-invasive method of examining skin and skin lesions, used to increase the accuracy of dermatological diagnosis. This examination procedure is carried out using an instrument called a dermatoscope - an essential tool for both dermatologists and beauticians. Using it to assess pigmented lesions, abnormal skin structures or other lesions can detect skin cancer early.<\/span><\/p><h2><span style=\"font-weight: 400;\">What does a dermatoscopic examination consist of?<\/span><\/h2><p><span style=\"font-weight: 400;\">During a <\/span><span style=\"font-weight: 400;\">dermoscopic examination<\/span><span style=\"font-weight: 400;\"> the dermatologist uses the dermatoscope, which enlarges the image of the lesion, allowing both superficial and deep structures to be seen. Dermoscopy is the microscopic analysis of skin lesions, which means it is painless. The dermatologist will ask the patient to lie down on the bed and leave the areas of skin covered with suspicious moles\/lesions uncovered. Then, using the dermatoscope, he examines each lesion individually. If the dermoscopic examination is computerised, detailed images of the moles\/lesions will be displayed on a computer screen.<\/span><\/p><h2><span style=\"font-weight: 400;\">Why is dermatoscopic examination important for moles?\u00a0<\/span><\/h2><p>&nbsp;<\/p><p><span style=\"font-weight: 400;\">In the case of melanocytic nevi, popularly called moles, this type of examination helps to examine each portion of a mole in detail, allowing the most accurate visualization of its features - which would otherwise be invisible to the naked eye. Dermatoscopic examination is mandatory if changes appear in existing moles. Whether it is a change in the diameter of the mole or a change in appearance or colour, any abnormal detail should refer the patient to the dermatologist, who will perform dermoscopy to check whether or not it is a carcinoma.<\/span><\/p><p>&nbsp;<\/p><h2><span style=\"font-weight: 400;\">Advantages of dermatoscopic examination<\/span><\/h2><p><span style=\"font-weight: 400;\">Compared to other diagnostic methods, a <\/span><span style=\"font-weight: 400;\">dermoscopic examination<\/span><span style=\"font-weight: 400;\"> is a cancer screening procedure with many advantages. Firstly, it is non-invasive, unlike biopsy - which involves harvesting tissue for microscopic analysis. Plus, computerised dermatoscopic examination can give the doctor the opportunity to compare stored images, so that he or she can observe the evolution of moles or skin lesions from one year to the next. Dermoscopy can also differentiate between pigmented and non-pigmented lesions and between benign and malignant lesions.<\/span><\/p><\/div>\n    <\/div>\n<\/div>\n\t\t<\/div>\n\t<\/div>\n<\/section>\n<section class=\"fw-main-row  ls section_padding_top_25 section_padding_bottom_0 columns_padding_15\" style=\"\" >\n\t<div class=\"container\">\n\t\t<div class=\"row\">\n\t\t\t<div  id=\"column-88e2754\" class=\"fw-column fw-column col-xs-12 col-md-3 to_animate text-center programare\" data-animation=\"fadeInUp\">\n\n\t<div class=\"column-overlay\"><\/div>\n\n\t<div class=\"fw-column-inner\">\n\n\t<div class=\"fw-divider-space  hidden-sm hidden-xs\" style=\"margin-top: 50px;\"><\/div>\n    <\/div>\n<\/div>\n<div  id=\"column-7ec8c12\" class=\"fw-column fw-column col-xs-12 col-md-6 to_animate text-center programare\" data-animation=\"fadeInUp\">\n\n\t<div class=\"column-overlay\"><\/div>\n\n\t<div class=\"fw-column-inner\">\n\n\t<div class=\"fw-divider-space  hidden-sm hidden-xs\" style=\"margin-top: 50px;\"><\/div>\n<div class=\"text-center\">\n\t<h3 class=\"section_header\">\n\t<span class=\"\">\n\t\tWould you like an appointment?\t<\/span>\n\t<\/h3>\n\t<h4 class=\"section_header\">\n\t<span class=\"\">\n\t\tDo not hesitate to contact us!\t<\/span>\n\t<\/h4>\n<\/div>\n\n\n\t<div class=\"fw-divider-space\" style=\"margin-top: 50px;\"><\/div>\n\t<span class=\"theme-icon   icon_center\">\n\t<i class=\"rt-icon2-arrow-down-outline highlight\"><\/i>\n<\/span>\n\t\n\n\t<div class=\"fw-divider-space\" style=\"margin-top: 50px;\"><\/div>\n<a href=\"https:\/\/chirodermatologie.ro\/en\/vreau-o-programare\/\" target=\"_blank\"\n   class=\"theme_button color1\">\n\t<span>I want an appointment!<\/span>\n<\/a>    <\/div>\n<\/div>\n<div  id=\"column-5591eef\" class=\"fw-column fw-column col-xs-12 col-md-3 to_animate text-center programare\" data-animation=\"fadeInUp\">\n\n\t<div class=\"column-overlay\"><\/div>\n\n\t<div class=\"fw-column-inner\">\n\n\t<div class=\"fw-divider-space  hidden-sm hidden-xs\" style=\"margin-top: 50px;\"><\/div>\n    <\/div>\n<\/div>\n\t\t<\/div>\n\t<\/div>\n<\/section>\n<section class=\"fw-main-row  ls section_padding_top_50 section_padding_bottom_50 columns_padding_15\" style=\"\" >\n\t<div class=\"container\">\n\t\t<div class=\"row\">\n\t\t\t<div  id=\"column-1620be7\" class=\"fw-column fw-column col-xs-12 to_animate\" data-animation=\"fadeInUp\">\n\n\t<div class=\"column-overlay\"><\/div>\n\n\t<div class=\"fw-column-inner\"><div class=\"text-center\">\n\t<h3 class=\"section_header\">\n\t<span class=\"\">\n\t\tOther services\t<\/span>\n\t<\/h3>\n<\/div>\n\t<div class=\"fw-divider-line\"><hr\/><\/div>\n\n\n\n\n\t<div class=\"fw-divider-space\" style=\"margin-top: 50px;\"><\/div>\n    <\/div>\n<\/div>\n<div  id=\"column-05d5e56\" class=\"fw-column fw-column col-xs-12 to_animate\" data-animation=\"fadeInUp\">\n\n\t<div class=\"column-overlay\"><\/div>\n\n\t<div class=\"fw-column-inner\"><div class=\"row columns_padding_15 shortcode-teasers-row\">\n\t\t\t<div class=\"col-md-3\">\n\t\t\t\n\t\t<div class=\"vertical-item square_teaser content-absolute\">\n\n\t\t\t\t\t\t\t<div class=\"item-media\">\n                    <a href=\"https:\/\/chirodermatologie.ro\/en\/servicii\/crioterapia\/\">\t\t\t\t\t<img decoding=\"async\" src=\"\/\/chirodermatologie.ro\/wp-content\/uploads\/2021\/06\/crioterapie2.jpg.png\" alt=\"Cryotherapy\">\n                    <\/a>\t\t\t\t<\/div>\n\t\t\t\t\t\t<div class=\"item-content\">\n\t\t\t\t\t\t\t\t\t<h4>\n\t\t\t\t\t\t\t\t\t\t\t\t<a href=\"https:\/\/chirodermatologie.ro\/en\/servicii\/crioterapia\/\">\n\t\t\t\t\t\t\t\n\t\t\t\t\t\t\tCryotherapy\n\t\t\t\t\t\t\t\t\t\t\t\t\t<\/a>\n\t\t\t\t\t\t\t\t\t\t<\/h4>\n\t\t\t\t\n\t\t\t\t\t\t\t<\/div><!-- eof .item-content -->\n\t\t\t\t\t<\/div>\n\n\t\t\t\t<\/div><!-- eof teaser -->\n\t\t\t<div class=\"col-md-3\">\n\t\t\t\n\t\t<div class=\"vertical-item square_teaser content-absolute\">\n\n\t\t\t\t\t\t\t<div class=\"item-media\">\n                    <a href=\"https:\/\/chirodermatologie.ro\/en\/servicii\/electrocauterizare\/\">\t\t\t\t\t<img decoding=\"async\" src=\"\/\/chirodermatologie.ro\/wp-content\/uploads\/2021\/06\/Screenshot_2.jpg\" alt=\"Electrocauterization\">\n                    <\/a>\t\t\t\t<\/div>\n\t\t\t\t\t\t<div class=\"item-content\">\n\t\t\t\t\t\t\t\t\t<h4>\n\t\t\t\t\t\t\t\t\t\t\t\t<a href=\"https:\/\/chirodermatologie.ro\/en\/servicii\/electrocauterizare\/\">\n\t\t\t\t\t\t\t\n\t\t\t\t\t\t\tElectrocauterization\n\t\t\t\t\t\t\t\t\t\t\t\t\t<\/a>\n\t\t\t\t\t\t\t\t\t\t<\/h4>\n\t\t\t\t\n\t\t\t\t\t\t\t<\/div><!-- eof .item-content -->\n\t\t\t\t\t<\/div>\n\n\t\t\t\t<\/div><!-- eof teaser -->\n\t\t\t<div class=\"col-md-3\">\n\t\t\t\n\t\t<div class=\"vertical-item square_teaser content-absolute\">\n\n\t\t\t\t\t\t\t<div class=\"item-media\">\n                    <a href=\"https:\/\/chirodermatologie.ro\/en\/servicii\/injectare-de-botox\/\">\t\t\t\t\t<img decoding=\"async\" src=\"\/\/chirodermatologie.ro\/wp-content\/uploads\/2021\/06\/botox2-768x513-1.jpg\" alt=\"Botox injection\">\n                    <\/a>\t\t\t\t<\/div>\n\t\t\t\t\t\t<div class=\"item-content\">\n\t\t\t\t\t\t\t\t\t<h4>\n\t\t\t\t\t\t\t\t\t\t\t\t<a href=\"https:\/\/chirodermatologie.ro\/en\/servicii\/injectare-de-botox\/\">\n\t\t\t\t\t\t\t\n\t\t\t\t\t\t\tBotox injection\n\t\t\t\t\t\t\t\t\t\t\t\t\t<\/a>\n\t\t\t\t\t\t\t\t\t\t<\/h4>\n\t\t\t\t\n\t\t\t\t\t\t\t<\/div><!-- eof .item-content -->\n\t\t\t\t\t<\/div>\n\n\t\t\t\t<\/div><!-- eof teaser -->\n\t\t\t<div class=\"col-md-3\">\n\t\t\t\n\t\t<div class=\"vertical-item square_teaser content-absolute\">\n\n\t\t\t\t\t\t\t<div class=\"item-media\">\n                    <a href=\"https:\/\/chirodermatologie.ro\/en\/servicii\/mezoterapie-cu-microneedling-dermapen\/\">\t\t\t\t\t<img decoding=\"async\" src=\"\/\/chirodermatologie.ro\/wp-content\/uploads\/2021\/06\/microneedling-oynld2kklge2xbyu05ybxhtuaqash1uakug12olb5g.jpg\" alt=\"Microneedling mesotherapy\">\n                    <\/a>\t\t\t\t<\/div>\n\t\t\t\t\t\t<div class=\"item-content\">\n\t\t\t\t\t\t\t\t\t<h4>\n\t\t\t\t\t\t\t\t\t\t\t\t<a href=\"https:\/\/chirodermatologie.ro\/en\/servicii\/mezoterapie-cu-microneedling-dermapen\/\">\n\t\t\t\t\t\t\t\n\t\t\t\t\t\t\tMicroneedling mesotherapy\n\t\t\t\t\t\t\t\t\t\t\t\t\t<\/a>\n\t\t\t\t\t\t\t\t\t\t<\/h4>\n\t\t\t\t\n\t\t\t\t\t\t\t<\/div><!-- eof .item-content -->\n\t\t\t\t\t<\/div>\n\n\t\t\t\t<\/div><!-- eof teaser -->\n\t\t\t<div class=\"col-md-3\">\n\t\t\t\n\t\t<div class=\"vertical-item square_teaser content-absolute\">\n\n\t\t\t\t\t\t\t<div class=\"item-media\">\n                    <a href=\"https:\/\/chirodermatologie.ro\/en\/servicii\/injectare-de-acid-hialurionic\/\">\t\t\t\t\t<img decoding=\"async\" src=\"\/\/chirodermatologie.ro\/wp-content\/uploads\/2021\/06\/Screenshot_3-ow5bbd23njveolh6t16vzyvoqetuvw6205ky2a6wfo.jpg\" alt=\"Hyaluronic acid (HA) injection\">\n                    <\/a>\t\t\t\t<\/div>\n\t\t\t\t\t\t<div class=\"item-content\">\n\t\t\t\t\t\t\t\t\t<h4>\n\t\t\t\t\t\t\t\t\t\t\t\t<a href=\"https:\/\/chirodermatologie.ro\/en\/servicii\/injectare-de-acid-hialurionic\/\">\n\t\t\t\t\t\t\t\n\t\t\t\t\t\t\tHyaluronic acid (HA) injection\n\t\t\t\t\t\t\t\t\t\t\t\t\t<\/a>\n\t\t\t\t\t\t\t\t\t\t<\/h4>\n\t\t\t\t\n\t\t\t\t\t\t\t<\/div><!-- eof .item-content -->\n\t\t\t\t\t<\/div>\n\n\t\t\t\t<\/div><!-- eof teaser -->\n\t\t\t<div class=\"col-md-3\">\n\t\t\t\n\t\t<div class=\"vertical-item square_teaser content-absolute\">\n\n\t\t\t\t\t\t\t<div class=\"item-media\">\n                    <a href=\"https:\/\/chirodermatologie.ro\/en\/servicii\/biopsie-si-excizie-cutanata\/\">\t\t\t\t\t<img decoding=\"async\" src=\"\/\/chirodermatologie.ro\/wp-content\/uploads\/2021\/06\/biopsie3_1-min-1024x768-1.jpg\" alt=\"Skin biopsy and excision\">\n                    <\/a>\t\t\t\t<\/div>\n\t\t\t\t\t\t<div class=\"item-content\">\n\t\t\t\t\t\t\t\t\t<h4>\n\t\t\t\t\t\t\t\t\t\t\t\t<a href=\"https:\/\/chirodermatologie.ro\/en\/servicii\/biopsie-si-excizie-cutanata\/\">\n\t\t\t\t\t\t\t\n\t\t\t\t\t\t\tSkin biopsy and excision\n\t\t\t\t\t\t\t\t\t\t\t\t\t<\/a>\n\t\t\t\t\t\t\t\t\t\t<\/h4>\n\t\t\t\t\n\t\t\t\t\t\t\t<\/div><!-- eof .item-content -->\n\t\t\t\t\t<\/div>\n\n\t\t\t\t<\/div><!-- eof teaser -->\n\t\t\t<div class=\"col-md-3\">\n\t\t\t\n\t\t<div class=\"vertical-item square_teaser content-absolute\">\n\n\t\t\t\t\t\t\t<div class=\"item-media\">\n                    <a href=\"https:\/\/chirodermatologie.ro\/en\/servicii\/terapia-vampir-plasmolifting\/\">\t\t\t\t\t<img decoding=\"async\" src=\"\/\/chirodermatologie.ro\/wp-content\/uploads\/2021\/06\/plasmolifting-oynlrrrph6iihsm560pafaacqnufun769lqe9gsnuc.jpg\" alt=\"Vampire therapy - Plasmolifting\">\n                    <\/a>\t\t\t\t<\/div>\n\t\t\t\t\t\t<div class=\"item-content\">\n\t\t\t\t\t\t\t\t\t<h4>\n\t\t\t\t\t\t\t\t\t\t\t\t<a href=\"https:\/\/chirodermatologie.ro\/en\/servicii\/terapia-vampir-plasmolifting\/\">\n\t\t\t\t\t\t\t\n\t\t\t\t\t\t\tVampire therapy - Plasmolifting\n\t\t\t\t\t\t\t\t\t\t\t\t\t<\/a>\n\t\t\t\t\t\t\t\t\t\t<\/h4>\n\t\t\t\t\n\t\t\t\t\t\t\t<\/div><!-- eof .item-content -->\n\t\t\t\t\t<\/div>\n\n\t\t\t\t<\/div><!-- eof teaser -->\n\t\t\t<div class=\"col-md-3\">\n\t\t\t\n\t\t<div class=\"vertical-item square_teaser content-absolute\">\n\n\t\t\t\t\t\t\t<div class=\"item-media\">\n                    <a href=\"https:\/\/chirodermatologie.ro\/en\/servicii\/peeling\/\">\t\t\t\t\t<img decoding=\"async\" src=\"\/\/chirodermatologie.ro\/wp-content\/uploads\/2021\/06\/peeling_final-min-1024x683-1.jpg\" alt=\"Peeling\">\n                    <\/a>\t\t\t\t<\/div>\n\t\t\t\t\t\t<div class=\"item-content\">\n\t\t\t\t\t\t\t\t\t<h4>\n\t\t\t\t\t\t\t\t\t\t\t\t<a href=\"https:\/\/chirodermatologie.ro\/en\/servicii\/peeling\/\">\n\t\t\t\t\t\t\t\n\t\t\t\t\t\t\tPeeling\n\t\t\t\t\t\t\t\t\t\t\t\t\t<\/a>\n\t\t\t\t\t\t\t\t\t\t<\/h4>\n\t\t\t\t\n\t\t\t\t\t\t\t<\/div><!-- eof .item-content -->\n\t\t\t\t\t<\/div>\n\n\t\t\t\t<\/div><!-- eof teaser -->\n\t<\/div> <!-- eof teasers row -->    <\/div>\n<\/div>\n\t\t<\/div>\n\t<\/div>\n<\/section>\n<\/p>","protected":false},"excerpt":{"rendered":"<p>Examen dermatoscopic Examenul dermatosocpic este o metod\u0103 non- invaziv\u0103 datorit\u0103 c\u0103ruia medicul dermatolog cu ajutorul dermatoscopului, o lup\u0103 special\u0103, vizualizeaz\u0103<\/p>","protected":false},"author":1,"featured_media":0,"parent":185,"menu_order":0,"comment_status":"closed","ping_status":"closed","template":"page-templates\/full-width.php","meta":{"footnotes":""},"class_list":["post-3163","page","type-page","status-publish","hentry"],"yoast_head":"<!-- This site is optimized with the Yoast SEO plugin v24.9 - https:\/\/yoast.com\/wordpress\/plugins\/seo\/ -->\n<title>Examen Dermatoscopic T\u00e2rgu Mure\u0219 | Detectare Timprie Melanom<\/title>\n<meta name=\"description\" content=\"Examen dermatoscopic de precizie pentru aluni\u021be \u0219i leziuni pigmentare. Detectare precoce a melanoma \u0219i alte afec\u021biuni cutanate. Programeaz\u0103-te acum!\" \/>\n<meta name=\"robots\" content=\"index, follow, max-snippet:-1, max-image-preview:large, max-video-preview:-1\" \/>\n<link rel=\"canonical\" href=\"https:\/\/chirodermatologie.ro\/en\/servicii-clinica-de-dermatologie-targu-mures\/examen-dermatoscopic\/\" \/>\n<meta property=\"og:locale\" content=\"en_US\" \/>\n<meta property=\"og:type\" content=\"article\" \/>\n<meta property=\"og:title\" content=\"Examen Dermatoscopic T\u00e2rgu Mure\u0219 | Detectare Timprie Melanom\" \/>\n<meta property=\"og:description\" content=\"Examen dermatoscopic de precizie pentru aluni\u021be \u0219i leziuni pigmentare. Detectare precoce a melanoma \u0219i alte afec\u021biuni cutanate. Programeaz\u0103-te acum!\" \/>\n<meta property=\"og:url\" content=\"https:\/\/chirodermatologie.ro\/en\/servicii-clinica-de-dermatologie-targu-mures\/examen-dermatoscopic\/\" \/>\n<meta property=\"og:site_name\" content=\"Chirodermatologie\" \/>\n<meta property=\"article:publisher\" content=\"https:\/\/www.facebook.com\/Chirodermatologie\/?ref=pages_you_manage\" \/>\n<meta property=\"article:modified_time\" content=\"2026-03-09T06:55:08+00:00\" \/>\n<meta name=\"twitter:card\" content=\"summary_large_image\" \/>\n<meta name=\"twitter:label1\" content=\"Est. reading time\" \/>\n\t<meta name=\"twitter:data1\" content=\"3 minutes\" \/>\n<script type=\"application\/ld+json\" class=\"yoast-schema-graph\">{\"@context\":\"https:\/\/schema.org\",\"@graph\":[{\"@type\":\"WebPage\",\"@id\":\"https:\/\/chirodermatologie.ro\/servicii-clinica-de-dermatologie-targu-mures\/examen-dermatoscopic\/\",\"url\":\"https:\/\/chirodermatologie.ro\/servicii-clinica-de-dermatologie-targu-mures\/examen-dermatoscopic\/\",\"name\":\"Examen Dermatoscopic T\u00e2rgu Mure\u0219 | Detectare Timprie Melanom\",\"isPartOf\":{\"@id\":\"https:\/\/chirodermatologie.ro\/#website\"},\"datePublished\":\"2021-06-07T05:51:14+00:00\",\"dateModified\":\"2026-03-09T06:55:08+00:00\",\"description\":\"Examen dermatoscopic de precizie pentru aluni\u021be \u0219i leziuni pigmentare. Detectare precoce a melanoma \u0219i alte afec\u021biuni cutanate. Programeaz\u0103-te acum!\",\"breadcrumb\":{\"@id\":\"https:\/\/chirodermatologie.ro\/servicii-clinica-de-dermatologie-targu-mures\/examen-dermatoscopic\/#breadcrumb\"},\"inLanguage\":\"en-US\",\"potentialAction\":[{\"@type\":\"ReadAction\",\"target\":[\"https:\/\/chirodermatologie.ro\/servicii-clinica-de-dermatologie-targu-mures\/examen-dermatoscopic\/\"]}]},{\"@type\":\"BreadcrumbList\",\"@id\":\"https:\/\/chirodermatologie.ro\/servicii-clinica-de-dermatologie-targu-mures\/examen-dermatoscopic\/#breadcrumb\",\"itemListElement\":[{\"@type\":\"ListItem\",\"position\":1,\"name\":\"Home\",\"item\":\"https:\/\/chirodermatologie.ro\/\"},{\"@type\":\"ListItem\",\"position\":2,\"name\":\"Dermatologie\",\"item\":\"https:\/\/chirodermatologie.ro\/servicii-clinica-de-dermatologie-targu-mures\/\"},{\"@type\":\"ListItem\",\"position\":3,\"name\":\"Examen dermatoscopic\"}]},{\"@type\":\"WebSite\",\"@id\":\"https:\/\/chirodermatologie.ro\/#website\",\"url\":\"https:\/\/chirodermatologie.ro\/\",\"name\":\"Chirodermatologie\",\"description\":\"Chirodermatologie\",\"publisher\":{\"@id\":\"https:\/\/chirodermatologie.ro\/#organization\"},\"potentialAction\":[{\"@type\":\"SearchAction\",\"target\":{\"@type\":\"EntryPoint\",\"urlTemplate\":\"https:\/\/chirodermatologie.ro\/?s={search_term_string}\"},\"query-input\":{\"@type\":\"PropertyValueSpecification\",\"valueRequired\":true,\"valueName\":\"search_term_string\"}}],\"inLanguage\":\"en-US\"},{\"@type\":\"Organization\",\"@id\":\"https:\/\/chirodermatologie.ro\/#organization\",\"name\":\"Chirodermatologie\",\"url\":\"https:\/\/chirodermatologie.ro\/\",\"logo\":{\"@type\":\"ImageObject\",\"inLanguage\":\"en-US\",\"@id\":\"https:\/\/chirodermatologie.ro\/#\/schema\/logo\/image\/\",\"url\":\"https:\/\/chirodermatologie.ro\/wp-content\/uploads\/2021\/12\/DERMA_LOGO-1.png\",\"contentUrl\":\"https:\/\/chirodermatologie.ro\/wp-content\/uploads\/2021\/12\/DERMA_LOGO-1.png\",\"width\":1000,\"height\":1000,\"caption\":\"Chirodermatologie\"},\"image\":{\"@id\":\"https:\/\/chirodermatologie.ro\/#\/schema\/logo\/image\/\"},\"sameAs\":[\"https:\/\/www.facebook.com\/Chirodermatologie\/?ref=pages_you_manage\",\"https:\/\/www.instagram.com\/chirodermatologie\/\"]}]}<\/script>\n<!-- \/ Yoast SEO plugin. -->","yoast_head_json":{"title":"Examen Dermatoscopic T\u00e2rgu Mure\u0219 | Detectare Timprie Melanom","description":"Examen dermatoscopic de precizie pentru aluni\u021be \u0219i leziuni pigmentare. Detectare precoce a melanoma \u0219i alte afec\u021biuni cutanate. Programeaz\u0103-te acum!","robots":{"index":"index","follow":"follow","max-snippet":"max-snippet:-1","max-image-preview":"max-image-preview:large","max-video-preview":"max-video-preview:-1"},"canonical":"https:\/\/chirodermatologie.ro\/en\/servicii-clinica-de-dermatologie-targu-mures\/examen-dermatoscopic\/","og_locale":"en_US","og_type":"article","og_title":"Examen Dermatoscopic T\u00e2rgu Mure\u0219 | Detectare Timprie Melanom","og_description":"Examen dermatoscopic de precizie pentru aluni\u021be \u0219i leziuni pigmentare. Detectare precoce a melanoma \u0219i alte afec\u021biuni cutanate. Programeaz\u0103-te acum!","og_url":"https:\/\/chirodermatologie.ro\/en\/servicii-clinica-de-dermatologie-targu-mures\/examen-dermatoscopic\/","og_site_name":"Chirodermatologie","article_publisher":"https:\/\/www.facebook.com\/Chirodermatologie\/?ref=pages_you_manage","article_modified_time":"2026-03-09T06:55:08+00:00","twitter_card":"summary_large_image","twitter_misc":{"Est. reading time":"3 minutes"},"schema":{"@context":"https:\/\/schema.org","@graph":[{"@type":"WebPage","@id":"https:\/\/chirodermatologie.ro\/servicii-clinica-de-dermatologie-targu-mures\/examen-dermatoscopic\/","url":"https:\/\/chirodermatologie.ro\/servicii-clinica-de-dermatologie-targu-mures\/examen-dermatoscopic\/","name":"Examen Dermatoscopic T\u00e2rgu Mure\u0219 | Detectare Timprie Melanom","isPartOf":{"@id":"https:\/\/chirodermatologie.ro\/#website"},"datePublished":"2021-06-07T05:51:14+00:00","dateModified":"2026-03-09T06:55:08+00:00","description":"Examen dermatoscopic de precizie pentru aluni\u021be \u0219i leziuni pigmentare. Detectare precoce a melanoma \u0219i alte afec\u021biuni cutanate. Programeaz\u0103-te acum!","breadcrumb":{"@id":"https:\/\/chirodermatologie.ro\/servicii-clinica-de-dermatologie-targu-mures\/examen-dermatoscopic\/#breadcrumb"},"inLanguage":"en-US","potentialAction":[{"@type":"ReadAction","target":["https:\/\/chirodermatologie.ro\/servicii-clinica-de-dermatologie-targu-mures\/examen-dermatoscopic\/"]}]},{"@type":"BreadcrumbList","@id":"https:\/\/chirodermatologie.ro\/servicii-clinica-de-dermatologie-targu-mures\/examen-dermatoscopic\/#breadcrumb","itemListElement":[{"@type":"ListItem","position":1,"name":"Home","item":"https:\/\/chirodermatologie.ro\/"},{"@type":"ListItem","position":2,"name":"Dermatologie","item":"https:\/\/chirodermatologie.ro\/servicii-clinica-de-dermatologie-targu-mures\/"},{"@type":"ListItem","position":3,"name":"Examen dermatoscopic"}]},{"@type":"WebSite","@id":"https:\/\/chirodermatologie.ro\/#website","url":"https:\/\/chirodermatologie.ro\/","name":"Chirodermatologie","description":"Chirodermatologie","publisher":{"@id":"https:\/\/chirodermatologie.ro\/#organization"},"potentialAction":[{"@type":"SearchAction","target":{"@type":"EntryPoint","urlTemplate":"https:\/\/chirodermatologie.ro\/?s={search_term_string}"},"query-input":{"@type":"PropertyValueSpecification","valueRequired":true,"valueName":"search_term_string"}}],"inLanguage":"en-US"},{"@type":"Organization","@id":"https:\/\/chirodermatologie.ro\/#organization","name":"Chirodermatologie","url":"https:\/\/chirodermatologie.ro\/","logo":{"@type":"ImageObject","inLanguage":"en-US","@id":"https:\/\/chirodermatologie.ro\/#\/schema\/logo\/image\/","url":"https:\/\/chirodermatologie.ro\/wp-content\/uploads\/2021\/12\/DERMA_LOGO-1.png","contentUrl":"https:\/\/chirodermatologie.ro\/wp-content\/uploads\/2021\/12\/DERMA_LOGO-1.png","width":1000,"height":1000,"caption":"Chirodermatologie"},"image":{"@id":"https:\/\/chirodermatologie.ro\/#\/schema\/logo\/image\/"},"sameAs":["https:\/\/www.facebook.com\/Chirodermatologie\/?ref=pages_you_manage","https:\/\/www.instagram.com\/chirodermatologie\/"]}]}},"_links":{"self":[{"href":"https:\/\/chirodermatologie.ro\/en\/wp-json\/wp\/v2\/pages\/3163","targetHints":{"allow":["GET"]}}],"collection":[{"href":"https:\/\/chirodermatologie.ro\/en\/wp-json\/wp\/v2\/pages"}],"about":[{"href":"https:\/\/chirodermatologie.ro\/en\/wp-json\/wp\/v2\/types\/page"}],"author":[{"embeddable":true,"href":"https:\/\/chirodermatologie.ro\/en\/wp-json\/wp\/v2\/users\/1"}],"replies":[{"embeddable":true,"href":"https:\/\/chirodermatologie.ro\/en\/wp-json\/wp\/v2\/comments?post=3163"}],"version-history":[{"count":19,"href":"https:\/\/chirodermatologie.ro\/en\/wp-json\/wp\/v2\/pages\/3163\/revisions"}],"predecessor-version":[{"id":3935,"href":"https:\/\/chirodermatologie.ro\/en\/wp-json\/wp\/v2\/pages\/3163\/revisions\/3935"}],"up":[{"embeddable":true,"href":"https:\/\/chirodermatologie.ro\/en\/wp-json\/wp\/v2\/pages\/185"}],"wp:attachment":[{"href":"https:\/\/chirodermatologie.ro\/en\/wp-json\/wp\/v2\/media?parent=3163"}],"curies":[{"name":"wp","href":"https:\/\/api.w.org\/{rel}","templated":true}]}}